{"id":988,"date":"2016-07-18T09:51:30","date_gmt":"2016-07-18T09:51:30","guid":{"rendered":"http:\/\/jadebeauty.hu\/termek\/vedotaska-zsebekkel-comfort-lux-90x18x70\/"},"modified":"2022-08-08T20:10:45","modified_gmt":"2022-08-08T20:10:45","slug":"vedotaska-zsebekkel-comfort-lux-90x18x70","status":"publish","type":"product","link":"http:\/\/rekongem.hu\/?product=vedotaska-zsebekkel-comfort-lux-90x18x70","title":{"rendered":"V\u00e9d\u0151t\u00e1ska ( zsebekkel ) \u2013  Comfort Lux ( 90x18x70 )"},"content":{"rendered":"","protected":false},"excerpt":{"rendered":"<p>A v\u00e9d\u0151t\u00e1ska er\u0151s, mechanikai s\u00e9r\u00fcl\u00e9seknek ellen\u00e1ll\u00f3 \u00e9s v\u00edz\u00e1ll\u00f3 anyagb\u00f3l k\u00e9sz\u00fclt. A t\u00e1sk\u00e1n elhelyezett praktikus zsebekben az \u00e1ggyal egy\u00fctt sz\u00e1ll\u00edthat\u00f3k\u00a0 a kezel\u00e9shez sz\u00fcks\u00e9ges tov\u00e1bbi eszk\u00f6z\u00f6k.\u00a0( pl. hengerp\u00e1rn\u00e1k, geometrikus testek, kr\u00e9mek olajak )<\/p>\n<p>P\u00e1rn\u00e1zott v\u00e1llp\u00e1ntj\u00e1nak \u00e9s oldalf\u00fcl\u00e9nek k\u00f6sz\u00f6nhet\u0151en megk\u00f6nny\u00edti az \u00e1gy\u00a0hordoz\u00e1s\u00e1t, megv\u00e9di a \u00a0sz\u00e1ll\u00edt\u00e1s k\u00f6zbeni esetleges s\u00e9r\u00fcl\u00e9sekt\u0151l, szennyez\u0151d\u00e9st\u0151l.<\/p>\n<p>FIGYELEM! A v\u00e9d\u0151t\u00e1ska az \u00e1ltalunk forgalmazott Juventas hordozhat\u00f3 massz\u00e1zs\u00e1gyakhoz k\u00e9sz\u00fcl. M\u00e9rete:\u00a090x18x70 cm<\/p>\n<p>Amennyiben \u00d6n m\u00e1s t\u00edpus\u00fa massz\u00e1zs\u00e1gyhoz keres v\u00e9d\u0151t\u00e1sk\u00e1t, megrendel\u00e9s el\u0151tt k\u00e9rj\u00fck sz\u00edveskedjen lem\u00e9rni!<\/p>\n","protected":false},"featured_media":1504,"template":"","meta":[],"product_cat":[241],"product_tag":[239,242,246,247],"yoast_head":"<!-- This site is optimized with the Yoast SEO plugin v17.4 - https:\/\/yoast.com\/wordpress\/plugins\/seo\/ -->\n<title>V\u00e9d\u0151t\u00e1ska ( zsebekkel ) \u2013 Comfort Lux ( 90x18x70 ) - Emspoma webshop<\/title>\n<meta name=\"robots\" content=\"index, follow, max-snippet:-1, max-image-preview:large, max-video-preview:-1\" \/>\n<link rel=\"canonical\" href=\"http:\/\/rekongem.hu\/?product=vedotaska-zsebekkel-comfort-lux-90x18x70\" \/>\n<meta property=\"og:locale\" content=\"hu_HU\" \/>\n<meta property=\"og:type\" content=\"article\" \/>\n<meta property=\"og:title\" content=\"V\u00e9d\u0151t\u00e1ska ( zsebekkel ) \u2013 Comfort Lux ( 90x18x70 ) - Emspoma webshop\" \/>\n<meta property=\"og:description\" content=\"A v\u00e9d\u0151t\u00e1ska er\u0151s, mechanikai s\u00e9r\u00fcl\u00e9seknek ellen\u00e1ll\u00f3 \u00e9s v\u00edz\u00e1ll\u00f3 anyagb\u00f3l k\u00e9sz\u00fclt. A t\u00e1sk\u00e1n elhelyezett praktikus zsebekben az \u00e1ggyal egy\u00fctt sz\u00e1ll\u00edthat\u00f3k\u00a0 a kezel\u00e9shez sz\u00fcks\u00e9ges tov\u00e1bbi eszk\u00f6z\u00f6k.\u00a0( pl. hengerp\u00e1rn\u00e1k, geometrikus testek, kr\u00e9mek olajak ) P\u00e1rn\u00e1zott v\u00e1llp\u00e1ntj\u00e1nak \u00e9s oldalf\u00fcl\u00e9nek k\u00f6sz\u00f6nhet\u0151en megk\u00f6nny\u00edti az \u00e1gy\u00a0hordoz\u00e1s\u00e1t, megv\u00e9di a \u00a0sz\u00e1ll\u00edt\u00e1s k\u00f6zbeni esetleges s\u00e9r\u00fcl\u00e9sekt\u0151l, szennyez\u0151d\u00e9st\u0151l. FIGYELEM! A v\u00e9d\u0151t\u00e1ska az \u00e1ltalunk forgalmazott Juventas hordozhat\u00f3 massz\u00e1zs\u00e1gyakhoz k\u00e9sz\u00fcl. M\u00e9rete:\u00a090x18x70 cm Amennyiben \u00d6n m\u00e1s t\u00edpus\u00fa massz\u00e1zs\u00e1gyhoz keres v\u00e9d\u0151t\u00e1sk\u00e1t, megrendel\u00e9s el\u0151tt k\u00e9rj\u00fck sz\u00edveskedjen lem\u00e9rni!\" \/>\n<meta property=\"og:url\" content=\"http:\/\/rekongem.hu\/?product=vedotaska-zsebekkel-comfort-lux-90x18x70\" \/>\n<meta property=\"og:site_name\" content=\"Emspoma webshop\" \/>\n<meta property=\"article:publisher\" content=\"https:\/\/www.facebook.com\/masszazsbirodalom\/\" \/>\n<meta property=\"article:modified_time\" content=\"2022-08-08T20:10:45+00:00\" \/>\n<meta property=\"og:image\" content=\"http:\/\/rekongem.hu\/wp-content\/uploads\/2016\/09\/vedtaska-comfort-lux.jpg\" \/>\n\t<meta property=\"og:image:width\" content=\"300\" \/>\n\t<meta property=\"og:image:height\" content=\"300\" \/>\n<meta name=\"twitter:card\" content=\"summary\" \/>\n<meta name=\"twitter:site\" content=\"@masszazs_bir\" \/>\n<script type=\"application\/ld+json\" class=\"yoast-schema-graph\">{\"@context\":\"https:\/\/schema.org\",\"@graph\":[{\"@type\":\"WebSite\",\"@id\":\"http:\/\/rekongem.hu\/#website\",\"url\":\"http:\/\/rekongem.hu\/\",\"name\":\"Emspoma webshop\",\"description\":\"\",\"potentialAction\":[{\"@type\":\"SearchAction\",\"target\":{\"@type\":\"EntryPoint\",\"urlTemplate\":\"http:\/\/rekongem.hu\/?s={search_term_string}\"},\"query-input\":\"required name=search_term_string\"}],\"inLanguage\":\"hu\"},{\"@type\":\"ImageObject\",\"@id\":\"http:\/\/rekongem.hu\/?product=vedotaska-zsebekkel-comfort-lux-90x18x70#primaryimage\",\"inLanguage\":\"hu\",\"url\":\"http:\/\/rekongem.hu\/wp-content\/uploads\/2016\/09\/vedtaska-comfort-lux.jpg\",\"contentUrl\":\"http:\/\/rekongem.hu\/wp-content\/uploads\/2016\/09\/vedtaska-comfort-lux.jpg\",\"width\":300,\"height\":300,\"caption\":\"v\\u00e9d\\u0151t\\u00e1ska\"},{\"@type\":\"WebPage\",\"@id\":\"http:\/\/rekongem.hu\/?product=vedotaska-zsebekkel-comfort-lux-90x18x70#webpage\",\"url\":\"http:\/\/rekongem.hu\/?product=vedotaska-zsebekkel-comfort-lux-90x18x70\",\"name\":\"V\\u00e9d\\u0151t\\u00e1ska ( zsebekkel ) \\u2013 Comfort Lux ( 90x18x70 ) - Emspoma webshop\",\"isPartOf\":{\"@id\":\"http:\/\/rekongem.hu\/#website\"},\"primaryImageOfPage\":{\"@id\":\"http:\/\/rekongem.hu\/?product=vedotaska-zsebekkel-comfort-lux-90x18x70#primaryimage\"},\"datePublished\":\"2016-07-18T09:51:30+00:00\",\"dateModified\":\"2022-08-08T20:10:45+00:00\",\"breadcrumb\":{\"@id\":\"http:\/\/rekongem.hu\/?product=vedotaska-zsebekkel-comfort-lux-90x18x70#breadcrumb\"},\"inLanguage\":\"hu\",\"potentialAction\":[{\"@type\":\"ReadAction\",\"target\":[\"http:\/\/rekongem.hu\/?product=vedotaska-zsebekkel-comfort-lux-90x18x70\"]}]},{\"@type\":\"BreadcrumbList\",\"@id\":\"http:\/\/rekongem.hu\/?product=vedotaska-zsebekkel-comfort-lux-90x18x70#breadcrumb\",\"itemListElement\":[{\"@type\":\"ListItem\",\"position\":1,\"name\":\"Home\",\"item\":\"http:\/\/rekongem.hu\/\"},{\"@type\":\"ListItem\",\"position\":2,\"name\":\"\\u00dczlet\",\"item\":\"https:\/\/rekongem.hu\/?page_id=4\"},{\"@type\":\"ListItem\",\"position\":3,\"name\":\"V\\u00e9d\\u0151t\\u00e1ska ( zsebekkel ) \\u2013 Comfort Lux ( 90x18x70 )\"}]}]}<\/script>\n<!-- \/ Yoast SEO plugin. -->","yoast_head_json":{"title":"V\u00e9d\u0151t\u00e1ska ( zsebekkel ) \u2013 Comfort Lux ( 90x18x70 ) - Emspoma webshop","robots":{"index":"index","follow":"follow","max-snippet":"max-snippet:-1","max-image-preview":"max-image-preview:large","max-video-preview":"max-video-preview:-1"},"canonical":"http:\/\/rekongem.hu\/?product=vedotaska-zsebekkel-comfort-lux-90x18x70","og_locale":"hu_HU","og_type":"article","og_title":"V\u00e9d\u0151t\u00e1ska ( zsebekkel ) \u2013 Comfort Lux ( 90x18x70 ) - Emspoma webshop","og_description":"A v\u00e9d\u0151t\u00e1ska er\u0151s, mechanikai s\u00e9r\u00fcl\u00e9seknek ellen\u00e1ll\u00f3 \u00e9s v\u00edz\u00e1ll\u00f3 anyagb\u00f3l k\u00e9sz\u00fclt. A t\u00e1sk\u00e1n elhelyezett praktikus zsebekben az \u00e1ggyal egy\u00fctt sz\u00e1ll\u00edthat\u00f3k\u00a0 a kezel\u00e9shez sz\u00fcks\u00e9ges tov\u00e1bbi eszk\u00f6z\u00f6k.\u00a0( pl. hengerp\u00e1rn\u00e1k, geometrikus testek, kr\u00e9mek olajak ) P\u00e1rn\u00e1zott v\u00e1llp\u00e1ntj\u00e1nak \u00e9s oldalf\u00fcl\u00e9nek k\u00f6sz\u00f6nhet\u0151en megk\u00f6nny\u00edti az \u00e1gy\u00a0hordoz\u00e1s\u00e1t, megv\u00e9di a \u00a0sz\u00e1ll\u00edt\u00e1s k\u00f6zbeni esetleges s\u00e9r\u00fcl\u00e9sekt\u0151l, szennyez\u0151d\u00e9st\u0151l. FIGYELEM! A v\u00e9d\u0151t\u00e1ska az \u00e1ltalunk forgalmazott Juventas hordozhat\u00f3 massz\u00e1zs\u00e1gyakhoz k\u00e9sz\u00fcl. M\u00e9rete:\u00a090x18x70 cm Amennyiben \u00d6n m\u00e1s t\u00edpus\u00fa massz\u00e1zs\u00e1gyhoz keres v\u00e9d\u0151t\u00e1sk\u00e1t, megrendel\u00e9s el\u0151tt k\u00e9rj\u00fck sz\u00edveskedjen lem\u00e9rni!","og_url":"http:\/\/rekongem.hu\/?product=vedotaska-zsebekkel-comfort-lux-90x18x70","og_site_name":"Emspoma webshop","article_publisher":"https:\/\/www.facebook.com\/masszazsbirodalom\/","article_modified_time":"2022-08-08T20:10:45+00:00","og_image":[{"width":300,"height":300,"url":"http:\/\/rekongem.hu\/wp-content\/uploads\/2016\/09\/vedtaska-comfort-lux.jpg","type":"image\/jpeg"}],"twitter_card":"summary","twitter_site":"@masszazs_bir","schema":{"@context":"https:\/\/schema.org","@graph":[{"@type":"WebSite","@id":"http:\/\/rekongem.hu\/#website","url":"http:\/\/rekongem.hu\/","name":"Emspoma webshop","description":"","potentialAction":[{"@type":"SearchAction","target":{"@type":"EntryPoint","urlTemplate":"http:\/\/rekongem.hu\/?s={search_term_string}"},"query-input":"required name=search_term_string"}],"inLanguage":"hu"},{"@type":"ImageObject","@id":"http:\/\/rekongem.hu\/?product=vedotaska-zsebekkel-comfort-lux-90x18x70#primaryimage","inLanguage":"hu","url":"http:\/\/rekongem.hu\/wp-content\/uploads\/2016\/09\/vedtaska-comfort-lux.jpg","contentUrl":"http:\/\/rekongem.hu\/wp-content\/uploads\/2016\/09\/vedtaska-comfort-lux.jpg","width":300,"height":300,"caption":"v\u00e9d\u0151t\u00e1ska"},{"@type":"WebPage","@id":"http:\/\/rekongem.hu\/?product=vedotaska-zsebekkel-comfort-lux-90x18x70#webpage","url":"http:\/\/rekongem.hu\/?product=vedotaska-zsebekkel-comfort-lux-90x18x70","name":"V\u00e9d\u0151t\u00e1ska ( zsebekkel ) \u2013 Comfort Lux ( 90x18x70 ) - Emspoma webshop","isPartOf":{"@id":"http:\/\/rekongem.hu\/#website"},"primaryImageOfPage":{"@id":"http:\/\/rekongem.hu\/?product=vedotaska-zsebekkel-comfort-lux-90x18x70#primaryimage"},"datePublished":"2016-07-18T09:51:30+00:00","dateModified":"2022-08-08T20:10:45+00:00","breadcrumb":{"@id":"http:\/\/rekongem.hu\/?product=vedotaska-zsebekkel-comfort-lux-90x18x70#breadcrumb"},"inLanguage":"hu","potentialAction":[{"@type":"ReadAction","target":["http:\/\/rekongem.hu\/?product=vedotaska-zsebekkel-comfort-lux-90x18x70"]}]},{"@type":"BreadcrumbList","@id":"http:\/\/rekongem.hu\/?product=vedotaska-zsebekkel-comfort-lux-90x18x70#breadcrumb","itemListElement":[{"@type":"ListItem","position":1,"name":"Home","item":"http:\/\/rekongem.hu\/"},{"@type":"ListItem","position":2,"name":"\u00dczlet","item":"https:\/\/rekongem.hu\/?page_id=4"},{"@type":"ListItem","position":3,"name":"V\u00e9d\u0151t\u00e1ska ( zsebekkel ) \u2013 Comfort Lux ( 90x18x70 )"}]}]}},"_links":{"self":[{"href":"http:\/\/rekongem.hu\/index.php?rest_route=\/wp\/v2\/product\/988"}],"collection":[{"href":"http:\/\/rekongem.hu\/index.php?rest_route=\/wp\/v2\/product"}],"about":[{"href":"http:\/\/rekongem.hu\/index.php?rest_route=\/wp\/v2\/types\/product"}],"wp:featuredmedia":[{"embeddable":true,"href":"http:\/\/rekongem.hu\/index.php?rest_route=\/wp\/v2\/media\/1504"}],"wp:attachment":[{"href":"http:\/\/rekongem.hu\/index.php?rest_route=%2Fwp%2Fv2%2Fmedia&parent=988"}],"wp:term":[{"taxonomy":"product_cat","embeddable":true,"href":"http:\/\/rekongem.hu\/index.php?rest_route=%2Fwp%2Fv2%2Fproduct_cat&post=988"},{"taxonomy":"product_tag","embeddable":true,"href":"http:\/\/rekongem.hu\/index.php?rest_route=%2Fwp%2Fv2%2Fproduct_tag&post=988"}],"curies":[{"name":"wp","href":"https:\/\/api.w.org\/{rel}","templated":true}]}}