{"id":981,"date":"2016-07-18T09:29:32","date_gmt":"2016-07-18T09:29:32","guid":{"rendered":"http:\/\/jadebeauty.hu\/?post_type=product&#038;p=981"},"modified":"2022-09-11T21:01:44","modified_gmt":"2022-09-11T21:01:44","slug":"papirlepedo-tarto-masszazsagyra-szerelheto","status":"publish","type":"product","link":"http:\/\/rekongem.hu\/?product=papirlepedo-tarto-masszazsagyra-szerelheto","title":{"rendered":"Pap\u00edrleped\u0151 tart\u00f3 ( massz\u00e1zs\u00e1gyra szerelhet\u0151 )"},"content":{"rendered":"","protected":false},"excerpt":{"rendered":"<p>K\u00f6nnyed\u00e9n r\u00e1er\u0151s\u00edthet\u0151 az asztalok h\u00e1ts\u00f3 keret\u00e9hez. Egyszer\u0171 szab\u00e1lyozhat\u00f3s\u00e1ga lehet\u0151v\u00e9 teszi a 50-70 cm sz\u00e9les pap\u00edrtekercsek haszn\u00e1lat\u00e1t.<\/p>\n","protected":false},"featured_media":1486,"template":"","meta":[],"product_cat":[241],"product_tag":[239,248,242],"yoast_head":"<!-- This site is optimized with the Yoast SEO plugin v17.4 - https:\/\/yoast.com\/wordpress\/plugins\/seo\/ -->\n<title>Pap\u00edrleped\u0151 tart\u00f3 ( massz\u00e1zs\u00e1gyra szerelhet\u0151 ) - Emspoma webshop<\/title>\n<meta name=\"robots\" content=\"index, follow, max-snippet:-1, max-image-preview:large, max-video-preview:-1\" \/>\n<link rel=\"canonical\" href=\"http:\/\/rekongem.hu\/?product=papirlepedo-tarto-masszazsagyra-szerelheto\" \/>\n<meta property=\"og:locale\" content=\"hu_HU\" \/>\n<meta property=\"og:type\" content=\"article\" \/>\n<meta property=\"og:title\" content=\"Pap\u00edrleped\u0151 tart\u00f3 ( massz\u00e1zs\u00e1gyra szerelhet\u0151 ) - Emspoma webshop\" \/>\n<meta property=\"og:description\" content=\"K\u00f6nnyed\u00e9n r\u00e1er\u0151s\u00edthet\u0151 az asztalok h\u00e1ts\u00f3 keret\u00e9hez. Egyszer\u0171 szab\u00e1lyozhat\u00f3s\u00e1ga lehet\u0151v\u00e9 teszi a 50-70 cm sz\u00e9les pap\u00edrtekercsek haszn\u00e1lat\u00e1t.\" \/>\n<meta property=\"og:url\" content=\"http:\/\/rekongem.hu\/?product=papirlepedo-tarto-masszazsagyra-szerelheto\" \/>\n<meta property=\"og:site_name\" content=\"Emspoma webshop\" \/>\n<meta property=\"article:publisher\" content=\"https:\/\/www.facebook.com\/masszazsbirodalom\/\" \/>\n<meta property=\"article:modified_time\" content=\"2022-09-11T21:01:44+00:00\" \/>\n<meta property=\"og:image\" content=\"http:\/\/rekongem.hu\/wp-content\/uploads\/2016\/09\/papirleped-tarto.jpg\" \/>\n\t<meta property=\"og:image:width\" content=\"300\" \/>\n\t<meta property=\"og:image:height\" content=\"300\" \/>\n<meta name=\"twitter:card\" content=\"summary\" \/>\n<meta name=\"twitter:site\" content=\"@masszazs_bir\" \/>\n<script type=\"application\/ld+json\" class=\"yoast-schema-graph\">{\"@context\":\"https:\/\/schema.org\",\"@graph\":[{\"@type\":\"WebSite\",\"@id\":\"http:\/\/rekongem.hu\/#website\",\"url\":\"http:\/\/rekongem.hu\/\",\"name\":\"Emspoma webshop\",\"description\":\"\",\"potentialAction\":[{\"@type\":\"SearchAction\",\"target\":{\"@type\":\"EntryPoint\",\"urlTemplate\":\"http:\/\/rekongem.hu\/?s={search_term_string}\"},\"query-input\":\"required name=search_term_string\"}],\"inLanguage\":\"hu\"},{\"@type\":\"ImageObject\",\"@id\":\"http:\/\/rekongem.hu\/?product=papirlepedo-tarto-masszazsagyra-szerelheto#primaryimage\",\"inLanguage\":\"hu\",\"url\":\"http:\/\/rekongem.hu\/wp-content\/uploads\/2016\/09\/papirleped-tarto.jpg\",\"contentUrl\":\"http:\/\/rekongem.hu\/wp-content\/uploads\/2016\/09\/papirleped-tarto.jpg\",\"width\":300,\"height\":300,\"caption\":\"pap\\u00edrleped\\u0151 tart\\u00f3\"},{\"@type\":\"WebPage\",\"@id\":\"http:\/\/rekongem.hu\/?product=papirlepedo-tarto-masszazsagyra-szerelheto#webpage\",\"url\":\"http:\/\/rekongem.hu\/?product=papirlepedo-tarto-masszazsagyra-szerelheto\",\"name\":\"Pap\\u00edrleped\\u0151 tart\\u00f3 ( massz\\u00e1zs\\u00e1gyra szerelhet\\u0151 ) - Emspoma webshop\",\"isPartOf\":{\"@id\":\"http:\/\/rekongem.hu\/#website\"},\"primaryImageOfPage\":{\"@id\":\"http:\/\/rekongem.hu\/?product=papirlepedo-tarto-masszazsagyra-szerelheto#primaryimage\"},\"datePublished\":\"2016-07-18T09:29:32+00:00\",\"dateModified\":\"2022-09-11T21:01:44+00:00\",\"breadcrumb\":{\"@id\":\"http:\/\/rekongem.hu\/?product=papirlepedo-tarto-masszazsagyra-szerelheto#breadcrumb\"},\"inLanguage\":\"hu\",\"potentialAction\":[{\"@type\":\"ReadAction\",\"target\":[\"http:\/\/rekongem.hu\/?product=papirlepedo-tarto-masszazsagyra-szerelheto\"]}]},{\"@type\":\"BreadcrumbList\",\"@id\":\"http:\/\/rekongem.hu\/?product=papirlepedo-tarto-masszazsagyra-szerelheto#breadcrumb\",\"itemListElement\":[{\"@type\":\"ListItem\",\"position\":1,\"name\":\"Home\",\"item\":\"http:\/\/rekongem.hu\/\"},{\"@type\":\"ListItem\",\"position\":2,\"name\":\"\\u00dczlet\",\"item\":\"http:\/\/rekongem.hu\/?page_id=4\"},{\"@type\":\"ListItem\",\"position\":3,\"name\":\"Pap\\u00edrleped\\u0151 tart\\u00f3 ( massz\\u00e1zs\\u00e1gyra szerelhet\\u0151 )\"}]}]}<\/script>\n<!-- \/ Yoast SEO plugin. -->","yoast_head_json":{"title":"Pap\u00edrleped\u0151 tart\u00f3 ( massz\u00e1zs\u00e1gyra szerelhet\u0151 ) - Emspoma webshop","robots":{"index":"index","follow":"follow","max-snippet":"max-snippet:-1","max-image-preview":"max-image-preview:large","max-video-preview":"max-video-preview:-1"},"canonical":"http:\/\/rekongem.hu\/?product=papirlepedo-tarto-masszazsagyra-szerelheto","og_locale":"hu_HU","og_type":"article","og_title":"Pap\u00edrleped\u0151 tart\u00f3 ( massz\u00e1zs\u00e1gyra szerelhet\u0151 ) - Emspoma webshop","og_description":"K\u00f6nnyed\u00e9n r\u00e1er\u0151s\u00edthet\u0151 az asztalok h\u00e1ts\u00f3 keret\u00e9hez. Egyszer\u0171 szab\u00e1lyozhat\u00f3s\u00e1ga lehet\u0151v\u00e9 teszi a 50-70 cm sz\u00e9les pap\u00edrtekercsek haszn\u00e1lat\u00e1t.","og_url":"http:\/\/rekongem.hu\/?product=papirlepedo-tarto-masszazsagyra-szerelheto","og_site_name":"Emspoma webshop","article_publisher":"https:\/\/www.facebook.com\/masszazsbirodalom\/","article_modified_time":"2022-09-11T21:01:44+00:00","og_image":[{"width":300,"height":300,"url":"http:\/\/rekongem.hu\/wp-content\/uploads\/2016\/09\/papirleped-tarto.jpg","type":"image\/jpeg"}],"twitter_card":"summary","twitter_site":"@masszazs_bir","schema":{"@context":"https:\/\/schema.org","@graph":[{"@type":"WebSite","@id":"http:\/\/rekongem.hu\/#website","url":"http:\/\/rekongem.hu\/","name":"Emspoma webshop","description":"","potentialAction":[{"@type":"SearchAction","target":{"@type":"EntryPoint","urlTemplate":"http:\/\/rekongem.hu\/?s={search_term_string}"},"query-input":"required name=search_term_string"}],"inLanguage":"hu"},{"@type":"ImageObject","@id":"http:\/\/rekongem.hu\/?product=papirlepedo-tarto-masszazsagyra-szerelheto#primaryimage","inLanguage":"hu","url":"http:\/\/rekongem.hu\/wp-content\/uploads\/2016\/09\/papirleped-tarto.jpg","contentUrl":"http:\/\/rekongem.hu\/wp-content\/uploads\/2016\/09\/papirleped-tarto.jpg","width":300,"height":300,"caption":"pap\u00edrleped\u0151 tart\u00f3"},{"@type":"WebPage","@id":"http:\/\/rekongem.hu\/?product=papirlepedo-tarto-masszazsagyra-szerelheto#webpage","url":"http:\/\/rekongem.hu\/?product=papirlepedo-tarto-masszazsagyra-szerelheto","name":"Pap\u00edrleped\u0151 tart\u00f3 ( massz\u00e1zs\u00e1gyra szerelhet\u0151 ) - Emspoma webshop","isPartOf":{"@id":"http:\/\/rekongem.hu\/#website"},"primaryImageOfPage":{"@id":"http:\/\/rekongem.hu\/?product=papirlepedo-tarto-masszazsagyra-szerelheto#primaryimage"},"datePublished":"2016-07-18T09:29:32+00:00","dateModified":"2022-09-11T21:01:44+00:00","breadcrumb":{"@id":"http:\/\/rekongem.hu\/?product=papirlepedo-tarto-masszazsagyra-szerelheto#breadcrumb"},"inLanguage":"hu","potentialAction":[{"@type":"ReadAction","target":["http:\/\/rekongem.hu\/?product=papirlepedo-tarto-masszazsagyra-szerelheto"]}]},{"@type":"BreadcrumbList","@id":"http:\/\/rekongem.hu\/?product=papirlepedo-tarto-masszazsagyra-szerelheto#breadcrumb","itemListElement":[{"@type":"ListItem","position":1,"name":"Home","item":"http:\/\/rekongem.hu\/"},{"@type":"ListItem","position":2,"name":"\u00dczlet","item":"http:\/\/rekongem.hu\/?page_id=4"},{"@type":"ListItem","position":3,"name":"Pap\u00edrleped\u0151 tart\u00f3 ( massz\u00e1zs\u00e1gyra szerelhet\u0151 )"}]}]}},"_links":{"self":[{"href":"http:\/\/rekongem.hu\/index.php?rest_route=\/wp\/v2\/product\/981"}],"collection":[{"href":"http:\/\/rekongem.hu\/index.php?rest_route=\/wp\/v2\/product"}],"about":[{"href":"http:\/\/rekongem.hu\/index.php?rest_route=\/wp\/v2\/types\/product"}],"wp:featuredmedia":[{"embeddable":true,"href":"http:\/\/rekongem.hu\/index.php?rest_route=\/wp\/v2\/media\/1486"}],"wp:attachment":[{"href":"http:\/\/rekongem.hu\/index.php?rest_route=%2Fwp%2Fv2%2Fmedia&parent=981"}],"wp:term":[{"taxonomy":"product_cat","embeddable":true,"href":"http:\/\/rekongem.hu\/index.php?rest_route=%2Fwp%2Fv2%2Fproduct_cat&post=981"},{"taxonomy":"product_tag","embeddable":true,"href":"http:\/\/rekongem.hu\/index.php?rest_route=%2Fwp%2Fv2%2Fproduct_tag&post=981"}],"curies":[{"name":"wp","href":"https:\/\/api.w.org\/{rel}","templated":true}]}}