{"id":885,"date":"2016-07-17T11:16:53","date_gmt":"2016-07-17T11:16:53","guid":{"rendered":"http:\/\/jadebeauty.hu\/termek\/gaia-iii-fix-favazas-haromzonas-masszazsagy\/"},"modified":"2022-08-08T20:15:20","modified_gmt":"2022-08-08T20:15:20","slug":"gaia-iii-fix-favazas-haromzonas-masszazsagy","status":"publish","type":"product","link":"http:\/\/rekongem.hu\/?product=gaia-iii-fix-favazas-haromzonas-masszazsagy","title":{"rendered":"Gaia III. fix fav\u00e1zas h\u00e1romz\u00f3n\u00e1s massz\u00e1zs\u00e1gy"},"content":{"rendered":"","protected":false},"excerpt":{"rendered":"<p>A Gaia III.\u00a0fix fav\u00e1zas h\u00e1romz\u00f3n\u00e1s massz\u00e1zs\u00e1gy.<\/p>\n<p>A GAIA sz\u00e9ria modellje, mely elengedhetetlen berendez\u00e9se orvosi rendel\u0151nek, vagy szalonnak, ak\u00e1r kozmetikai-, vagy pedik\u0171r szalonnak is.<\/p>\n<p>K\u00f6nny\u0171 fa szerkezet, k\u00e9nyelmes matrac, kiv\u00e1l\u00f3 min\u0151s\u00e9g\u0171 anyag\u00f6sszet\u00e9tel jellemzi a sz\u00e9les sz\u00ednv\u00e1laszt\u00e9kben el\u00e9rhet\u0151 \u00e1gyat.<\/p>\n<p>A hever\u0151 alatti funkcion\u00e1lis polc alkalmas a kozmetikumok \u00e9s a kezel\u00e9s sor\u00e1n sz\u00fcks\u00e9ges eszk\u00f6z\u00f6k t\u00e1rol\u00e1s\u00e1ra.<\/p>\n<p>Az \u00e1gy fejt\u00e1ml\u00e1j\u00e1nak \u00e9s fekv\u0151fel\u00fclet\u00e9nek mobilit\u00e1s\u00e1t g\u00e1zpump\u00e1k seg\u00edts\u00e9g\u00e9vel lehet \u00e1ll\u00edtani, hogy a p\u00e1cienst a fekv\u0151 poz\u00edci\u00f3 mellett, f\u00e9lig fekv\u0151 vagy \u00fcl\u0151 helyzetben is kezelj\u00e9k.<\/p>\n<p>A magass\u00e1ga k\u00f6nnyen \u00e1ll\u00edthat\u00f3 fa gombok seg\u00edts\u00e9g\u00e9vel.<\/p>\n<p>Kieg\u00e9sz\u00edt\u0151k\u00e9nt az \u00e1gyhoz fejr\u00e9szt \u00e9s pap\u00edrleped\u0151 tart\u00f3t is lehet r\u00f6gz\u00edteni.<\/p>\n<ul class=\"bullet pa_content\">\n<li>Hossz\u00fas\u00e1g: 190 cm<\/li>\n<li>Sz\u00e9less\u00e9g: 70 cm<\/li>\n<li>Fejr\u00e9sz \u00e1ll\u00edthat\u00f3: 0 \u00b0 &#8211; + 60 \u00b0<\/li>\n<li>Asztal (k\u00f6z\u00e9ps\u0151 r\u00e9sz) \u00e1ll\u00edthat\u00f3: 0 \u00b0 &#8211; +45 \u00b0<\/li>\n<li>Magass\u00e1ga \u00e1ll\u00edthat\u00f3: 55 cm &#8211; + 83 cm<\/li>\n<li>S\u00faly: 53 kg<\/li>\n<\/ul>\n","protected":false},"featured_media":1463,"template":"","meta":[],"product_cat":[193],"product_tag":[86,192,200,217,82,194],"yoast_head":"<!-- This site is optimized with the Yoast SEO plugin v17.4 - https:\/\/yoast.com\/wordpress\/plugins\/seo\/ -->\n<title>Gaia III. fix fav\u00e1zas h\u00e1romz\u00f3n\u00e1s massz\u00e1zs\u00e1gy - Emspoma webshop<\/title>\n<meta name=\"robots\" content=\"index, follow, max-snippet:-1, max-image-preview:large, max-video-preview:-1\" \/>\n<link rel=\"canonical\" href=\"http:\/\/rekongem.hu\/?product=gaia-iii-fix-favazas-haromzonas-masszazsagy\" \/>\n<meta property=\"og:locale\" content=\"hu_HU\" \/>\n<meta property=\"og:type\" content=\"article\" \/>\n<meta property=\"og:title\" content=\"Gaia III. fix fav\u00e1zas h\u00e1romz\u00f3n\u00e1s massz\u00e1zs\u00e1gy - Emspoma webshop\" \/>\n<meta property=\"og:description\" content=\"A Gaia III.\u00a0fix fav\u00e1zas h\u00e1romz\u00f3n\u00e1s massz\u00e1zs\u00e1gy. A GAIA sz\u00e9ria modellje, mely elengedhetetlen berendez\u00e9se orvosi rendel\u0151nek, vagy szalonnak, ak\u00e1r kozmetikai-, vagy pedik\u0171r szalonnak is. K\u00f6nny\u0171 fa szerkezet, k\u00e9nyelmes matrac, kiv\u00e1l\u00f3 min\u0151s\u00e9g\u0171 anyag\u00f6sszet\u00e9tel jellemzi a sz\u00e9les sz\u00ednv\u00e1laszt\u00e9kben el\u00e9rhet\u0151 \u00e1gyat. A hever\u0151 alatti funkcion\u00e1lis polc alkalmas a kozmetikumok \u00e9s a kezel\u00e9s sor\u00e1n sz\u00fcks\u00e9ges eszk\u00f6z\u00f6k t\u00e1rol\u00e1s\u00e1ra. Az \u00e1gy fejt\u00e1ml\u00e1j\u00e1nak \u00e9s fekv\u0151fel\u00fclet\u00e9nek mobilit\u00e1s\u00e1t g\u00e1zpump\u00e1k seg\u00edts\u00e9g\u00e9vel lehet \u00e1ll\u00edtani, hogy a p\u00e1cienst a fekv\u0151 poz\u00edci\u00f3 mellett, f\u00e9lig fekv\u0151 vagy \u00fcl\u0151 helyzetben is kezelj\u00e9k. A magass\u00e1ga k\u00f6nnyen \u00e1ll\u00edthat\u00f3 fa gombok seg\u00edts\u00e9g\u00e9vel. Kieg\u00e9sz\u00edt\u0151k\u00e9nt az \u00e1gyhoz fejr\u00e9szt \u00e9s pap\u00edrleped\u0151 tart\u00f3t is lehet r\u00f6gz\u00edteni.  Hossz\u00fas\u00e1g: 190 cm  Sz\u00e9less\u00e9g: 70 cm  Fejr\u00e9sz \u00e1ll\u00edthat\u00f3: 0 \u00b0 - + 60 \u00b0  Asztal (k\u00f6z\u00e9ps\u0151 r\u00e9sz) \u00e1ll\u00edthat\u00f3: 0 \u00b0 - +45 \u00b0  Magass\u00e1ga \u00e1ll\u00edthat\u00f3: 55 cm - + 83 cm  S\u00faly: 53 kg\" \/>\n<meta property=\"og:url\" content=\"http:\/\/rekongem.hu\/?product=gaia-iii-fix-favazas-haromzonas-masszazsagy\" \/>\n<meta property=\"og:site_name\" content=\"Emspoma webshop\" \/>\n<meta property=\"article:publisher\" content=\"https:\/\/www.facebook.com\/masszazsbirodalom\/\" \/>\n<meta property=\"article:modified_time\" content=\"2022-08-08T20:15:20+00:00\" \/>\n<meta property=\"og:image\" content=\"http:\/\/rekongem.hu\/wp-content\/uploads\/2016\/09\/gaia-iii.jpg\" \/>\n\t<meta property=\"og:image:width\" content=\"300\" \/>\n\t<meta property=\"og:image:height\" content=\"300\" \/>\n<meta name=\"twitter:card\" content=\"summary\" \/>\n<meta name=\"twitter:site\" content=\"@masszazs_bir\" \/>\n<script type=\"application\/ld+json\" class=\"yoast-schema-graph\">{\"@context\":\"https:\/\/schema.org\",\"@graph\":[{\"@type\":\"WebSite\",\"@id\":\"http:\/\/rekongem.hu\/#website\",\"url\":\"http:\/\/rekongem.hu\/\",\"name\":\"Emspoma webshop\",\"description\":\"\",\"potentialAction\":[{\"@type\":\"SearchAction\",\"target\":{\"@type\":\"EntryPoint\",\"urlTemplate\":\"http:\/\/rekongem.hu\/?s={search_term_string}\"},\"query-input\":\"required name=search_term_string\"}],\"inLanguage\":\"hu\"},{\"@type\":\"ImageObject\",\"@id\":\"http:\/\/rekongem.hu\/?product=gaia-iii-fix-favazas-haromzonas-masszazsagy#primaryimage\",\"inLanguage\":\"hu\",\"url\":\"http:\/\/rekongem.hu\/wp-content\/uploads\/2016\/09\/gaia-iii.jpg\",\"contentUrl\":\"http:\/\/rekongem.hu\/wp-content\/uploads\/2016\/09\/gaia-iii.jpg\",\"width\":300,\"height\":300,\"caption\":\"Gaia III. fix fav\\u00e1zas h\\u00e1romz\\u00f3n\\u00e1s massz\\u00e1zs\\u00e1gy\"},{\"@type\":\"WebPage\",\"@id\":\"http:\/\/rekongem.hu\/?product=gaia-iii-fix-favazas-haromzonas-masszazsagy#webpage\",\"url\":\"http:\/\/rekongem.hu\/?product=gaia-iii-fix-favazas-haromzonas-masszazsagy\",\"name\":\"Gaia III. fix fav\\u00e1zas h\\u00e1romz\\u00f3n\\u00e1s massz\\u00e1zs\\u00e1gy - Emspoma webshop\",\"isPartOf\":{\"@id\":\"http:\/\/rekongem.hu\/#website\"},\"primaryImageOfPage\":{\"@id\":\"http:\/\/rekongem.hu\/?product=gaia-iii-fix-favazas-haromzonas-masszazsagy#primaryimage\"},\"datePublished\":\"2016-07-17T11:16:53+00:00\",\"dateModified\":\"2022-08-08T20:15:20+00:00\",\"breadcrumb\":{\"@id\":\"http:\/\/rekongem.hu\/?product=gaia-iii-fix-favazas-haromzonas-masszazsagy#breadcrumb\"},\"inLanguage\":\"hu\",\"potentialAction\":[{\"@type\":\"ReadAction\",\"target\":[\"http:\/\/rekongem.hu\/?product=gaia-iii-fix-favazas-haromzonas-masszazsagy\"]}]},{\"@type\":\"BreadcrumbList\",\"@id\":\"http:\/\/rekongem.hu\/?product=gaia-iii-fix-favazas-haromzonas-masszazsagy#breadcrumb\",\"itemListElement\":[{\"@type\":\"ListItem\",\"position\":1,\"name\":\"Home\",\"item\":\"http:\/\/rekongem.hu\/\"},{\"@type\":\"ListItem\",\"position\":2,\"name\":\"\\u00dczlet\",\"item\":\"http:\/\/rekongem.hu\/?page_id=4\"},{\"@type\":\"ListItem\",\"position\":3,\"name\":\"Gaia III. fix fav\\u00e1zas h\\u00e1romz\\u00f3n\\u00e1s massz\\u00e1zs\\u00e1gy\"}]}]}<\/script>\n<!-- \/ Yoast SEO plugin. -->","yoast_head_json":{"title":"Gaia III. fix fav\u00e1zas h\u00e1romz\u00f3n\u00e1s massz\u00e1zs\u00e1gy - Emspoma webshop","robots":{"index":"index","follow":"follow","max-snippet":"max-snippet:-1","max-image-preview":"max-image-preview:large","max-video-preview":"max-video-preview:-1"},"canonical":"http:\/\/rekongem.hu\/?product=gaia-iii-fix-favazas-haromzonas-masszazsagy","og_locale":"hu_HU","og_type":"article","og_title":"Gaia III. fix fav\u00e1zas h\u00e1romz\u00f3n\u00e1s massz\u00e1zs\u00e1gy - Emspoma webshop","og_description":"A Gaia III.\u00a0fix fav\u00e1zas h\u00e1romz\u00f3n\u00e1s massz\u00e1zs\u00e1gy. A GAIA sz\u00e9ria modellje, mely elengedhetetlen berendez\u00e9se orvosi rendel\u0151nek, vagy szalonnak, ak\u00e1r kozmetikai-, vagy pedik\u0171r szalonnak is. K\u00f6nny\u0171 fa szerkezet, k\u00e9nyelmes matrac, kiv\u00e1l\u00f3 min\u0151s\u00e9g\u0171 anyag\u00f6sszet\u00e9tel jellemzi a sz\u00e9les sz\u00ednv\u00e1laszt\u00e9kben el\u00e9rhet\u0151 \u00e1gyat. A hever\u0151 alatti funkcion\u00e1lis polc alkalmas a kozmetikumok \u00e9s a kezel\u00e9s sor\u00e1n sz\u00fcks\u00e9ges eszk\u00f6z\u00f6k t\u00e1rol\u00e1s\u00e1ra. Az \u00e1gy fejt\u00e1ml\u00e1j\u00e1nak \u00e9s fekv\u0151fel\u00fclet\u00e9nek mobilit\u00e1s\u00e1t g\u00e1zpump\u00e1k seg\u00edts\u00e9g\u00e9vel lehet \u00e1ll\u00edtani, hogy a p\u00e1cienst a fekv\u0151 poz\u00edci\u00f3 mellett, f\u00e9lig fekv\u0151 vagy \u00fcl\u0151 helyzetben is kezelj\u00e9k. A magass\u00e1ga k\u00f6nnyen \u00e1ll\u00edthat\u00f3 fa gombok seg\u00edts\u00e9g\u00e9vel. Kieg\u00e9sz\u00edt\u0151k\u00e9nt az \u00e1gyhoz fejr\u00e9szt \u00e9s pap\u00edrleped\u0151 tart\u00f3t is lehet r\u00f6gz\u00edteni.  Hossz\u00fas\u00e1g: 190 cm  Sz\u00e9less\u00e9g: 70 cm  Fejr\u00e9sz \u00e1ll\u00edthat\u00f3: 0 \u00b0 - + 60 \u00b0  Asztal (k\u00f6z\u00e9ps\u0151 r\u00e9sz) \u00e1ll\u00edthat\u00f3: 0 \u00b0 - +45 \u00b0  Magass\u00e1ga \u00e1ll\u00edthat\u00f3: 55 cm - + 83 cm  S\u00faly: 53 kg","og_url":"http:\/\/rekongem.hu\/?product=gaia-iii-fix-favazas-haromzonas-masszazsagy","og_site_name":"Emspoma webshop","article_publisher":"https:\/\/www.facebook.com\/masszazsbirodalom\/","article_modified_time":"2022-08-08T20:15:20+00:00","og_image":[{"width":300,"height":300,"url":"http:\/\/rekongem.hu\/wp-content\/uploads\/2016\/09\/gaia-iii.jpg","type":"image\/jpeg"}],"twitter_card":"summary","twitter_site":"@masszazs_bir","schema":{"@context":"https:\/\/schema.org","@graph":[{"@type":"WebSite","@id":"http:\/\/rekongem.hu\/#website","url":"http:\/\/rekongem.hu\/","name":"Emspoma webshop","description":"","potentialAction":[{"@type":"SearchAction","target":{"@type":"EntryPoint","urlTemplate":"http:\/\/rekongem.hu\/?s={search_term_string}"},"query-input":"required name=search_term_string"}],"inLanguage":"hu"},{"@type":"ImageObject","@id":"http:\/\/rekongem.hu\/?product=gaia-iii-fix-favazas-haromzonas-masszazsagy#primaryimage","inLanguage":"hu","url":"http:\/\/rekongem.hu\/wp-content\/uploads\/2016\/09\/gaia-iii.jpg","contentUrl":"http:\/\/rekongem.hu\/wp-content\/uploads\/2016\/09\/gaia-iii.jpg","width":300,"height":300,"caption":"Gaia III. fix fav\u00e1zas h\u00e1romz\u00f3n\u00e1s massz\u00e1zs\u00e1gy"},{"@type":"WebPage","@id":"http:\/\/rekongem.hu\/?product=gaia-iii-fix-favazas-haromzonas-masszazsagy#webpage","url":"http:\/\/rekongem.hu\/?product=gaia-iii-fix-favazas-haromzonas-masszazsagy","name":"Gaia III. fix fav\u00e1zas h\u00e1romz\u00f3n\u00e1s massz\u00e1zs\u00e1gy - Emspoma webshop","isPartOf":{"@id":"http:\/\/rekongem.hu\/#website"},"primaryImageOfPage":{"@id":"http:\/\/rekongem.hu\/?product=gaia-iii-fix-favazas-haromzonas-masszazsagy#primaryimage"},"datePublished":"2016-07-17T11:16:53+00:00","dateModified":"2022-08-08T20:15:20+00:00","breadcrumb":{"@id":"http:\/\/rekongem.hu\/?product=gaia-iii-fix-favazas-haromzonas-masszazsagy#breadcrumb"},"inLanguage":"hu","potentialAction":[{"@type":"ReadAction","target":["http:\/\/rekongem.hu\/?product=gaia-iii-fix-favazas-haromzonas-masszazsagy"]}]},{"@type":"BreadcrumbList","@id":"http:\/\/rekongem.hu\/?product=gaia-iii-fix-favazas-haromzonas-masszazsagy#breadcrumb","itemListElement":[{"@type":"ListItem","position":1,"name":"Home","item":"http:\/\/rekongem.hu\/"},{"@type":"ListItem","position":2,"name":"\u00dczlet","item":"http:\/\/rekongem.hu\/?page_id=4"},{"@type":"ListItem","position":3,"name":"Gaia III. fix fav\u00e1zas h\u00e1romz\u00f3n\u00e1s massz\u00e1zs\u00e1gy"}]}]}},"_links":{"self":[{"href":"http:\/\/rekongem.hu\/index.php?rest_route=\/wp\/v2\/product\/885"}],"collection":[{"href":"http:\/\/rekongem.hu\/index.php?rest_route=\/wp\/v2\/product"}],"about":[{"href":"http:\/\/rekongem.hu\/index.php?rest_route=\/wp\/v2\/types\/product"}],"wp:featuredmedia":[{"embeddable":true,"href":"http:\/\/rekongem.hu\/index.php?rest_route=\/wp\/v2\/media\/1463"}],"wp:attachment":[{"href":"http:\/\/rekongem.hu\/index.php?rest_route=%2Fwp%2Fv2%2Fmedia&parent=885"}],"wp:term":[{"taxonomy":"product_cat","embeddable":true,"href":"http:\/\/rekongem.hu\/index.php?rest_route=%2Fwp%2Fv2%2Fproduct_cat&post=885"},{"taxonomy":"product_tag","embeddable":true,"href":"http:\/\/rekongem.hu\/index.php?rest_route=%2Fwp%2Fv2%2Fproduct_tag&post=885"}],"curies":[{"name":"wp","href":"https:\/\/api.w.org\/{rel}","templated":true}]}}