{"id":883,"date":"2016-07-17T11:08:32","date_gmt":"2016-07-17T11:08:32","guid":{"rendered":"http:\/\/jadebeauty.hu\/termek\/gaia-ii-fix-favazas-masszazsagy\/"},"modified":"2022-08-08T20:15:49","modified_gmt":"2022-08-08T20:15:49","slug":"gaia-ii-fix-favazas-masszazsagy","status":"publish","type":"product","link":"http:\/\/rekongem.hu\/?product=gaia-ii-fix-favazas-masszazsagy","title":{"rendered":"Gaia II. fix fav\u00e1zas massz\u00e1zs\u00e1gy"},"content":{"rendered":"","protected":false},"excerpt":{"rendered":"<p>A Gaia II.\u00a0fix fav\u00e1zas k\u00e9tz\u00f3n\u00e1s massz\u00e1zs\u00e1gy.<\/p>\n<p>F\u00e1b\u00f3l k\u00e9sz\u00fclt eleg\u00e1ns megjelen\u00e9s\u00e9nek k\u00f6sz\u00f6nhet\u0151en, megjelen\u00e9se kozmetikai helyis\u00e9gek vagy eg\u00e9szs\u00e9g\u00fcgyi l\u00e9tes\u00edtm\u00e9nyek bels\u0151 ter\u00e9t meleg hangulat\u00fav\u00e1, egyediv\u00e9 var\u00e1zsolja.<\/p>\n<p>Az \u00e1gy l\u00e1bainak valamint fejlapj\u00e1nak magass\u00e1ga \u00e1ll\u00edthat\u00f3.<\/p>\n<p>Kieg\u00e9sz\u00edt\u0151k\u00e9nt lehet rendelni hozz\u00e1 fejr\u00e9szt, illetve pap\u00edrleped\u0151 tart\u00f3t.<\/p>\n<p>Az \u00e1gy kieg\u00e9sz\u00fcl egy als\u00f3 polccal, melyet a massz\u0151r k\u00fcl\u00f6nb\u00f6z\u0151 kell\u00e9kek t\u00e1rol\u00e1s\u00e1ra haszn\u00e1lhat.<\/p>\n<p>Az asztal m\u0171b\u0151rbevonata k\u00fcl\u00f6n v\u00e1laszthat\u00f3.<\/p>\n<ul class=\"bullet pa_content\">\n<li>Hossz\u00fas\u00e1g: 190 cm<\/li>\n<li>Sz\u00e9less\u00e9g: 70 cm<\/li>\n<li>Fejr\u00e9sz \u00e1ll\u00edthat\u00f3: 0 \u00b0 &#8211; + 45 \u00b0<\/li>\n<li>Magass\u00e1ga \u00e1ll\u00edthat\u00f3: 55 cm &#8211; 83 cm<\/li>\n<li>S\u00faly: 32 kg<\/li>\n<\/ul>\n","protected":false},"featured_media":1461,"template":"","meta":[],"product_cat":[193],"product_tag":[86,192,200,82,194],"yoast_head":"<!-- This site is optimized with the Yoast SEO plugin v17.4 - https:\/\/yoast.com\/wordpress\/plugins\/seo\/ -->\n<title>Gaia II. fix fav\u00e1zas massz\u00e1zs\u00e1gy - Emspoma webshop<\/title>\n<meta name=\"robots\" content=\"index, follow, max-snippet:-1, max-image-preview:large, max-video-preview:-1\" \/>\n<link rel=\"canonical\" href=\"http:\/\/rekongem.hu\/?product=gaia-ii-fix-favazas-masszazsagy\" \/>\n<meta property=\"og:locale\" content=\"hu_HU\" \/>\n<meta property=\"og:type\" content=\"article\" \/>\n<meta property=\"og:title\" content=\"Gaia II. fix fav\u00e1zas massz\u00e1zs\u00e1gy - Emspoma webshop\" \/>\n<meta property=\"og:description\" content=\"A Gaia II.\u00a0fix fav\u00e1zas k\u00e9tz\u00f3n\u00e1s massz\u00e1zs\u00e1gy. F\u00e1b\u00f3l k\u00e9sz\u00fclt eleg\u00e1ns megjelen\u00e9s\u00e9nek k\u00f6sz\u00f6nhet\u0151en, megjelen\u00e9se kozmetikai helyis\u00e9gek vagy eg\u00e9szs\u00e9g\u00fcgyi l\u00e9tes\u00edtm\u00e9nyek bels\u0151 ter\u00e9t meleg hangulat\u00fav\u00e1, egyediv\u00e9 var\u00e1zsolja. Az \u00e1gy l\u00e1bainak valamint fejlapj\u00e1nak magass\u00e1ga \u00e1ll\u00edthat\u00f3. Kieg\u00e9sz\u00edt\u0151k\u00e9nt lehet rendelni hozz\u00e1 fejr\u00e9szt, illetve pap\u00edrleped\u0151 tart\u00f3t. Az \u00e1gy kieg\u00e9sz\u00fcl egy als\u00f3 polccal, melyet a massz\u0151r k\u00fcl\u00f6nb\u00f6z\u0151 kell\u00e9kek t\u00e1rol\u00e1s\u00e1ra haszn\u00e1lhat. Az asztal m\u0171b\u0151rbevonata k\u00fcl\u00f6n v\u00e1laszthat\u00f3.  Hossz\u00fas\u00e1g: 190 cm  Sz\u00e9less\u00e9g: 70 cm  Fejr\u00e9sz \u00e1ll\u00edthat\u00f3: 0 \u00b0 - + 45 \u00b0  Magass\u00e1ga \u00e1ll\u00edthat\u00f3: 55 cm - 83 cm  S\u00faly: 32 kg\" \/>\n<meta property=\"og:url\" content=\"http:\/\/rekongem.hu\/?product=gaia-ii-fix-favazas-masszazsagy\" \/>\n<meta property=\"og:site_name\" content=\"Emspoma webshop\" \/>\n<meta property=\"article:publisher\" content=\"https:\/\/www.facebook.com\/masszazsbirodalom\/\" \/>\n<meta property=\"article:modified_time\" content=\"2022-08-08T20:15:49+00:00\" \/>\n<meta property=\"og:image\" content=\"http:\/\/rekongem.hu\/wp-content\/uploads\/2016\/09\/gaia-ii.jpg\" \/>\n\t<meta property=\"og:image:width\" content=\"300\" \/>\n\t<meta property=\"og:image:height\" content=\"300\" \/>\n<meta name=\"twitter:card\" content=\"summary\" \/>\n<meta name=\"twitter:site\" content=\"@masszazs_bir\" \/>\n<script type=\"application\/ld+json\" class=\"yoast-schema-graph\">{\"@context\":\"https:\/\/schema.org\",\"@graph\":[{\"@type\":\"WebSite\",\"@id\":\"http:\/\/rekongem.hu\/#website\",\"url\":\"http:\/\/rekongem.hu\/\",\"name\":\"Emspoma webshop\",\"description\":\"\",\"potentialAction\":[{\"@type\":\"SearchAction\",\"target\":{\"@type\":\"EntryPoint\",\"urlTemplate\":\"http:\/\/rekongem.hu\/?s={search_term_string}\"},\"query-input\":\"required name=search_term_string\"}],\"inLanguage\":\"hu\"},{\"@type\":\"ImageObject\",\"@id\":\"http:\/\/rekongem.hu\/?product=gaia-ii-fix-favazas-masszazsagy#primaryimage\",\"inLanguage\":\"hu\",\"url\":\"http:\/\/rekongem.hu\/wp-content\/uploads\/2016\/09\/gaia-ii.jpg\",\"contentUrl\":\"http:\/\/rekongem.hu\/wp-content\/uploads\/2016\/09\/gaia-ii.jpg\",\"width\":300,\"height\":300,\"caption\":\"Gaia II. fix fav\\u00e1zas massz\\u00e1zs\\u00e1gy\"},{\"@type\":\"WebPage\",\"@id\":\"http:\/\/rekongem.hu\/?product=gaia-ii-fix-favazas-masszazsagy#webpage\",\"url\":\"http:\/\/rekongem.hu\/?product=gaia-ii-fix-favazas-masszazsagy\",\"name\":\"Gaia II. fix fav\\u00e1zas massz\\u00e1zs\\u00e1gy - Emspoma webshop\",\"isPartOf\":{\"@id\":\"http:\/\/rekongem.hu\/#website\"},\"primaryImageOfPage\":{\"@id\":\"http:\/\/rekongem.hu\/?product=gaia-ii-fix-favazas-masszazsagy#primaryimage\"},\"datePublished\":\"2016-07-17T11:08:32+00:00\",\"dateModified\":\"2022-08-08T20:15:49+00:00\",\"breadcrumb\":{\"@id\":\"http:\/\/rekongem.hu\/?product=gaia-ii-fix-favazas-masszazsagy#breadcrumb\"},\"inLanguage\":\"hu\",\"potentialAction\":[{\"@type\":\"ReadAction\",\"target\":[\"http:\/\/rekongem.hu\/?product=gaia-ii-fix-favazas-masszazsagy\"]}]},{\"@type\":\"BreadcrumbList\",\"@id\":\"http:\/\/rekongem.hu\/?product=gaia-ii-fix-favazas-masszazsagy#breadcrumb\",\"itemListElement\":[{\"@type\":\"ListItem\",\"position\":1,\"name\":\"Home\",\"item\":\"http:\/\/rekongem.hu\/\"},{\"@type\":\"ListItem\",\"position\":2,\"name\":\"\\u00dczlet\",\"item\":\"http:\/\/rekongem.hu\/?page_id=4\"},{\"@type\":\"ListItem\",\"position\":3,\"name\":\"Gaia II. fix fav\\u00e1zas massz\\u00e1zs\\u00e1gy\"}]}]}<\/script>\n<!-- \/ Yoast SEO plugin. -->","yoast_head_json":{"title":"Gaia II. fix fav\u00e1zas massz\u00e1zs\u00e1gy - Emspoma webshop","robots":{"index":"index","follow":"follow","max-snippet":"max-snippet:-1","max-image-preview":"max-image-preview:large","max-video-preview":"max-video-preview:-1"},"canonical":"http:\/\/rekongem.hu\/?product=gaia-ii-fix-favazas-masszazsagy","og_locale":"hu_HU","og_type":"article","og_title":"Gaia II. fix fav\u00e1zas massz\u00e1zs\u00e1gy - Emspoma webshop","og_description":"A Gaia II.\u00a0fix fav\u00e1zas k\u00e9tz\u00f3n\u00e1s massz\u00e1zs\u00e1gy. F\u00e1b\u00f3l k\u00e9sz\u00fclt eleg\u00e1ns megjelen\u00e9s\u00e9nek k\u00f6sz\u00f6nhet\u0151en, megjelen\u00e9se kozmetikai helyis\u00e9gek vagy eg\u00e9szs\u00e9g\u00fcgyi l\u00e9tes\u00edtm\u00e9nyek bels\u0151 ter\u00e9t meleg hangulat\u00fav\u00e1, egyediv\u00e9 var\u00e1zsolja. Az \u00e1gy l\u00e1bainak valamint fejlapj\u00e1nak magass\u00e1ga \u00e1ll\u00edthat\u00f3. Kieg\u00e9sz\u00edt\u0151k\u00e9nt lehet rendelni hozz\u00e1 fejr\u00e9szt, illetve pap\u00edrleped\u0151 tart\u00f3t. Az \u00e1gy kieg\u00e9sz\u00fcl egy als\u00f3 polccal, melyet a massz\u0151r k\u00fcl\u00f6nb\u00f6z\u0151 kell\u00e9kek t\u00e1rol\u00e1s\u00e1ra haszn\u00e1lhat. Az asztal m\u0171b\u0151rbevonata k\u00fcl\u00f6n v\u00e1laszthat\u00f3.  Hossz\u00fas\u00e1g: 190 cm  Sz\u00e9less\u00e9g: 70 cm  Fejr\u00e9sz \u00e1ll\u00edthat\u00f3: 0 \u00b0 - + 45 \u00b0  Magass\u00e1ga \u00e1ll\u00edthat\u00f3: 55 cm - 83 cm  S\u00faly: 32 kg","og_url":"http:\/\/rekongem.hu\/?product=gaia-ii-fix-favazas-masszazsagy","og_site_name":"Emspoma webshop","article_publisher":"https:\/\/www.facebook.com\/masszazsbirodalom\/","article_modified_time":"2022-08-08T20:15:49+00:00","og_image":[{"width":300,"height":300,"url":"http:\/\/rekongem.hu\/wp-content\/uploads\/2016\/09\/gaia-ii.jpg","type":"image\/jpeg"}],"twitter_card":"summary","twitter_site":"@masszazs_bir","schema":{"@context":"https:\/\/schema.org","@graph":[{"@type":"WebSite","@id":"http:\/\/rekongem.hu\/#website","url":"http:\/\/rekongem.hu\/","name":"Emspoma webshop","description":"","potentialAction":[{"@type":"SearchAction","target":{"@type":"EntryPoint","urlTemplate":"http:\/\/rekongem.hu\/?s={search_term_string}"},"query-input":"required name=search_term_string"}],"inLanguage":"hu"},{"@type":"ImageObject","@id":"http:\/\/rekongem.hu\/?product=gaia-ii-fix-favazas-masszazsagy#primaryimage","inLanguage":"hu","url":"http:\/\/rekongem.hu\/wp-content\/uploads\/2016\/09\/gaia-ii.jpg","contentUrl":"http:\/\/rekongem.hu\/wp-content\/uploads\/2016\/09\/gaia-ii.jpg","width":300,"height":300,"caption":"Gaia II. fix fav\u00e1zas massz\u00e1zs\u00e1gy"},{"@type":"WebPage","@id":"http:\/\/rekongem.hu\/?product=gaia-ii-fix-favazas-masszazsagy#webpage","url":"http:\/\/rekongem.hu\/?product=gaia-ii-fix-favazas-masszazsagy","name":"Gaia II. fix fav\u00e1zas massz\u00e1zs\u00e1gy - Emspoma webshop","isPartOf":{"@id":"http:\/\/rekongem.hu\/#website"},"primaryImageOfPage":{"@id":"http:\/\/rekongem.hu\/?product=gaia-ii-fix-favazas-masszazsagy#primaryimage"},"datePublished":"2016-07-17T11:08:32+00:00","dateModified":"2022-08-08T20:15:49+00:00","breadcrumb":{"@id":"http:\/\/rekongem.hu\/?product=gaia-ii-fix-favazas-masszazsagy#breadcrumb"},"inLanguage":"hu","potentialAction":[{"@type":"ReadAction","target":["http:\/\/rekongem.hu\/?product=gaia-ii-fix-favazas-masszazsagy"]}]},{"@type":"BreadcrumbList","@id":"http:\/\/rekongem.hu\/?product=gaia-ii-fix-favazas-masszazsagy#breadcrumb","itemListElement":[{"@type":"ListItem","position":1,"name":"Home","item":"http:\/\/rekongem.hu\/"},{"@type":"ListItem","position":2,"name":"\u00dczlet","item":"http:\/\/rekongem.hu\/?page_id=4"},{"@type":"ListItem","position":3,"name":"Gaia II. fix fav\u00e1zas massz\u00e1zs\u00e1gy"}]}]}},"_links":{"self":[{"href":"http:\/\/rekongem.hu\/index.php?rest_route=\/wp\/v2\/product\/883"}],"collection":[{"href":"http:\/\/rekongem.hu\/index.php?rest_route=\/wp\/v2\/product"}],"about":[{"href":"http:\/\/rekongem.hu\/index.php?rest_route=\/wp\/v2\/types\/product"}],"wp:featuredmedia":[{"embeddable":true,"href":"http:\/\/rekongem.hu\/index.php?rest_route=\/wp\/v2\/media\/1461"}],"wp:attachment":[{"href":"http:\/\/rekongem.hu\/index.php?rest_route=%2Fwp%2Fv2%2Fmedia&parent=883"}],"wp:term":[{"taxonomy":"product_cat","embeddable":true,"href":"http:\/\/rekongem.hu\/index.php?rest_route=%2Fwp%2Fv2%2Fproduct_cat&post=883"},{"taxonomy":"product_tag","embeddable":true,"href":"http:\/\/rekongem.hu\/index.php?rest_route=%2Fwp%2Fv2%2Fproduct_tag&post=883"}],"curies":[{"name":"wp","href":"https:\/\/api.w.org\/{rel}","templated":true}]}}