{"id":875,"date":"2016-07-17T10:05:40","date_gmt":"2016-07-17T10:05:40","guid":{"rendered":"http:\/\/jadebeauty.hu\/termek\/afrodita-l-fix-favazas-masszazsagy\/"},"modified":"2022-08-08T20:19:51","modified_gmt":"2022-08-08T20:19:51","slug":"afrodita-l-fix-favazas-masszazsagy","status":"publish","type":"product","link":"http:\/\/rekongem.hu\/?product=afrodita-l-fix-favazas-masszazsagy","title":{"rendered":"Afrodyta l. fix fav\u00e1zas massz\u00e1zs\u00e1gy"},"content":{"rendered":"","protected":false},"excerpt":{"rendered":"<p>Az Afrodita l.\u00a0k\u00e9tz\u00f3n\u00e1s fix fav\u00e1zas massz\u00e1zs\u00e1gy, fejlapj\u00e1ban arclyuk tal\u00e1lhat\u00f3.<\/p>\n<p>H\u00e1tt\u00e1mla hossza: 75 cm.<\/p>\n<p>Az \u00e1gy b\u00fckkf\u00e1b\u00f3l k\u00e9sz\u00fclt, a m\u0171b\u0151r bor\u00edt\u00e1s sz\u00edn\u00e9t vev\u0151ink k\u00fcl\u00f6n v\u00e1laszthatj\u00e1k.<\/p>\n<p>Haszn\u00e1lhat\u00f3 minden fajta massz\u00e1zshoz \u00e9s ter\u00e1pi\u00e1hoz.<\/p>\n<ul class=\"bullet pa_content\">\n<li>Hossz\u00fas\u00e1g: 185 cm<\/li>\n<li>Sz\u00e9less\u00e9g: 68 cm<\/li>\n<li>Magass\u00e1g: 55 cm, 65 cm, 75 cm<\/li>\n<li>Fejr\u00e9sz \u00e1ll\u00edthat\u00f3: 0 \u00b0 &#8211; + 55 \u00b0<\/li>\n<li>Max. terhel\u00e9s: 200 kg<\/li>\n<\/ul>\n","protected":false},"featured_media":2439,"template":"","meta":[],"product_cat":[193],"product_tag":[198,86,192,82,194],"yoast_head":"<!-- This site is optimized with the Yoast SEO plugin v17.4 - https:\/\/yoast.com\/wordpress\/plugins\/seo\/ -->\n<title>Afrodyta l. fix fav\u00e1zas massz\u00e1zs\u00e1gy - Emspoma webshop<\/title>\n<meta name=\"robots\" content=\"index, follow, max-snippet:-1, max-image-preview:large, max-video-preview:-1\" \/>\n<link rel=\"canonical\" href=\"http:\/\/rekongem.hu\/?product=afrodita-l-fix-favazas-masszazsagy\" \/>\n<meta property=\"og:locale\" content=\"hu_HU\" \/>\n<meta property=\"og:type\" content=\"article\" \/>\n<meta property=\"og:title\" content=\"Afrodyta l. fix fav\u00e1zas massz\u00e1zs\u00e1gy - Emspoma webshop\" \/>\n<meta property=\"og:description\" content=\"Az Afrodita l.\u00a0k\u00e9tz\u00f3n\u00e1s fix fav\u00e1zas massz\u00e1zs\u00e1gy, fejlapj\u00e1ban arclyuk tal\u00e1lhat\u00f3.  H\u00e1tt\u00e1mla hossza: 75 cm.  Az \u00e1gy b\u00fckkf\u00e1b\u00f3l k\u00e9sz\u00fclt, a m\u0171b\u0151r bor\u00edt\u00e1s sz\u00edn\u00e9t vev\u0151ink k\u00fcl\u00f6n v\u00e1laszthatj\u00e1k.  Haszn\u00e1lhat\u00f3 minden fajta massz\u00e1zshoz \u00e9s ter\u00e1pi\u00e1hoz.   Hossz\u00fas\u00e1g: 185 cm  Sz\u00e9less\u00e9g: 68 cm  Magass\u00e1g: 55 cm, 65 cm, 75 cm  Fejr\u00e9sz \u00e1ll\u00edthat\u00f3: 0 \u00b0 - + 55 \u00b0  Max. terhel\u00e9s: 200 kg\" \/>\n<meta property=\"og:url\" content=\"http:\/\/rekongem.hu\/?product=afrodita-l-fix-favazas-masszazsagy\" \/>\n<meta property=\"og:site_name\" content=\"Emspoma webshop\" \/>\n<meta property=\"article:publisher\" content=\"https:\/\/www.facebook.com\/masszazsbirodalom\/\" \/>\n<meta property=\"article:modified_time\" content=\"2022-08-08T20:19:51+00:00\" \/>\n<meta property=\"og:image\" content=\"http:\/\/rekongem.hu\/wp-content\/uploads\/2016\/07\/afrodyta-I-fix-fav\u00e1zas-massz\u00e1zs\u00e1gy-b\u00e9zs.jpg\" \/>\n\t<meta property=\"og:image:width\" content=\"400\" \/>\n\t<meta property=\"og:image:height\" content=\"400\" \/>\n<meta name=\"twitter:card\" content=\"summary\" \/>\n<meta name=\"twitter:site\" content=\"@masszazs_bir\" \/>\n<script type=\"application\/ld+json\" class=\"yoast-schema-graph\">{\"@context\":\"https:\/\/schema.org\",\"@graph\":[{\"@type\":\"WebSite\",\"@id\":\"http:\/\/rekongem.hu\/#website\",\"url\":\"http:\/\/rekongem.hu\/\",\"name\":\"Emspoma webshop\",\"description\":\"\",\"potentialAction\":[{\"@type\":\"SearchAction\",\"target\":{\"@type\":\"EntryPoint\",\"urlTemplate\":\"http:\/\/rekongem.hu\/?s={search_term_string}\"},\"query-input\":\"required name=search_term_string\"}],\"inLanguage\":\"hu\"},{\"@type\":\"ImageObject\",\"@id\":\"http:\/\/rekongem.hu\/?product=afrodita-l-fix-favazas-masszazsagy#primaryimage\",\"inLanguage\":\"hu\",\"url\":\"http:\/\/rekongem.hu\/wp-content\/uploads\/2016\/07\/afrodyta-I-fix-fav\\u00e1zas-massz\\u00e1zs\\u00e1gy-b\\u00e9zs.jpg\",\"contentUrl\":\"http:\/\/rekongem.hu\/wp-content\/uploads\/2016\/07\/afrodyta-I-fix-fav\\u00e1zas-massz\\u00e1zs\\u00e1gy-b\\u00e9zs.jpg\",\"width\":400,\"height\":400,\"caption\":\"afrodyta I fix fav\\u00e1zas massz\\u00e1zs\\u00e1gy b\\u00e9zs\"},{\"@type\":\"WebPage\",\"@id\":\"http:\/\/rekongem.hu\/?product=afrodita-l-fix-favazas-masszazsagy#webpage\",\"url\":\"http:\/\/rekongem.hu\/?product=afrodita-l-fix-favazas-masszazsagy\",\"name\":\"Afrodyta l. fix fav\\u00e1zas massz\\u00e1zs\\u00e1gy - Emspoma webshop\",\"isPartOf\":{\"@id\":\"http:\/\/rekongem.hu\/#website\"},\"primaryImageOfPage\":{\"@id\":\"http:\/\/rekongem.hu\/?product=afrodita-l-fix-favazas-masszazsagy#primaryimage\"},\"datePublished\":\"2016-07-17T10:05:40+00:00\",\"dateModified\":\"2022-08-08T20:19:51+00:00\",\"breadcrumb\":{\"@id\":\"http:\/\/rekongem.hu\/?product=afrodita-l-fix-favazas-masszazsagy#breadcrumb\"},\"inLanguage\":\"hu\",\"potentialAction\":[{\"@type\":\"ReadAction\",\"target\":[\"http:\/\/rekongem.hu\/?product=afrodita-l-fix-favazas-masszazsagy\"]}]},{\"@type\":\"BreadcrumbList\",\"@id\":\"http:\/\/rekongem.hu\/?product=afrodita-l-fix-favazas-masszazsagy#breadcrumb\",\"itemListElement\":[{\"@type\":\"ListItem\",\"position\":1,\"name\":\"Home\",\"item\":\"http:\/\/rekongem.hu\/\"},{\"@type\":\"ListItem\",\"position\":2,\"name\":\"\\u00dczlet\",\"item\":\"http:\/\/rekongem.hu\/?page_id=4\"},{\"@type\":\"ListItem\",\"position\":3,\"name\":\"Afrodyta l. fix fav\\u00e1zas massz\\u00e1zs\\u00e1gy\"}]}]}<\/script>\n<!-- \/ Yoast SEO plugin. -->","yoast_head_json":{"title":"Afrodyta l. fix fav\u00e1zas massz\u00e1zs\u00e1gy - Emspoma webshop","robots":{"index":"index","follow":"follow","max-snippet":"max-snippet:-1","max-image-preview":"max-image-preview:large","max-video-preview":"max-video-preview:-1"},"canonical":"http:\/\/rekongem.hu\/?product=afrodita-l-fix-favazas-masszazsagy","og_locale":"hu_HU","og_type":"article","og_title":"Afrodyta l. fix fav\u00e1zas massz\u00e1zs\u00e1gy - Emspoma webshop","og_description":"Az Afrodita l.\u00a0k\u00e9tz\u00f3n\u00e1s fix fav\u00e1zas massz\u00e1zs\u00e1gy, fejlapj\u00e1ban arclyuk tal\u00e1lhat\u00f3.  H\u00e1tt\u00e1mla hossza: 75 cm.  Az \u00e1gy b\u00fckkf\u00e1b\u00f3l k\u00e9sz\u00fclt, a m\u0171b\u0151r bor\u00edt\u00e1s sz\u00edn\u00e9t vev\u0151ink k\u00fcl\u00f6n v\u00e1laszthatj\u00e1k.  Haszn\u00e1lhat\u00f3 minden fajta massz\u00e1zshoz \u00e9s ter\u00e1pi\u00e1hoz.   Hossz\u00fas\u00e1g: 185 cm  Sz\u00e9less\u00e9g: 68 cm  Magass\u00e1g: 55 cm, 65 cm, 75 cm  Fejr\u00e9sz \u00e1ll\u00edthat\u00f3: 0 \u00b0 - + 55 \u00b0  Max. terhel\u00e9s: 200 kg","og_url":"http:\/\/rekongem.hu\/?product=afrodita-l-fix-favazas-masszazsagy","og_site_name":"Emspoma webshop","article_publisher":"https:\/\/www.facebook.com\/masszazsbirodalom\/","article_modified_time":"2022-08-08T20:19:51+00:00","og_image":[{"width":400,"height":400,"url":"http:\/\/rekongem.hu\/wp-content\/uploads\/2016\/07\/afrodyta-I-fix-fav\u00e1zas-massz\u00e1zs\u00e1gy-b\u00e9zs.jpg","type":"image\/jpeg"}],"twitter_card":"summary","twitter_site":"@masszazs_bir","schema":{"@context":"https:\/\/schema.org","@graph":[{"@type":"WebSite","@id":"http:\/\/rekongem.hu\/#website","url":"http:\/\/rekongem.hu\/","name":"Emspoma webshop","description":"","potentialAction":[{"@type":"SearchAction","target":{"@type":"EntryPoint","urlTemplate":"http:\/\/rekongem.hu\/?s={search_term_string}"},"query-input":"required name=search_term_string"}],"inLanguage":"hu"},{"@type":"ImageObject","@id":"http:\/\/rekongem.hu\/?product=afrodita-l-fix-favazas-masszazsagy#primaryimage","inLanguage":"hu","url":"http:\/\/rekongem.hu\/wp-content\/uploads\/2016\/07\/afrodyta-I-fix-fav\u00e1zas-massz\u00e1zs\u00e1gy-b\u00e9zs.jpg","contentUrl":"http:\/\/rekongem.hu\/wp-content\/uploads\/2016\/07\/afrodyta-I-fix-fav\u00e1zas-massz\u00e1zs\u00e1gy-b\u00e9zs.jpg","width":400,"height":400,"caption":"afrodyta I fix fav\u00e1zas massz\u00e1zs\u00e1gy b\u00e9zs"},{"@type":"WebPage","@id":"http:\/\/rekongem.hu\/?product=afrodita-l-fix-favazas-masszazsagy#webpage","url":"http:\/\/rekongem.hu\/?product=afrodita-l-fix-favazas-masszazsagy","name":"Afrodyta l. fix fav\u00e1zas massz\u00e1zs\u00e1gy - Emspoma webshop","isPartOf":{"@id":"http:\/\/rekongem.hu\/#website"},"primaryImageOfPage":{"@id":"http:\/\/rekongem.hu\/?product=afrodita-l-fix-favazas-masszazsagy#primaryimage"},"datePublished":"2016-07-17T10:05:40+00:00","dateModified":"2022-08-08T20:19:51+00:00","breadcrumb":{"@id":"http:\/\/rekongem.hu\/?product=afrodita-l-fix-favazas-masszazsagy#breadcrumb"},"inLanguage":"hu","potentialAction":[{"@type":"ReadAction","target":["http:\/\/rekongem.hu\/?product=afrodita-l-fix-favazas-masszazsagy"]}]},{"@type":"BreadcrumbList","@id":"http:\/\/rekongem.hu\/?product=afrodita-l-fix-favazas-masszazsagy#breadcrumb","itemListElement":[{"@type":"ListItem","position":1,"name":"Home","item":"http:\/\/rekongem.hu\/"},{"@type":"ListItem","position":2,"name":"\u00dczlet","item":"http:\/\/rekongem.hu\/?page_id=4"},{"@type":"ListItem","position":3,"name":"Afrodyta l. fix fav\u00e1zas massz\u00e1zs\u00e1gy"}]}]}},"_links":{"self":[{"href":"http:\/\/rekongem.hu\/index.php?rest_route=\/wp\/v2\/product\/875"}],"collection":[{"href":"http:\/\/rekongem.hu\/index.php?rest_route=\/wp\/v2\/product"}],"about":[{"href":"http:\/\/rekongem.hu\/index.php?rest_route=\/wp\/v2\/types\/product"}],"wp:featuredmedia":[{"embeddable":true,"href":"http:\/\/rekongem.hu\/index.php?rest_route=\/wp\/v2\/media\/2439"}],"wp:attachment":[{"href":"http:\/\/rekongem.hu\/index.php?rest_route=%2Fwp%2Fv2%2Fmedia&parent=875"}],"wp:term":[{"taxonomy":"product_cat","embeddable":true,"href":"http:\/\/rekongem.hu\/index.php?rest_route=%2Fwp%2Fv2%2Fproduct_cat&post=875"},{"taxonomy":"product_tag","embeddable":true,"href":"http:\/\/rekongem.hu\/index.php?rest_route=%2Fwp%2Fv2%2Fproduct_tag&post=875"}],"curies":[{"name":"wp","href":"https:\/\/api.w.org\/{rel}","templated":true}]}}