{"id":846,"date":"2016-07-13T19:00:35","date_gmt":"2016-07-13T19:00:35","guid":{"rendered":"http:\/\/jadebeauty.hu\/?post_type=product&#038;p=846"},"modified":"2026-01-14T07:56:23","modified_gmt":"2026-01-14T07:56:23","slug":"zold-kaves-masszazstej-mely-zsiregeteshez-500-ml","status":"publish","type":"product","link":"http:\/\/rekongem.hu\/?product=zold-kaves-masszazstej-mely-zsiregeteshez-500-ml","title":{"rendered":"Dr.Kelen Z\u00f6ldk\u00e1v\u00e9s massz\u00e1zstej &#8211; m\u00e9lyzs\u00edr\u00e9get\u00e9shez 500 ml"},"content":{"rendered":"","protected":false},"excerpt":{"rendered":"<p>Forradalmi \u00fajdons\u00e1g m\u00e9ly zs\u00edr\u00e9get\u00e9shez. A Z\u00f6ld k\u00e1v\u00e9 term\u00e9szetes klorog\u00e9nsav (CGA), koffein \u00e9s teofillin hat\u00f3anyagai mellett a zs\u00edr\u00e9get\u00e9sben kiemelt szerepet j\u00e1tsz\u00f3 carnitin element\u00e1ris ereje is hozz\u00e1j\u00e1rul a sikeres kezel\u00e9shez. Herbal-System koncepci\u00f3 alapj\u00e1n kifejlesztett massz\u00e1zstej haszn\u00e1lat\u00e1val fellaz\u00edthat\u00f3 a makacs zs\u00edrlerak\u00f3d\u00e1s, fokoz\u00f3dik a zs\u00edr\u00e9get\u00e9s \u00e9s kisimulnak a narancsb\u0151r okozta g\u00f6dr\u00f6csk\u00e9k. Felvitelt k\u00f6vet\u0151en a kellemes meleg \u00e9rzet, &#8220;bizserg\u00e9s&#8221; ak\u00e1r egy \u00f3r\u00e1n kereszt\u00fcl is \u00e9rezhet\u0151.<\/p>\n","protected":false},"featured_media":2752,"template":"","meta":[],"product_cat":[23,37,184],"product_tag":[169,11,185,103],"yoast_head":"<!-- This site is optimized with the Yoast SEO plugin v17.4 - https:\/\/yoast.com\/wordpress\/plugins\/seo\/ -->\n<title>Dr.Kelen Z\u00f6ldk\u00e1v\u00e9s massz\u00e1zstej - m\u00e9lyzs\u00edr\u00e9get\u00e9shez 500 ml - Emspoma webshop<\/title>\n<meta name=\"robots\" content=\"index, follow, max-snippet:-1, max-image-preview:large, max-video-preview:-1\" \/>\n<link rel=\"canonical\" href=\"http:\/\/rekongem.hu\/?product=zold-kaves-masszazstej-mely-zsiregeteshez-500-ml\" \/>\n<meta property=\"og:locale\" content=\"hu_HU\" \/>\n<meta property=\"og:type\" content=\"article\" \/>\n<meta property=\"og:title\" content=\"Dr.Kelen Z\u00f6ldk\u00e1v\u00e9s massz\u00e1zstej - m\u00e9lyzs\u00edr\u00e9get\u00e9shez 500 ml - Emspoma webshop\" \/>\n<meta property=\"og:description\" content=\"Forradalmi \u00fajdons\u00e1g m\u00e9ly zs\u00edr\u00e9get\u00e9shez. A Z\u00f6ld k\u00e1v\u00e9 term\u00e9szetes klorog\u00e9nsav (CGA), koffein \u00e9s teofillin hat\u00f3anyagai mellett a zs\u00edr\u00e9get\u00e9sben kiemelt szerepet j\u00e1tsz\u00f3 carnitin element\u00e1ris ereje is hozz\u00e1j\u00e1rul a sikeres kezel\u00e9shez. Herbal-System koncepci\u00f3 alapj\u00e1n kifejlesztett massz\u00e1zstej haszn\u00e1lat\u00e1val fellaz\u00edthat\u00f3 a makacs zs\u00edrlerak\u00f3d\u00e1s, fokoz\u00f3dik a zs\u00edr\u00e9get\u00e9s \u00e9s kisimulnak a narancsb\u0151r okozta g\u00f6dr\u00f6csk\u00e9k. Felvitelt k\u00f6vet\u0151en a kellemes meleg \u00e9rzet, &quot;bizserg\u00e9s&quot; ak\u00e1r egy \u00f3r\u00e1n kereszt\u00fcl is \u00e9rezhet\u0151.\" \/>\n<meta property=\"og:url\" content=\"http:\/\/rekongem.hu\/?product=zold-kaves-masszazstej-mely-zsiregeteshez-500-ml\" \/>\n<meta property=\"og:site_name\" content=\"Emspoma webshop\" \/>\n<meta property=\"article:publisher\" content=\"https:\/\/www.facebook.com\/masszazsbirodalom\/\" \/>\n<meta property=\"article:modified_time\" content=\"2026-01-14T07:56:23+00:00\" \/>\n<meta property=\"og:image\" content=\"http:\/\/rekongem.hu\/wp-content\/uploads\/2025\/01\/Dr.Kelen-Zold-kaves-masszazstej-melyzsiregeteshez-500-ml.jpg\" \/>\n\t<meta property=\"og:image:width\" content=\"400\" \/>\n\t<meta property=\"og:image:height\" content=\"400\" \/>\n<meta name=\"twitter:card\" content=\"summary\" \/>\n<meta name=\"twitter:site\" content=\"@masszazs_bir\" \/>\n<script type=\"application\/ld+json\" class=\"yoast-schema-graph\">{\"@context\":\"https:\/\/schema.org\",\"@graph\":[{\"@type\":\"WebSite\",\"@id\":\"http:\/\/rekongem.hu\/#website\",\"url\":\"http:\/\/rekongem.hu\/\",\"name\":\"Emspoma webshop\",\"description\":\"\",\"potentialAction\":[{\"@type\":\"SearchAction\",\"target\":{\"@type\":\"EntryPoint\",\"urlTemplate\":\"http:\/\/rekongem.hu\/?s={search_term_string}\"},\"query-input\":\"required name=search_term_string\"}],\"inLanguage\":\"hu\"},{\"@type\":\"ImageObject\",\"@id\":\"http:\/\/rekongem.hu\/?product=zold-kaves-masszazstej-mely-zsiregeteshez-500-ml#primaryimage\",\"inLanguage\":\"hu\",\"url\":\"http:\/\/rekongem.hu\/wp-content\/uploads\/2025\/01\/Dr.Kelen-Zold-kaves-masszazstej-melyzsiregeteshez-500-ml.jpg\",\"contentUrl\":\"http:\/\/rekongem.hu\/wp-content\/uploads\/2025\/01\/Dr.Kelen-Zold-kaves-masszazstej-melyzsiregeteshez-500-ml.jpg\",\"width\":400,\"height\":400},{\"@type\":\"WebPage\",\"@id\":\"http:\/\/rekongem.hu\/?product=zold-kaves-masszazstej-mely-zsiregeteshez-500-ml#webpage\",\"url\":\"http:\/\/rekongem.hu\/?product=zold-kaves-masszazstej-mely-zsiregeteshez-500-ml\",\"name\":\"Dr.Kelen Z\\u00f6ldk\\u00e1v\\u00e9s massz\\u00e1zstej - m\\u00e9lyzs\\u00edr\\u00e9get\\u00e9shez 500 ml - Emspoma webshop\",\"isPartOf\":{\"@id\":\"http:\/\/rekongem.hu\/#website\"},\"primaryImageOfPage\":{\"@id\":\"http:\/\/rekongem.hu\/?product=zold-kaves-masszazstej-mely-zsiregeteshez-500-ml#primaryimage\"},\"datePublished\":\"2016-07-13T19:00:35+00:00\",\"dateModified\":\"2026-01-14T07:56:23+00:00\",\"breadcrumb\":{\"@id\":\"http:\/\/rekongem.hu\/?product=zold-kaves-masszazstej-mely-zsiregeteshez-500-ml#breadcrumb\"},\"inLanguage\":\"hu\",\"potentialAction\":[{\"@type\":\"ReadAction\",\"target\":[\"http:\/\/rekongem.hu\/?product=zold-kaves-masszazstej-mely-zsiregeteshez-500-ml\"]}]},{\"@type\":\"BreadcrumbList\",\"@id\":\"http:\/\/rekongem.hu\/?product=zold-kaves-masszazstej-mely-zsiregeteshez-500-ml#breadcrumb\",\"itemListElement\":[{\"@type\":\"ListItem\",\"position\":1,\"name\":\"Home\",\"item\":\"http:\/\/rekongem.hu\/\"},{\"@type\":\"ListItem\",\"position\":2,\"name\":\"\\u00dczlet\",\"item\":\"http:\/\/rekongem.hu\/?page_id=4\"},{\"@type\":\"ListItem\",\"position\":3,\"name\":\"Dr.Kelen Z\\u00f6ldk\\u00e1v\\u00e9s massz\\u00e1zstej &#8211; m\\u00e9lyzs\\u00edr\\u00e9get\\u00e9shez 500 ml\"}]}]}<\/script>\n<!-- \/ Yoast SEO plugin. -->","yoast_head_json":{"title":"Dr.Kelen Z\u00f6ldk\u00e1v\u00e9s massz\u00e1zstej - m\u00e9lyzs\u00edr\u00e9get\u00e9shez 500 ml - Emspoma webshop","robots":{"index":"index","follow":"follow","max-snippet":"max-snippet:-1","max-image-preview":"max-image-preview:large","max-video-preview":"max-video-preview:-1"},"canonical":"http:\/\/rekongem.hu\/?product=zold-kaves-masszazstej-mely-zsiregeteshez-500-ml","og_locale":"hu_HU","og_type":"article","og_title":"Dr.Kelen Z\u00f6ldk\u00e1v\u00e9s massz\u00e1zstej - m\u00e9lyzs\u00edr\u00e9get\u00e9shez 500 ml - Emspoma webshop","og_description":"Forradalmi \u00fajdons\u00e1g m\u00e9ly zs\u00edr\u00e9get\u00e9shez. A Z\u00f6ld k\u00e1v\u00e9 term\u00e9szetes klorog\u00e9nsav (CGA), koffein \u00e9s teofillin hat\u00f3anyagai mellett a zs\u00edr\u00e9get\u00e9sben kiemelt szerepet j\u00e1tsz\u00f3 carnitin element\u00e1ris ereje is hozz\u00e1j\u00e1rul a sikeres kezel\u00e9shez. Herbal-System koncepci\u00f3 alapj\u00e1n kifejlesztett massz\u00e1zstej haszn\u00e1lat\u00e1val fellaz\u00edthat\u00f3 a makacs zs\u00edrlerak\u00f3d\u00e1s, fokoz\u00f3dik a zs\u00edr\u00e9get\u00e9s \u00e9s kisimulnak a narancsb\u0151r okozta g\u00f6dr\u00f6csk\u00e9k. Felvitelt k\u00f6vet\u0151en a kellemes meleg \u00e9rzet, \"bizserg\u00e9s\" ak\u00e1r egy \u00f3r\u00e1n kereszt\u00fcl is \u00e9rezhet\u0151.","og_url":"http:\/\/rekongem.hu\/?product=zold-kaves-masszazstej-mely-zsiregeteshez-500-ml","og_site_name":"Emspoma webshop","article_publisher":"https:\/\/www.facebook.com\/masszazsbirodalom\/","article_modified_time":"2026-01-14T07:56:23+00:00","og_image":[{"width":400,"height":400,"url":"http:\/\/rekongem.hu\/wp-content\/uploads\/2025\/01\/Dr.Kelen-Zold-kaves-masszazstej-melyzsiregeteshez-500-ml.jpg","type":"image\/jpeg"}],"twitter_card":"summary","twitter_site":"@masszazs_bir","schema":{"@context":"https:\/\/schema.org","@graph":[{"@type":"WebSite","@id":"http:\/\/rekongem.hu\/#website","url":"http:\/\/rekongem.hu\/","name":"Emspoma webshop","description":"","potentialAction":[{"@type":"SearchAction","target":{"@type":"EntryPoint","urlTemplate":"http:\/\/rekongem.hu\/?s={search_term_string}"},"query-input":"required name=search_term_string"}],"inLanguage":"hu"},{"@type":"ImageObject","@id":"http:\/\/rekongem.hu\/?product=zold-kaves-masszazstej-mely-zsiregeteshez-500-ml#primaryimage","inLanguage":"hu","url":"http:\/\/rekongem.hu\/wp-content\/uploads\/2025\/01\/Dr.Kelen-Zold-kaves-masszazstej-melyzsiregeteshez-500-ml.jpg","contentUrl":"http:\/\/rekongem.hu\/wp-content\/uploads\/2025\/01\/Dr.Kelen-Zold-kaves-masszazstej-melyzsiregeteshez-500-ml.jpg","width":400,"height":400},{"@type":"WebPage","@id":"http:\/\/rekongem.hu\/?product=zold-kaves-masszazstej-mely-zsiregeteshez-500-ml#webpage","url":"http:\/\/rekongem.hu\/?product=zold-kaves-masszazstej-mely-zsiregeteshez-500-ml","name":"Dr.Kelen Z\u00f6ldk\u00e1v\u00e9s massz\u00e1zstej - m\u00e9lyzs\u00edr\u00e9get\u00e9shez 500 ml - Emspoma webshop","isPartOf":{"@id":"http:\/\/rekongem.hu\/#website"},"primaryImageOfPage":{"@id":"http:\/\/rekongem.hu\/?product=zold-kaves-masszazstej-mely-zsiregeteshez-500-ml#primaryimage"},"datePublished":"2016-07-13T19:00:35+00:00","dateModified":"2026-01-14T07:56:23+00:00","breadcrumb":{"@id":"http:\/\/rekongem.hu\/?product=zold-kaves-masszazstej-mely-zsiregeteshez-500-ml#breadcrumb"},"inLanguage":"hu","potentialAction":[{"@type":"ReadAction","target":["http:\/\/rekongem.hu\/?product=zold-kaves-masszazstej-mely-zsiregeteshez-500-ml"]}]},{"@type":"BreadcrumbList","@id":"http:\/\/rekongem.hu\/?product=zold-kaves-masszazstej-mely-zsiregeteshez-500-ml#breadcrumb","itemListElement":[{"@type":"ListItem","position":1,"name":"Home","item":"http:\/\/rekongem.hu\/"},{"@type":"ListItem","position":2,"name":"\u00dczlet","item":"http:\/\/rekongem.hu\/?page_id=4"},{"@type":"ListItem","position":3,"name":"Dr.Kelen Z\u00f6ldk\u00e1v\u00e9s massz\u00e1zstej &#8211; m\u00e9lyzs\u00edr\u00e9get\u00e9shez 500 ml"}]}]}},"_links":{"self":[{"href":"http:\/\/rekongem.hu\/index.php?rest_route=\/wp\/v2\/product\/846"}],"collection":[{"href":"http:\/\/rekongem.hu\/index.php?rest_route=\/wp\/v2\/product"}],"about":[{"href":"http:\/\/rekongem.hu\/index.php?rest_route=\/wp\/v2\/types\/product"}],"wp:featuredmedia":[{"embeddable":true,"href":"http:\/\/rekongem.hu\/index.php?rest_route=\/wp\/v2\/media\/2752"}],"wp:attachment":[{"href":"http:\/\/rekongem.hu\/index.php?rest_route=%2Fwp%2Fv2%2Fmedia&parent=846"}],"wp:term":[{"taxonomy":"product_cat","embeddable":true,"href":"http:\/\/rekongem.hu\/index.php?rest_route=%2Fwp%2Fv2%2Fproduct_cat&post=846"},{"taxonomy":"product_tag","embeddable":true,"href":"http:\/\/rekongem.hu\/index.php?rest_route=%2Fwp%2Fv2%2Fproduct_tag&post=846"}],"curies":[{"name":"wp","href":"https:\/\/api.w.org\/{rel}","templated":true}]}}