{"id":838,"date":"2016-07-13T18:46:12","date_gmt":"2016-07-13T18:46:12","guid":{"rendered":"http:\/\/jadebeauty.hu\/?post_type=product&#038;p=838"},"modified":"2026-01-14T07:56:23","modified_gmt":"2026-01-14T07:56:23","slug":"gyogyfuves-masszazskrem-500-ml","status":"publish","type":"product","link":"http:\/\/rekongem.hu\/?product=gyogyfuves-masszazskrem-500-ml","title":{"rendered":"Dr.Kelen Gy\u00f3gyf\u00fcves massz\u00e1zskr\u00e9m 500 ml"},"content":{"rendered":"","protected":false},"excerpt":{"rendered":"<p>Kiz\u00e1r\u00f3lag n\u00f6v\u00e9nyi hat\u00f3anyagokat tartalmaz\u00f3 k\u00e9sz\u00edtm\u00e9ny. Der\u00e9kf\u00e1j\u00e1ssal, h\u00e1tf\u00e1j\u00e1ssal, mozg\u00e1sszervi probl\u00e9m\u00e1kkal k\u00fcszk\u00f6d\u0151 vend\u00e9gek massz\u00edroz\u00e1s\u00e1hoz aj\u00e1nlott. Izomh\u00faz\u00f3d\u00e1s, izoml\u00e1z eset\u00e9n is hat\u00e9konyan seg\u00edti a massz\u0151r munk\u00e1j\u00e1t. Az eukaliptusz- \u00e9s rozmaringolaj, valamint mentol j\u00f3t\u00e9kony hat\u00e1s\u00e1t az organikus gazdas\u00e1gb\u00f3l sz\u00e1rmaz\u00f3 bio rozmaring-kivonat fokozza. B\u0151rbar\u00e1t \u00f6sszet\u00e9tele garant\u00e1lja, hogy minden b\u0151rt\u00edpus eset\u00e9n sikerrel alkalmazhat\u00f3.<\/p>\n","protected":false},"featured_media":2750,"template":"","meta":[],"product_cat":[23,184],"product_tag":[169,26,155,11,19,128],"yoast_head":"<!-- This site is optimized with the Yoast SEO plugin v17.4 - https:\/\/yoast.com\/wordpress\/plugins\/seo\/ -->\n<title>Dr.Kelen Gy\u00f3gyf\u00fcves massz\u00e1zskr\u00e9m 500 ml - Emspoma webshop<\/title>\n<meta name=\"robots\" content=\"index, follow, max-snippet:-1, max-image-preview:large, max-video-preview:-1\" \/>\n<link rel=\"canonical\" href=\"http:\/\/rekongem.hu\/?product=gyogyfuves-masszazskrem-500-ml\" \/>\n<meta property=\"og:locale\" content=\"hu_HU\" \/>\n<meta property=\"og:type\" content=\"article\" \/>\n<meta property=\"og:title\" content=\"Dr.Kelen Gy\u00f3gyf\u00fcves massz\u00e1zskr\u00e9m 500 ml - Emspoma webshop\" \/>\n<meta property=\"og:description\" content=\"Kiz\u00e1r\u00f3lag n\u00f6v\u00e9nyi hat\u00f3anyagokat tartalmaz\u00f3 k\u00e9sz\u00edtm\u00e9ny. Der\u00e9kf\u00e1j\u00e1ssal, h\u00e1tf\u00e1j\u00e1ssal, mozg\u00e1sszervi probl\u00e9m\u00e1kkal k\u00fcszk\u00f6d\u0151 vend\u00e9gek massz\u00edroz\u00e1s\u00e1hoz aj\u00e1nlott. Izomh\u00faz\u00f3d\u00e1s, izoml\u00e1z eset\u00e9n is hat\u00e9konyan seg\u00edti a massz\u0151r munk\u00e1j\u00e1t. Az eukaliptusz- \u00e9s rozmaringolaj, valamint mentol j\u00f3t\u00e9kony hat\u00e1s\u00e1t az organikus gazdas\u00e1gb\u00f3l sz\u00e1rmaz\u00f3 bio rozmaring-kivonat fokozza. B\u0151rbar\u00e1t \u00f6sszet\u00e9tele garant\u00e1lja, hogy minden b\u0151rt\u00edpus eset\u00e9n sikerrel alkalmazhat\u00f3.\" \/>\n<meta property=\"og:url\" content=\"http:\/\/rekongem.hu\/?product=gyogyfuves-masszazskrem-500-ml\" \/>\n<meta property=\"og:site_name\" content=\"Emspoma webshop\" \/>\n<meta property=\"article:publisher\" content=\"https:\/\/www.facebook.com\/masszazsbirodalom\/\" \/>\n<meta property=\"article:modified_time\" content=\"2026-01-14T07:56:23+00:00\" \/>\n<meta property=\"og:image\" content=\"http:\/\/rekongem.hu\/wp-content\/uploads\/2025\/01\/Dr.Kelen-Gyogyfuves-masszazskrem-gyogymasszazshoz-500-ml.jpg\" \/>\n\t<meta property=\"og:image:width\" content=\"400\" \/>\n\t<meta property=\"og:image:height\" content=\"400\" \/>\n<meta name=\"twitter:card\" content=\"summary\" \/>\n<meta name=\"twitter:site\" content=\"@masszazs_bir\" \/>\n<script type=\"application\/ld+json\" class=\"yoast-schema-graph\">{\"@context\":\"https:\/\/schema.org\",\"@graph\":[{\"@type\":\"WebSite\",\"@id\":\"http:\/\/rekongem.hu\/#website\",\"url\":\"http:\/\/rekongem.hu\/\",\"name\":\"Emspoma webshop\",\"description\":\"\",\"potentialAction\":[{\"@type\":\"SearchAction\",\"target\":{\"@type\":\"EntryPoint\",\"urlTemplate\":\"http:\/\/rekongem.hu\/?s={search_term_string}\"},\"query-input\":\"required name=search_term_string\"}],\"inLanguage\":\"hu\"},{\"@type\":\"ImageObject\",\"@id\":\"http:\/\/rekongem.hu\/?product=gyogyfuves-masszazskrem-500-ml#primaryimage\",\"inLanguage\":\"hu\",\"url\":\"http:\/\/rekongem.hu\/wp-content\/uploads\/2025\/01\/Dr.Kelen-Gyogyfuves-masszazskrem-gyogymasszazshoz-500-ml.jpg\",\"contentUrl\":\"http:\/\/rekongem.hu\/wp-content\/uploads\/2025\/01\/Dr.Kelen-Gyogyfuves-masszazskrem-gyogymasszazshoz-500-ml.jpg\",\"width\":400,\"height\":400},{\"@type\":\"WebPage\",\"@id\":\"http:\/\/rekongem.hu\/?product=gyogyfuves-masszazskrem-500-ml#webpage\",\"url\":\"http:\/\/rekongem.hu\/?product=gyogyfuves-masszazskrem-500-ml\",\"name\":\"Dr.Kelen Gy\\u00f3gyf\\u00fcves massz\\u00e1zskr\\u00e9m 500 ml - Emspoma webshop\",\"isPartOf\":{\"@id\":\"http:\/\/rekongem.hu\/#website\"},\"primaryImageOfPage\":{\"@id\":\"http:\/\/rekongem.hu\/?product=gyogyfuves-masszazskrem-500-ml#primaryimage\"},\"datePublished\":\"2016-07-13T18:46:12+00:00\",\"dateModified\":\"2026-01-14T07:56:23+00:00\",\"breadcrumb\":{\"@id\":\"http:\/\/rekongem.hu\/?product=gyogyfuves-masszazskrem-500-ml#breadcrumb\"},\"inLanguage\":\"hu\",\"potentialAction\":[{\"@type\":\"ReadAction\",\"target\":[\"http:\/\/rekongem.hu\/?product=gyogyfuves-masszazskrem-500-ml\"]}]},{\"@type\":\"BreadcrumbList\",\"@id\":\"http:\/\/rekongem.hu\/?product=gyogyfuves-masszazskrem-500-ml#breadcrumb\",\"itemListElement\":[{\"@type\":\"ListItem\",\"position\":1,\"name\":\"Home\",\"item\":\"http:\/\/rekongem.hu\/\"},{\"@type\":\"ListItem\",\"position\":2,\"name\":\"\\u00dczlet\",\"item\":\"https:\/\/rekongem.hu\/?page_id=4\"},{\"@type\":\"ListItem\",\"position\":3,\"name\":\"Dr.Kelen Gy\\u00f3gyf\\u00fcves massz\\u00e1zskr\\u00e9m 500 ml\"}]}]}<\/script>\n<!-- \/ Yoast SEO plugin. -->","yoast_head_json":{"title":"Dr.Kelen Gy\u00f3gyf\u00fcves massz\u00e1zskr\u00e9m 500 ml - Emspoma webshop","robots":{"index":"index","follow":"follow","max-snippet":"max-snippet:-1","max-image-preview":"max-image-preview:large","max-video-preview":"max-video-preview:-1"},"canonical":"http:\/\/rekongem.hu\/?product=gyogyfuves-masszazskrem-500-ml","og_locale":"hu_HU","og_type":"article","og_title":"Dr.Kelen Gy\u00f3gyf\u00fcves massz\u00e1zskr\u00e9m 500 ml - Emspoma webshop","og_description":"Kiz\u00e1r\u00f3lag n\u00f6v\u00e9nyi hat\u00f3anyagokat tartalmaz\u00f3 k\u00e9sz\u00edtm\u00e9ny. Der\u00e9kf\u00e1j\u00e1ssal, h\u00e1tf\u00e1j\u00e1ssal, mozg\u00e1sszervi probl\u00e9m\u00e1kkal k\u00fcszk\u00f6d\u0151 vend\u00e9gek massz\u00edroz\u00e1s\u00e1hoz aj\u00e1nlott. Izomh\u00faz\u00f3d\u00e1s, izoml\u00e1z eset\u00e9n is hat\u00e9konyan seg\u00edti a massz\u0151r munk\u00e1j\u00e1t. Az eukaliptusz- \u00e9s rozmaringolaj, valamint mentol j\u00f3t\u00e9kony hat\u00e1s\u00e1t az organikus gazdas\u00e1gb\u00f3l sz\u00e1rmaz\u00f3 bio rozmaring-kivonat fokozza. B\u0151rbar\u00e1t \u00f6sszet\u00e9tele garant\u00e1lja, hogy minden b\u0151rt\u00edpus eset\u00e9n sikerrel alkalmazhat\u00f3.","og_url":"http:\/\/rekongem.hu\/?product=gyogyfuves-masszazskrem-500-ml","og_site_name":"Emspoma webshop","article_publisher":"https:\/\/www.facebook.com\/masszazsbirodalom\/","article_modified_time":"2026-01-14T07:56:23+00:00","og_image":[{"width":400,"height":400,"url":"http:\/\/rekongem.hu\/wp-content\/uploads\/2025\/01\/Dr.Kelen-Gyogyfuves-masszazskrem-gyogymasszazshoz-500-ml.jpg","type":"image\/jpeg"}],"twitter_card":"summary","twitter_site":"@masszazs_bir","schema":{"@context":"https:\/\/schema.org","@graph":[{"@type":"WebSite","@id":"http:\/\/rekongem.hu\/#website","url":"http:\/\/rekongem.hu\/","name":"Emspoma webshop","description":"","potentialAction":[{"@type":"SearchAction","target":{"@type":"EntryPoint","urlTemplate":"http:\/\/rekongem.hu\/?s={search_term_string}"},"query-input":"required name=search_term_string"}],"inLanguage":"hu"},{"@type":"ImageObject","@id":"http:\/\/rekongem.hu\/?product=gyogyfuves-masszazskrem-500-ml#primaryimage","inLanguage":"hu","url":"http:\/\/rekongem.hu\/wp-content\/uploads\/2025\/01\/Dr.Kelen-Gyogyfuves-masszazskrem-gyogymasszazshoz-500-ml.jpg","contentUrl":"http:\/\/rekongem.hu\/wp-content\/uploads\/2025\/01\/Dr.Kelen-Gyogyfuves-masszazskrem-gyogymasszazshoz-500-ml.jpg","width":400,"height":400},{"@type":"WebPage","@id":"http:\/\/rekongem.hu\/?product=gyogyfuves-masszazskrem-500-ml#webpage","url":"http:\/\/rekongem.hu\/?product=gyogyfuves-masszazskrem-500-ml","name":"Dr.Kelen Gy\u00f3gyf\u00fcves massz\u00e1zskr\u00e9m 500 ml - Emspoma webshop","isPartOf":{"@id":"http:\/\/rekongem.hu\/#website"},"primaryImageOfPage":{"@id":"http:\/\/rekongem.hu\/?product=gyogyfuves-masszazskrem-500-ml#primaryimage"},"datePublished":"2016-07-13T18:46:12+00:00","dateModified":"2026-01-14T07:56:23+00:00","breadcrumb":{"@id":"http:\/\/rekongem.hu\/?product=gyogyfuves-masszazskrem-500-ml#breadcrumb"},"inLanguage":"hu","potentialAction":[{"@type":"ReadAction","target":["http:\/\/rekongem.hu\/?product=gyogyfuves-masszazskrem-500-ml"]}]},{"@type":"BreadcrumbList","@id":"http:\/\/rekongem.hu\/?product=gyogyfuves-masszazskrem-500-ml#breadcrumb","itemListElement":[{"@type":"ListItem","position":1,"name":"Home","item":"http:\/\/rekongem.hu\/"},{"@type":"ListItem","position":2,"name":"\u00dczlet","item":"https:\/\/rekongem.hu\/?page_id=4"},{"@type":"ListItem","position":3,"name":"Dr.Kelen Gy\u00f3gyf\u00fcves massz\u00e1zskr\u00e9m 500 ml"}]}]}},"_links":{"self":[{"href":"http:\/\/rekongem.hu\/index.php?rest_route=\/wp\/v2\/product\/838"}],"collection":[{"href":"http:\/\/rekongem.hu\/index.php?rest_route=\/wp\/v2\/product"}],"about":[{"href":"http:\/\/rekongem.hu\/index.php?rest_route=\/wp\/v2\/types\/product"}],"wp:featuredmedia":[{"embeddable":true,"href":"http:\/\/rekongem.hu\/index.php?rest_route=\/wp\/v2\/media\/2750"}],"wp:attachment":[{"href":"http:\/\/rekongem.hu\/index.php?rest_route=%2Fwp%2Fv2%2Fmedia&parent=838"}],"wp:term":[{"taxonomy":"product_cat","embeddable":true,"href":"http:\/\/rekongem.hu\/index.php?rest_route=%2Fwp%2Fv2%2Fproduct_cat&post=838"},{"taxonomy":"product_tag","embeddable":true,"href":"http:\/\/rekongem.hu\/index.php?rest_route=%2Fwp%2Fv2%2Fproduct_tag&post=838"}],"curies":[{"name":"wp","href":"https:\/\/api.w.org\/{rel}","templated":true}]}}