{"id":800,"date":"2016-07-12T21:16:26","date_gmt":"2016-07-12T21:16:26","guid":{"rendered":"http:\/\/jadebeauty.hu\/?post_type=product&#038;p=800"},"modified":"2026-01-14T07:56:23","modified_gmt":"2026-01-14T07:56:23","slug":"fitness-slim-gel-zsiregeteshez-150-ml","status":"publish","type":"product","link":"http:\/\/rekongem.hu\/?product=fitness-slim-gel-zsiregeteshez-150-ml","title":{"rendered":"Fit Slim \u2013 karcs\u00fas\u00edt\u00f3, zs\u00edr\u00e9get\u0151 g\u00e9l 150 ml"},"content":{"rendered":"","protected":false},"excerpt":{"rendered":"<p>A bed\u00f6rzs\u00f6l\u0151 g\u00e9l koffein, fah\u00e9jolaj \u00e9s eszcin tartalma a probl\u00e9m\u00e1s helyeken (has, comb, cs\u00edp\u0151, der\u00e9k) seg\u00edt l\u00e1tv\u00e1nyosan cs\u00f6kkenteni a felhalmoz\u00f3dott zs\u00edrlerak\u00f3d\u00e1st \u00e9s megakad\u00e1lyozni annak ism\u00e9telt kialakul\u00e1s\u00e1t. A k\u00e9sz\u00edtm\u00e9ny rendszeres haszn\u00e1lata javasolt a maxim\u00e1lis hat\u00e9konys\u00e1g \u00e9rdek\u00e9ben. Sportol\u00e1s, testedz\u00e9s, fitnessg\u00e9pek haszn\u00e1lata el\u0151tti felvitele gyors\u00edtja a v\u00e1rt eredm\u00e9ny el\u00e9r\u00e9s\u00e9t. C\u00e9lzott kezel\u00e9sekn\u00e9l (ultrahangos, v\u00e1kuumos, f\u00f3li\u00e1s, infraszaun\u00e1s) ill. massz\u00e1zs el\u0151tt haszn\u00e1lva jelent\u0151sen fokozza annak hat\u00e9konys\u00e1g\u00e1t. \u00c9rz\u00e9keny b\u0151r\u0171ek is b\u00e1tran haszn\u00e1lhatj\u00e1k.<\/p>\n","protected":false},"featured_media":2748,"template":"","meta":[],"product_cat":[61,37,175],"product_tag":[95,38,169,69,183,101,103],"yoast_head":"<!-- This site is optimized with the Yoast SEO plugin v17.4 - https:\/\/yoast.com\/wordpress\/plugins\/seo\/ -->\n<title>Fit Slim \u2013 karcs\u00fas\u00edt\u00f3, zs\u00edr\u00e9get\u0151 g\u00e9l 150 ml - Emspoma webshop<\/title>\n<meta name=\"robots\" content=\"index, follow, max-snippet:-1, max-image-preview:large, max-video-preview:-1\" \/>\n<link rel=\"canonical\" href=\"http:\/\/rekongem.hu\/?product=fitness-slim-gel-zsiregeteshez-150-ml\" \/>\n<meta property=\"og:locale\" content=\"hu_HU\" \/>\n<meta property=\"og:type\" content=\"article\" \/>\n<meta property=\"og:title\" content=\"Fit Slim \u2013 karcs\u00fas\u00edt\u00f3, zs\u00edr\u00e9get\u0151 g\u00e9l 150 ml - Emspoma webshop\" \/>\n<meta property=\"og:description\" content=\"A bed\u00f6rzs\u00f6l\u0151 g\u00e9l koffein, fah\u00e9jolaj \u00e9s eszcin tartalma a probl\u00e9m\u00e1s helyeken (has, comb, cs\u00edp\u0151, der\u00e9k) seg\u00edt l\u00e1tv\u00e1nyosan cs\u00f6kkenteni a felhalmoz\u00f3dott zs\u00edrlerak\u00f3d\u00e1st \u00e9s megakad\u00e1lyozni annak ism\u00e9telt kialakul\u00e1s\u00e1t. A k\u00e9sz\u00edtm\u00e9ny rendszeres haszn\u00e1lata javasolt a maxim\u00e1lis hat\u00e9konys\u00e1g \u00e9rdek\u00e9ben. Sportol\u00e1s, testedz\u00e9s, fitnessg\u00e9pek haszn\u00e1lata el\u0151tti felvitele gyors\u00edtja a v\u00e1rt eredm\u00e9ny el\u00e9r\u00e9s\u00e9t. C\u00e9lzott kezel\u00e9sekn\u00e9l (ultrahangos, v\u00e1kuumos, f\u00f3li\u00e1s, infraszaun\u00e1s) ill. massz\u00e1zs el\u0151tt haszn\u00e1lva jelent\u0151sen fokozza annak hat\u00e9konys\u00e1g\u00e1t. \u00c9rz\u00e9keny b\u0151r\u0171ek is b\u00e1tran haszn\u00e1lhatj\u00e1k.\" \/>\n<meta property=\"og:url\" content=\"http:\/\/rekongem.hu\/?product=fitness-slim-gel-zsiregeteshez-150-ml\" \/>\n<meta property=\"og:site_name\" content=\"Emspoma webshop\" \/>\n<meta property=\"article:publisher\" content=\"https:\/\/www.facebook.com\/masszazsbirodalom\/\" \/>\n<meta property=\"article:modified_time\" content=\"2026-01-14T07:56:23+00:00\" \/>\n<meta property=\"og:image\" content=\"http:\/\/rekongem.hu\/wp-content\/uploads\/2025\/01\/Fit-Slim-\u2013-karcsusito-zsiregeto-gel-150-ml.jpg\" \/>\n\t<meta property=\"og:image:width\" content=\"400\" \/>\n\t<meta property=\"og:image:height\" content=\"400\" \/>\n<meta name=\"twitter:card\" content=\"summary\" \/>\n<meta name=\"twitter:site\" content=\"@masszazs_bir\" \/>\n<script type=\"application\/ld+json\" class=\"yoast-schema-graph\">{\"@context\":\"https:\/\/schema.org\",\"@graph\":[{\"@type\":\"WebSite\",\"@id\":\"http:\/\/rekongem.hu\/#website\",\"url\":\"http:\/\/rekongem.hu\/\",\"name\":\"Emspoma webshop\",\"description\":\"\",\"potentialAction\":[{\"@type\":\"SearchAction\",\"target\":{\"@type\":\"EntryPoint\",\"urlTemplate\":\"http:\/\/rekongem.hu\/?s={search_term_string}\"},\"query-input\":\"required name=search_term_string\"}],\"inLanguage\":\"hu\"},{\"@type\":\"ImageObject\",\"@id\":\"http:\/\/rekongem.hu\/?product=fitness-slim-gel-zsiregeteshez-150-ml#primaryimage\",\"inLanguage\":\"hu\",\"url\":\"http:\/\/rekongem.hu\/wp-content\/uploads\/2025\/01\/Fit-Slim-\\u2013-karcsusito-zsiregeto-gel-150-ml.jpg\",\"contentUrl\":\"http:\/\/rekongem.hu\/wp-content\/uploads\/2025\/01\/Fit-Slim-\\u2013-karcsusito-zsiregeto-gel-150-ml.jpg\",\"width\":400,\"height\":400},{\"@type\":\"WebPage\",\"@id\":\"http:\/\/rekongem.hu\/?product=fitness-slim-gel-zsiregeteshez-150-ml#webpage\",\"url\":\"http:\/\/rekongem.hu\/?product=fitness-slim-gel-zsiregeteshez-150-ml\",\"name\":\"Fit Slim \\u2013 karcs\\u00fas\\u00edt\\u00f3, zs\\u00edr\\u00e9get\\u0151 g\\u00e9l 150 ml - Emspoma webshop\",\"isPartOf\":{\"@id\":\"http:\/\/rekongem.hu\/#website\"},\"primaryImageOfPage\":{\"@id\":\"http:\/\/rekongem.hu\/?product=fitness-slim-gel-zsiregeteshez-150-ml#primaryimage\"},\"datePublished\":\"2016-07-12T21:16:26+00:00\",\"dateModified\":\"2026-01-14T07:56:23+00:00\",\"breadcrumb\":{\"@id\":\"http:\/\/rekongem.hu\/?product=fitness-slim-gel-zsiregeteshez-150-ml#breadcrumb\"},\"inLanguage\":\"hu\",\"potentialAction\":[{\"@type\":\"ReadAction\",\"target\":[\"http:\/\/rekongem.hu\/?product=fitness-slim-gel-zsiregeteshez-150-ml\"]}]},{\"@type\":\"BreadcrumbList\",\"@id\":\"http:\/\/rekongem.hu\/?product=fitness-slim-gel-zsiregeteshez-150-ml#breadcrumb\",\"itemListElement\":[{\"@type\":\"ListItem\",\"position\":1,\"name\":\"Home\",\"item\":\"http:\/\/rekongem.hu\/\"},{\"@type\":\"ListItem\",\"position\":2,\"name\":\"\\u00dczlet\",\"item\":\"http:\/\/rekongem.hu\/?page_id=4\"},{\"@type\":\"ListItem\",\"position\":3,\"name\":\"Fit Slim \\u2013 karcs\\u00fas\\u00edt\\u00f3, zs\\u00edr\\u00e9get\\u0151 g\\u00e9l 150 ml\"}]}]}<\/script>\n<!-- \/ Yoast SEO plugin. -->","yoast_head_json":{"title":"Fit Slim \u2013 karcs\u00fas\u00edt\u00f3, zs\u00edr\u00e9get\u0151 g\u00e9l 150 ml - Emspoma webshop","robots":{"index":"index","follow":"follow","max-snippet":"max-snippet:-1","max-image-preview":"max-image-preview:large","max-video-preview":"max-video-preview:-1"},"canonical":"http:\/\/rekongem.hu\/?product=fitness-slim-gel-zsiregeteshez-150-ml","og_locale":"hu_HU","og_type":"article","og_title":"Fit Slim \u2013 karcs\u00fas\u00edt\u00f3, zs\u00edr\u00e9get\u0151 g\u00e9l 150 ml - Emspoma webshop","og_description":"A bed\u00f6rzs\u00f6l\u0151 g\u00e9l koffein, fah\u00e9jolaj \u00e9s eszcin tartalma a probl\u00e9m\u00e1s helyeken (has, comb, cs\u00edp\u0151, der\u00e9k) seg\u00edt l\u00e1tv\u00e1nyosan cs\u00f6kkenteni a felhalmoz\u00f3dott zs\u00edrlerak\u00f3d\u00e1st \u00e9s megakad\u00e1lyozni annak ism\u00e9telt kialakul\u00e1s\u00e1t. A k\u00e9sz\u00edtm\u00e9ny rendszeres haszn\u00e1lata javasolt a maxim\u00e1lis hat\u00e9konys\u00e1g \u00e9rdek\u00e9ben. Sportol\u00e1s, testedz\u00e9s, fitnessg\u00e9pek haszn\u00e1lata el\u0151tti felvitele gyors\u00edtja a v\u00e1rt eredm\u00e9ny el\u00e9r\u00e9s\u00e9t. C\u00e9lzott kezel\u00e9sekn\u00e9l (ultrahangos, v\u00e1kuumos, f\u00f3li\u00e1s, infraszaun\u00e1s) ill. massz\u00e1zs el\u0151tt haszn\u00e1lva jelent\u0151sen fokozza annak hat\u00e9konys\u00e1g\u00e1t. \u00c9rz\u00e9keny b\u0151r\u0171ek is b\u00e1tran haszn\u00e1lhatj\u00e1k.","og_url":"http:\/\/rekongem.hu\/?product=fitness-slim-gel-zsiregeteshez-150-ml","og_site_name":"Emspoma webshop","article_publisher":"https:\/\/www.facebook.com\/masszazsbirodalom\/","article_modified_time":"2026-01-14T07:56:23+00:00","og_image":[{"width":400,"height":400,"url":"http:\/\/rekongem.hu\/wp-content\/uploads\/2025\/01\/Fit-Slim-\u2013-karcsusito-zsiregeto-gel-150-ml.jpg","type":"image\/jpeg"}],"twitter_card":"summary","twitter_site":"@masszazs_bir","schema":{"@context":"https:\/\/schema.org","@graph":[{"@type":"WebSite","@id":"http:\/\/rekongem.hu\/#website","url":"http:\/\/rekongem.hu\/","name":"Emspoma webshop","description":"","potentialAction":[{"@type":"SearchAction","target":{"@type":"EntryPoint","urlTemplate":"http:\/\/rekongem.hu\/?s={search_term_string}"},"query-input":"required name=search_term_string"}],"inLanguage":"hu"},{"@type":"ImageObject","@id":"http:\/\/rekongem.hu\/?product=fitness-slim-gel-zsiregeteshez-150-ml#primaryimage","inLanguage":"hu","url":"http:\/\/rekongem.hu\/wp-content\/uploads\/2025\/01\/Fit-Slim-\u2013-karcsusito-zsiregeto-gel-150-ml.jpg","contentUrl":"http:\/\/rekongem.hu\/wp-content\/uploads\/2025\/01\/Fit-Slim-\u2013-karcsusito-zsiregeto-gel-150-ml.jpg","width":400,"height":400},{"@type":"WebPage","@id":"http:\/\/rekongem.hu\/?product=fitness-slim-gel-zsiregeteshez-150-ml#webpage","url":"http:\/\/rekongem.hu\/?product=fitness-slim-gel-zsiregeteshez-150-ml","name":"Fit Slim \u2013 karcs\u00fas\u00edt\u00f3, zs\u00edr\u00e9get\u0151 g\u00e9l 150 ml - Emspoma webshop","isPartOf":{"@id":"http:\/\/rekongem.hu\/#website"},"primaryImageOfPage":{"@id":"http:\/\/rekongem.hu\/?product=fitness-slim-gel-zsiregeteshez-150-ml#primaryimage"},"datePublished":"2016-07-12T21:16:26+00:00","dateModified":"2026-01-14T07:56:23+00:00","breadcrumb":{"@id":"http:\/\/rekongem.hu\/?product=fitness-slim-gel-zsiregeteshez-150-ml#breadcrumb"},"inLanguage":"hu","potentialAction":[{"@type":"ReadAction","target":["http:\/\/rekongem.hu\/?product=fitness-slim-gel-zsiregeteshez-150-ml"]}]},{"@type":"BreadcrumbList","@id":"http:\/\/rekongem.hu\/?product=fitness-slim-gel-zsiregeteshez-150-ml#breadcrumb","itemListElement":[{"@type":"ListItem","position":1,"name":"Home","item":"http:\/\/rekongem.hu\/"},{"@type":"ListItem","position":2,"name":"\u00dczlet","item":"http:\/\/rekongem.hu\/?page_id=4"},{"@type":"ListItem","position":3,"name":"Fit Slim \u2013 karcs\u00fas\u00edt\u00f3, zs\u00edr\u00e9get\u0151 g\u00e9l 150 ml"}]}]}},"_links":{"self":[{"href":"http:\/\/rekongem.hu\/index.php?rest_route=\/wp\/v2\/product\/800"}],"collection":[{"href":"http:\/\/rekongem.hu\/index.php?rest_route=\/wp\/v2\/product"}],"about":[{"href":"http:\/\/rekongem.hu\/index.php?rest_route=\/wp\/v2\/types\/product"}],"wp:featuredmedia":[{"embeddable":true,"href":"http:\/\/rekongem.hu\/index.php?rest_route=\/wp\/v2\/media\/2748"}],"wp:attachment":[{"href":"http:\/\/rekongem.hu\/index.php?rest_route=%2Fwp%2Fv2%2Fmedia&parent=800"}],"wp:term":[{"taxonomy":"product_cat","embeddable":true,"href":"http:\/\/rekongem.hu\/index.php?rest_route=%2Fwp%2Fv2%2Fproduct_cat&post=800"},{"taxonomy":"product_tag","embeddable":true,"href":"http:\/\/rekongem.hu\/index.php?rest_route=%2Fwp%2Fv2%2Fproduct_tag&post=800"}],"curies":[{"name":"wp","href":"https:\/\/api.w.org\/{rel}","templated":true}]}}