{"id":790,"date":"2016-07-12T20:51:27","date_gmt":"2016-07-12T20:51:27","guid":{"rendered":"http:\/\/jadebeauty.hu\/?post_type=product&#038;p=790"},"modified":"2026-01-14T07:56:23","modified_gmt":"2026-01-14T07:56:23","slug":"fitness-firm-borfeszesito-krem-500-ml","status":"publish","type":"product","link":"http:\/\/rekongem.hu\/?product=fitness-firm-borfeszesito-krem-500-ml","title":{"rendered":"Fit Firm &#8211; b\u0151rfeszes\u00edt\u0151 (pump\u00e1s) 500 ml"},"content":{"rendered":"","protected":false},"excerpt":{"rendered":"<p>Intenz\u00edv b\u0151r\u00f6reged\u00e9s-g\u00e1tl\u00f3 (anti-age) k\u00e9sz\u00edtm\u00e9ny. Haszn\u00e1lat\u00e1val a b\u0151r l\u00e1tv\u00e1nyosan meg\u0151rzi feszess\u00e9g\u00e9t, simas\u00e1g\u00e1t, frissess\u00e9g\u00e9t a probl\u00e9m\u00e1s helyeken is (dekolt\u00e1zs, nyak, k\u00e9z, arc). Fogy\u00f3k\u00far\u00e1s s\u00falycs\u00f6kken\u00e9s alatt \u00e9s ut\u00e1n, terhess\u00e9get k\u00f6vet\u0151en is eredm\u00e9nyesen haszn\u00e1lhat\u00f3 a feszes b\u0151r megtart\u00e1s\u00e1ra, visszaszerz\u00e9s\u00e9re. Biol\u00f3giailag akt\u00edv anyagai megg\u00e1tolj\u00e1k, hogy a b\u0151r kollag\u00e9n-veszt\u00e9se, elasztikus rostjainak, zs\u00edr-, v\u00edztartalm\u00e1nak cs\u00f6kken\u00e9se miatt elvesz\u00edtse rugalmass\u00e1g\u00e1t, r\u00e1ncos legyen.<\/p>\n","protected":false},"featured_media":2746,"template":"","meta":[],"product_cat":[23,37,175],"product_tag":[95,110,169,180],"yoast_head":"<!-- This site is optimized with the Yoast SEO plugin v17.4 - https:\/\/yoast.com\/wordpress\/plugins\/seo\/ -->\n<title>Fit Firm - b\u0151rfeszes\u00edt\u0151 (pump\u00e1s) 500 ml - Emspoma webshop<\/title>\n<meta name=\"robots\" content=\"index, follow, max-snippet:-1, max-image-preview:large, max-video-preview:-1\" \/>\n<link rel=\"canonical\" href=\"http:\/\/rekongem.hu\/?product=fitness-firm-borfeszesito-krem-500-ml\" \/>\n<meta property=\"og:locale\" content=\"hu_HU\" \/>\n<meta property=\"og:type\" content=\"article\" \/>\n<meta property=\"og:title\" content=\"Fit Firm - b\u0151rfeszes\u00edt\u0151 (pump\u00e1s) 500 ml - Emspoma webshop\" \/>\n<meta property=\"og:description\" content=\"Intenz\u00edv b\u0151r\u00f6reged\u00e9s-g\u00e1tl\u00f3 (anti-age) k\u00e9sz\u00edtm\u00e9ny. Haszn\u00e1lat\u00e1val a b\u0151r l\u00e1tv\u00e1nyosan meg\u0151rzi feszess\u00e9g\u00e9t, simas\u00e1g\u00e1t, frissess\u00e9g\u00e9t a probl\u00e9m\u00e1s helyeken is (dekolt\u00e1zs, nyak, k\u00e9z, arc). Fogy\u00f3k\u00far\u00e1s s\u00falycs\u00f6kken\u00e9s alatt \u00e9s ut\u00e1n, terhess\u00e9get k\u00f6vet\u0151en is eredm\u00e9nyesen haszn\u00e1lhat\u00f3 a feszes b\u0151r megtart\u00e1s\u00e1ra, visszaszerz\u00e9s\u00e9re. Biol\u00f3giailag akt\u00edv anyagai megg\u00e1tolj\u00e1k, hogy a b\u0151r kollag\u00e9n-veszt\u00e9se, elasztikus rostjainak, zs\u00edr-, v\u00edztartalm\u00e1nak cs\u00f6kken\u00e9se miatt elvesz\u00edtse rugalmass\u00e1g\u00e1t, r\u00e1ncos legyen.\" \/>\n<meta property=\"og:url\" content=\"http:\/\/rekongem.hu\/?product=fitness-firm-borfeszesito-krem-500-ml\" \/>\n<meta property=\"og:site_name\" content=\"Emspoma webshop\" \/>\n<meta property=\"article:publisher\" content=\"https:\/\/www.facebook.com\/masszazsbirodalom\/\" \/>\n<meta property=\"article:modified_time\" content=\"2026-01-14T07:56:23+00:00\" \/>\n<meta property=\"og:image\" content=\"http:\/\/rekongem.hu\/wp-content\/uploads\/2025\/01\/Fit-Firm-borfeszesito-pumpas-500-ml.jpg\" \/>\n\t<meta property=\"og:image:width\" content=\"400\" \/>\n\t<meta property=\"og:image:height\" content=\"400\" \/>\n<meta name=\"twitter:card\" content=\"summary\" \/>\n<meta name=\"twitter:site\" content=\"@masszazs_bir\" \/>\n<script type=\"application\/ld+json\" class=\"yoast-schema-graph\">{\"@context\":\"https:\/\/schema.org\",\"@graph\":[{\"@type\":\"WebSite\",\"@id\":\"http:\/\/rekongem.hu\/#website\",\"url\":\"http:\/\/rekongem.hu\/\",\"name\":\"Emspoma webshop\",\"description\":\"\",\"potentialAction\":[{\"@type\":\"SearchAction\",\"target\":{\"@type\":\"EntryPoint\",\"urlTemplate\":\"http:\/\/rekongem.hu\/?s={search_term_string}\"},\"query-input\":\"required name=search_term_string\"}],\"inLanguage\":\"hu\"},{\"@type\":\"ImageObject\",\"@id\":\"http:\/\/rekongem.hu\/?product=fitness-firm-borfeszesito-krem-500-ml#primaryimage\",\"inLanguage\":\"hu\",\"url\":\"http:\/\/rekongem.hu\/wp-content\/uploads\/2025\/01\/Fit-Firm-borfeszesito-pumpas-500-ml.jpg\",\"contentUrl\":\"http:\/\/rekongem.hu\/wp-content\/uploads\/2025\/01\/Fit-Firm-borfeszesito-pumpas-500-ml.jpg\",\"width\":400,\"height\":400},{\"@type\":\"WebPage\",\"@id\":\"http:\/\/rekongem.hu\/?product=fitness-firm-borfeszesito-krem-500-ml#webpage\",\"url\":\"http:\/\/rekongem.hu\/?product=fitness-firm-borfeszesito-krem-500-ml\",\"name\":\"Fit Firm - b\\u0151rfeszes\\u00edt\\u0151 (pump\\u00e1s) 500 ml - Emspoma webshop\",\"isPartOf\":{\"@id\":\"http:\/\/rekongem.hu\/#website\"},\"primaryImageOfPage\":{\"@id\":\"http:\/\/rekongem.hu\/?product=fitness-firm-borfeszesito-krem-500-ml#primaryimage\"},\"datePublished\":\"2016-07-12T20:51:27+00:00\",\"dateModified\":\"2026-01-14T07:56:23+00:00\",\"breadcrumb\":{\"@id\":\"http:\/\/rekongem.hu\/?product=fitness-firm-borfeszesito-krem-500-ml#breadcrumb\"},\"inLanguage\":\"hu\",\"potentialAction\":[{\"@type\":\"ReadAction\",\"target\":[\"http:\/\/rekongem.hu\/?product=fitness-firm-borfeszesito-krem-500-ml\"]}]},{\"@type\":\"BreadcrumbList\",\"@id\":\"http:\/\/rekongem.hu\/?product=fitness-firm-borfeszesito-krem-500-ml#breadcrumb\",\"itemListElement\":[{\"@type\":\"ListItem\",\"position\":1,\"name\":\"Home\",\"item\":\"http:\/\/rekongem.hu\/\"},{\"@type\":\"ListItem\",\"position\":2,\"name\":\"\\u00dczlet\",\"item\":\"http:\/\/rekongem.hu\/?page_id=4\"},{\"@type\":\"ListItem\",\"position\":3,\"name\":\"Fit Firm &#8211; b\\u0151rfeszes\\u00edt\\u0151 (pump\\u00e1s) 500 ml\"}]}]}<\/script>\n<!-- \/ Yoast SEO plugin. -->","yoast_head_json":{"title":"Fit Firm - b\u0151rfeszes\u00edt\u0151 (pump\u00e1s) 500 ml - Emspoma webshop","robots":{"index":"index","follow":"follow","max-snippet":"max-snippet:-1","max-image-preview":"max-image-preview:large","max-video-preview":"max-video-preview:-1"},"canonical":"http:\/\/rekongem.hu\/?product=fitness-firm-borfeszesito-krem-500-ml","og_locale":"hu_HU","og_type":"article","og_title":"Fit Firm - b\u0151rfeszes\u00edt\u0151 (pump\u00e1s) 500 ml - Emspoma webshop","og_description":"Intenz\u00edv b\u0151r\u00f6reged\u00e9s-g\u00e1tl\u00f3 (anti-age) k\u00e9sz\u00edtm\u00e9ny. Haszn\u00e1lat\u00e1val a b\u0151r l\u00e1tv\u00e1nyosan meg\u0151rzi feszess\u00e9g\u00e9t, simas\u00e1g\u00e1t, frissess\u00e9g\u00e9t a probl\u00e9m\u00e1s helyeken is (dekolt\u00e1zs, nyak, k\u00e9z, arc). Fogy\u00f3k\u00far\u00e1s s\u00falycs\u00f6kken\u00e9s alatt \u00e9s ut\u00e1n, terhess\u00e9get k\u00f6vet\u0151en is eredm\u00e9nyesen haszn\u00e1lhat\u00f3 a feszes b\u0151r megtart\u00e1s\u00e1ra, visszaszerz\u00e9s\u00e9re. Biol\u00f3giailag akt\u00edv anyagai megg\u00e1tolj\u00e1k, hogy a b\u0151r kollag\u00e9n-veszt\u00e9se, elasztikus rostjainak, zs\u00edr-, v\u00edztartalm\u00e1nak cs\u00f6kken\u00e9se miatt elvesz\u00edtse rugalmass\u00e1g\u00e1t, r\u00e1ncos legyen.","og_url":"http:\/\/rekongem.hu\/?product=fitness-firm-borfeszesito-krem-500-ml","og_site_name":"Emspoma webshop","article_publisher":"https:\/\/www.facebook.com\/masszazsbirodalom\/","article_modified_time":"2026-01-14T07:56:23+00:00","og_image":[{"width":400,"height":400,"url":"http:\/\/rekongem.hu\/wp-content\/uploads\/2025\/01\/Fit-Firm-borfeszesito-pumpas-500-ml.jpg","type":"image\/jpeg"}],"twitter_card":"summary","twitter_site":"@masszazs_bir","schema":{"@context":"https:\/\/schema.org","@graph":[{"@type":"WebSite","@id":"http:\/\/rekongem.hu\/#website","url":"http:\/\/rekongem.hu\/","name":"Emspoma webshop","description":"","potentialAction":[{"@type":"SearchAction","target":{"@type":"EntryPoint","urlTemplate":"http:\/\/rekongem.hu\/?s={search_term_string}"},"query-input":"required name=search_term_string"}],"inLanguage":"hu"},{"@type":"ImageObject","@id":"http:\/\/rekongem.hu\/?product=fitness-firm-borfeszesito-krem-500-ml#primaryimage","inLanguage":"hu","url":"http:\/\/rekongem.hu\/wp-content\/uploads\/2025\/01\/Fit-Firm-borfeszesito-pumpas-500-ml.jpg","contentUrl":"http:\/\/rekongem.hu\/wp-content\/uploads\/2025\/01\/Fit-Firm-borfeszesito-pumpas-500-ml.jpg","width":400,"height":400},{"@type":"WebPage","@id":"http:\/\/rekongem.hu\/?product=fitness-firm-borfeszesito-krem-500-ml#webpage","url":"http:\/\/rekongem.hu\/?product=fitness-firm-borfeszesito-krem-500-ml","name":"Fit Firm - b\u0151rfeszes\u00edt\u0151 (pump\u00e1s) 500 ml - Emspoma webshop","isPartOf":{"@id":"http:\/\/rekongem.hu\/#website"},"primaryImageOfPage":{"@id":"http:\/\/rekongem.hu\/?product=fitness-firm-borfeszesito-krem-500-ml#primaryimage"},"datePublished":"2016-07-12T20:51:27+00:00","dateModified":"2026-01-14T07:56:23+00:00","breadcrumb":{"@id":"http:\/\/rekongem.hu\/?product=fitness-firm-borfeszesito-krem-500-ml#breadcrumb"},"inLanguage":"hu","potentialAction":[{"@type":"ReadAction","target":["http:\/\/rekongem.hu\/?product=fitness-firm-borfeszesito-krem-500-ml"]}]},{"@type":"BreadcrumbList","@id":"http:\/\/rekongem.hu\/?product=fitness-firm-borfeszesito-krem-500-ml#breadcrumb","itemListElement":[{"@type":"ListItem","position":1,"name":"Home","item":"http:\/\/rekongem.hu\/"},{"@type":"ListItem","position":2,"name":"\u00dczlet","item":"http:\/\/rekongem.hu\/?page_id=4"},{"@type":"ListItem","position":3,"name":"Fit Firm &#8211; b\u0151rfeszes\u00edt\u0151 (pump\u00e1s) 500 ml"}]}]}},"_links":{"self":[{"href":"http:\/\/rekongem.hu\/index.php?rest_route=\/wp\/v2\/product\/790"}],"collection":[{"href":"http:\/\/rekongem.hu\/index.php?rest_route=\/wp\/v2\/product"}],"about":[{"href":"http:\/\/rekongem.hu\/index.php?rest_route=\/wp\/v2\/types\/product"}],"wp:featuredmedia":[{"embeddable":true,"href":"http:\/\/rekongem.hu\/index.php?rest_route=\/wp\/v2\/media\/2746"}],"wp:attachment":[{"href":"http:\/\/rekongem.hu\/index.php?rest_route=%2Fwp%2Fv2%2Fmedia&parent=790"}],"wp:term":[{"taxonomy":"product_cat","embeddable":true,"href":"http:\/\/rekongem.hu\/index.php?rest_route=%2Fwp%2Fv2%2Fproduct_cat&post=790"},{"taxonomy":"product_tag","embeddable":true,"href":"http:\/\/rekongem.hu\/index.php?rest_route=%2Fwp%2Fv2%2Fproduct_tag&post=790"}],"curies":[{"name":"wp","href":"https:\/\/api.w.org\/{rel}","templated":true}]}}