{"id":776,"date":"2016-07-12T20:21:17","date_gmt":"2016-07-12T20:21:17","guid":{"rendered":"http:\/\/jadebeauty.hu\/?post_type=product&#038;p=776"},"modified":"2026-01-14T07:56:22","modified_gmt":"2026-01-14T07:56:22","slug":"dr-kelen-sportkrem","status":"publish","type":"product","link":"http:\/\/rekongem.hu\/?product=dr-kelen-sportkrem","title":{"rendered":"Dr.Kelen Sportkr\u00e9m &#8211; regener\u00e1l\u00f3 175 ml"},"content":{"rendered":"","protected":false},"excerpt":{"rendered":"<p>Hypoallerg\u00e9n k\u00e9sz\u00edtm\u00e9ny\u00a0profi \u00e9s amat\u0151r sportol\u00f3knak, mozg\u00e1st kedvel\u0151knek, fizikai munk\u00e1t v\u00e9gz\u0151knek. Fokozott izomterhel\u00e9s, akut \u00e9s elh\u00faz\u00f3d\u00f3 s\u00e9r\u00fcl\u00e9s eset\u00e9n javasolt rendszeres haszn\u00e1latra. Gyors\u00edtja az izmok, \u00edz\u00fcleti szalagok regener\u00e1l\u00f3d\u00e1s\u00e1t. Komoly seg\u00edts\u00e9g z\u00faz\u00f3d\u00e1s, duzzanatok, r\u00e1ndul\u00e1s, h\u00faz\u00f3d\u00e1s \u00e9s g\u00f6rcs okozta izomf\u00e1jdalmak enyh\u00edt\u00e9s\u00e9re, \u00dasz\u00f3v\u00e1ll, teniszk\u00f6ny\u00f6k, stb. eset\u00e9n rendszeres haszn\u00e1lata javasolt.<\/p>\n","protected":false},"featured_media":2742,"template":"","meta":[],"product_cat":[168,13],"product_tag":[169,12],"yoast_head":"<!-- This site is optimized with the Yoast SEO plugin v17.4 - https:\/\/yoast.com\/wordpress\/plugins\/seo\/ -->\n<title>Dr.Kelen Sportkr\u00e9m - regener\u00e1l\u00f3 175 ml - Emspoma webshop<\/title>\n<meta name=\"robots\" content=\"index, follow, max-snippet:-1, max-image-preview:large, max-video-preview:-1\" \/>\n<link rel=\"canonical\" href=\"http:\/\/rekongem.hu\/?product=dr-kelen-sportkrem\" \/>\n<meta property=\"og:locale\" content=\"hu_HU\" \/>\n<meta property=\"og:type\" content=\"article\" \/>\n<meta property=\"og:title\" content=\"Dr.Kelen Sportkr\u00e9m - regener\u00e1l\u00f3 175 ml - Emspoma webshop\" \/>\n<meta property=\"og:description\" content=\"Hypoallerg\u00e9n k\u00e9sz\u00edtm\u00e9ny\u00a0profi \u00e9s amat\u0151r sportol\u00f3knak, mozg\u00e1st kedvel\u0151knek, fizikai munk\u00e1t v\u00e9gz\u0151knek. Fokozott izomterhel\u00e9s, akut \u00e9s elh\u00faz\u00f3d\u00f3 s\u00e9r\u00fcl\u00e9s eset\u00e9n javasolt rendszeres haszn\u00e1latra. Gyors\u00edtja az izmok, \u00edz\u00fcleti szalagok regener\u00e1l\u00f3d\u00e1s\u00e1t. Komoly seg\u00edts\u00e9g z\u00faz\u00f3d\u00e1s, duzzanatok, r\u00e1ndul\u00e1s, h\u00faz\u00f3d\u00e1s \u00e9s g\u00f6rcs okozta izomf\u00e1jdalmak enyh\u00edt\u00e9s\u00e9re, \u00dasz\u00f3v\u00e1ll, teniszk\u00f6ny\u00f6k, stb. eset\u00e9n rendszeres haszn\u00e1lata javasolt.\" \/>\n<meta property=\"og:url\" content=\"http:\/\/rekongem.hu\/?product=dr-kelen-sportkrem\" \/>\n<meta property=\"og:site_name\" content=\"Emspoma webshop\" \/>\n<meta property=\"article:publisher\" content=\"https:\/\/www.facebook.com\/masszazsbirodalom\/\" \/>\n<meta property=\"article:modified_time\" content=\"2026-01-14T07:56:22+00:00\" \/>\n<meta property=\"og:image\" content=\"http:\/\/rekongem.hu\/wp-content\/uploads\/2025\/01\/Dr.Kelen-Sportkrem-regeneralo-100-ml.jpg\" \/>\n\t<meta property=\"og:image:width\" content=\"400\" \/>\n\t<meta property=\"og:image:height\" content=\"400\" \/>\n<meta name=\"twitter:card\" content=\"summary\" \/>\n<meta name=\"twitter:site\" content=\"@masszazs_bir\" \/>\n<script type=\"application\/ld+json\" class=\"yoast-schema-graph\">{\"@context\":\"https:\/\/schema.org\",\"@graph\":[{\"@type\":\"WebSite\",\"@id\":\"http:\/\/rekongem.hu\/#website\",\"url\":\"http:\/\/rekongem.hu\/\",\"name\":\"Emspoma webshop\",\"description\":\"\",\"potentialAction\":[{\"@type\":\"SearchAction\",\"target\":{\"@type\":\"EntryPoint\",\"urlTemplate\":\"http:\/\/rekongem.hu\/?s={search_term_string}\"},\"query-input\":\"required name=search_term_string\"}],\"inLanguage\":\"hu\"},{\"@type\":\"ImageObject\",\"@id\":\"http:\/\/rekongem.hu\/?product=dr-kelen-sportkrem#primaryimage\",\"inLanguage\":\"hu\",\"url\":\"http:\/\/rekongem.hu\/wp-content\/uploads\/2025\/01\/Dr.Kelen-Sportkrem-regeneralo-100-ml.jpg\",\"contentUrl\":\"http:\/\/rekongem.hu\/wp-content\/uploads\/2025\/01\/Dr.Kelen-Sportkrem-regeneralo-100-ml.jpg\",\"width\":400,\"height\":400},{\"@type\":\"WebPage\",\"@id\":\"http:\/\/rekongem.hu\/?product=dr-kelen-sportkrem#webpage\",\"url\":\"http:\/\/rekongem.hu\/?product=dr-kelen-sportkrem\",\"name\":\"Dr.Kelen Sportkr\\u00e9m - regener\\u00e1l\\u00f3 175 ml - Emspoma webshop\",\"isPartOf\":{\"@id\":\"http:\/\/rekongem.hu\/#website\"},\"primaryImageOfPage\":{\"@id\":\"http:\/\/rekongem.hu\/?product=dr-kelen-sportkrem#primaryimage\"},\"datePublished\":\"2016-07-12T20:21:17+00:00\",\"dateModified\":\"2026-01-14T07:56:22+00:00\",\"breadcrumb\":{\"@id\":\"http:\/\/rekongem.hu\/?product=dr-kelen-sportkrem#breadcrumb\"},\"inLanguage\":\"hu\",\"potentialAction\":[{\"@type\":\"ReadAction\",\"target\":[\"http:\/\/rekongem.hu\/?product=dr-kelen-sportkrem\"]}]},{\"@type\":\"BreadcrumbList\",\"@id\":\"http:\/\/rekongem.hu\/?product=dr-kelen-sportkrem#breadcrumb\",\"itemListElement\":[{\"@type\":\"ListItem\",\"position\":1,\"name\":\"Home\",\"item\":\"http:\/\/rekongem.hu\/\"},{\"@type\":\"ListItem\",\"position\":2,\"name\":\"\\u00dczlet\",\"item\":\"http:\/\/rekongem.hu\/?page_id=4\"},{\"@type\":\"ListItem\",\"position\":3,\"name\":\"Dr.Kelen Sportkr\\u00e9m &#8211; regener\\u00e1l\\u00f3 175 ml\"}]}]}<\/script>\n<!-- \/ Yoast SEO plugin. -->","yoast_head_json":{"title":"Dr.Kelen Sportkr\u00e9m - regener\u00e1l\u00f3 175 ml - Emspoma webshop","robots":{"index":"index","follow":"follow","max-snippet":"max-snippet:-1","max-image-preview":"max-image-preview:large","max-video-preview":"max-video-preview:-1"},"canonical":"http:\/\/rekongem.hu\/?product=dr-kelen-sportkrem","og_locale":"hu_HU","og_type":"article","og_title":"Dr.Kelen Sportkr\u00e9m - regener\u00e1l\u00f3 175 ml - Emspoma webshop","og_description":"Hypoallerg\u00e9n k\u00e9sz\u00edtm\u00e9ny\u00a0profi \u00e9s amat\u0151r sportol\u00f3knak, mozg\u00e1st kedvel\u0151knek, fizikai munk\u00e1t v\u00e9gz\u0151knek. Fokozott izomterhel\u00e9s, akut \u00e9s elh\u00faz\u00f3d\u00f3 s\u00e9r\u00fcl\u00e9s eset\u00e9n javasolt rendszeres haszn\u00e1latra. Gyors\u00edtja az izmok, \u00edz\u00fcleti szalagok regener\u00e1l\u00f3d\u00e1s\u00e1t. Komoly seg\u00edts\u00e9g z\u00faz\u00f3d\u00e1s, duzzanatok, r\u00e1ndul\u00e1s, h\u00faz\u00f3d\u00e1s \u00e9s g\u00f6rcs okozta izomf\u00e1jdalmak enyh\u00edt\u00e9s\u00e9re, \u00dasz\u00f3v\u00e1ll, teniszk\u00f6ny\u00f6k, stb. eset\u00e9n rendszeres haszn\u00e1lata javasolt.","og_url":"http:\/\/rekongem.hu\/?product=dr-kelen-sportkrem","og_site_name":"Emspoma webshop","article_publisher":"https:\/\/www.facebook.com\/masszazsbirodalom\/","article_modified_time":"2026-01-14T07:56:22+00:00","og_image":[{"width":400,"height":400,"url":"http:\/\/rekongem.hu\/wp-content\/uploads\/2025\/01\/Dr.Kelen-Sportkrem-regeneralo-100-ml.jpg","type":"image\/jpeg"}],"twitter_card":"summary","twitter_site":"@masszazs_bir","schema":{"@context":"https:\/\/schema.org","@graph":[{"@type":"WebSite","@id":"http:\/\/rekongem.hu\/#website","url":"http:\/\/rekongem.hu\/","name":"Emspoma webshop","description":"","potentialAction":[{"@type":"SearchAction","target":{"@type":"EntryPoint","urlTemplate":"http:\/\/rekongem.hu\/?s={search_term_string}"},"query-input":"required name=search_term_string"}],"inLanguage":"hu"},{"@type":"ImageObject","@id":"http:\/\/rekongem.hu\/?product=dr-kelen-sportkrem#primaryimage","inLanguage":"hu","url":"http:\/\/rekongem.hu\/wp-content\/uploads\/2025\/01\/Dr.Kelen-Sportkrem-regeneralo-100-ml.jpg","contentUrl":"http:\/\/rekongem.hu\/wp-content\/uploads\/2025\/01\/Dr.Kelen-Sportkrem-regeneralo-100-ml.jpg","width":400,"height":400},{"@type":"WebPage","@id":"http:\/\/rekongem.hu\/?product=dr-kelen-sportkrem#webpage","url":"http:\/\/rekongem.hu\/?product=dr-kelen-sportkrem","name":"Dr.Kelen Sportkr\u00e9m - regener\u00e1l\u00f3 175 ml - Emspoma webshop","isPartOf":{"@id":"http:\/\/rekongem.hu\/#website"},"primaryImageOfPage":{"@id":"http:\/\/rekongem.hu\/?product=dr-kelen-sportkrem#primaryimage"},"datePublished":"2016-07-12T20:21:17+00:00","dateModified":"2026-01-14T07:56:22+00:00","breadcrumb":{"@id":"http:\/\/rekongem.hu\/?product=dr-kelen-sportkrem#breadcrumb"},"inLanguage":"hu","potentialAction":[{"@type":"ReadAction","target":["http:\/\/rekongem.hu\/?product=dr-kelen-sportkrem"]}]},{"@type":"BreadcrumbList","@id":"http:\/\/rekongem.hu\/?product=dr-kelen-sportkrem#breadcrumb","itemListElement":[{"@type":"ListItem","position":1,"name":"Home","item":"http:\/\/rekongem.hu\/"},{"@type":"ListItem","position":2,"name":"\u00dczlet","item":"http:\/\/rekongem.hu\/?page_id=4"},{"@type":"ListItem","position":3,"name":"Dr.Kelen Sportkr\u00e9m &#8211; regener\u00e1l\u00f3 175 ml"}]}]}},"_links":{"self":[{"href":"http:\/\/rekongem.hu\/index.php?rest_route=\/wp\/v2\/product\/776"}],"collection":[{"href":"http:\/\/rekongem.hu\/index.php?rest_route=\/wp\/v2\/product"}],"about":[{"href":"http:\/\/rekongem.hu\/index.php?rest_route=\/wp\/v2\/types\/product"}],"wp:featuredmedia":[{"embeddable":true,"href":"http:\/\/rekongem.hu\/index.php?rest_route=\/wp\/v2\/media\/2742"}],"wp:attachment":[{"href":"http:\/\/rekongem.hu\/index.php?rest_route=%2Fwp%2Fv2%2Fmedia&parent=776"}],"wp:term":[{"taxonomy":"product_cat","embeddable":true,"href":"http:\/\/rekongem.hu\/index.php?rest_route=%2Fwp%2Fv2%2Fproduct_cat&post=776"},{"taxonomy":"product_tag","embeddable":true,"href":"http:\/\/rekongem.hu\/index.php?rest_route=%2Fwp%2Fv2%2Fproduct_tag&post=776"}],"curies":[{"name":"wp","href":"https:\/\/api.w.org\/{rel}","templated":true}]}}