{"id":765,"date":"2016-07-12T19:07:37","date_gmt":"2016-07-12T19:07:37","guid":{"rendered":"http:\/\/jadebeauty.hu\/?post_type=product&#038;p=765"},"modified":"2026-01-14T07:56:22","modified_gmt":"2026-01-14T07:56:22","slug":"luna-sepruvenara-krem-b3-vitaminnal-150-ml","status":"publish","type":"product","link":"http:\/\/rekongem.hu\/?product=luna-sepruvenara-krem-b3-vitaminnal-150-ml","title":{"rendered":"Dr.Kelen Sepr\u0171v\u00e9n\u00e1ra kr\u00e9m 100 ml"},"content":{"rendered":"","protected":false},"excerpt":{"rendered":"<p>A korszer\u0171 \u00f6sszet\u00e9tel\u0171 l\u00e1gy kr\u00e9m hat\u00e1sos seg\u00edts\u00e9g hajsz\u00e1l\u00e9rt\u00e1gulatok (\u00fan. p\u00f3kv\u00e9na vagy sepr\u0171v\u00e9na) kialakul\u00e1s\u00e1nak elker\u00fcl\u00e9s\u00e9re, cs\u00f6kkent\u00e9s\u00e9re. Megold\u00e1st k\u00edn\u00e1l a b\u0151r\u00f6n v\u00f6r\u00f6ses, k\u00e9kes sz\u00ednnel megjelen\u0151 fel\u00fcleti \u00e9rt\u00e1gulatok ellen. Akt\u00edv anyaga a v\u00e9r\u00e1raml\u00e1st fokoz\u00f3 niacinamid (B3 vitamin), a v\u00e9na fal\u00e1t er\u0151s\u00edt\u0151, az \u00e9rfalak \u00e1tj\u00e1rhat\u00f3s\u00e1g\u00e1t optimaliz\u00e1l\u00f3 jap\u00e1nak\u00e1c- \u00e9s vadgesztenye-kivonat, valamint citrom- \u00e9s rozmaringolaj. Naponta 2-3 alkalommal l\u00e1gyan massz\u00edrozza be az \u00e9rintett b\u0151rfel\u00fcletet. Sebes, v\u00e9rz\u0151 fel\u00fcletre ne haszn\u00e1lja.<\/p>\n","protected":false},"featured_media":2738,"template":"","meta":[],"product_cat":[23,153],"product_tag":[164,152,165],"yoast_head":"<!-- This site is optimized with the Yoast SEO plugin v17.4 - https:\/\/yoast.com\/wordpress\/plugins\/seo\/ -->\n<title>Dr.Kelen Sepr\u0171v\u00e9n\u00e1ra kr\u00e9m 100 ml - Emspoma webshop<\/title>\n<meta name=\"robots\" content=\"index, follow, max-snippet:-1, max-image-preview:large, max-video-preview:-1\" \/>\n<link rel=\"canonical\" href=\"http:\/\/rekongem.hu\/?product=luna-sepruvenara-krem-b3-vitaminnal-150-ml\" \/>\n<meta property=\"og:locale\" content=\"hu_HU\" \/>\n<meta property=\"og:type\" content=\"article\" \/>\n<meta property=\"og:title\" content=\"Dr.Kelen Sepr\u0171v\u00e9n\u00e1ra kr\u00e9m 100 ml - Emspoma webshop\" \/>\n<meta property=\"og:description\" content=\"A korszer\u0171 \u00f6sszet\u00e9tel\u0171 l\u00e1gy kr\u00e9m hat\u00e1sos seg\u00edts\u00e9g hajsz\u00e1l\u00e9rt\u00e1gulatok (\u00fan. p\u00f3kv\u00e9na vagy sepr\u0171v\u00e9na) kialakul\u00e1s\u00e1nak elker\u00fcl\u00e9s\u00e9re, cs\u00f6kkent\u00e9s\u00e9re. Megold\u00e1st k\u00edn\u00e1l a b\u0151r\u00f6n v\u00f6r\u00f6ses, k\u00e9kes sz\u00ednnel megjelen\u0151 fel\u00fcleti \u00e9rt\u00e1gulatok ellen. Akt\u00edv anyaga a v\u00e9r\u00e1raml\u00e1st fokoz\u00f3 niacinamid (B3 vitamin), a v\u00e9na fal\u00e1t er\u0151s\u00edt\u0151, az \u00e9rfalak \u00e1tj\u00e1rhat\u00f3s\u00e1g\u00e1t optimaliz\u00e1l\u00f3 jap\u00e1nak\u00e1c- \u00e9s vadgesztenye-kivonat, valamint citrom- \u00e9s rozmaringolaj. Naponta 2-3 alkalommal l\u00e1gyan massz\u00edrozza be az \u00e9rintett b\u0151rfel\u00fcletet. Sebes, v\u00e9rz\u0151 fel\u00fcletre ne haszn\u00e1lja.\" \/>\n<meta property=\"og:url\" content=\"http:\/\/rekongem.hu\/?product=luna-sepruvenara-krem-b3-vitaminnal-150-ml\" \/>\n<meta property=\"og:site_name\" content=\"Emspoma webshop\" \/>\n<meta property=\"article:publisher\" content=\"https:\/\/www.facebook.com\/masszazsbirodalom\/\" \/>\n<meta property=\"article:modified_time\" content=\"2026-01-14T07:56:22+00:00\" \/>\n<meta property=\"og:image\" content=\"http:\/\/rekongem.hu\/wp-content\/uploads\/2025\/01\/LUNA-Sepruvenara-krem-150-ml.jpg\" \/>\n\t<meta property=\"og:image:width\" content=\"400\" \/>\n\t<meta property=\"og:image:height\" content=\"400\" \/>\n<meta name=\"twitter:card\" content=\"summary\" \/>\n<meta name=\"twitter:site\" content=\"@masszazs_bir\" \/>\n<script type=\"application\/ld+json\" class=\"yoast-schema-graph\">{\"@context\":\"https:\/\/schema.org\",\"@graph\":[{\"@type\":\"WebSite\",\"@id\":\"http:\/\/rekongem.hu\/#website\",\"url\":\"http:\/\/rekongem.hu\/\",\"name\":\"Emspoma webshop\",\"description\":\"\",\"potentialAction\":[{\"@type\":\"SearchAction\",\"target\":{\"@type\":\"EntryPoint\",\"urlTemplate\":\"http:\/\/rekongem.hu\/?s={search_term_string}\"},\"query-input\":\"required name=search_term_string\"}],\"inLanguage\":\"hu\"},{\"@type\":\"ImageObject\",\"@id\":\"http:\/\/rekongem.hu\/?product=luna-sepruvenara-krem-b3-vitaminnal-150-ml#primaryimage\",\"inLanguage\":\"hu\",\"url\":\"http:\/\/rekongem.hu\/wp-content\/uploads\/2025\/01\/LUNA-Sepruvenara-krem-150-ml.jpg\",\"contentUrl\":\"http:\/\/rekongem.hu\/wp-content\/uploads\/2025\/01\/LUNA-Sepruvenara-krem-150-ml.jpg\",\"width\":400,\"height\":400},{\"@type\":\"WebPage\",\"@id\":\"http:\/\/rekongem.hu\/?product=luna-sepruvenara-krem-b3-vitaminnal-150-ml#webpage\",\"url\":\"http:\/\/rekongem.hu\/?product=luna-sepruvenara-krem-b3-vitaminnal-150-ml\",\"name\":\"Dr.Kelen Sepr\\u0171v\\u00e9n\\u00e1ra kr\\u00e9m 100 ml - Emspoma webshop\",\"isPartOf\":{\"@id\":\"http:\/\/rekongem.hu\/#website\"},\"primaryImageOfPage\":{\"@id\":\"http:\/\/rekongem.hu\/?product=luna-sepruvenara-krem-b3-vitaminnal-150-ml#primaryimage\"},\"datePublished\":\"2016-07-12T19:07:37+00:00\",\"dateModified\":\"2026-01-14T07:56:22+00:00\",\"breadcrumb\":{\"@id\":\"http:\/\/rekongem.hu\/?product=luna-sepruvenara-krem-b3-vitaminnal-150-ml#breadcrumb\"},\"inLanguage\":\"hu\",\"potentialAction\":[{\"@type\":\"ReadAction\",\"target\":[\"http:\/\/rekongem.hu\/?product=luna-sepruvenara-krem-b3-vitaminnal-150-ml\"]}]},{\"@type\":\"BreadcrumbList\",\"@id\":\"http:\/\/rekongem.hu\/?product=luna-sepruvenara-krem-b3-vitaminnal-150-ml#breadcrumb\",\"itemListElement\":[{\"@type\":\"ListItem\",\"position\":1,\"name\":\"Home\",\"item\":\"http:\/\/rekongem.hu\/\"},{\"@type\":\"ListItem\",\"position\":2,\"name\":\"\\u00dczlet\",\"item\":\"http:\/\/rekongem.hu\/?page_id=4\"},{\"@type\":\"ListItem\",\"position\":3,\"name\":\"Dr.Kelen Sepr\\u0171v\\u00e9n\\u00e1ra kr\\u00e9m 100 ml\"}]}]}<\/script>\n<!-- \/ Yoast SEO plugin. -->","yoast_head_json":{"title":"Dr.Kelen Sepr\u0171v\u00e9n\u00e1ra kr\u00e9m 100 ml - Emspoma webshop","robots":{"index":"index","follow":"follow","max-snippet":"max-snippet:-1","max-image-preview":"max-image-preview:large","max-video-preview":"max-video-preview:-1"},"canonical":"http:\/\/rekongem.hu\/?product=luna-sepruvenara-krem-b3-vitaminnal-150-ml","og_locale":"hu_HU","og_type":"article","og_title":"Dr.Kelen Sepr\u0171v\u00e9n\u00e1ra kr\u00e9m 100 ml - Emspoma webshop","og_description":"A korszer\u0171 \u00f6sszet\u00e9tel\u0171 l\u00e1gy kr\u00e9m hat\u00e1sos seg\u00edts\u00e9g hajsz\u00e1l\u00e9rt\u00e1gulatok (\u00fan. p\u00f3kv\u00e9na vagy sepr\u0171v\u00e9na) kialakul\u00e1s\u00e1nak elker\u00fcl\u00e9s\u00e9re, cs\u00f6kkent\u00e9s\u00e9re. Megold\u00e1st k\u00edn\u00e1l a b\u0151r\u00f6n v\u00f6r\u00f6ses, k\u00e9kes sz\u00ednnel megjelen\u0151 fel\u00fcleti \u00e9rt\u00e1gulatok ellen. Akt\u00edv anyaga a v\u00e9r\u00e1raml\u00e1st fokoz\u00f3 niacinamid (B3 vitamin), a v\u00e9na fal\u00e1t er\u0151s\u00edt\u0151, az \u00e9rfalak \u00e1tj\u00e1rhat\u00f3s\u00e1g\u00e1t optimaliz\u00e1l\u00f3 jap\u00e1nak\u00e1c- \u00e9s vadgesztenye-kivonat, valamint citrom- \u00e9s rozmaringolaj. Naponta 2-3 alkalommal l\u00e1gyan massz\u00edrozza be az \u00e9rintett b\u0151rfel\u00fcletet. Sebes, v\u00e9rz\u0151 fel\u00fcletre ne haszn\u00e1lja.","og_url":"http:\/\/rekongem.hu\/?product=luna-sepruvenara-krem-b3-vitaminnal-150-ml","og_site_name":"Emspoma webshop","article_publisher":"https:\/\/www.facebook.com\/masszazsbirodalom\/","article_modified_time":"2026-01-14T07:56:22+00:00","og_image":[{"width":400,"height":400,"url":"http:\/\/rekongem.hu\/wp-content\/uploads\/2025\/01\/LUNA-Sepruvenara-krem-150-ml.jpg","type":"image\/jpeg"}],"twitter_card":"summary","twitter_site":"@masszazs_bir","schema":{"@context":"https:\/\/schema.org","@graph":[{"@type":"WebSite","@id":"http:\/\/rekongem.hu\/#website","url":"http:\/\/rekongem.hu\/","name":"Emspoma webshop","description":"","potentialAction":[{"@type":"SearchAction","target":{"@type":"EntryPoint","urlTemplate":"http:\/\/rekongem.hu\/?s={search_term_string}"},"query-input":"required name=search_term_string"}],"inLanguage":"hu"},{"@type":"ImageObject","@id":"http:\/\/rekongem.hu\/?product=luna-sepruvenara-krem-b3-vitaminnal-150-ml#primaryimage","inLanguage":"hu","url":"http:\/\/rekongem.hu\/wp-content\/uploads\/2025\/01\/LUNA-Sepruvenara-krem-150-ml.jpg","contentUrl":"http:\/\/rekongem.hu\/wp-content\/uploads\/2025\/01\/LUNA-Sepruvenara-krem-150-ml.jpg","width":400,"height":400},{"@type":"WebPage","@id":"http:\/\/rekongem.hu\/?product=luna-sepruvenara-krem-b3-vitaminnal-150-ml#webpage","url":"http:\/\/rekongem.hu\/?product=luna-sepruvenara-krem-b3-vitaminnal-150-ml","name":"Dr.Kelen Sepr\u0171v\u00e9n\u00e1ra kr\u00e9m 100 ml - Emspoma webshop","isPartOf":{"@id":"http:\/\/rekongem.hu\/#website"},"primaryImageOfPage":{"@id":"http:\/\/rekongem.hu\/?product=luna-sepruvenara-krem-b3-vitaminnal-150-ml#primaryimage"},"datePublished":"2016-07-12T19:07:37+00:00","dateModified":"2026-01-14T07:56:22+00:00","breadcrumb":{"@id":"http:\/\/rekongem.hu\/?product=luna-sepruvenara-krem-b3-vitaminnal-150-ml#breadcrumb"},"inLanguage":"hu","potentialAction":[{"@type":"ReadAction","target":["http:\/\/rekongem.hu\/?product=luna-sepruvenara-krem-b3-vitaminnal-150-ml"]}]},{"@type":"BreadcrumbList","@id":"http:\/\/rekongem.hu\/?product=luna-sepruvenara-krem-b3-vitaminnal-150-ml#breadcrumb","itemListElement":[{"@type":"ListItem","position":1,"name":"Home","item":"http:\/\/rekongem.hu\/"},{"@type":"ListItem","position":2,"name":"\u00dczlet","item":"http:\/\/rekongem.hu\/?page_id=4"},{"@type":"ListItem","position":3,"name":"Dr.Kelen Sepr\u0171v\u00e9n\u00e1ra kr\u00e9m 100 ml"}]}]}},"_links":{"self":[{"href":"http:\/\/rekongem.hu\/index.php?rest_route=\/wp\/v2\/product\/765"}],"collection":[{"href":"http:\/\/rekongem.hu\/index.php?rest_route=\/wp\/v2\/product"}],"about":[{"href":"http:\/\/rekongem.hu\/index.php?rest_route=\/wp\/v2\/types\/product"}],"wp:featuredmedia":[{"embeddable":true,"href":"http:\/\/rekongem.hu\/index.php?rest_route=\/wp\/v2\/media\/2738"}],"wp:attachment":[{"href":"http:\/\/rekongem.hu\/index.php?rest_route=%2Fwp%2Fv2%2Fmedia&parent=765"}],"wp:term":[{"taxonomy":"product_cat","embeddable":true,"href":"http:\/\/rekongem.hu\/index.php?rest_route=%2Fwp%2Fv2%2Fproduct_cat&post=765"},{"taxonomy":"product_tag","embeddable":true,"href":"http:\/\/rekongem.hu\/index.php?rest_route=%2Fwp%2Fv2%2Fproduct_tag&post=765"}],"curies":[{"name":"wp","href":"https:\/\/api.w.org\/{rel}","templated":true}]}}