{"id":754,"date":"2016-07-12T09:48:10","date_gmt":"2016-07-12T09:48:10","guid":{"rendered":"http:\/\/jadebeauty.hu\/?post_type=product&#038;p=754"},"modified":"2026-01-14T07:56:22","modified_gmt":"2026-01-14T07:56:22","slug":"luna-gyogyfuves-sosborszesz-gel-150-ml","status":"publish","type":"product","link":"http:\/\/rekongem.hu\/?product=luna-gyogyfuves-sosborszesz-gel-150-ml","title":{"rendered":"Dr.Kelen Gy\u00f3gyf\u00fcves s\u00f3sborszesz g\u00e9l 150 ml"},"content":{"rendered":"","protected":false},"excerpt":{"rendered":"<p>Kerti vagy egy\u00e9b meger\u0151ltet\u0151 munka ut\u00e1n az ig\u00e9nybe vett testr\u00e9sz bed\u00f6rzs\u00f6l\u00e9s\u00e9re kimondottan aj\u00e1nlott. Id\u0151s, fekv\u0151 emberek v\u00e9rkering\u00e9s\u00e9nek jav\u00edt\u00e1s\u00e1ra is sikerrel alkalmazhat\u00f3. A gy\u00f3gyn\u00f6v\u00e9nyek ill\u00f3olaj-kombin\u00e1ci\u00f3j\u00e1t (Herbal-System) tartalmaz\u00f3 k\u00e9sz\u00edtm\u00e9ny b\u0151rbar\u00e1t \u00f6sszet\u00e9tele biztos\u00edtja, hogy \u00e9rz\u00e9keny b\u0151r\u0171ek r\u00e9sz\u00e9re is aj\u00e1nlott. Felvitel ut\u00e1n azonnal besz\u00edv\u00f3dik. Kellemesen h\u0171s\u00edt, friss\u00edt.Haszn\u00e1lata naponta 2-3 alkalommal javasolt. Amennyiben olyan k\u00e9sz\u00edtm\u00e9nyt haszn\u00e1lna sz\u00edvesebben a fenti panaszokra, amely optim\u00e1lis ideig tart\u00f3 massz\u00edroz\u00e1st is lehet\u0151v\u00e9 tesz, akkor v\u00e1lassza a Luna Bor\u00f3k\u00e1s emulg\u00e9lt.<\/p>\n","protected":false},"featured_media":2736,"template":"","meta":[],"product_cat":[61,153],"product_tag":[90,155,152,154],"yoast_head":"<!-- This site is optimized with the Yoast SEO plugin v17.4 - https:\/\/yoast.com\/wordpress\/plugins\/seo\/ -->\n<title>Dr.Kelen Gy\u00f3gyf\u00fcves s\u00f3sborszesz g\u00e9l 150 ml - Emspoma webshop<\/title>\n<meta name=\"robots\" content=\"index, follow, max-snippet:-1, max-image-preview:large, max-video-preview:-1\" \/>\n<link rel=\"canonical\" href=\"http:\/\/rekongem.hu\/?product=luna-gyogyfuves-sosborszesz-gel-150-ml\" \/>\n<meta property=\"og:locale\" content=\"hu_HU\" \/>\n<meta property=\"og:type\" content=\"article\" \/>\n<meta property=\"og:title\" content=\"Dr.Kelen Gy\u00f3gyf\u00fcves s\u00f3sborszesz g\u00e9l 150 ml - Emspoma webshop\" \/>\n<meta property=\"og:description\" content=\"Kerti vagy egy\u00e9b meger\u0151ltet\u0151 munka ut\u00e1n az ig\u00e9nybe vett testr\u00e9sz bed\u00f6rzs\u00f6l\u00e9s\u00e9re kimondottan aj\u00e1nlott. Id\u0151s, fekv\u0151 emberek v\u00e9rkering\u00e9s\u00e9nek jav\u00edt\u00e1s\u00e1ra is sikerrel alkalmazhat\u00f3. A gy\u00f3gyn\u00f6v\u00e9nyek ill\u00f3olaj-kombin\u00e1ci\u00f3j\u00e1t (Herbal-System) tartalmaz\u00f3 k\u00e9sz\u00edtm\u00e9ny b\u0151rbar\u00e1t \u00f6sszet\u00e9tele biztos\u00edtja, hogy \u00e9rz\u00e9keny b\u0151r\u0171ek r\u00e9sz\u00e9re is aj\u00e1nlott. Felvitel ut\u00e1n azonnal besz\u00edv\u00f3dik. Kellemesen h\u0171s\u00edt, friss\u00edt.Haszn\u00e1lata naponta 2-3 alkalommal javasolt. Amennyiben olyan k\u00e9sz\u00edtm\u00e9nyt haszn\u00e1lna sz\u00edvesebben a fenti panaszokra, amely optim\u00e1lis ideig tart\u00f3 massz\u00edroz\u00e1st is lehet\u0151v\u00e9 tesz, akkor v\u00e1lassza a Luna Bor\u00f3k\u00e1s emulg\u00e9lt.\" \/>\n<meta property=\"og:url\" content=\"http:\/\/rekongem.hu\/?product=luna-gyogyfuves-sosborszesz-gel-150-ml\" \/>\n<meta property=\"og:site_name\" content=\"Emspoma webshop\" \/>\n<meta property=\"article:publisher\" content=\"https:\/\/www.facebook.com\/masszazsbirodalom\/\" \/>\n<meta property=\"article:modified_time\" content=\"2026-01-14T07:56:22+00:00\" \/>\n<meta property=\"og:image\" content=\"http:\/\/rekongem.hu\/wp-content\/uploads\/2025\/01\/LUNA-Gyogyfuves-sosborszesz-gel-pezsdito-150-ml.jpg\" \/>\n\t<meta property=\"og:image:width\" content=\"400\" \/>\n\t<meta property=\"og:image:height\" content=\"400\" \/>\n<meta name=\"twitter:card\" content=\"summary\" \/>\n<meta name=\"twitter:site\" content=\"@masszazs_bir\" \/>\n<script type=\"application\/ld+json\" class=\"yoast-schema-graph\">{\"@context\":\"https:\/\/schema.org\",\"@graph\":[{\"@type\":\"WebSite\",\"@id\":\"http:\/\/rekongem.hu\/#website\",\"url\":\"http:\/\/rekongem.hu\/\",\"name\":\"Emspoma webshop\",\"description\":\"\",\"potentialAction\":[{\"@type\":\"SearchAction\",\"target\":{\"@type\":\"EntryPoint\",\"urlTemplate\":\"http:\/\/rekongem.hu\/?s={search_term_string}\"},\"query-input\":\"required name=search_term_string\"}],\"inLanguage\":\"hu\"},{\"@type\":\"ImageObject\",\"@id\":\"http:\/\/rekongem.hu\/?product=luna-gyogyfuves-sosborszesz-gel-150-ml#primaryimage\",\"inLanguage\":\"hu\",\"url\":\"http:\/\/rekongem.hu\/wp-content\/uploads\/2025\/01\/LUNA-Gyogyfuves-sosborszesz-gel-pezsdito-150-ml.jpg\",\"contentUrl\":\"http:\/\/rekongem.hu\/wp-content\/uploads\/2025\/01\/LUNA-Gyogyfuves-sosborszesz-gel-pezsdito-150-ml.jpg\",\"width\":400,\"height\":400},{\"@type\":\"WebPage\",\"@id\":\"http:\/\/rekongem.hu\/?product=luna-gyogyfuves-sosborszesz-gel-150-ml#webpage\",\"url\":\"http:\/\/rekongem.hu\/?product=luna-gyogyfuves-sosborszesz-gel-150-ml\",\"name\":\"Dr.Kelen Gy\\u00f3gyf\\u00fcves s\\u00f3sborszesz g\\u00e9l 150 ml - Emspoma webshop\",\"isPartOf\":{\"@id\":\"http:\/\/rekongem.hu\/#website\"},\"primaryImageOfPage\":{\"@id\":\"http:\/\/rekongem.hu\/?product=luna-gyogyfuves-sosborszesz-gel-150-ml#primaryimage\"},\"datePublished\":\"2016-07-12T09:48:10+00:00\",\"dateModified\":\"2026-01-14T07:56:22+00:00\",\"breadcrumb\":{\"@id\":\"http:\/\/rekongem.hu\/?product=luna-gyogyfuves-sosborszesz-gel-150-ml#breadcrumb\"},\"inLanguage\":\"hu\",\"potentialAction\":[{\"@type\":\"ReadAction\",\"target\":[\"http:\/\/rekongem.hu\/?product=luna-gyogyfuves-sosborszesz-gel-150-ml\"]}]},{\"@type\":\"BreadcrumbList\",\"@id\":\"http:\/\/rekongem.hu\/?product=luna-gyogyfuves-sosborszesz-gel-150-ml#breadcrumb\",\"itemListElement\":[{\"@type\":\"ListItem\",\"position\":1,\"name\":\"Home\",\"item\":\"http:\/\/rekongem.hu\/\"},{\"@type\":\"ListItem\",\"position\":2,\"name\":\"\\u00dczlet\",\"item\":\"http:\/\/rekongem.hu\/?page_id=4\"},{\"@type\":\"ListItem\",\"position\":3,\"name\":\"Dr.Kelen Gy\\u00f3gyf\\u00fcves s\\u00f3sborszesz g\\u00e9l 150 ml\"}]}]}<\/script>\n<!-- \/ Yoast SEO plugin. -->","yoast_head_json":{"title":"Dr.Kelen Gy\u00f3gyf\u00fcves s\u00f3sborszesz g\u00e9l 150 ml - Emspoma webshop","robots":{"index":"index","follow":"follow","max-snippet":"max-snippet:-1","max-image-preview":"max-image-preview:large","max-video-preview":"max-video-preview:-1"},"canonical":"http:\/\/rekongem.hu\/?product=luna-gyogyfuves-sosborszesz-gel-150-ml","og_locale":"hu_HU","og_type":"article","og_title":"Dr.Kelen Gy\u00f3gyf\u00fcves s\u00f3sborszesz g\u00e9l 150 ml - Emspoma webshop","og_description":"Kerti vagy egy\u00e9b meger\u0151ltet\u0151 munka ut\u00e1n az ig\u00e9nybe vett testr\u00e9sz bed\u00f6rzs\u00f6l\u00e9s\u00e9re kimondottan aj\u00e1nlott. Id\u0151s, fekv\u0151 emberek v\u00e9rkering\u00e9s\u00e9nek jav\u00edt\u00e1s\u00e1ra is sikerrel alkalmazhat\u00f3. A gy\u00f3gyn\u00f6v\u00e9nyek ill\u00f3olaj-kombin\u00e1ci\u00f3j\u00e1t (Herbal-System) tartalmaz\u00f3 k\u00e9sz\u00edtm\u00e9ny b\u0151rbar\u00e1t \u00f6sszet\u00e9tele biztos\u00edtja, hogy \u00e9rz\u00e9keny b\u0151r\u0171ek r\u00e9sz\u00e9re is aj\u00e1nlott. Felvitel ut\u00e1n azonnal besz\u00edv\u00f3dik. Kellemesen h\u0171s\u00edt, friss\u00edt.Haszn\u00e1lata naponta 2-3 alkalommal javasolt. Amennyiben olyan k\u00e9sz\u00edtm\u00e9nyt haszn\u00e1lna sz\u00edvesebben a fenti panaszokra, amely optim\u00e1lis ideig tart\u00f3 massz\u00edroz\u00e1st is lehet\u0151v\u00e9 tesz, akkor v\u00e1lassza a Luna Bor\u00f3k\u00e1s emulg\u00e9lt.","og_url":"http:\/\/rekongem.hu\/?product=luna-gyogyfuves-sosborszesz-gel-150-ml","og_site_name":"Emspoma webshop","article_publisher":"https:\/\/www.facebook.com\/masszazsbirodalom\/","article_modified_time":"2026-01-14T07:56:22+00:00","og_image":[{"width":400,"height":400,"url":"http:\/\/rekongem.hu\/wp-content\/uploads\/2025\/01\/LUNA-Gyogyfuves-sosborszesz-gel-pezsdito-150-ml.jpg","type":"image\/jpeg"}],"twitter_card":"summary","twitter_site":"@masszazs_bir","schema":{"@context":"https:\/\/schema.org","@graph":[{"@type":"WebSite","@id":"http:\/\/rekongem.hu\/#website","url":"http:\/\/rekongem.hu\/","name":"Emspoma webshop","description":"","potentialAction":[{"@type":"SearchAction","target":{"@type":"EntryPoint","urlTemplate":"http:\/\/rekongem.hu\/?s={search_term_string}"},"query-input":"required name=search_term_string"}],"inLanguage":"hu"},{"@type":"ImageObject","@id":"http:\/\/rekongem.hu\/?product=luna-gyogyfuves-sosborszesz-gel-150-ml#primaryimage","inLanguage":"hu","url":"http:\/\/rekongem.hu\/wp-content\/uploads\/2025\/01\/LUNA-Gyogyfuves-sosborszesz-gel-pezsdito-150-ml.jpg","contentUrl":"http:\/\/rekongem.hu\/wp-content\/uploads\/2025\/01\/LUNA-Gyogyfuves-sosborszesz-gel-pezsdito-150-ml.jpg","width":400,"height":400},{"@type":"WebPage","@id":"http:\/\/rekongem.hu\/?product=luna-gyogyfuves-sosborszesz-gel-150-ml#webpage","url":"http:\/\/rekongem.hu\/?product=luna-gyogyfuves-sosborszesz-gel-150-ml","name":"Dr.Kelen Gy\u00f3gyf\u00fcves s\u00f3sborszesz g\u00e9l 150 ml - Emspoma webshop","isPartOf":{"@id":"http:\/\/rekongem.hu\/#website"},"primaryImageOfPage":{"@id":"http:\/\/rekongem.hu\/?product=luna-gyogyfuves-sosborszesz-gel-150-ml#primaryimage"},"datePublished":"2016-07-12T09:48:10+00:00","dateModified":"2026-01-14T07:56:22+00:00","breadcrumb":{"@id":"http:\/\/rekongem.hu\/?product=luna-gyogyfuves-sosborszesz-gel-150-ml#breadcrumb"},"inLanguage":"hu","potentialAction":[{"@type":"ReadAction","target":["http:\/\/rekongem.hu\/?product=luna-gyogyfuves-sosborszesz-gel-150-ml"]}]},{"@type":"BreadcrumbList","@id":"http:\/\/rekongem.hu\/?product=luna-gyogyfuves-sosborszesz-gel-150-ml#breadcrumb","itemListElement":[{"@type":"ListItem","position":1,"name":"Home","item":"http:\/\/rekongem.hu\/"},{"@type":"ListItem","position":2,"name":"\u00dczlet","item":"http:\/\/rekongem.hu\/?page_id=4"},{"@type":"ListItem","position":3,"name":"Dr.Kelen Gy\u00f3gyf\u00fcves s\u00f3sborszesz g\u00e9l 150 ml"}]}]}},"_links":{"self":[{"href":"http:\/\/rekongem.hu\/index.php?rest_route=\/wp\/v2\/product\/754"}],"collection":[{"href":"http:\/\/rekongem.hu\/index.php?rest_route=\/wp\/v2\/product"}],"about":[{"href":"http:\/\/rekongem.hu\/index.php?rest_route=\/wp\/v2\/types\/product"}],"wp:featuredmedia":[{"embeddable":true,"href":"http:\/\/rekongem.hu\/index.php?rest_route=\/wp\/v2\/media\/2736"}],"wp:attachment":[{"href":"http:\/\/rekongem.hu\/index.php?rest_route=%2Fwp%2Fv2%2Fmedia&parent=754"}],"wp:term":[{"taxonomy":"product_cat","embeddable":true,"href":"http:\/\/rekongem.hu\/index.php?rest_route=%2Fwp%2Fv2%2Fproduct_cat&post=754"},{"taxonomy":"product_tag","embeddable":true,"href":"http:\/\/rekongem.hu\/index.php?rest_route=%2Fwp%2Fv2%2Fproduct_tag&post=754"}],"curies":[{"name":"wp","href":"https:\/\/api.w.org\/{rel}","templated":true}]}}