{"id":735,"date":"2016-07-10T11:01:39","date_gmt":"2016-07-10T11:01:39","guid":{"rendered":"http:\/\/jadebeauty.hu\/?post_type=product&#038;p=735"},"modified":"2025-08-20T11:29:49","modified_gmt":"2025-08-20T11:29:49","slug":"kozmetikai-folia","status":"publish","type":"product","link":"http:\/\/rekongem.hu\/?product=kozmetikai-folia","title":{"rendered":"Kozmetikai f\u00f3lia"},"content":{"rendered":"","protected":false},"excerpt":{"rendered":"<p>Nagy rugalmass\u00e1g\u00fa polietil\u00e9n f\u00f3lia, kifejezetten testtekercsel\u00e9sre<\/p>\n<p>80 m\u00e9ter, 20,5 cm sz\u00e9les<\/p>\n<p>Narancsb\u00f5r (Cellulitisz) kezel\u00e9shez, testform\u00e1l\u00e1shoz, fogyaszt\u00e1shoz, b\u00f5r feszes\u00edt\u00e9shez,aromater\u00e1pi\u00e1s tekercsel\u00e9shez, kr\u00e9m-, iszap- \u00e9s s\u00f3 pakol\u00e1shoz.<\/p>\n<p>A testband\u00e1zs f\u00f3lia nem l\u00e9p reakci\u00f3ba a felhaszn\u00e1lt kr\u00e9mekkel. Aj\u00e1nlott b\u00e1rmilyen m\u00e1rk\u00e1j\u00fa testkezel\u0151 k\u00e9sz\u00edtm\u00e9nyekhez. A kezel\u00e9s hat\u00e1s\u00e1ra felgyorsulnak a m\u00e9regtelen\u00edt\u0151 folyamatok, fokoz\u00f3dik a nyirokrendszer m\u0171k\u00f6d\u00e9se, feszesedik a b\u0151r, \u00e9s a zs\u00edrsz\u00f6vetek anyagcser\u00e9je is intenz\u00edvebb\u00e9 v\u00e1lik.<\/p>\n","protected":false},"featured_media":1456,"template":"","meta":[],"product_cat":[137],"product_tag":[95,146,147,148],"yoast_head":"<!-- This site is optimized with the Yoast SEO plugin v17.4 - https:\/\/yoast.com\/wordpress\/plugins\/seo\/ -->\n<title>Kozmetikai f\u00f3lia - Emspoma webshop<\/title>\n<meta name=\"robots\" content=\"index, follow, max-snippet:-1, max-image-preview:large, max-video-preview:-1\" \/>\n<link rel=\"canonical\" href=\"http:\/\/rekongem.hu\/?product=kozmetikai-folia\" \/>\n<meta property=\"og:locale\" content=\"hu_HU\" \/>\n<meta property=\"og:type\" content=\"article\" \/>\n<meta property=\"og:title\" content=\"Kozmetikai f\u00f3lia - Emspoma webshop\" \/>\n<meta property=\"og:description\" content=\"Nagy rugalmass\u00e1g\u00fa polietil\u00e9n f\u00f3lia, kifejezetten testtekercsel\u00e9sre 80 m\u00e9ter, 20,5 cm sz\u00e9les Narancsb\u00f5r (Cellulitisz) kezel\u00e9shez, testform\u00e1l\u00e1shoz, fogyaszt\u00e1shoz, b\u00f5r feszes\u00edt\u00e9shez,aromater\u00e1pi\u00e1s tekercsel\u00e9shez, kr\u00e9m-, iszap- \u00e9s s\u00f3 pakol\u00e1shoz. A testband\u00e1zs f\u00f3lia nem l\u00e9p reakci\u00f3ba a felhaszn\u00e1lt kr\u00e9mekkel. Aj\u00e1nlott b\u00e1rmilyen m\u00e1rk\u00e1j\u00fa testkezel\u0151 k\u00e9sz\u00edtm\u00e9nyekhez. A kezel\u00e9s hat\u00e1s\u00e1ra felgyorsulnak a m\u00e9regtelen\u00edt\u0151 folyamatok, fokoz\u00f3dik a nyirokrendszer m\u0171k\u00f6d\u00e9se, feszesedik a b\u0151r, \u00e9s a zs\u00edrsz\u00f6vetek anyagcser\u00e9je is intenz\u00edvebb\u00e9 v\u00e1lik.\" \/>\n<meta property=\"og:url\" content=\"http:\/\/rekongem.hu\/?product=kozmetikai-folia\" \/>\n<meta property=\"og:site_name\" content=\"Emspoma webshop\" \/>\n<meta property=\"article:publisher\" content=\"https:\/\/www.facebook.com\/masszazsbirodalom\/\" \/>\n<meta property=\"article:modified_time\" content=\"2025-08-20T11:29:49+00:00\" \/>\n<meta property=\"og:image\" content=\"http:\/\/rekongem.hu\/wp-content\/uploads\/2016\/09\/f\u00f3lia.jpg\" \/>\n\t<meta property=\"og:image:width\" content=\"300\" \/>\n\t<meta property=\"og:image:height\" content=\"300\" \/>\n<meta name=\"twitter:card\" content=\"summary\" \/>\n<meta name=\"twitter:site\" content=\"@masszazs_bir\" \/>\n<script type=\"application\/ld+json\" class=\"yoast-schema-graph\">{\"@context\":\"https:\/\/schema.org\",\"@graph\":[{\"@type\":\"WebSite\",\"@id\":\"http:\/\/rekongem.hu\/#website\",\"url\":\"http:\/\/rekongem.hu\/\",\"name\":\"Emspoma webshop\",\"description\":\"\",\"potentialAction\":[{\"@type\":\"SearchAction\",\"target\":{\"@type\":\"EntryPoint\",\"urlTemplate\":\"http:\/\/rekongem.hu\/?s={search_term_string}\"},\"query-input\":\"required name=search_term_string\"}],\"inLanguage\":\"hu\"},{\"@type\":\"ImageObject\",\"@id\":\"http:\/\/rekongem.hu\/?product=kozmetikai-folia#primaryimage\",\"inLanguage\":\"hu\",\"url\":\"http:\/\/rekongem.hu\/wp-content\/uploads\/2016\/09\/f\\u00f3lia.jpg\",\"contentUrl\":\"http:\/\/rekongem.hu\/wp-content\/uploads\/2016\/09\/f\\u00f3lia.jpg\",\"width\":300,\"height\":300,\"caption\":\"Kozmetikai f\\u00f3lia\"},{\"@type\":\"WebPage\",\"@id\":\"http:\/\/rekongem.hu\/?product=kozmetikai-folia#webpage\",\"url\":\"http:\/\/rekongem.hu\/?product=kozmetikai-folia\",\"name\":\"Kozmetikai f\\u00f3lia - Emspoma webshop\",\"isPartOf\":{\"@id\":\"http:\/\/rekongem.hu\/#website\"},\"primaryImageOfPage\":{\"@id\":\"http:\/\/rekongem.hu\/?product=kozmetikai-folia#primaryimage\"},\"datePublished\":\"2016-07-10T11:01:39+00:00\",\"dateModified\":\"2025-08-20T11:29:49+00:00\",\"breadcrumb\":{\"@id\":\"http:\/\/rekongem.hu\/?product=kozmetikai-folia#breadcrumb\"},\"inLanguage\":\"hu\",\"potentialAction\":[{\"@type\":\"ReadAction\",\"target\":[\"http:\/\/rekongem.hu\/?product=kozmetikai-folia\"]}]},{\"@type\":\"BreadcrumbList\",\"@id\":\"http:\/\/rekongem.hu\/?product=kozmetikai-folia#breadcrumb\",\"itemListElement\":[{\"@type\":\"ListItem\",\"position\":1,\"name\":\"Home\",\"item\":\"http:\/\/rekongem.hu\/\"},{\"@type\":\"ListItem\",\"position\":2,\"name\":\"\\u00dczlet\",\"item\":\"http:\/\/rekongem.hu\/?page_id=4\"},{\"@type\":\"ListItem\",\"position\":3,\"name\":\"Kozmetikai f\\u00f3lia\"}]}]}<\/script>\n<!-- \/ Yoast SEO plugin. -->","yoast_head_json":{"title":"Kozmetikai f\u00f3lia - Emspoma webshop","robots":{"index":"index","follow":"follow","max-snippet":"max-snippet:-1","max-image-preview":"max-image-preview:large","max-video-preview":"max-video-preview:-1"},"canonical":"http:\/\/rekongem.hu\/?product=kozmetikai-folia","og_locale":"hu_HU","og_type":"article","og_title":"Kozmetikai f\u00f3lia - Emspoma webshop","og_description":"Nagy rugalmass\u00e1g\u00fa polietil\u00e9n f\u00f3lia, kifejezetten testtekercsel\u00e9sre 80 m\u00e9ter, 20,5 cm sz\u00e9les Narancsb\u00f5r (Cellulitisz) kezel\u00e9shez, testform\u00e1l\u00e1shoz, fogyaszt\u00e1shoz, b\u00f5r feszes\u00edt\u00e9shez,aromater\u00e1pi\u00e1s tekercsel\u00e9shez, kr\u00e9m-, iszap- \u00e9s s\u00f3 pakol\u00e1shoz. A testband\u00e1zs f\u00f3lia nem l\u00e9p reakci\u00f3ba a felhaszn\u00e1lt kr\u00e9mekkel. Aj\u00e1nlott b\u00e1rmilyen m\u00e1rk\u00e1j\u00fa testkezel\u0151 k\u00e9sz\u00edtm\u00e9nyekhez. A kezel\u00e9s hat\u00e1s\u00e1ra felgyorsulnak a m\u00e9regtelen\u00edt\u0151 folyamatok, fokoz\u00f3dik a nyirokrendszer m\u0171k\u00f6d\u00e9se, feszesedik a b\u0151r, \u00e9s a zs\u00edrsz\u00f6vetek anyagcser\u00e9je is intenz\u00edvebb\u00e9 v\u00e1lik.","og_url":"http:\/\/rekongem.hu\/?product=kozmetikai-folia","og_site_name":"Emspoma webshop","article_publisher":"https:\/\/www.facebook.com\/masszazsbirodalom\/","article_modified_time":"2025-08-20T11:29:49+00:00","og_image":[{"width":300,"height":300,"url":"http:\/\/rekongem.hu\/wp-content\/uploads\/2016\/09\/f\u00f3lia.jpg","type":"image\/jpeg"}],"twitter_card":"summary","twitter_site":"@masszazs_bir","schema":{"@context":"https:\/\/schema.org","@graph":[{"@type":"WebSite","@id":"http:\/\/rekongem.hu\/#website","url":"http:\/\/rekongem.hu\/","name":"Emspoma webshop","description":"","potentialAction":[{"@type":"SearchAction","target":{"@type":"EntryPoint","urlTemplate":"http:\/\/rekongem.hu\/?s={search_term_string}"},"query-input":"required name=search_term_string"}],"inLanguage":"hu"},{"@type":"ImageObject","@id":"http:\/\/rekongem.hu\/?product=kozmetikai-folia#primaryimage","inLanguage":"hu","url":"http:\/\/rekongem.hu\/wp-content\/uploads\/2016\/09\/f\u00f3lia.jpg","contentUrl":"http:\/\/rekongem.hu\/wp-content\/uploads\/2016\/09\/f\u00f3lia.jpg","width":300,"height":300,"caption":"Kozmetikai f\u00f3lia"},{"@type":"WebPage","@id":"http:\/\/rekongem.hu\/?product=kozmetikai-folia#webpage","url":"http:\/\/rekongem.hu\/?product=kozmetikai-folia","name":"Kozmetikai f\u00f3lia - Emspoma webshop","isPartOf":{"@id":"http:\/\/rekongem.hu\/#website"},"primaryImageOfPage":{"@id":"http:\/\/rekongem.hu\/?product=kozmetikai-folia#primaryimage"},"datePublished":"2016-07-10T11:01:39+00:00","dateModified":"2025-08-20T11:29:49+00:00","breadcrumb":{"@id":"http:\/\/rekongem.hu\/?product=kozmetikai-folia#breadcrumb"},"inLanguage":"hu","potentialAction":[{"@type":"ReadAction","target":["http:\/\/rekongem.hu\/?product=kozmetikai-folia"]}]},{"@type":"BreadcrumbList","@id":"http:\/\/rekongem.hu\/?product=kozmetikai-folia#breadcrumb","itemListElement":[{"@type":"ListItem","position":1,"name":"Home","item":"http:\/\/rekongem.hu\/"},{"@type":"ListItem","position":2,"name":"\u00dczlet","item":"http:\/\/rekongem.hu\/?page_id=4"},{"@type":"ListItem","position":3,"name":"Kozmetikai f\u00f3lia"}]}]}},"_links":{"self":[{"href":"http:\/\/rekongem.hu\/index.php?rest_route=\/wp\/v2\/product\/735"}],"collection":[{"href":"http:\/\/rekongem.hu\/index.php?rest_route=\/wp\/v2\/product"}],"about":[{"href":"http:\/\/rekongem.hu\/index.php?rest_route=\/wp\/v2\/types\/product"}],"wp:featuredmedia":[{"embeddable":true,"href":"http:\/\/rekongem.hu\/index.php?rest_route=\/wp\/v2\/media\/1456"}],"wp:attachment":[{"href":"http:\/\/rekongem.hu\/index.php?rest_route=%2Fwp%2Fv2%2Fmedia&parent=735"}],"wp:term":[{"taxonomy":"product_cat","embeddable":true,"href":"http:\/\/rekongem.hu\/index.php?rest_route=%2Fwp%2Fv2%2Fproduct_cat&post=735"},{"taxonomy":"product_tag","embeddable":true,"href":"http:\/\/rekongem.hu\/index.php?rest_route=%2Fwp%2Fv2%2Fproduct_tag&post=735"}],"curies":[{"name":"wp","href":"https:\/\/api.w.org\/{rel}","templated":true}]}}