{"id":733,"date":"2016-07-10T10:51:07","date_gmt":"2016-07-10T10:51:07","guid":{"rendered":"http:\/\/jadebeauty.hu\/?post_type=product&#038;p=733"},"modified":"2025-01-25T10:40:53","modified_gmt":"2025-01-25T10:40:53","slug":"frottir-fejreszhuzat","status":"publish","type":"product","link":"http:\/\/rekongem.hu\/?product=frottir-fejreszhuzat","title":{"rendered":"Frott\u00edr fejr\u00e9szhuzat"},"content":{"rendered":"","protected":false},"excerpt":{"rendered":"<p>A finom frott\u00edr anyagb\u00f3l k\u00e9sz\u00fclt fejr\u00e9sz huzat emeli a kezel\u00e9s higi\u00e9ni\u00e1j\u00e1t. T\u00f6bb sz\u00ednben kaphat\u00f3: feh\u00e9r, s\u00e1rga, k\u00e9k, z\u00f6ld, b\u00e9zs, barna, sz\u00fcrke.<\/p>\n","protected":false},"featured_media":1955,"template":"","meta":[],"product_cat":[137],"product_tag":[145,142,143],"yoast_head":"<!-- This site is optimized with the Yoast SEO plugin v17.4 - https:\/\/yoast.com\/wordpress\/plugins\/seo\/ -->\n<title>Frott\u00edr fejr\u00e9szhuzat - Emspoma webshop<\/title>\n<meta name=\"robots\" content=\"index, follow, max-snippet:-1, max-image-preview:large, max-video-preview:-1\" \/>\n<link rel=\"canonical\" href=\"http:\/\/rekongem.hu\/?product=frottir-fejreszhuzat\" \/>\n<meta property=\"og:locale\" content=\"hu_HU\" \/>\n<meta property=\"og:type\" content=\"article\" \/>\n<meta property=\"og:title\" content=\"Frott\u00edr fejr\u00e9szhuzat - Emspoma webshop\" \/>\n<meta property=\"og:description\" content=\"A finom frott\u00edr anyagb\u00f3l k\u00e9sz\u00fclt fejr\u00e9sz huzat emeli a kezel\u00e9s higi\u00e9ni\u00e1j\u00e1t. T\u00f6bb sz\u00ednben kaphat\u00f3: feh\u00e9r, s\u00e1rga, k\u00e9k, z\u00f6ld, b\u00e9zs, barna, sz\u00fcrke.\" \/>\n<meta property=\"og:url\" content=\"http:\/\/rekongem.hu\/?product=frottir-fejreszhuzat\" \/>\n<meta property=\"og:site_name\" content=\"Emspoma webshop\" \/>\n<meta property=\"article:publisher\" content=\"https:\/\/www.facebook.com\/masszazsbirodalom\/\" \/>\n<meta property=\"article:modified_time\" content=\"2025-01-25T10:40:53+00:00\" \/>\n<meta property=\"og:image\" content=\"http:\/\/rekongem.hu\/wp-content\/uploads\/2016\/07\/frott\u00edr-fejr\u00e9szhuzat.jpg\" \/>\n\t<meta property=\"og:image:width\" content=\"300\" \/>\n\t<meta property=\"og:image:height\" content=\"300\" \/>\n<meta name=\"twitter:card\" content=\"summary\" \/>\n<meta name=\"twitter:site\" content=\"@masszazs_bir\" \/>\n<script type=\"application\/ld+json\" class=\"yoast-schema-graph\">{\"@context\":\"https:\/\/schema.org\",\"@graph\":[{\"@type\":\"WebSite\",\"@id\":\"http:\/\/rekongem.hu\/#website\",\"url\":\"http:\/\/rekongem.hu\/\",\"name\":\"Emspoma webshop\",\"description\":\"\",\"potentialAction\":[{\"@type\":\"SearchAction\",\"target\":{\"@type\":\"EntryPoint\",\"urlTemplate\":\"http:\/\/rekongem.hu\/?s={search_term_string}\"},\"query-input\":\"required name=search_term_string\"}],\"inLanguage\":\"hu\"},{\"@type\":\"ImageObject\",\"@id\":\"http:\/\/rekongem.hu\/?product=frottir-fejreszhuzat#primaryimage\",\"inLanguage\":\"hu\",\"url\":\"http:\/\/rekongem.hu\/wp-content\/uploads\/2016\/07\/frott\\u00edr-fejr\\u00e9szhuzat.jpg\",\"contentUrl\":\"http:\/\/rekongem.hu\/wp-content\/uploads\/2016\/07\/frott\\u00edr-fejr\\u00e9szhuzat.jpg\",\"width\":300,\"height\":300,\"caption\":\"frott\\u00edr fejr\\u00e9szhuzat\"},{\"@type\":\"WebPage\",\"@id\":\"http:\/\/rekongem.hu\/?product=frottir-fejreszhuzat#webpage\",\"url\":\"http:\/\/rekongem.hu\/?product=frottir-fejreszhuzat\",\"name\":\"Frott\\u00edr fejr\\u00e9szhuzat - Emspoma webshop\",\"isPartOf\":{\"@id\":\"http:\/\/rekongem.hu\/#website\"},\"primaryImageOfPage\":{\"@id\":\"http:\/\/rekongem.hu\/?product=frottir-fejreszhuzat#primaryimage\"},\"datePublished\":\"2016-07-10T10:51:07+00:00\",\"dateModified\":\"2025-01-25T10:40:53+00:00\",\"breadcrumb\":{\"@id\":\"http:\/\/rekongem.hu\/?product=frottir-fejreszhuzat#breadcrumb\"},\"inLanguage\":\"hu\",\"potentialAction\":[{\"@type\":\"ReadAction\",\"target\":[\"http:\/\/rekongem.hu\/?product=frottir-fejreszhuzat\"]}]},{\"@type\":\"BreadcrumbList\",\"@id\":\"http:\/\/rekongem.hu\/?product=frottir-fejreszhuzat#breadcrumb\",\"itemListElement\":[{\"@type\":\"ListItem\",\"position\":1,\"name\":\"Home\",\"item\":\"http:\/\/rekongem.hu\/\"},{\"@type\":\"ListItem\",\"position\":2,\"name\":\"\\u00dczlet\",\"item\":\"http:\/\/rekongem.hu\/?page_id=4\"},{\"@type\":\"ListItem\",\"position\":3,\"name\":\"Frott\\u00edr fejr\\u00e9szhuzat\"}]}]}<\/script>\n<!-- \/ Yoast SEO plugin. -->","yoast_head_json":{"title":"Frott\u00edr fejr\u00e9szhuzat - Emspoma webshop","robots":{"index":"index","follow":"follow","max-snippet":"max-snippet:-1","max-image-preview":"max-image-preview:large","max-video-preview":"max-video-preview:-1"},"canonical":"http:\/\/rekongem.hu\/?product=frottir-fejreszhuzat","og_locale":"hu_HU","og_type":"article","og_title":"Frott\u00edr fejr\u00e9szhuzat - Emspoma webshop","og_description":"A finom frott\u00edr anyagb\u00f3l k\u00e9sz\u00fclt fejr\u00e9sz huzat emeli a kezel\u00e9s higi\u00e9ni\u00e1j\u00e1t. T\u00f6bb sz\u00ednben kaphat\u00f3: feh\u00e9r, s\u00e1rga, k\u00e9k, z\u00f6ld, b\u00e9zs, barna, sz\u00fcrke.","og_url":"http:\/\/rekongem.hu\/?product=frottir-fejreszhuzat","og_site_name":"Emspoma webshop","article_publisher":"https:\/\/www.facebook.com\/masszazsbirodalom\/","article_modified_time":"2025-01-25T10:40:53+00:00","og_image":[{"width":300,"height":300,"url":"http:\/\/rekongem.hu\/wp-content\/uploads\/2016\/07\/frott\u00edr-fejr\u00e9szhuzat.jpg","type":"image\/jpeg"}],"twitter_card":"summary","twitter_site":"@masszazs_bir","schema":{"@context":"https:\/\/schema.org","@graph":[{"@type":"WebSite","@id":"http:\/\/rekongem.hu\/#website","url":"http:\/\/rekongem.hu\/","name":"Emspoma webshop","description":"","potentialAction":[{"@type":"SearchAction","target":{"@type":"EntryPoint","urlTemplate":"http:\/\/rekongem.hu\/?s={search_term_string}"},"query-input":"required name=search_term_string"}],"inLanguage":"hu"},{"@type":"ImageObject","@id":"http:\/\/rekongem.hu\/?product=frottir-fejreszhuzat#primaryimage","inLanguage":"hu","url":"http:\/\/rekongem.hu\/wp-content\/uploads\/2016\/07\/frott\u00edr-fejr\u00e9szhuzat.jpg","contentUrl":"http:\/\/rekongem.hu\/wp-content\/uploads\/2016\/07\/frott\u00edr-fejr\u00e9szhuzat.jpg","width":300,"height":300,"caption":"frott\u00edr fejr\u00e9szhuzat"},{"@type":"WebPage","@id":"http:\/\/rekongem.hu\/?product=frottir-fejreszhuzat#webpage","url":"http:\/\/rekongem.hu\/?product=frottir-fejreszhuzat","name":"Frott\u00edr fejr\u00e9szhuzat - Emspoma webshop","isPartOf":{"@id":"http:\/\/rekongem.hu\/#website"},"primaryImageOfPage":{"@id":"http:\/\/rekongem.hu\/?product=frottir-fejreszhuzat#primaryimage"},"datePublished":"2016-07-10T10:51:07+00:00","dateModified":"2025-01-25T10:40:53+00:00","breadcrumb":{"@id":"http:\/\/rekongem.hu\/?product=frottir-fejreszhuzat#breadcrumb"},"inLanguage":"hu","potentialAction":[{"@type":"ReadAction","target":["http:\/\/rekongem.hu\/?product=frottir-fejreszhuzat"]}]},{"@type":"BreadcrumbList","@id":"http:\/\/rekongem.hu\/?product=frottir-fejreszhuzat#breadcrumb","itemListElement":[{"@type":"ListItem","position":1,"name":"Home","item":"http:\/\/rekongem.hu\/"},{"@type":"ListItem","position":2,"name":"\u00dczlet","item":"http:\/\/rekongem.hu\/?page_id=4"},{"@type":"ListItem","position":3,"name":"Frott\u00edr fejr\u00e9szhuzat"}]}]}},"_links":{"self":[{"href":"http:\/\/rekongem.hu\/index.php?rest_route=\/wp\/v2\/product\/733"}],"collection":[{"href":"http:\/\/rekongem.hu\/index.php?rest_route=\/wp\/v2\/product"}],"about":[{"href":"http:\/\/rekongem.hu\/index.php?rest_route=\/wp\/v2\/types\/product"}],"wp:featuredmedia":[{"embeddable":true,"href":"http:\/\/rekongem.hu\/index.php?rest_route=\/wp\/v2\/media\/1955"}],"wp:attachment":[{"href":"http:\/\/rekongem.hu\/index.php?rest_route=%2Fwp%2Fv2%2Fmedia&parent=733"}],"wp:term":[{"taxonomy":"product_cat","embeddable":true,"href":"http:\/\/rekongem.hu\/index.php?rest_route=%2Fwp%2Fv2%2Fproduct_cat&post=733"},{"taxonomy":"product_tag","embeddable":true,"href":"http:\/\/rekongem.hu\/index.php?rest_route=%2Fwp%2Fv2%2Fproduct_tag&post=733"}],"curies":[{"name":"wp","href":"https:\/\/api.w.org\/{rel}","templated":true}]}}