{"id":731,"date":"2016-07-10T10:32:33","date_gmt":"2016-07-10T10:32:33","guid":{"rendered":"http:\/\/jadebeauty.hu\/?post_type=product&#038;p=731"},"modified":"2025-01-25T10:42:07","modified_gmt":"2025-01-25T10:42:07","slug":"frottir-lepedo-masszazsagyra","status":"publish","type":"product","link":"http:\/\/rekongem.hu\/?product=frottir-lepedo-masszazsagyra","title":{"rendered":"Frott\u00edr leped\u0151 massz\u00e1zs\u00e1gyra"},"content":{"rendered":"","protected":false},"excerpt":{"rendered":"<p>A finom frott\u00edr anyagb\u00f3l k\u00e9sz\u00fclt leped\u0151 emeli a kezel\u00e9s higi\u00e9ni\u00e1j\u00e1t. T\u00f6bb sz\u00ednben kaphat\u00f3: feh\u00e9r, s\u00e1rga, k\u00e9k \u00e9s z\u00f6ld, b\u00e9zs, barna, sz\u00fcrke.<\/p>\n<p>Megv\u00e1s\u00e1rolhat\u00f3 arckiv\u00e1g\u00e1s n\u00e9lk\u00fcl, vagy arckiv\u00e1g\u00e1ssal.<\/p>\n","protected":false},"featured_media":1956,"template":"","meta":[],"product_cat":[137],"product_tag":[142,143,144],"yoast_head":"<!-- This site is optimized with the Yoast SEO plugin v17.4 - https:\/\/yoast.com\/wordpress\/plugins\/seo\/ -->\n<title>Frott\u00edr leped\u0151 massz\u00e1zs\u00e1gyra - Emspoma webshop<\/title>\n<meta name=\"robots\" content=\"index, follow, max-snippet:-1, max-image-preview:large, max-video-preview:-1\" \/>\n<link rel=\"canonical\" href=\"http:\/\/rekongem.hu\/?product=frottir-lepedo-masszazsagyra\" \/>\n<meta property=\"og:locale\" content=\"hu_HU\" \/>\n<meta property=\"og:type\" content=\"article\" \/>\n<meta property=\"og:title\" content=\"Frott\u00edr leped\u0151 massz\u00e1zs\u00e1gyra - Emspoma webshop\" \/>\n<meta property=\"og:description\" content=\"A finom frott\u00edr anyagb\u00f3l k\u00e9sz\u00fclt leped\u0151 emeli a kezel\u00e9s higi\u00e9ni\u00e1j\u00e1t. T\u00f6bb sz\u00ednben kaphat\u00f3: feh\u00e9r, s\u00e1rga, k\u00e9k \u00e9s z\u00f6ld, b\u00e9zs, barna, sz\u00fcrke.  Megv\u00e1s\u00e1rolhat\u00f3 arckiv\u00e1g\u00e1s n\u00e9lk\u00fcl, vagy arckiv\u00e1g\u00e1ssal.\" \/>\n<meta property=\"og:url\" content=\"http:\/\/rekongem.hu\/?product=frottir-lepedo-masszazsagyra\" \/>\n<meta property=\"og:site_name\" content=\"Emspoma webshop\" \/>\n<meta property=\"article:publisher\" content=\"https:\/\/www.facebook.com\/masszazsbirodalom\/\" \/>\n<meta property=\"article:modified_time\" content=\"2025-01-25T10:42:07+00:00\" \/>\n<meta property=\"og:image\" content=\"http:\/\/rekongem.hu\/wp-content\/uploads\/2016\/07\/frott\u00edr-leped\u0151-massz\u00e1zs\u00e1gyra.jpg\" \/>\n\t<meta property=\"og:image:width\" content=\"300\" \/>\n\t<meta property=\"og:image:height\" content=\"300\" \/>\n<meta name=\"twitter:card\" content=\"summary\" \/>\n<meta name=\"twitter:site\" content=\"@masszazs_bir\" \/>\n<script type=\"application\/ld+json\" class=\"yoast-schema-graph\">{\"@context\":\"https:\/\/schema.org\",\"@graph\":[{\"@type\":\"WebSite\",\"@id\":\"http:\/\/rekongem.hu\/#website\",\"url\":\"http:\/\/rekongem.hu\/\",\"name\":\"Emspoma webshop\",\"description\":\"\",\"potentialAction\":[{\"@type\":\"SearchAction\",\"target\":{\"@type\":\"EntryPoint\",\"urlTemplate\":\"http:\/\/rekongem.hu\/?s={search_term_string}\"},\"query-input\":\"required name=search_term_string\"}],\"inLanguage\":\"hu\"},{\"@type\":\"ImageObject\",\"@id\":\"http:\/\/rekongem.hu\/?product=frottir-lepedo-masszazsagyra#primaryimage\",\"inLanguage\":\"hu\",\"url\":\"http:\/\/rekongem.hu\/wp-content\/uploads\/2016\/07\/frott\\u00edr-leped\\u0151-massz\\u00e1zs\\u00e1gyra.jpg\",\"contentUrl\":\"http:\/\/rekongem.hu\/wp-content\/uploads\/2016\/07\/frott\\u00edr-leped\\u0151-massz\\u00e1zs\\u00e1gyra.jpg\",\"width\":300,\"height\":300,\"caption\":\"frott\\u00edr leped\\u0151 massz\\u00e1zs\\u00e1gyra\"},{\"@type\":\"WebPage\",\"@id\":\"http:\/\/rekongem.hu\/?product=frottir-lepedo-masszazsagyra#webpage\",\"url\":\"http:\/\/rekongem.hu\/?product=frottir-lepedo-masszazsagyra\",\"name\":\"Frott\\u00edr leped\\u0151 massz\\u00e1zs\\u00e1gyra - Emspoma webshop\",\"isPartOf\":{\"@id\":\"http:\/\/rekongem.hu\/#website\"},\"primaryImageOfPage\":{\"@id\":\"http:\/\/rekongem.hu\/?product=frottir-lepedo-masszazsagyra#primaryimage\"},\"datePublished\":\"2016-07-10T10:32:33+00:00\",\"dateModified\":\"2025-01-25T10:42:07+00:00\",\"breadcrumb\":{\"@id\":\"http:\/\/rekongem.hu\/?product=frottir-lepedo-masszazsagyra#breadcrumb\"},\"inLanguage\":\"hu\",\"potentialAction\":[{\"@type\":\"ReadAction\",\"target\":[\"http:\/\/rekongem.hu\/?product=frottir-lepedo-masszazsagyra\"]}]},{\"@type\":\"BreadcrumbList\",\"@id\":\"http:\/\/rekongem.hu\/?product=frottir-lepedo-masszazsagyra#breadcrumb\",\"itemListElement\":[{\"@type\":\"ListItem\",\"position\":1,\"name\":\"Home\",\"item\":\"http:\/\/rekongem.hu\/\"},{\"@type\":\"ListItem\",\"position\":2,\"name\":\"\\u00dczlet\",\"item\":\"http:\/\/rekongem.hu\/?page_id=4\"},{\"@type\":\"ListItem\",\"position\":3,\"name\":\"Frott\\u00edr leped\\u0151 massz\\u00e1zs\\u00e1gyra\"}]}]}<\/script>\n<!-- \/ Yoast SEO plugin. -->","yoast_head_json":{"title":"Frott\u00edr leped\u0151 massz\u00e1zs\u00e1gyra - Emspoma webshop","robots":{"index":"index","follow":"follow","max-snippet":"max-snippet:-1","max-image-preview":"max-image-preview:large","max-video-preview":"max-video-preview:-1"},"canonical":"http:\/\/rekongem.hu\/?product=frottir-lepedo-masszazsagyra","og_locale":"hu_HU","og_type":"article","og_title":"Frott\u00edr leped\u0151 massz\u00e1zs\u00e1gyra - Emspoma webshop","og_description":"A finom frott\u00edr anyagb\u00f3l k\u00e9sz\u00fclt leped\u0151 emeli a kezel\u00e9s higi\u00e9ni\u00e1j\u00e1t. T\u00f6bb sz\u00ednben kaphat\u00f3: feh\u00e9r, s\u00e1rga, k\u00e9k \u00e9s z\u00f6ld, b\u00e9zs, barna, sz\u00fcrke.  Megv\u00e1s\u00e1rolhat\u00f3 arckiv\u00e1g\u00e1s n\u00e9lk\u00fcl, vagy arckiv\u00e1g\u00e1ssal.","og_url":"http:\/\/rekongem.hu\/?product=frottir-lepedo-masszazsagyra","og_site_name":"Emspoma webshop","article_publisher":"https:\/\/www.facebook.com\/masszazsbirodalom\/","article_modified_time":"2025-01-25T10:42:07+00:00","og_image":[{"width":300,"height":300,"url":"http:\/\/rekongem.hu\/wp-content\/uploads\/2016\/07\/frott\u00edr-leped\u0151-massz\u00e1zs\u00e1gyra.jpg","type":"image\/jpeg"}],"twitter_card":"summary","twitter_site":"@masszazs_bir","schema":{"@context":"https:\/\/schema.org","@graph":[{"@type":"WebSite","@id":"http:\/\/rekongem.hu\/#website","url":"http:\/\/rekongem.hu\/","name":"Emspoma webshop","description":"","potentialAction":[{"@type":"SearchAction","target":{"@type":"EntryPoint","urlTemplate":"http:\/\/rekongem.hu\/?s={search_term_string}"},"query-input":"required name=search_term_string"}],"inLanguage":"hu"},{"@type":"ImageObject","@id":"http:\/\/rekongem.hu\/?product=frottir-lepedo-masszazsagyra#primaryimage","inLanguage":"hu","url":"http:\/\/rekongem.hu\/wp-content\/uploads\/2016\/07\/frott\u00edr-leped\u0151-massz\u00e1zs\u00e1gyra.jpg","contentUrl":"http:\/\/rekongem.hu\/wp-content\/uploads\/2016\/07\/frott\u00edr-leped\u0151-massz\u00e1zs\u00e1gyra.jpg","width":300,"height":300,"caption":"frott\u00edr leped\u0151 massz\u00e1zs\u00e1gyra"},{"@type":"WebPage","@id":"http:\/\/rekongem.hu\/?product=frottir-lepedo-masszazsagyra#webpage","url":"http:\/\/rekongem.hu\/?product=frottir-lepedo-masszazsagyra","name":"Frott\u00edr leped\u0151 massz\u00e1zs\u00e1gyra - Emspoma webshop","isPartOf":{"@id":"http:\/\/rekongem.hu\/#website"},"primaryImageOfPage":{"@id":"http:\/\/rekongem.hu\/?product=frottir-lepedo-masszazsagyra#primaryimage"},"datePublished":"2016-07-10T10:32:33+00:00","dateModified":"2025-01-25T10:42:07+00:00","breadcrumb":{"@id":"http:\/\/rekongem.hu\/?product=frottir-lepedo-masszazsagyra#breadcrumb"},"inLanguage":"hu","potentialAction":[{"@type":"ReadAction","target":["http:\/\/rekongem.hu\/?product=frottir-lepedo-masszazsagyra"]}]},{"@type":"BreadcrumbList","@id":"http:\/\/rekongem.hu\/?product=frottir-lepedo-masszazsagyra#breadcrumb","itemListElement":[{"@type":"ListItem","position":1,"name":"Home","item":"http:\/\/rekongem.hu\/"},{"@type":"ListItem","position":2,"name":"\u00dczlet","item":"http:\/\/rekongem.hu\/?page_id=4"},{"@type":"ListItem","position":3,"name":"Frott\u00edr leped\u0151 massz\u00e1zs\u00e1gyra"}]}]}},"_links":{"self":[{"href":"http:\/\/rekongem.hu\/index.php?rest_route=\/wp\/v2\/product\/731"}],"collection":[{"href":"http:\/\/rekongem.hu\/index.php?rest_route=\/wp\/v2\/product"}],"about":[{"href":"http:\/\/rekongem.hu\/index.php?rest_route=\/wp\/v2\/types\/product"}],"wp:featuredmedia":[{"embeddable":true,"href":"http:\/\/rekongem.hu\/index.php?rest_route=\/wp\/v2\/media\/1956"}],"wp:attachment":[{"href":"http:\/\/rekongem.hu\/index.php?rest_route=%2Fwp%2Fv2%2Fmedia&parent=731"}],"wp:term":[{"taxonomy":"product_cat","embeddable":true,"href":"http:\/\/rekongem.hu\/index.php?rest_route=%2Fwp%2Fv2%2Fproduct_cat&post=731"},{"taxonomy":"product_tag","embeddable":true,"href":"http:\/\/rekongem.hu\/index.php?rest_route=%2Fwp%2Fv2%2Fproduct_tag&post=731"}],"curies":[{"name":"wp","href":"https:\/\/api.w.org\/{rel}","templated":true}]}}