{"id":691,"date":"2016-07-09T18:44:50","date_gmt":"2016-07-09T18:44:50","guid":{"rendered":"http:\/\/jadebeauty.hu\/?post_type=product&#038;p=691"},"modified":"2025-06-21T17:37:12","modified_gmt":"2025-06-21T17:37:12","slug":"lady-stella-spa-spirit-izomlazito-1000ml","status":"publish","type":"product","link":"http:\/\/rekongem.hu\/?product=lady-stella-spa-spirit-izomlazito-1000ml","title":{"rendered":"Lady STELLA Spa Spirit Izomlaz\u00edt\u00f3 Massz\u00e1zskr\u00e9m 1000 ml"},"content":{"rendered":"","protected":false},"excerpt":{"rendered":"<p>Kellemesen h\u0171s\u00edt\u0151 massz\u00e1zskr\u00e9m, mely seg\u00edt a fesz\u00fclt izmok ellaz\u00edt\u00e1s\u00e1ban, az izomg\u00f6rcs\u00f6k \u00e9s izoml\u00e1z enyh\u00edt\u00e9s\u00e9ben, a f\u00e1radt, elnehez\u00fclt testr\u00e9szek felfriss\u00edt\u00e9s\u00e9ben a massz\u00e1zs sor\u00e1n.<\/p>\n","protected":false},"featured_media":2506,"template":"","meta":[],"product_cat":[23,92],"product_tag":[127,91,11,93],"yoast_head":"<!-- This site is optimized with the Yoast SEO plugin v17.4 - https:\/\/yoast.com\/wordpress\/plugins\/seo\/ -->\n<title>Lady STELLA Spa Spirit Izomlaz\u00edt\u00f3 Massz\u00e1zskr\u00e9m 1000 ml - Emspoma webshop<\/title>\n<meta name=\"robots\" content=\"index, follow, max-snippet:-1, max-image-preview:large, max-video-preview:-1\" \/>\n<link rel=\"canonical\" href=\"http:\/\/rekongem.hu\/?product=lady-stella-spa-spirit-izomlazito-1000ml\" \/>\n<meta property=\"og:locale\" content=\"hu_HU\" \/>\n<meta property=\"og:type\" content=\"article\" \/>\n<meta property=\"og:title\" content=\"Lady STELLA Spa Spirit Izomlaz\u00edt\u00f3 Massz\u00e1zskr\u00e9m 1000 ml - Emspoma webshop\" \/>\n<meta property=\"og:description\" content=\"Kellemesen h\u0171s\u00edt\u0151 massz\u00e1zskr\u00e9m, mely seg\u00edt a fesz\u00fclt izmok ellaz\u00edt\u00e1s\u00e1ban, az izomg\u00f6rcs\u00f6k \u00e9s izoml\u00e1z enyh\u00edt\u00e9s\u00e9ben, a f\u00e1radt, elnehez\u00fclt testr\u00e9szek felfriss\u00edt\u00e9s\u00e9ben a massz\u00e1zs sor\u00e1n.\" \/>\n<meta property=\"og:url\" content=\"http:\/\/rekongem.hu\/?product=lady-stella-spa-spirit-izomlazito-1000ml\" \/>\n<meta property=\"og:site_name\" content=\"Emspoma webshop\" \/>\n<meta property=\"article:publisher\" content=\"https:\/\/www.facebook.com\/masszazsbirodalom\/\" \/>\n<meta property=\"article:modified_time\" content=\"2025-06-21T17:37:12+00:00\" \/>\n<meta property=\"og:image\" content=\"http:\/\/rekongem.hu\/wp-content\/uploads\/2016\/07\/Lady-STELLA-SPA-SPIRIT-Izomlaz\u00edt\u00f3-massz\u00e1zskr\u00e9m-1000ml.jpg\" \/>\n\t<meta property=\"og:image:width\" content=\"400\" \/>\n\t<meta property=\"og:image:height\" content=\"400\" \/>\n<meta name=\"twitter:card\" content=\"summary\" \/>\n<meta name=\"twitter:site\" content=\"@masszazs_bir\" \/>\n<script type=\"application\/ld+json\" class=\"yoast-schema-graph\">{\"@context\":\"https:\/\/schema.org\",\"@graph\":[{\"@type\":\"WebSite\",\"@id\":\"http:\/\/rekongem.hu\/#website\",\"url\":\"http:\/\/rekongem.hu\/\",\"name\":\"Emspoma webshop\",\"description\":\"\",\"potentialAction\":[{\"@type\":\"SearchAction\",\"target\":{\"@type\":\"EntryPoint\",\"urlTemplate\":\"http:\/\/rekongem.hu\/?s={search_term_string}\"},\"query-input\":\"required name=search_term_string\"}],\"inLanguage\":\"hu\"},{\"@type\":\"ImageObject\",\"@id\":\"http:\/\/rekongem.hu\/?product=lady-stella-spa-spirit-izomlazito-1000ml#primaryimage\",\"inLanguage\":\"hu\",\"url\":\"http:\/\/rekongem.hu\/wp-content\/uploads\/2016\/07\/Lady-STELLA-SPA-SPIRIT-Izomlaz\\u00edt\\u00f3-massz\\u00e1zskr\\u00e9m-1000ml.jpg\",\"contentUrl\":\"http:\/\/rekongem.hu\/wp-content\/uploads\/2016\/07\/Lady-STELLA-SPA-SPIRIT-Izomlaz\\u00edt\\u00f3-massz\\u00e1zskr\\u00e9m-1000ml.jpg\",\"width\":400,\"height\":400,\"caption\":\"Lady STELLA SPA SPIRIT Izomlaz\\u00edt\\u00f3 massz\\u00e1zskr\\u00e9m 1000ml\"},{\"@type\":\"WebPage\",\"@id\":\"http:\/\/rekongem.hu\/?product=lady-stella-spa-spirit-izomlazito-1000ml#webpage\",\"url\":\"http:\/\/rekongem.hu\/?product=lady-stella-spa-spirit-izomlazito-1000ml\",\"name\":\"Lady STELLA Spa Spirit Izomlaz\\u00edt\\u00f3 Massz\\u00e1zskr\\u00e9m 1000 ml - Emspoma webshop\",\"isPartOf\":{\"@id\":\"http:\/\/rekongem.hu\/#website\"},\"primaryImageOfPage\":{\"@id\":\"http:\/\/rekongem.hu\/?product=lady-stella-spa-spirit-izomlazito-1000ml#primaryimage\"},\"datePublished\":\"2016-07-09T18:44:50+00:00\",\"dateModified\":\"2025-06-21T17:37:12+00:00\",\"breadcrumb\":{\"@id\":\"http:\/\/rekongem.hu\/?product=lady-stella-spa-spirit-izomlazito-1000ml#breadcrumb\"},\"inLanguage\":\"hu\",\"potentialAction\":[{\"@type\":\"ReadAction\",\"target\":[\"http:\/\/rekongem.hu\/?product=lady-stella-spa-spirit-izomlazito-1000ml\"]}]},{\"@type\":\"BreadcrumbList\",\"@id\":\"http:\/\/rekongem.hu\/?product=lady-stella-spa-spirit-izomlazito-1000ml#breadcrumb\",\"itemListElement\":[{\"@type\":\"ListItem\",\"position\":1,\"name\":\"Home\",\"item\":\"http:\/\/rekongem.hu\/\"},{\"@type\":\"ListItem\",\"position\":2,\"name\":\"\\u00dczlet\",\"item\":\"http:\/\/rekongem.hu\/?page_id=4\"},{\"@type\":\"ListItem\",\"position\":3,\"name\":\"Lady STELLA Spa Spirit Izomlaz\\u00edt\\u00f3 Massz\\u00e1zskr\\u00e9m 1000 ml\"}]}]}<\/script>\n<!-- \/ Yoast SEO plugin. -->","yoast_head_json":{"title":"Lady STELLA Spa Spirit Izomlaz\u00edt\u00f3 Massz\u00e1zskr\u00e9m 1000 ml - Emspoma webshop","robots":{"index":"index","follow":"follow","max-snippet":"max-snippet:-1","max-image-preview":"max-image-preview:large","max-video-preview":"max-video-preview:-1"},"canonical":"http:\/\/rekongem.hu\/?product=lady-stella-spa-spirit-izomlazito-1000ml","og_locale":"hu_HU","og_type":"article","og_title":"Lady STELLA Spa Spirit Izomlaz\u00edt\u00f3 Massz\u00e1zskr\u00e9m 1000 ml - Emspoma webshop","og_description":"Kellemesen h\u0171s\u00edt\u0151 massz\u00e1zskr\u00e9m, mely seg\u00edt a fesz\u00fclt izmok ellaz\u00edt\u00e1s\u00e1ban, az izomg\u00f6rcs\u00f6k \u00e9s izoml\u00e1z enyh\u00edt\u00e9s\u00e9ben, a f\u00e1radt, elnehez\u00fclt testr\u00e9szek felfriss\u00edt\u00e9s\u00e9ben a massz\u00e1zs sor\u00e1n.","og_url":"http:\/\/rekongem.hu\/?product=lady-stella-spa-spirit-izomlazito-1000ml","og_site_name":"Emspoma webshop","article_publisher":"https:\/\/www.facebook.com\/masszazsbirodalom\/","article_modified_time":"2025-06-21T17:37:12+00:00","og_image":[{"width":400,"height":400,"url":"http:\/\/rekongem.hu\/wp-content\/uploads\/2016\/07\/Lady-STELLA-SPA-SPIRIT-Izomlaz\u00edt\u00f3-massz\u00e1zskr\u00e9m-1000ml.jpg","type":"image\/jpeg"}],"twitter_card":"summary","twitter_site":"@masszazs_bir","schema":{"@context":"https:\/\/schema.org","@graph":[{"@type":"WebSite","@id":"http:\/\/rekongem.hu\/#website","url":"http:\/\/rekongem.hu\/","name":"Emspoma webshop","description":"","potentialAction":[{"@type":"SearchAction","target":{"@type":"EntryPoint","urlTemplate":"http:\/\/rekongem.hu\/?s={search_term_string}"},"query-input":"required name=search_term_string"}],"inLanguage":"hu"},{"@type":"ImageObject","@id":"http:\/\/rekongem.hu\/?product=lady-stella-spa-spirit-izomlazito-1000ml#primaryimage","inLanguage":"hu","url":"http:\/\/rekongem.hu\/wp-content\/uploads\/2016\/07\/Lady-STELLA-SPA-SPIRIT-Izomlaz\u00edt\u00f3-massz\u00e1zskr\u00e9m-1000ml.jpg","contentUrl":"http:\/\/rekongem.hu\/wp-content\/uploads\/2016\/07\/Lady-STELLA-SPA-SPIRIT-Izomlaz\u00edt\u00f3-massz\u00e1zskr\u00e9m-1000ml.jpg","width":400,"height":400,"caption":"Lady STELLA SPA SPIRIT Izomlaz\u00edt\u00f3 massz\u00e1zskr\u00e9m 1000ml"},{"@type":"WebPage","@id":"http:\/\/rekongem.hu\/?product=lady-stella-spa-spirit-izomlazito-1000ml#webpage","url":"http:\/\/rekongem.hu\/?product=lady-stella-spa-spirit-izomlazito-1000ml","name":"Lady STELLA Spa Spirit Izomlaz\u00edt\u00f3 Massz\u00e1zskr\u00e9m 1000 ml - Emspoma webshop","isPartOf":{"@id":"http:\/\/rekongem.hu\/#website"},"primaryImageOfPage":{"@id":"http:\/\/rekongem.hu\/?product=lady-stella-spa-spirit-izomlazito-1000ml#primaryimage"},"datePublished":"2016-07-09T18:44:50+00:00","dateModified":"2025-06-21T17:37:12+00:00","breadcrumb":{"@id":"http:\/\/rekongem.hu\/?product=lady-stella-spa-spirit-izomlazito-1000ml#breadcrumb"},"inLanguage":"hu","potentialAction":[{"@type":"ReadAction","target":["http:\/\/rekongem.hu\/?product=lady-stella-spa-spirit-izomlazito-1000ml"]}]},{"@type":"BreadcrumbList","@id":"http:\/\/rekongem.hu\/?product=lady-stella-spa-spirit-izomlazito-1000ml#breadcrumb","itemListElement":[{"@type":"ListItem","position":1,"name":"Home","item":"http:\/\/rekongem.hu\/"},{"@type":"ListItem","position":2,"name":"\u00dczlet","item":"http:\/\/rekongem.hu\/?page_id=4"},{"@type":"ListItem","position":3,"name":"Lady STELLA Spa Spirit Izomlaz\u00edt\u00f3 Massz\u00e1zskr\u00e9m 1000 ml"}]}]}},"_links":{"self":[{"href":"http:\/\/rekongem.hu\/index.php?rest_route=\/wp\/v2\/product\/691"}],"collection":[{"href":"http:\/\/rekongem.hu\/index.php?rest_route=\/wp\/v2\/product"}],"about":[{"href":"http:\/\/rekongem.hu\/index.php?rest_route=\/wp\/v2\/types\/product"}],"wp:featuredmedia":[{"embeddable":true,"href":"http:\/\/rekongem.hu\/index.php?rest_route=\/wp\/v2\/media\/2506"}],"wp:attachment":[{"href":"http:\/\/rekongem.hu\/index.php?rest_route=%2Fwp%2Fv2%2Fmedia&parent=691"}],"wp:term":[{"taxonomy":"product_cat","embeddable":true,"href":"http:\/\/rekongem.hu\/index.php?rest_route=%2Fwp%2Fv2%2Fproduct_cat&post=691"},{"taxonomy":"product_tag","embeddable":true,"href":"http:\/\/rekongem.hu\/index.php?rest_route=%2Fwp%2Fv2%2Fproduct_tag&post=691"}],"curies":[{"name":"wp","href":"https:\/\/api.w.org\/{rel}","templated":true}]}}