{"id":687,"date":"2016-07-09T18:33:39","date_gmt":"2016-07-09T18:33:39","guid":{"rendered":"http:\/\/jadebeauty.hu\/?post_type=product&#038;p=687"},"modified":"2025-06-21T17:36:55","modified_gmt":"2025-06-21T17:36:55","slug":"lady-stella-oliva-professional-sejtmegujito-500ml","status":"publish","type":"product","link":"http:\/\/rekongem.hu\/?product=lady-stella-oliva-professional-sejtmegujito-500ml","title":{"rendered":"Lady STELLA Oliva Professional Sejtmeg\u00faj\u00edt\u00f3 Massz\u00e1zskr\u00e9m 500 ml"},"content":{"rendered":"","protected":false},"excerpt":{"rendered":"<p>Az Ol\u00edva sejtmeg\u00faj\u00edt\u00f3 massz\u00e1zskr\u00e9m hat\u00e9kony eredm\u00e9nyt ny\u00fajt az arc \u00e9s a dekolt\u00e1zs kezel\u00e9s\u00e9ben. Gazdag hat\u00f3anyagai (sz\u0151l\u0151magolaj, selyemprotein kivonat, ol\u00edvaolaj) a massz\u00e1zs sor\u00e1n m\u00e9lyen a sejtekig hatolva t\u00e1pl\u00e1lj\u00e1k \u00e9s hidrat\u00e1lj\u00e1k a b\u0151rt. Akt\u00edv komponensei fiatal\u00edt\u00f3 hat\u00e1st fejtenek ki, melynek k\u00f6sz\u00f6nhet\u0151en a r\u00e1ncok m\u00e9lys\u00e9ge is jelent\u0151sen cs\u00f6kken. Ez a speci\u00e1lis massz\u00e1zskr\u00e9m a kozmetikai massz\u00e1zzsal egy\u00fcttesen stimul\u00e1lja a term\u00e9szetes regener\u00e1l\u00f3 folyamatokat, el\u0151seg\u00edti a b\u0151r rugalmass\u00e1g\u00e1nak helyre\u00e1ll\u00edt\u00e1s\u00e1t, lass\u00edtva a b\u0151r \u00f6reged\u00e9si folyamatait. A kozmetikai kezel\u00e9s sor\u00e1n minden b\u0151rt\u00edpusra aj\u00e1nlott. Kellemes, rugalmas, megfiatalodott b\u0151rfelsz\u00ednt biztos\u00edt.<\/p>\n<p>mediterr\u00e1n ol\u00edva + sz\u0151l\u0151magolaj + selyemprotein + C+E vitaminnal<\/p>\n","protected":false},"featured_media":2507,"template":"","meta":[],"product_cat":[23,92],"product_tag":[44,45,91,124,125,126,93,62],"yoast_head":"<!-- This site is optimized with the Yoast SEO plugin v17.4 - https:\/\/yoast.com\/wordpress\/plugins\/seo\/ -->\n<title>Lady STELLA Oliva Professional Sejtmeg\u00faj\u00edt\u00f3 Massz\u00e1zskr\u00e9m 500 ml - Emspoma webshop<\/title>\n<meta name=\"robots\" content=\"index, follow, max-snippet:-1, max-image-preview:large, max-video-preview:-1\" \/>\n<link rel=\"canonical\" href=\"http:\/\/rekongem.hu\/?product=lady-stella-oliva-professional-sejtmegujito-500ml\" \/>\n<meta property=\"og:locale\" content=\"hu_HU\" \/>\n<meta property=\"og:type\" content=\"article\" \/>\n<meta property=\"og:title\" content=\"Lady STELLA Oliva Professional Sejtmeg\u00faj\u00edt\u00f3 Massz\u00e1zskr\u00e9m 500 ml - Emspoma webshop\" \/>\n<meta property=\"og:description\" content=\"Az Ol\u00edva sejtmeg\u00faj\u00edt\u00f3 massz\u00e1zskr\u00e9m hat\u00e9kony eredm\u00e9nyt ny\u00fajt az arc \u00e9s a dekolt\u00e1zs kezel\u00e9s\u00e9ben. Gazdag hat\u00f3anyagai (sz\u0151l\u0151magolaj, selyemprotein kivonat, ol\u00edvaolaj) a massz\u00e1zs sor\u00e1n m\u00e9lyen a sejtekig hatolva t\u00e1pl\u00e1lj\u00e1k \u00e9s hidrat\u00e1lj\u00e1k a b\u0151rt. Akt\u00edv komponensei fiatal\u00edt\u00f3 hat\u00e1st fejtenek ki, melynek k\u00f6sz\u00f6nhet\u0151en a r\u00e1ncok m\u00e9lys\u00e9ge is jelent\u0151sen cs\u00f6kken. Ez a speci\u00e1lis massz\u00e1zskr\u00e9m a kozmetikai massz\u00e1zzsal egy\u00fcttesen stimul\u00e1lja a term\u00e9szetes regener\u00e1l\u00f3 folyamatokat, el\u0151seg\u00edti a b\u0151r rugalmass\u00e1g\u00e1nak helyre\u00e1ll\u00edt\u00e1s\u00e1t, lass\u00edtva a b\u0151r \u00f6reged\u00e9si folyamatait. A kozmetikai kezel\u00e9s sor\u00e1n minden b\u0151rt\u00edpusra aj\u00e1nlott. Kellemes, rugalmas, megfiatalodott b\u0151rfelsz\u00ednt biztos\u00edt.  mediterr\u00e1n ol\u00edva + sz\u0151l\u0151magolaj + selyemprotein + C+E vitaminnal\" \/>\n<meta property=\"og:url\" content=\"http:\/\/rekongem.hu\/?product=lady-stella-oliva-professional-sejtmegujito-500ml\" \/>\n<meta property=\"og:site_name\" content=\"Emspoma webshop\" \/>\n<meta property=\"article:publisher\" content=\"https:\/\/www.facebook.com\/masszazsbirodalom\/\" \/>\n<meta property=\"article:modified_time\" content=\"2025-06-21T17:36:55+00:00\" \/>\n<meta property=\"og:image\" content=\"http:\/\/rekongem.hu\/wp-content\/uploads\/2016\/07\/Lady-Stella-Ol\u00edva-Professional-Sejtmeg\u00faj\u00edt\u00f3-massz\u00e1zskr\u00e9m-500ml.jpg\" \/>\n\t<meta property=\"og:image:width\" content=\"400\" \/>\n\t<meta property=\"og:image:height\" content=\"400\" \/>\n<meta name=\"twitter:card\" content=\"summary\" \/>\n<meta name=\"twitter:site\" content=\"@masszazs_bir\" \/>\n<script type=\"application\/ld+json\" class=\"yoast-schema-graph\">{\"@context\":\"https:\/\/schema.org\",\"@graph\":[{\"@type\":\"WebSite\",\"@id\":\"http:\/\/rekongem.hu\/#website\",\"url\":\"http:\/\/rekongem.hu\/\",\"name\":\"Emspoma webshop\",\"description\":\"\",\"potentialAction\":[{\"@type\":\"SearchAction\",\"target\":{\"@type\":\"EntryPoint\",\"urlTemplate\":\"http:\/\/rekongem.hu\/?s={search_term_string}\"},\"query-input\":\"required name=search_term_string\"}],\"inLanguage\":\"hu\"},{\"@type\":\"ImageObject\",\"@id\":\"http:\/\/rekongem.hu\/?product=lady-stella-oliva-professional-sejtmegujito-500ml#primaryimage\",\"inLanguage\":\"hu\",\"url\":\"http:\/\/rekongem.hu\/wp-content\/uploads\/2016\/07\/Lady-Stella-Ol\\u00edva-Professional-Sejtmeg\\u00faj\\u00edt\\u00f3-massz\\u00e1zskr\\u00e9m-500ml.jpg\",\"contentUrl\":\"http:\/\/rekongem.hu\/wp-content\/uploads\/2016\/07\/Lady-Stella-Ol\\u00edva-Professional-Sejtmeg\\u00faj\\u00edt\\u00f3-massz\\u00e1zskr\\u00e9m-500ml.jpg\",\"width\":400,\"height\":400,\"caption\":\"Lady Stella Ol\\u00edva Professional Sejtmeg\\u00faj\\u00edt\\u00f3 massz\\u00e1zskr\\u00e9m 500ml\"},{\"@type\":\"WebPage\",\"@id\":\"http:\/\/rekongem.hu\/?product=lady-stella-oliva-professional-sejtmegujito-500ml#webpage\",\"url\":\"http:\/\/rekongem.hu\/?product=lady-stella-oliva-professional-sejtmegujito-500ml\",\"name\":\"Lady STELLA Oliva Professional Sejtmeg\\u00faj\\u00edt\\u00f3 Massz\\u00e1zskr\\u00e9m 500 ml - Emspoma webshop\",\"isPartOf\":{\"@id\":\"http:\/\/rekongem.hu\/#website\"},\"primaryImageOfPage\":{\"@id\":\"http:\/\/rekongem.hu\/?product=lady-stella-oliva-professional-sejtmegujito-500ml#primaryimage\"},\"datePublished\":\"2016-07-09T18:33:39+00:00\",\"dateModified\":\"2025-06-21T17:36:55+00:00\",\"breadcrumb\":{\"@id\":\"http:\/\/rekongem.hu\/?product=lady-stella-oliva-professional-sejtmegujito-500ml#breadcrumb\"},\"inLanguage\":\"hu\",\"potentialAction\":[{\"@type\":\"ReadAction\",\"target\":[\"http:\/\/rekongem.hu\/?product=lady-stella-oliva-professional-sejtmegujito-500ml\"]}]},{\"@type\":\"BreadcrumbList\",\"@id\":\"http:\/\/rekongem.hu\/?product=lady-stella-oliva-professional-sejtmegujito-500ml#breadcrumb\",\"itemListElement\":[{\"@type\":\"ListItem\",\"position\":1,\"name\":\"Home\",\"item\":\"http:\/\/rekongem.hu\/\"},{\"@type\":\"ListItem\",\"position\":2,\"name\":\"\\u00dczlet\",\"item\":\"http:\/\/rekongem.hu\/?page_id=4\"},{\"@type\":\"ListItem\",\"position\":3,\"name\":\"Lady STELLA Oliva Professional Sejtmeg\\u00faj\\u00edt\\u00f3 Massz\\u00e1zskr\\u00e9m 500 ml\"}]}]}<\/script>\n<!-- \/ Yoast SEO plugin. -->","yoast_head_json":{"title":"Lady STELLA Oliva Professional Sejtmeg\u00faj\u00edt\u00f3 Massz\u00e1zskr\u00e9m 500 ml - Emspoma webshop","robots":{"index":"index","follow":"follow","max-snippet":"max-snippet:-1","max-image-preview":"max-image-preview:large","max-video-preview":"max-video-preview:-1"},"canonical":"http:\/\/rekongem.hu\/?product=lady-stella-oliva-professional-sejtmegujito-500ml","og_locale":"hu_HU","og_type":"article","og_title":"Lady STELLA Oliva Professional Sejtmeg\u00faj\u00edt\u00f3 Massz\u00e1zskr\u00e9m 500 ml - Emspoma webshop","og_description":"Az Ol\u00edva sejtmeg\u00faj\u00edt\u00f3 massz\u00e1zskr\u00e9m hat\u00e9kony eredm\u00e9nyt ny\u00fajt az arc \u00e9s a dekolt\u00e1zs kezel\u00e9s\u00e9ben. Gazdag hat\u00f3anyagai (sz\u0151l\u0151magolaj, selyemprotein kivonat, ol\u00edvaolaj) a massz\u00e1zs sor\u00e1n m\u00e9lyen a sejtekig hatolva t\u00e1pl\u00e1lj\u00e1k \u00e9s hidrat\u00e1lj\u00e1k a b\u0151rt. Akt\u00edv komponensei fiatal\u00edt\u00f3 hat\u00e1st fejtenek ki, melynek k\u00f6sz\u00f6nhet\u0151en a r\u00e1ncok m\u00e9lys\u00e9ge is jelent\u0151sen cs\u00f6kken. Ez a speci\u00e1lis massz\u00e1zskr\u00e9m a kozmetikai massz\u00e1zzsal egy\u00fcttesen stimul\u00e1lja a term\u00e9szetes regener\u00e1l\u00f3 folyamatokat, el\u0151seg\u00edti a b\u0151r rugalmass\u00e1g\u00e1nak helyre\u00e1ll\u00edt\u00e1s\u00e1t, lass\u00edtva a b\u0151r \u00f6reged\u00e9si folyamatait. A kozmetikai kezel\u00e9s sor\u00e1n minden b\u0151rt\u00edpusra aj\u00e1nlott. Kellemes, rugalmas, megfiatalodott b\u0151rfelsz\u00ednt biztos\u00edt.  mediterr\u00e1n ol\u00edva + sz\u0151l\u0151magolaj + selyemprotein + C+E vitaminnal","og_url":"http:\/\/rekongem.hu\/?product=lady-stella-oliva-professional-sejtmegujito-500ml","og_site_name":"Emspoma webshop","article_publisher":"https:\/\/www.facebook.com\/masszazsbirodalom\/","article_modified_time":"2025-06-21T17:36:55+00:00","og_image":[{"width":400,"height":400,"url":"http:\/\/rekongem.hu\/wp-content\/uploads\/2016\/07\/Lady-Stella-Ol\u00edva-Professional-Sejtmeg\u00faj\u00edt\u00f3-massz\u00e1zskr\u00e9m-500ml.jpg","type":"image\/jpeg"}],"twitter_card":"summary","twitter_site":"@masszazs_bir","schema":{"@context":"https:\/\/schema.org","@graph":[{"@type":"WebSite","@id":"http:\/\/rekongem.hu\/#website","url":"http:\/\/rekongem.hu\/","name":"Emspoma webshop","description":"","potentialAction":[{"@type":"SearchAction","target":{"@type":"EntryPoint","urlTemplate":"http:\/\/rekongem.hu\/?s={search_term_string}"},"query-input":"required name=search_term_string"}],"inLanguage":"hu"},{"@type":"ImageObject","@id":"http:\/\/rekongem.hu\/?product=lady-stella-oliva-professional-sejtmegujito-500ml#primaryimage","inLanguage":"hu","url":"http:\/\/rekongem.hu\/wp-content\/uploads\/2016\/07\/Lady-Stella-Ol\u00edva-Professional-Sejtmeg\u00faj\u00edt\u00f3-massz\u00e1zskr\u00e9m-500ml.jpg","contentUrl":"http:\/\/rekongem.hu\/wp-content\/uploads\/2016\/07\/Lady-Stella-Ol\u00edva-Professional-Sejtmeg\u00faj\u00edt\u00f3-massz\u00e1zskr\u00e9m-500ml.jpg","width":400,"height":400,"caption":"Lady Stella Ol\u00edva Professional Sejtmeg\u00faj\u00edt\u00f3 massz\u00e1zskr\u00e9m 500ml"},{"@type":"WebPage","@id":"http:\/\/rekongem.hu\/?product=lady-stella-oliva-professional-sejtmegujito-500ml#webpage","url":"http:\/\/rekongem.hu\/?product=lady-stella-oliva-professional-sejtmegujito-500ml","name":"Lady STELLA Oliva Professional Sejtmeg\u00faj\u00edt\u00f3 Massz\u00e1zskr\u00e9m 500 ml - Emspoma webshop","isPartOf":{"@id":"http:\/\/rekongem.hu\/#website"},"primaryImageOfPage":{"@id":"http:\/\/rekongem.hu\/?product=lady-stella-oliva-professional-sejtmegujito-500ml#primaryimage"},"datePublished":"2016-07-09T18:33:39+00:00","dateModified":"2025-06-21T17:36:55+00:00","breadcrumb":{"@id":"http:\/\/rekongem.hu\/?product=lady-stella-oliva-professional-sejtmegujito-500ml#breadcrumb"},"inLanguage":"hu","potentialAction":[{"@type":"ReadAction","target":["http:\/\/rekongem.hu\/?product=lady-stella-oliva-professional-sejtmegujito-500ml"]}]},{"@type":"BreadcrumbList","@id":"http:\/\/rekongem.hu\/?product=lady-stella-oliva-professional-sejtmegujito-500ml#breadcrumb","itemListElement":[{"@type":"ListItem","position":1,"name":"Home","item":"http:\/\/rekongem.hu\/"},{"@type":"ListItem","position":2,"name":"\u00dczlet","item":"http:\/\/rekongem.hu\/?page_id=4"},{"@type":"ListItem","position":3,"name":"Lady STELLA Oliva Professional Sejtmeg\u00faj\u00edt\u00f3 Massz\u00e1zskr\u00e9m 500 ml"}]}]}},"_links":{"self":[{"href":"http:\/\/rekongem.hu\/index.php?rest_route=\/wp\/v2\/product\/687"}],"collection":[{"href":"http:\/\/rekongem.hu\/index.php?rest_route=\/wp\/v2\/product"}],"about":[{"href":"http:\/\/rekongem.hu\/index.php?rest_route=\/wp\/v2\/types\/product"}],"wp:featuredmedia":[{"embeddable":true,"href":"http:\/\/rekongem.hu\/index.php?rest_route=\/wp\/v2\/media\/2507"}],"wp:attachment":[{"href":"http:\/\/rekongem.hu\/index.php?rest_route=%2Fwp%2Fv2%2Fmedia&parent=687"}],"wp:term":[{"taxonomy":"product_cat","embeddable":true,"href":"http:\/\/rekongem.hu\/index.php?rest_route=%2Fwp%2Fv2%2Fproduct_cat&post=687"},{"taxonomy":"product_tag","embeddable":true,"href":"http:\/\/rekongem.hu\/index.php?rest_route=%2Fwp%2Fv2%2Fproduct_tag&post=687"}],"curies":[{"name":"wp","href":"https:\/\/api.w.org\/{rel}","templated":true}]}}