{"id":683,"date":"2016-07-09T18:02:10","date_gmt":"2016-07-09T18:02:10","guid":{"rendered":"http:\/\/jadebeauty.hu\/?post_type=product&#038;p=683"},"modified":"2025-06-21T17:36:18","modified_gmt":"2025-06-21T17:36:18","slug":"lady-stella-oliva-natur-bazis-masszazsolaj-1000-ml","status":"publish","type":"product","link":"http:\/\/rekongem.hu\/?product=lady-stella-oliva-natur-bazis-masszazsolaj-1000-ml","title":{"rendered":"Lady STELLA Oliva Professional B\u00e1zis Massz\u00e1zsolaj 1000 ml"},"content":{"rendered":"","protected":false},"excerpt":{"rendered":"<p>Ide\u00e1lis, j\u00f3l cs\u00fasz\u00f3 k\u00f6zeget biztos\u00edt a massz\u00edroz\u00e1shoz, \u00edgy kev\u00e9s mennyis\u00e9ggel is lehet\u0151v\u00e9 v\u00e1lik a massz\u00edroz\u00e1s. Megfelel\u0151en kiv\u00e1lasztott aktiv\u00e1tor (n\u00f6v\u00e9nyi ill\u00f3olaj) vagy ampulla adagol\u00e1s\u00e1val kiv\u00e1l\u00f3an alkalmas kozmetikai (arc \u00e9s dekolt\u00e1zs) massz\u00e1zshoz, alakform\u00e1l\u00f3 massz\u00e1zshoz, friss\u00edt\u0151 testmassz\u00e1zshoz, sport-, \u00e9s gy\u00f3gymassz\u00e1zshoz egyar\u00e1nt. Megfelel\u0151en kiv\u00e1lasztott aktiv\u00e1tor (n\u00f6v\u00e9nyi ill\u00f3olaj) vagy ampulla adagol\u00e1s\u00e1val kiv\u00e1l\u00f3an alkalmas kozmetikai (arc \u00e9s dekolt\u00e1zs) massz\u00e1zshoz, alakform\u00e1l\u00f3 massz\u00e1zshoz, friss\u00edt\u0151 testmassz\u00e1zshoz, sport-, \u00e9s gy\u00f3gymassz\u00e1zshoz egyar\u00e1nt. Mesters\u00e9ges sz\u00edn- \u00e9s illatanyagot, tart\u00f3s\u00edt\u00f3szert nem tartalmaz, parab\u00e9n- \u00e9s paraffinmentes. Hypoallerg\u00e9n.<\/p>\n","protected":false},"featured_media":2508,"template":"","meta":[],"product_cat":[61,92],"product_tag":[56,91,60,93],"yoast_head":"<!-- This site is optimized with the Yoast SEO plugin v17.4 - https:\/\/yoast.com\/wordpress\/plugins\/seo\/ -->\n<title>Lady STELLA Oliva Professional B\u00e1zis Massz\u00e1zsolaj 1000 ml - Emspoma webshop<\/title>\n<meta name=\"robots\" content=\"index, follow, max-snippet:-1, max-image-preview:large, max-video-preview:-1\" \/>\n<link rel=\"canonical\" href=\"http:\/\/rekongem.hu\/?product=lady-stella-oliva-natur-bazis-masszazsolaj-1000-ml\" \/>\n<meta property=\"og:locale\" content=\"hu_HU\" \/>\n<meta property=\"og:type\" content=\"article\" \/>\n<meta property=\"og:title\" content=\"Lady STELLA Oliva Professional B\u00e1zis Massz\u00e1zsolaj 1000 ml - Emspoma webshop\" \/>\n<meta property=\"og:description\" content=\"Ide\u00e1lis, j\u00f3l cs\u00fasz\u00f3 k\u00f6zeget biztos\u00edt a massz\u00edroz\u00e1shoz, \u00edgy kev\u00e9s mennyis\u00e9ggel is lehet\u0151v\u00e9 v\u00e1lik a massz\u00edroz\u00e1s. Megfelel\u0151en kiv\u00e1lasztott aktiv\u00e1tor (n\u00f6v\u00e9nyi ill\u00f3olaj) vagy ampulla adagol\u00e1s\u00e1val kiv\u00e1l\u00f3an alkalmas kozmetikai (arc \u00e9s dekolt\u00e1zs) massz\u00e1zshoz, alakform\u00e1l\u00f3 massz\u00e1zshoz, friss\u00edt\u0151 testmassz\u00e1zshoz, sport-, \u00e9s gy\u00f3gymassz\u00e1zshoz egyar\u00e1nt. Megfelel\u0151en kiv\u00e1lasztott aktiv\u00e1tor (n\u00f6v\u00e9nyi ill\u00f3olaj) vagy ampulla adagol\u00e1s\u00e1val kiv\u00e1l\u00f3an alkalmas kozmetikai (arc \u00e9s dekolt\u00e1zs) massz\u00e1zshoz, alakform\u00e1l\u00f3 massz\u00e1zshoz, friss\u00edt\u0151 testmassz\u00e1zshoz, sport-, \u00e9s gy\u00f3gymassz\u00e1zshoz egyar\u00e1nt. Mesters\u00e9ges sz\u00edn- \u00e9s illatanyagot, tart\u00f3s\u00edt\u00f3szert nem tartalmaz, parab\u00e9n- \u00e9s paraffinmentes. Hypoallerg\u00e9n.\" \/>\n<meta property=\"og:url\" content=\"http:\/\/rekongem.hu\/?product=lady-stella-oliva-natur-bazis-masszazsolaj-1000-ml\" \/>\n<meta property=\"og:site_name\" content=\"Emspoma webshop\" \/>\n<meta property=\"article:publisher\" content=\"https:\/\/www.facebook.com\/masszazsbirodalom\/\" \/>\n<meta property=\"article:modified_time\" content=\"2025-06-21T17:36:18+00:00\" \/>\n<meta property=\"og:image\" content=\"http:\/\/rekongem.hu\/wp-content\/uploads\/2016\/07\/Lady-STELLA-OLIVA-NATUR-B\u00e1zis-massz\u00e1zsolaj-1000-ml.jpg\" \/>\n\t<meta property=\"og:image:width\" content=\"400\" \/>\n\t<meta property=\"og:image:height\" content=\"400\" \/>\n<meta name=\"twitter:card\" content=\"summary\" \/>\n<meta name=\"twitter:site\" content=\"@masszazs_bir\" \/>\n<script type=\"application\/ld+json\" class=\"yoast-schema-graph\">{\"@context\":\"https:\/\/schema.org\",\"@graph\":[{\"@type\":\"WebSite\",\"@id\":\"http:\/\/rekongem.hu\/#website\",\"url\":\"http:\/\/rekongem.hu\/\",\"name\":\"Emspoma webshop\",\"description\":\"\",\"potentialAction\":[{\"@type\":\"SearchAction\",\"target\":{\"@type\":\"EntryPoint\",\"urlTemplate\":\"http:\/\/rekongem.hu\/?s={search_term_string}\"},\"query-input\":\"required name=search_term_string\"}],\"inLanguage\":\"hu\"},{\"@type\":\"ImageObject\",\"@id\":\"http:\/\/rekongem.hu\/?product=lady-stella-oliva-natur-bazis-masszazsolaj-1000-ml#primaryimage\",\"inLanguage\":\"hu\",\"url\":\"http:\/\/rekongem.hu\/wp-content\/uploads\/2016\/07\/Lady-STELLA-OLIVA-NATUR-B\\u00e1zis-massz\\u00e1zsolaj-1000-ml.jpg\",\"contentUrl\":\"http:\/\/rekongem.hu\/wp-content\/uploads\/2016\/07\/Lady-STELLA-OLIVA-NATUR-B\\u00e1zis-massz\\u00e1zsolaj-1000-ml.jpg\",\"width\":400,\"height\":400,\"caption\":\"Lady STELLA OLIVA NATUR B\\u00e1zis massz\\u00e1zsolaj 1000 ml\"},{\"@type\":\"WebPage\",\"@id\":\"http:\/\/rekongem.hu\/?product=lady-stella-oliva-natur-bazis-masszazsolaj-1000-ml#webpage\",\"url\":\"http:\/\/rekongem.hu\/?product=lady-stella-oliva-natur-bazis-masszazsolaj-1000-ml\",\"name\":\"Lady STELLA Oliva Professional B\\u00e1zis Massz\\u00e1zsolaj 1000 ml - Emspoma webshop\",\"isPartOf\":{\"@id\":\"http:\/\/rekongem.hu\/#website\"},\"primaryImageOfPage\":{\"@id\":\"http:\/\/rekongem.hu\/?product=lady-stella-oliva-natur-bazis-masszazsolaj-1000-ml#primaryimage\"},\"datePublished\":\"2016-07-09T18:02:10+00:00\",\"dateModified\":\"2025-06-21T17:36:18+00:00\",\"breadcrumb\":{\"@id\":\"http:\/\/rekongem.hu\/?product=lady-stella-oliva-natur-bazis-masszazsolaj-1000-ml#breadcrumb\"},\"inLanguage\":\"hu\",\"potentialAction\":[{\"@type\":\"ReadAction\",\"target\":[\"http:\/\/rekongem.hu\/?product=lady-stella-oliva-natur-bazis-masszazsolaj-1000-ml\"]}]},{\"@type\":\"BreadcrumbList\",\"@id\":\"http:\/\/rekongem.hu\/?product=lady-stella-oliva-natur-bazis-masszazsolaj-1000-ml#breadcrumb\",\"itemListElement\":[{\"@type\":\"ListItem\",\"position\":1,\"name\":\"Home\",\"item\":\"http:\/\/rekongem.hu\/\"},{\"@type\":\"ListItem\",\"position\":2,\"name\":\"\\u00dczlet\",\"item\":\"http:\/\/rekongem.hu\/?page_id=4\"},{\"@type\":\"ListItem\",\"position\":3,\"name\":\"Lady STELLA Oliva Professional B\\u00e1zis Massz\\u00e1zsolaj 1000 ml\"}]}]}<\/script>\n<!-- \/ Yoast SEO plugin. -->","yoast_head_json":{"title":"Lady STELLA Oliva Professional B\u00e1zis Massz\u00e1zsolaj 1000 ml - Emspoma webshop","robots":{"index":"index","follow":"follow","max-snippet":"max-snippet:-1","max-image-preview":"max-image-preview:large","max-video-preview":"max-video-preview:-1"},"canonical":"http:\/\/rekongem.hu\/?product=lady-stella-oliva-natur-bazis-masszazsolaj-1000-ml","og_locale":"hu_HU","og_type":"article","og_title":"Lady STELLA Oliva Professional B\u00e1zis Massz\u00e1zsolaj 1000 ml - Emspoma webshop","og_description":"Ide\u00e1lis, j\u00f3l cs\u00fasz\u00f3 k\u00f6zeget biztos\u00edt a massz\u00edroz\u00e1shoz, \u00edgy kev\u00e9s mennyis\u00e9ggel is lehet\u0151v\u00e9 v\u00e1lik a massz\u00edroz\u00e1s. Megfelel\u0151en kiv\u00e1lasztott aktiv\u00e1tor (n\u00f6v\u00e9nyi ill\u00f3olaj) vagy ampulla adagol\u00e1s\u00e1val kiv\u00e1l\u00f3an alkalmas kozmetikai (arc \u00e9s dekolt\u00e1zs) massz\u00e1zshoz, alakform\u00e1l\u00f3 massz\u00e1zshoz, friss\u00edt\u0151 testmassz\u00e1zshoz, sport-, \u00e9s gy\u00f3gymassz\u00e1zshoz egyar\u00e1nt. Megfelel\u0151en kiv\u00e1lasztott aktiv\u00e1tor (n\u00f6v\u00e9nyi ill\u00f3olaj) vagy ampulla adagol\u00e1s\u00e1val kiv\u00e1l\u00f3an alkalmas kozmetikai (arc \u00e9s dekolt\u00e1zs) massz\u00e1zshoz, alakform\u00e1l\u00f3 massz\u00e1zshoz, friss\u00edt\u0151 testmassz\u00e1zshoz, sport-, \u00e9s gy\u00f3gymassz\u00e1zshoz egyar\u00e1nt. Mesters\u00e9ges sz\u00edn- \u00e9s illatanyagot, tart\u00f3s\u00edt\u00f3szert nem tartalmaz, parab\u00e9n- \u00e9s paraffinmentes. Hypoallerg\u00e9n.","og_url":"http:\/\/rekongem.hu\/?product=lady-stella-oliva-natur-bazis-masszazsolaj-1000-ml","og_site_name":"Emspoma webshop","article_publisher":"https:\/\/www.facebook.com\/masszazsbirodalom\/","article_modified_time":"2025-06-21T17:36:18+00:00","og_image":[{"width":400,"height":400,"url":"http:\/\/rekongem.hu\/wp-content\/uploads\/2016\/07\/Lady-STELLA-OLIVA-NATUR-B\u00e1zis-massz\u00e1zsolaj-1000-ml.jpg","type":"image\/jpeg"}],"twitter_card":"summary","twitter_site":"@masszazs_bir","schema":{"@context":"https:\/\/schema.org","@graph":[{"@type":"WebSite","@id":"http:\/\/rekongem.hu\/#website","url":"http:\/\/rekongem.hu\/","name":"Emspoma webshop","description":"","potentialAction":[{"@type":"SearchAction","target":{"@type":"EntryPoint","urlTemplate":"http:\/\/rekongem.hu\/?s={search_term_string}"},"query-input":"required name=search_term_string"}],"inLanguage":"hu"},{"@type":"ImageObject","@id":"http:\/\/rekongem.hu\/?product=lady-stella-oliva-natur-bazis-masszazsolaj-1000-ml#primaryimage","inLanguage":"hu","url":"http:\/\/rekongem.hu\/wp-content\/uploads\/2016\/07\/Lady-STELLA-OLIVA-NATUR-B\u00e1zis-massz\u00e1zsolaj-1000-ml.jpg","contentUrl":"http:\/\/rekongem.hu\/wp-content\/uploads\/2016\/07\/Lady-STELLA-OLIVA-NATUR-B\u00e1zis-massz\u00e1zsolaj-1000-ml.jpg","width":400,"height":400,"caption":"Lady STELLA OLIVA NATUR B\u00e1zis massz\u00e1zsolaj 1000 ml"},{"@type":"WebPage","@id":"http:\/\/rekongem.hu\/?product=lady-stella-oliva-natur-bazis-masszazsolaj-1000-ml#webpage","url":"http:\/\/rekongem.hu\/?product=lady-stella-oliva-natur-bazis-masszazsolaj-1000-ml","name":"Lady STELLA Oliva Professional B\u00e1zis Massz\u00e1zsolaj 1000 ml - Emspoma webshop","isPartOf":{"@id":"http:\/\/rekongem.hu\/#website"},"primaryImageOfPage":{"@id":"http:\/\/rekongem.hu\/?product=lady-stella-oliva-natur-bazis-masszazsolaj-1000-ml#primaryimage"},"datePublished":"2016-07-09T18:02:10+00:00","dateModified":"2025-06-21T17:36:18+00:00","breadcrumb":{"@id":"http:\/\/rekongem.hu\/?product=lady-stella-oliva-natur-bazis-masszazsolaj-1000-ml#breadcrumb"},"inLanguage":"hu","potentialAction":[{"@type":"ReadAction","target":["http:\/\/rekongem.hu\/?product=lady-stella-oliva-natur-bazis-masszazsolaj-1000-ml"]}]},{"@type":"BreadcrumbList","@id":"http:\/\/rekongem.hu\/?product=lady-stella-oliva-natur-bazis-masszazsolaj-1000-ml#breadcrumb","itemListElement":[{"@type":"ListItem","position":1,"name":"Home","item":"http:\/\/rekongem.hu\/"},{"@type":"ListItem","position":2,"name":"\u00dczlet","item":"http:\/\/rekongem.hu\/?page_id=4"},{"@type":"ListItem","position":3,"name":"Lady STELLA Oliva Professional B\u00e1zis Massz\u00e1zsolaj 1000 ml"}]}]}},"_links":{"self":[{"href":"http:\/\/rekongem.hu\/index.php?rest_route=\/wp\/v2\/product\/683"}],"collection":[{"href":"http:\/\/rekongem.hu\/index.php?rest_route=\/wp\/v2\/product"}],"about":[{"href":"http:\/\/rekongem.hu\/index.php?rest_route=\/wp\/v2\/types\/product"}],"wp:featuredmedia":[{"embeddable":true,"href":"http:\/\/rekongem.hu\/index.php?rest_route=\/wp\/v2\/media\/2508"}],"wp:attachment":[{"href":"http:\/\/rekongem.hu\/index.php?rest_route=%2Fwp%2Fv2%2Fmedia&parent=683"}],"wp:term":[{"taxonomy":"product_cat","embeddable":true,"href":"http:\/\/rekongem.hu\/index.php?rest_route=%2Fwp%2Fv2%2Fproduct_cat&post=683"},{"taxonomy":"product_tag","embeddable":true,"href":"http:\/\/rekongem.hu\/index.php?rest_route=%2Fwp%2Fv2%2Fproduct_tag&post=683"}],"curies":[{"name":"wp","href":"https:\/\/api.w.org\/{rel}","templated":true}]}}