{"id":677,"date":"2016-07-09T17:45:01","date_gmt":"2016-07-09T17:45:01","guid":{"rendered":"http:\/\/jadebeauty.hu\/?post_type=product&#038;p=677"},"modified":"2025-06-21T17:35:27","modified_gmt":"2025-06-21T17:35:27","slug":"lady-stella-karcsusito-paprikas-masszazskrem-500ml","status":"publish","type":"product","link":"http:\/\/rekongem.hu\/?product=lady-stella-karcsusito-paprikas-masszazskrem-500ml","title":{"rendered":"Lady STELLA Karcs\u00fas\u00edt\u00f3 Massz\u00e1zskr\u00e9m Paprika 500 ml"},"content":{"rendered":"","protected":false},"excerpt":{"rendered":"<p>Term\u00e9szetes hat\u00f3anyagai : (mezei zsurl\u00f3, borosty\u00e1n, koml\u00f3, mogyor\u00f3lev\u00e9l ) \u00e9s \u00e9des paprika kivonata serkentik a v\u00e9r- \u00e9s nyirokkering\u00e9st, fellaz\u00edtj\u00e1k a lerak\u00f3dott zs\u00edrsejteket, meggyors\u00edtj\u00e1k a felgy\u00fclemlett m\u00e9reganyagok t\u00e1voz\u00e1s\u00e1t a k\u00f6t\u0151sz\u00f6vetekb\u0151l, \u00edgy hat\u00e9kony megold\u00e1st jelent a cellulit nem k\u00edv\u00e1nt t\u00fcneteinek enyh\u00edt\u00e9s\u00e9re. A makacs zs\u00edrp\u00e1rn\u00e1k szemmel l\u00e1that\u00f3lag cs\u00f6kkennek, a kezelt fel\u00fcletek vonalai finomodnak, az egyenetlen b\u0151rfelsz\u00edn kisimul.\u00a0Intenz\u00edv zs\u00edr\u00e9get\u0151, alakform\u00e1l\u00f3 massz\u00e1zskr\u00e9m, paprika kivonattal, Sz\u00ednez\u00e9kmentes.<\/p>\n","protected":false},"featured_media":2510,"template":"","meta":[],"product_cat":[23,37,92],"product_tag":[95,118,89,119,91,11,120,121,40,93,103],"yoast_head":"<!-- This site is optimized with the Yoast SEO plugin v17.4 - https:\/\/yoast.com\/wordpress\/plugins\/seo\/ -->\n<title>Lady STELLA Karcs\u00fas\u00edt\u00f3 Massz\u00e1zskr\u00e9m Paprika 500 ml - Emspoma webshop<\/title>\n<meta name=\"robots\" content=\"index, follow, max-snippet:-1, max-image-preview:large, max-video-preview:-1\" \/>\n<link rel=\"canonical\" href=\"http:\/\/rekongem.hu\/?product=lady-stella-karcsusito-paprikas-masszazskrem-500ml\" \/>\n<meta property=\"og:locale\" content=\"hu_HU\" \/>\n<meta property=\"og:type\" content=\"article\" \/>\n<meta property=\"og:title\" content=\"Lady STELLA Karcs\u00fas\u00edt\u00f3 Massz\u00e1zskr\u00e9m Paprika 500 ml - Emspoma webshop\" \/>\n<meta property=\"og:description\" content=\"Term\u00e9szetes hat\u00f3anyagai : (mezei zsurl\u00f3, borosty\u00e1n, koml\u00f3, mogyor\u00f3lev\u00e9l ) \u00e9s \u00e9des paprika kivonata serkentik a v\u00e9r- \u00e9s nyirokkering\u00e9st, fellaz\u00edtj\u00e1k a lerak\u00f3dott zs\u00edrsejteket, meggyors\u00edtj\u00e1k a felgy\u00fclemlett m\u00e9reganyagok t\u00e1voz\u00e1s\u00e1t a k\u00f6t\u0151sz\u00f6vetekb\u0151l, \u00edgy hat\u00e9kony megold\u00e1st jelent a cellulit nem k\u00edv\u00e1nt t\u00fcneteinek enyh\u00edt\u00e9s\u00e9re. A makacs zs\u00edrp\u00e1rn\u00e1k szemmel l\u00e1that\u00f3lag cs\u00f6kkennek, a kezelt fel\u00fcletek vonalai finomodnak, az egyenetlen b\u0151rfelsz\u00edn kisimul.\u00a0Intenz\u00edv zs\u00edr\u00e9get\u0151, alakform\u00e1l\u00f3 massz\u00e1zskr\u00e9m, paprika kivonattal, Sz\u00ednez\u00e9kmentes.\" \/>\n<meta property=\"og:url\" content=\"http:\/\/rekongem.hu\/?product=lady-stella-karcsusito-paprikas-masszazskrem-500ml\" \/>\n<meta property=\"og:site_name\" content=\"Emspoma webshop\" \/>\n<meta property=\"article:publisher\" content=\"https:\/\/www.facebook.com\/masszazsbirodalom\/\" \/>\n<meta property=\"article:modified_time\" content=\"2025-06-21T17:35:27+00:00\" \/>\n<meta property=\"og:image\" content=\"http:\/\/rekongem.hu\/wp-content\/uploads\/2016\/07\/Lady-Stella-Karcs\u00fas\u00edt\u00f3-alakform\u00e1l\u00f3-paprik\u00e1s-massz\u00e1zskr\u00e9m-500ml.jpg\" \/>\n\t<meta property=\"og:image:width\" content=\"400\" \/>\n\t<meta property=\"og:image:height\" content=\"400\" \/>\n<meta name=\"twitter:card\" content=\"summary\" \/>\n<meta name=\"twitter:site\" content=\"@masszazs_bir\" \/>\n<script type=\"application\/ld+json\" class=\"yoast-schema-graph\">{\"@context\":\"https:\/\/schema.org\",\"@graph\":[{\"@type\":\"WebSite\",\"@id\":\"http:\/\/rekongem.hu\/#website\",\"url\":\"http:\/\/rekongem.hu\/\",\"name\":\"Emspoma webshop\",\"description\":\"\",\"potentialAction\":[{\"@type\":\"SearchAction\",\"target\":{\"@type\":\"EntryPoint\",\"urlTemplate\":\"http:\/\/rekongem.hu\/?s={search_term_string}\"},\"query-input\":\"required name=search_term_string\"}],\"inLanguage\":\"hu\"},{\"@type\":\"ImageObject\",\"@id\":\"http:\/\/rekongem.hu\/?product=lady-stella-karcsusito-paprikas-masszazskrem-500ml#primaryimage\",\"inLanguage\":\"hu\",\"url\":\"http:\/\/rekongem.hu\/wp-content\/uploads\/2016\/07\/Lady-Stella-Karcs\\u00fas\\u00edt\\u00f3-alakform\\u00e1l\\u00f3-paprik\\u00e1s-massz\\u00e1zskr\\u00e9m-500ml.jpg\",\"contentUrl\":\"http:\/\/rekongem.hu\/wp-content\/uploads\/2016\/07\/Lady-Stella-Karcs\\u00fas\\u00edt\\u00f3-alakform\\u00e1l\\u00f3-paprik\\u00e1s-massz\\u00e1zskr\\u00e9m-500ml.jpg\",\"width\":400,\"height\":400,\"caption\":\"Lady Stella Karcs\\u00fas\\u00edt\\u00f3 alakform\\u00e1l\\u00f3 paprik\\u00e1s massz\\u00e1zskr\\u00e9m 500ml\"},{\"@type\":\"WebPage\",\"@id\":\"http:\/\/rekongem.hu\/?product=lady-stella-karcsusito-paprikas-masszazskrem-500ml#webpage\",\"url\":\"http:\/\/rekongem.hu\/?product=lady-stella-karcsusito-paprikas-masszazskrem-500ml\",\"name\":\"Lady STELLA Karcs\\u00fas\\u00edt\\u00f3 Massz\\u00e1zskr\\u00e9m Paprika 500 ml - Emspoma webshop\",\"isPartOf\":{\"@id\":\"http:\/\/rekongem.hu\/#website\"},\"primaryImageOfPage\":{\"@id\":\"http:\/\/rekongem.hu\/?product=lady-stella-karcsusito-paprikas-masszazskrem-500ml#primaryimage\"},\"datePublished\":\"2016-07-09T17:45:01+00:00\",\"dateModified\":\"2025-06-21T17:35:27+00:00\",\"breadcrumb\":{\"@id\":\"http:\/\/rekongem.hu\/?product=lady-stella-karcsusito-paprikas-masszazskrem-500ml#breadcrumb\"},\"inLanguage\":\"hu\",\"potentialAction\":[{\"@type\":\"ReadAction\",\"target\":[\"http:\/\/rekongem.hu\/?product=lady-stella-karcsusito-paprikas-masszazskrem-500ml\"]}]},{\"@type\":\"BreadcrumbList\",\"@id\":\"http:\/\/rekongem.hu\/?product=lady-stella-karcsusito-paprikas-masszazskrem-500ml#breadcrumb\",\"itemListElement\":[{\"@type\":\"ListItem\",\"position\":1,\"name\":\"Home\",\"item\":\"http:\/\/rekongem.hu\/\"},{\"@type\":\"ListItem\",\"position\":2,\"name\":\"\\u00dczlet\",\"item\":\"http:\/\/rekongem.hu\/?page_id=4\"},{\"@type\":\"ListItem\",\"position\":3,\"name\":\"Lady STELLA Karcs\\u00fas\\u00edt\\u00f3 Massz\\u00e1zskr\\u00e9m Paprika 500 ml\"}]}]}<\/script>\n<!-- \/ Yoast SEO plugin. -->","yoast_head_json":{"title":"Lady STELLA Karcs\u00fas\u00edt\u00f3 Massz\u00e1zskr\u00e9m Paprika 500 ml - Emspoma webshop","robots":{"index":"index","follow":"follow","max-snippet":"max-snippet:-1","max-image-preview":"max-image-preview:large","max-video-preview":"max-video-preview:-1"},"canonical":"http:\/\/rekongem.hu\/?product=lady-stella-karcsusito-paprikas-masszazskrem-500ml","og_locale":"hu_HU","og_type":"article","og_title":"Lady STELLA Karcs\u00fas\u00edt\u00f3 Massz\u00e1zskr\u00e9m Paprika 500 ml - Emspoma webshop","og_description":"Term\u00e9szetes hat\u00f3anyagai : (mezei zsurl\u00f3, borosty\u00e1n, koml\u00f3, mogyor\u00f3lev\u00e9l ) \u00e9s \u00e9des paprika kivonata serkentik a v\u00e9r- \u00e9s nyirokkering\u00e9st, fellaz\u00edtj\u00e1k a lerak\u00f3dott zs\u00edrsejteket, meggyors\u00edtj\u00e1k a felgy\u00fclemlett m\u00e9reganyagok t\u00e1voz\u00e1s\u00e1t a k\u00f6t\u0151sz\u00f6vetekb\u0151l, \u00edgy hat\u00e9kony megold\u00e1st jelent a cellulit nem k\u00edv\u00e1nt t\u00fcneteinek enyh\u00edt\u00e9s\u00e9re. A makacs zs\u00edrp\u00e1rn\u00e1k szemmel l\u00e1that\u00f3lag cs\u00f6kkennek, a kezelt fel\u00fcletek vonalai finomodnak, az egyenetlen b\u0151rfelsz\u00edn kisimul.\u00a0Intenz\u00edv zs\u00edr\u00e9get\u0151, alakform\u00e1l\u00f3 massz\u00e1zskr\u00e9m, paprika kivonattal, Sz\u00ednez\u00e9kmentes.","og_url":"http:\/\/rekongem.hu\/?product=lady-stella-karcsusito-paprikas-masszazskrem-500ml","og_site_name":"Emspoma webshop","article_publisher":"https:\/\/www.facebook.com\/masszazsbirodalom\/","article_modified_time":"2025-06-21T17:35:27+00:00","og_image":[{"width":400,"height":400,"url":"http:\/\/rekongem.hu\/wp-content\/uploads\/2016\/07\/Lady-Stella-Karcs\u00fas\u00edt\u00f3-alakform\u00e1l\u00f3-paprik\u00e1s-massz\u00e1zskr\u00e9m-500ml.jpg","type":"image\/jpeg"}],"twitter_card":"summary","twitter_site":"@masszazs_bir","schema":{"@context":"https:\/\/schema.org","@graph":[{"@type":"WebSite","@id":"http:\/\/rekongem.hu\/#website","url":"http:\/\/rekongem.hu\/","name":"Emspoma webshop","description":"","potentialAction":[{"@type":"SearchAction","target":{"@type":"EntryPoint","urlTemplate":"http:\/\/rekongem.hu\/?s={search_term_string}"},"query-input":"required name=search_term_string"}],"inLanguage":"hu"},{"@type":"ImageObject","@id":"http:\/\/rekongem.hu\/?product=lady-stella-karcsusito-paprikas-masszazskrem-500ml#primaryimage","inLanguage":"hu","url":"http:\/\/rekongem.hu\/wp-content\/uploads\/2016\/07\/Lady-Stella-Karcs\u00fas\u00edt\u00f3-alakform\u00e1l\u00f3-paprik\u00e1s-massz\u00e1zskr\u00e9m-500ml.jpg","contentUrl":"http:\/\/rekongem.hu\/wp-content\/uploads\/2016\/07\/Lady-Stella-Karcs\u00fas\u00edt\u00f3-alakform\u00e1l\u00f3-paprik\u00e1s-massz\u00e1zskr\u00e9m-500ml.jpg","width":400,"height":400,"caption":"Lady Stella Karcs\u00fas\u00edt\u00f3 alakform\u00e1l\u00f3 paprik\u00e1s massz\u00e1zskr\u00e9m 500ml"},{"@type":"WebPage","@id":"http:\/\/rekongem.hu\/?product=lady-stella-karcsusito-paprikas-masszazskrem-500ml#webpage","url":"http:\/\/rekongem.hu\/?product=lady-stella-karcsusito-paprikas-masszazskrem-500ml","name":"Lady STELLA Karcs\u00fas\u00edt\u00f3 Massz\u00e1zskr\u00e9m Paprika 500 ml - Emspoma webshop","isPartOf":{"@id":"http:\/\/rekongem.hu\/#website"},"primaryImageOfPage":{"@id":"http:\/\/rekongem.hu\/?product=lady-stella-karcsusito-paprikas-masszazskrem-500ml#primaryimage"},"datePublished":"2016-07-09T17:45:01+00:00","dateModified":"2025-06-21T17:35:27+00:00","breadcrumb":{"@id":"http:\/\/rekongem.hu\/?product=lady-stella-karcsusito-paprikas-masszazskrem-500ml#breadcrumb"},"inLanguage":"hu","potentialAction":[{"@type":"ReadAction","target":["http:\/\/rekongem.hu\/?product=lady-stella-karcsusito-paprikas-masszazskrem-500ml"]}]},{"@type":"BreadcrumbList","@id":"http:\/\/rekongem.hu\/?product=lady-stella-karcsusito-paprikas-masszazskrem-500ml#breadcrumb","itemListElement":[{"@type":"ListItem","position":1,"name":"Home","item":"http:\/\/rekongem.hu\/"},{"@type":"ListItem","position":2,"name":"\u00dczlet","item":"http:\/\/rekongem.hu\/?page_id=4"},{"@type":"ListItem","position":3,"name":"Lady STELLA Karcs\u00fas\u00edt\u00f3 Massz\u00e1zskr\u00e9m Paprika 500 ml"}]}]}},"_links":{"self":[{"href":"http:\/\/rekongem.hu\/index.php?rest_route=\/wp\/v2\/product\/677"}],"collection":[{"href":"http:\/\/rekongem.hu\/index.php?rest_route=\/wp\/v2\/product"}],"about":[{"href":"http:\/\/rekongem.hu\/index.php?rest_route=\/wp\/v2\/types\/product"}],"wp:featuredmedia":[{"embeddable":true,"href":"http:\/\/rekongem.hu\/index.php?rest_route=\/wp\/v2\/media\/2510"}],"wp:attachment":[{"href":"http:\/\/rekongem.hu\/index.php?rest_route=%2Fwp%2Fv2%2Fmedia&parent=677"}],"wp:term":[{"taxonomy":"product_cat","embeddable":true,"href":"http:\/\/rekongem.hu\/index.php?rest_route=%2Fwp%2Fv2%2Fproduct_cat&post=677"},{"taxonomy":"product_tag","embeddable":true,"href":"http:\/\/rekongem.hu\/index.php?rest_route=%2Fwp%2Fv2%2Fproduct_tag&post=677"}],"curies":[{"name":"wp","href":"https:\/\/api.w.org\/{rel}","templated":true}]}}