{"id":577,"date":"2016-07-07T12:04:32","date_gmt":"2016-07-07T12:04:32","guid":{"rendered":"http:\/\/jadebeauty.hu\/?post_type=product&#038;p=577"},"modified":"2024-09-23T19:24:02","modified_gmt":"2024-09-23T19:24:02","slug":"jade-masszazsolaj-vanilia-1000-ml","status":"publish","type":"product","link":"http:\/\/rekongem.hu\/?product=jade-masszazsolaj-vanilia-1000-ml","title":{"rendered":"Jade massz\u00e1zsolaj Van\u00edlia 1000 ml"},"content":{"rendered":"<p>A sz\u0151l\u0151mag- \u00e9s kukoricacs\u00edra olaj tartalm\u00e1nak k\u00f6sz\u00f6nhet\u0151en<br \/>\nvisszaadja a b\u0151r simas\u00e1g\u00e1t, rugalmass\u00e1g\u00e1t, megel\u0151zi korai \u00f6reged\u00e9s\u00e9t.<br \/>\nA b\u0151rbe k\u00f6nnyen \u00e9s gyorsan felsz\u00edv\u00f3dik, k\u00fcl\u00f6n\u00f6sen alkalmas sz\u00e1raz,<br \/>\nv\u00edzhi\u00e1nyos b\u0151r \u00e1pol\u00e1s\u00e1ra.<\/p>\n<p>Van\u00edlia illattal.<\/p>\n<p>Recept\u00far\u00e1j\u00e1t massz\u0151r\u00f6k, kozmetikusok seg\u00edts\u00e9g\u00e9vel fejlesztett\u00fck a megfelel\u0151 illatkoncentr\u00e1ci\u00f3,<br \/>\nfelsz\u00edv\u00f3d\u00e1s, konzisztencia el\u00e9r\u00e9s\u00e9hez.<br \/>\nTest\u00e1pol\u00f3k\u00e9nt is alkalmazhat\u00f3.<\/p>\n<p>Sz\u0151l\u0151magolaj hat\u00e1sai:<\/p>\n<p>\u2022 hidrat\u00e1l\u00f3, n\u00f6veli a m\u00e9lyebb b\u0151rr\u00e9tegek v\u00edztartalm\u00e1t<br \/>\n\u2022 b\u0151rpuh\u00edt\u00f3<br \/>\n\u2022 gyullad\u00e1scs\u00f6kkent\u0151<br \/>\n\u2022 b\u0151rnyugtat\u00f3, irrit\u00e1ci\u00f3g\u00e1tl\u00f3<br \/>\n\u2022 enyh\u00edtheti a h\u00e1mosod\u00e1si zavarok t\u00fcneteit<br \/>\n\u2022 gyorsan, m\u00e9lyen sz\u00edv\u00f3dik fel, nem t\u00f6m\u00edti el a p\u00f3rusokat<br \/>\n\u2022 alkalmas sz\u00e1raz, viszket\u0151, h\u00e1ml\u00f3 b\u0151r \u00e1pol\u00e1s\u00e1ra<\/p>\n<p>Kiszerel\u00e9s: 1000ml pet palack, garanciaz\u00e1ras kupak, +adagol\u00f3 pumpa<\/p>\n","protected":false},"excerpt":{"rendered":"<p>A sz\u0151l\u0151mag- \u00e9s kukoricacs\u00edra olaj tartalm\u00e1nak k\u00f6sz\u00f6nhet\u0151en visszaadja a b\u0151r simas\u00e1g\u00e1t, rugalmass\u00e1g\u00e1t, megel\u0151zi korai \u00f6reged\u00e9s\u00e9t. A b\u0151rbe k\u00f6nnyen \u00e9s gyorsan felsz\u00edv\u00f3dik, k\u00fcl\u00f6n\u00f6sen alkalmas sz\u00e1raz, v\u00edzhi\u00e1nyos b\u0151r \u00e1pol\u00e1s\u00e1ra. Van\u00edlia illattal. Recept\u00far\u00e1j\u00e1t massz\u0151r\u00f6k, kozmetikusok seg\u00edts\u00e9g\u00e9vel fejlesztett\u00fck a megfelel\u0151 illatkoncentr\u00e1ci\u00f3, felsz\u00edv\u00f3d\u00e1s, konzisztencia el\u00e9r\u00e9s\u00e9hez. Test\u00e1pol\u00f3k\u00e9nt is alkalmazhat\u00f3. Sz\u0151l\u0151magolaj hat\u00e1sai: \u2022 hidrat\u00e1l\u00f3, n\u00f6veli a m\u00e9lyebb b\u0151rr\u00e9tegek v\u00edztartalm\u00e1t \u2022 b\u0151rpuh\u00edt\u00f3 \u2022 [&hellip;]<\/p>\n","protected":false},"featured_media":1924,"template":"","meta":[],"product_cat":[6,61,58],"product_tag":[49,64,60,62,78],"yoast_head":"<!-- This site is optimized with the Yoast SEO plugin v17.4 - https:\/\/yoast.com\/wordpress\/plugins\/seo\/ -->\n<title>Jade massz\u00e1zsolaj Van\u00edlia 1000 ml - Emspoma webshop<\/title>\n<meta name=\"robots\" content=\"index, follow, max-snippet:-1, max-image-preview:large, max-video-preview:-1\" \/>\n<link rel=\"canonical\" href=\"http:\/\/rekongem.hu\/?product=jade-masszazsolaj-vanilia-1000-ml\" \/>\n<meta property=\"og:locale\" content=\"hu_HU\" \/>\n<meta property=\"og:type\" content=\"article\" \/>\n<meta property=\"og:title\" content=\"Jade massz\u00e1zsolaj Van\u00edlia 1000 ml - Emspoma webshop\" \/>\n<meta property=\"og:description\" content=\"A sz\u0151l\u0151mag- \u00e9s kukoricacs\u00edra olaj tartalm\u00e1nak k\u00f6sz\u00f6nhet\u0151en visszaadja a b\u0151r simas\u00e1g\u00e1t, rugalmass\u00e1g\u00e1t, megel\u0151zi korai \u00f6reged\u00e9s\u00e9t. A b\u0151rbe k\u00f6nnyen \u00e9s gyorsan felsz\u00edv\u00f3dik, k\u00fcl\u00f6n\u00f6sen alkalmas sz\u00e1raz, v\u00edzhi\u00e1nyos b\u0151r \u00e1pol\u00e1s\u00e1ra. Van\u00edlia illattal. Recept\u00far\u00e1j\u00e1t massz\u0151r\u00f6k, kozmetikusok seg\u00edts\u00e9g\u00e9vel fejlesztett\u00fck a megfelel\u0151 illatkoncentr\u00e1ci\u00f3, felsz\u00edv\u00f3d\u00e1s, konzisztencia el\u00e9r\u00e9s\u00e9hez. Test\u00e1pol\u00f3k\u00e9nt is alkalmazhat\u00f3. Sz\u0151l\u0151magolaj hat\u00e1sai: \u2022 hidrat\u00e1l\u00f3, n\u00f6veli a m\u00e9lyebb b\u0151rr\u00e9tegek v\u00edztartalm\u00e1t \u2022 b\u0151rpuh\u00edt\u00f3 \u2022 [&hellip;]\" \/>\n<meta property=\"og:url\" content=\"http:\/\/rekongem.hu\/?product=jade-masszazsolaj-vanilia-1000-ml\" \/>\n<meta property=\"og:site_name\" content=\"Emspoma webshop\" \/>\n<meta property=\"article:publisher\" content=\"https:\/\/www.facebook.com\/masszazsbirodalom\/\" \/>\n<meta property=\"article:modified_time\" content=\"2024-09-23T19:24:02+00:00\" \/>\n<meta property=\"og:image\" content=\"http:\/\/rekongem.hu\/wp-content\/uploads\/2016\/07\/Jade-massz\u00e1zsolaj-van\u00edlia-1000ml.jpg\" \/>\n\t<meta property=\"og:image:width\" content=\"300\" \/>\n\t<meta property=\"og:image:height\" content=\"300\" \/>\n<meta name=\"twitter:card\" content=\"summary\" \/>\n<meta name=\"twitter:site\" content=\"@masszazs_bir\" \/>\n<meta name=\"twitter:label1\" content=\"Becs\u00fclt olvas\u00e1si id\u0151\" \/>\n\t<meta name=\"twitter:data1\" content=\"1 perc\" \/>\n<script type=\"application\/ld+json\" class=\"yoast-schema-graph\">{\"@context\":\"https:\/\/schema.org\",\"@graph\":[{\"@type\":\"WebSite\",\"@id\":\"http:\/\/rekongem.hu\/#website\",\"url\":\"http:\/\/rekongem.hu\/\",\"name\":\"Emspoma webshop\",\"description\":\"\",\"potentialAction\":[{\"@type\":\"SearchAction\",\"target\":{\"@type\":\"EntryPoint\",\"urlTemplate\":\"http:\/\/rekongem.hu\/?s={search_term_string}\"},\"query-input\":\"required name=search_term_string\"}],\"inLanguage\":\"hu\"},{\"@type\":\"ImageObject\",\"@id\":\"http:\/\/rekongem.hu\/?product=jade-masszazsolaj-vanilia-1000-ml#primaryimage\",\"inLanguage\":\"hu\",\"url\":\"http:\/\/rekongem.hu\/wp-content\/uploads\/2016\/07\/Jade-massz\\u00e1zsolaj-van\\u00edlia-1000ml.jpg\",\"contentUrl\":\"http:\/\/rekongem.hu\/wp-content\/uploads\/2016\/07\/Jade-massz\\u00e1zsolaj-van\\u00edlia-1000ml.jpg\",\"width\":300,\"height\":300,\"caption\":\"Jade massz\\u00e1zsolaj van\\u00edlia 1000ml\"},{\"@type\":\"WebPage\",\"@id\":\"http:\/\/rekongem.hu\/?product=jade-masszazsolaj-vanilia-1000-ml#webpage\",\"url\":\"http:\/\/rekongem.hu\/?product=jade-masszazsolaj-vanilia-1000-ml\",\"name\":\"Jade massz\\u00e1zsolaj Van\\u00edlia 1000 ml - Emspoma webshop\",\"isPartOf\":{\"@id\":\"http:\/\/rekongem.hu\/#website\"},\"primaryImageOfPage\":{\"@id\":\"http:\/\/rekongem.hu\/?product=jade-masszazsolaj-vanilia-1000-ml#primaryimage\"},\"datePublished\":\"2016-07-07T12:04:32+00:00\",\"dateModified\":\"2024-09-23T19:24:02+00:00\",\"breadcrumb\":{\"@id\":\"http:\/\/rekongem.hu\/?product=jade-masszazsolaj-vanilia-1000-ml#breadcrumb\"},\"inLanguage\":\"hu\",\"potentialAction\":[{\"@type\":\"ReadAction\",\"target\":[\"http:\/\/rekongem.hu\/?product=jade-masszazsolaj-vanilia-1000-ml\"]}]},{\"@type\":\"BreadcrumbList\",\"@id\":\"http:\/\/rekongem.hu\/?product=jade-masszazsolaj-vanilia-1000-ml#breadcrumb\",\"itemListElement\":[{\"@type\":\"ListItem\",\"position\":1,\"name\":\"Home\",\"item\":\"http:\/\/rekongem.hu\/\"},{\"@type\":\"ListItem\",\"position\":2,\"name\":\"\\u00dczlet\",\"item\":\"https:\/\/rekongem.hu\/?page_id=4\"},{\"@type\":\"ListItem\",\"position\":3,\"name\":\"Jade massz\\u00e1zsolaj Van\\u00edlia 1000 ml\"}]}]}<\/script>\n<!-- \/ Yoast SEO plugin. -->","yoast_head_json":{"title":"Jade massz\u00e1zsolaj Van\u00edlia 1000 ml - Emspoma webshop","robots":{"index":"index","follow":"follow","max-snippet":"max-snippet:-1","max-image-preview":"max-image-preview:large","max-video-preview":"max-video-preview:-1"},"canonical":"http:\/\/rekongem.hu\/?product=jade-masszazsolaj-vanilia-1000-ml","og_locale":"hu_HU","og_type":"article","og_title":"Jade massz\u00e1zsolaj Van\u00edlia 1000 ml - Emspoma webshop","og_description":"A sz\u0151l\u0151mag- \u00e9s kukoricacs\u00edra olaj tartalm\u00e1nak k\u00f6sz\u00f6nhet\u0151en visszaadja a b\u0151r simas\u00e1g\u00e1t, rugalmass\u00e1g\u00e1t, megel\u0151zi korai \u00f6reged\u00e9s\u00e9t. A b\u0151rbe k\u00f6nnyen \u00e9s gyorsan felsz\u00edv\u00f3dik, k\u00fcl\u00f6n\u00f6sen alkalmas sz\u00e1raz, v\u00edzhi\u00e1nyos b\u0151r \u00e1pol\u00e1s\u00e1ra. Van\u00edlia illattal. Recept\u00far\u00e1j\u00e1t massz\u0151r\u00f6k, kozmetikusok seg\u00edts\u00e9g\u00e9vel fejlesztett\u00fck a megfelel\u0151 illatkoncentr\u00e1ci\u00f3, felsz\u00edv\u00f3d\u00e1s, konzisztencia el\u00e9r\u00e9s\u00e9hez. Test\u00e1pol\u00f3k\u00e9nt is alkalmazhat\u00f3. Sz\u0151l\u0151magolaj hat\u00e1sai: \u2022 hidrat\u00e1l\u00f3, n\u00f6veli a m\u00e9lyebb b\u0151rr\u00e9tegek v\u00edztartalm\u00e1t \u2022 b\u0151rpuh\u00edt\u00f3 \u2022 [&hellip;]","og_url":"http:\/\/rekongem.hu\/?product=jade-masszazsolaj-vanilia-1000-ml","og_site_name":"Emspoma webshop","article_publisher":"https:\/\/www.facebook.com\/masszazsbirodalom\/","article_modified_time":"2024-09-23T19:24:02+00:00","og_image":[{"width":300,"height":300,"url":"http:\/\/rekongem.hu\/wp-content\/uploads\/2016\/07\/Jade-massz\u00e1zsolaj-van\u00edlia-1000ml.jpg","type":"image\/jpeg"}],"twitter_card":"summary","twitter_site":"@masszazs_bir","twitter_misc":{"Becs\u00fclt olvas\u00e1si id\u0151":"1 perc"},"schema":{"@context":"https:\/\/schema.org","@graph":[{"@type":"WebSite","@id":"http:\/\/rekongem.hu\/#website","url":"http:\/\/rekongem.hu\/","name":"Emspoma webshop","description":"","potentialAction":[{"@type":"SearchAction","target":{"@type":"EntryPoint","urlTemplate":"http:\/\/rekongem.hu\/?s={search_term_string}"},"query-input":"required name=search_term_string"}],"inLanguage":"hu"},{"@type":"ImageObject","@id":"http:\/\/rekongem.hu\/?product=jade-masszazsolaj-vanilia-1000-ml#primaryimage","inLanguage":"hu","url":"http:\/\/rekongem.hu\/wp-content\/uploads\/2016\/07\/Jade-massz\u00e1zsolaj-van\u00edlia-1000ml.jpg","contentUrl":"http:\/\/rekongem.hu\/wp-content\/uploads\/2016\/07\/Jade-massz\u00e1zsolaj-van\u00edlia-1000ml.jpg","width":300,"height":300,"caption":"Jade massz\u00e1zsolaj van\u00edlia 1000ml"},{"@type":"WebPage","@id":"http:\/\/rekongem.hu\/?product=jade-masszazsolaj-vanilia-1000-ml#webpage","url":"http:\/\/rekongem.hu\/?product=jade-masszazsolaj-vanilia-1000-ml","name":"Jade massz\u00e1zsolaj Van\u00edlia 1000 ml - Emspoma webshop","isPartOf":{"@id":"http:\/\/rekongem.hu\/#website"},"primaryImageOfPage":{"@id":"http:\/\/rekongem.hu\/?product=jade-masszazsolaj-vanilia-1000-ml#primaryimage"},"datePublished":"2016-07-07T12:04:32+00:00","dateModified":"2024-09-23T19:24:02+00:00","breadcrumb":{"@id":"http:\/\/rekongem.hu\/?product=jade-masszazsolaj-vanilia-1000-ml#breadcrumb"},"inLanguage":"hu","potentialAction":[{"@type":"ReadAction","target":["http:\/\/rekongem.hu\/?product=jade-masszazsolaj-vanilia-1000-ml"]}]},{"@type":"BreadcrumbList","@id":"http:\/\/rekongem.hu\/?product=jade-masszazsolaj-vanilia-1000-ml#breadcrumb","itemListElement":[{"@type":"ListItem","position":1,"name":"Home","item":"http:\/\/rekongem.hu\/"},{"@type":"ListItem","position":2,"name":"\u00dczlet","item":"https:\/\/rekongem.hu\/?page_id=4"},{"@type":"ListItem","position":3,"name":"Jade massz\u00e1zsolaj Van\u00edlia 1000 ml"}]}]}},"_links":{"self":[{"href":"http:\/\/rekongem.hu\/index.php?rest_route=\/wp\/v2\/product\/577"}],"collection":[{"href":"http:\/\/rekongem.hu\/index.php?rest_route=\/wp\/v2\/product"}],"about":[{"href":"http:\/\/rekongem.hu\/index.php?rest_route=\/wp\/v2\/types\/product"}],"wp:featuredmedia":[{"embeddable":true,"href":"http:\/\/rekongem.hu\/index.php?rest_route=\/wp\/v2\/media\/1924"}],"wp:attachment":[{"href":"http:\/\/rekongem.hu\/index.php?rest_route=%2Fwp%2Fv2%2Fmedia&parent=577"}],"wp:term":[{"taxonomy":"product_cat","embeddable":true,"href":"http:\/\/rekongem.hu\/index.php?rest_route=%2Fwp%2Fv2%2Fproduct_cat&post=577"},{"taxonomy":"product_tag","embeddable":true,"href":"http:\/\/rekongem.hu\/index.php?rest_route=%2Fwp%2Fv2%2Fproduct_tag&post=577"}],"curies":[{"name":"wp","href":"https:\/\/api.w.org\/{rel}","templated":true}]}}