{"id":546,"date":"2016-07-07T10:07:11","date_gmt":"2016-07-07T10:07:11","guid":{"rendered":"http:\/\/jadebeauty.hu\/?post_type=product&#038;p=546"},"modified":"2024-09-23T19:23:02","modified_gmt":"2024-09-23T19:23:02","slug":"jade-nature-termeszetes-szolomag-olaj-1000-ml","status":"publish","type":"product","link":"http:\/\/rekongem.hu\/?product=jade-nature-termeszetes-szolomag-olaj-1000-ml","title":{"rendered":"Jade Nature term\u00e9szetes sz\u0151l\u0151mag olaj 1000 ml"},"content":{"rendered":"","protected":false},"excerpt":{"rendered":"<p>Term\u00e9szetes sz\u0151l\u0151mag olaj INCI: vitis vinifera Grape seed oil<\/p>\n<p>S\u00e1rg\u00e1sz\u00f6ld sz\u00edn\u0171, jellegzetes illat\u00fa, h\u00edg olaj. A procianidin a C- \u00e9s B-vitamin, valamint a b\u00e9ta-karotin mellett ma a legismertebb gy\u00f6kfog\u00f3, teh\u00e1t antioxid\u00e1ns.<\/p>\n<p>Vitaminok:<br \/>\nA-vitamin, B-vitamin csal\u00e1d, C-vitamin, E-vitamin, F-vitamin<\/p>\n<p>A b\u0151rbe k\u00f6nnyen \u00e9s gyorsan felsz\u00edv\u00f3dik, k\u00fcl\u00f6n\u00f6sen alkalmas sz\u00e1raz, \u00e9rett b\u0151r \u00e1pol\u00e1s\u00e1ra.<\/p>\n<p>Hat\u00e1sai, tulajdons\u00e1gai:<\/p>\n<p>\u2022 hidrat\u00e1l\u00f3, n\u00f6veli a m\u00e9lyebb b\u0151rr\u00e9tegek v\u00edztartalm\u00e1t<br \/>\n\u2022 b\u0151rpuh\u00edt\u00f3<br \/>\n\u2022 gyullad\u00e1scs\u00f6kkent\u0151<br \/>\n\u2022 b\u0151rnyugtat\u00f3, irrit\u00e1ci\u00f3g\u00e1tl\u00f3<br \/>\n\u2022 enyh\u00edtheti a h\u00e1mosod\u00e1si zavarok t\u00fcneteit<br \/>\n\u2022 gyorsan, m\u00e9lyen sz\u00edv\u00f3dik fel, nem t\u00f6m\u00edti el a p\u00f3rusokat<br \/>\n\u2022 alkalmas sz\u00e1raz, viszket\u0151, h\u00e1ml\u00f3 b\u0151r \u00e1pol\u00e1s\u00e1ra<br \/>\n\u2022 \u00e9rz\u00e9keny, gyullad\u00e1sra, ekc\u00e9m\u00e1ra hajlamos b\u0151r \u00e1pol\u00e1s\u00e1ra<br \/>\n\u2022 zs\u00edros, pattan\u00e1sra hajlamos, akn\u00e9s b\u0151r \u00e1pol\u00e1s\u00e1ra<\/p>\n<p>Meg\u0151rzi a b\u0151r simas\u00e1g\u00e1t, rugalmass\u00e1g\u00e1t \u00e9s megel\u0151zi korai \u00f6reged\u00e9s\u00e9t.<\/p>\n<p>Felhaszn\u00e1lhat\u00f3: arc- \u00e9s massz\u00e1zsolajakhoz, test\u00e1pol\u00f3khoz, emulzi\u00f3khoz.<\/p>\n<p>Kiszerel\u00e9s: 1000 ml<\/p>\n","protected":false},"featured_media":1917,"template":"","meta":[],"product_cat":[6,50],"product_tag":[42,43,27,44,45,46,47,33,48,49,51,52,53,54,55],"yoast_head":"<!-- This site is optimized with the Yoast SEO plugin v17.4 - https:\/\/yoast.com\/wordpress\/plugins\/seo\/ -->\n<title>Jade Nature term\u00e9szetes sz\u0151l\u0151mag olaj 1000 ml - Emspoma webshop<\/title>\n<meta name=\"robots\" content=\"index, follow, max-snippet:-1, max-image-preview:large, max-video-preview:-1\" \/>\n<link rel=\"canonical\" href=\"http:\/\/rekongem.hu\/?product=jade-nature-termeszetes-szolomag-olaj-1000-ml\" \/>\n<meta property=\"og:locale\" content=\"hu_HU\" \/>\n<meta property=\"og:type\" content=\"article\" \/>\n<meta property=\"og:title\" content=\"Jade Nature term\u00e9szetes sz\u0151l\u0151mag olaj 1000 ml - Emspoma webshop\" \/>\n<meta property=\"og:description\" content=\"Term\u00e9szetes sz\u0151l\u0151mag olaj INCI: vitis vinifera Grape seed oil  S\u00e1rg\u00e1sz\u00f6ld sz\u00edn\u0171, jellegzetes illat\u00fa, h\u00edg olaj. A procianidin a C- \u00e9s B-vitamin, valamint a b\u00e9ta-karotin mellett ma a legismertebb gy\u00f6kfog\u00f3, teh\u00e1t antioxid\u00e1ns.  Vitaminok: A-vitamin, B-vitamin csal\u00e1d, C-vitamin, E-vitamin, F-vitamin  A b\u0151rbe k\u00f6nnyen \u00e9s gyorsan felsz\u00edv\u00f3dik, k\u00fcl\u00f6n\u00f6sen alkalmas sz\u00e1raz, \u00e9rett b\u0151r \u00e1pol\u00e1s\u00e1ra.  Hat\u00e1sai, tulajdons\u00e1gai:  \u2022 hidrat\u00e1l\u00f3, n\u00f6veli a m\u00e9lyebb b\u0151rr\u00e9tegek v\u00edztartalm\u00e1t \u2022 b\u0151rpuh\u00edt\u00f3 \u2022 gyullad\u00e1scs\u00f6kkent\u0151 \u2022 b\u0151rnyugtat\u00f3, irrit\u00e1ci\u00f3g\u00e1tl\u00f3 \u2022 enyh\u00edtheti a h\u00e1mosod\u00e1si zavarok t\u00fcneteit \u2022 gyorsan, m\u00e9lyen sz\u00edv\u00f3dik fel, nem t\u00f6m\u00edti el a p\u00f3rusokat \u2022 alkalmas sz\u00e1raz, viszket\u0151, h\u00e1ml\u00f3 b\u0151r \u00e1pol\u00e1s\u00e1ra \u2022 \u00e9rz\u00e9keny, gyullad\u00e1sra, ekc\u00e9m\u00e1ra hajlamos b\u0151r \u00e1pol\u00e1s\u00e1ra \u2022 zs\u00edros, pattan\u00e1sra hajlamos, akn\u00e9s b\u0151r \u00e1pol\u00e1s\u00e1ra  Meg\u0151rzi a b\u0151r simas\u00e1g\u00e1t, rugalmass\u00e1g\u00e1t \u00e9s megel\u0151zi korai \u00f6reged\u00e9s\u00e9t.  Felhaszn\u00e1lhat\u00f3: arc- \u00e9s massz\u00e1zsolajakhoz, test\u00e1pol\u00f3khoz, emulzi\u00f3khoz.  Kiszerel\u00e9s: 1000 ml\" \/>\n<meta property=\"og:url\" content=\"http:\/\/rekongem.hu\/?product=jade-nature-termeszetes-szolomag-olaj-1000-ml\" \/>\n<meta property=\"og:site_name\" content=\"Emspoma webshop\" \/>\n<meta property=\"article:publisher\" content=\"https:\/\/www.facebook.com\/masszazsbirodalom\/\" \/>\n<meta property=\"article:modified_time\" content=\"2024-09-23T19:23:02+00:00\" \/>\n<meta property=\"og:image\" content=\"http:\/\/rekongem.hu\/wp-content\/uploads\/2016\/07\/Jade-Nature-sz\u0151l\u0151magolaj-1000ml.jpg\" \/>\n\t<meta property=\"og:image:width\" content=\"300\" \/>\n\t<meta property=\"og:image:height\" content=\"300\" \/>\n<meta name=\"twitter:card\" content=\"summary\" \/>\n<meta name=\"twitter:site\" content=\"@masszazs_bir\" \/>\n<script type=\"application\/ld+json\" class=\"yoast-schema-graph\">{\"@context\":\"https:\/\/schema.org\",\"@graph\":[{\"@type\":\"WebSite\",\"@id\":\"http:\/\/rekongem.hu\/#website\",\"url\":\"http:\/\/rekongem.hu\/\",\"name\":\"Emspoma webshop\",\"description\":\"\",\"potentialAction\":[{\"@type\":\"SearchAction\",\"target\":{\"@type\":\"EntryPoint\",\"urlTemplate\":\"http:\/\/rekongem.hu\/?s={search_term_string}\"},\"query-input\":\"required name=search_term_string\"}],\"inLanguage\":\"hu\"},{\"@type\":\"ImageObject\",\"@id\":\"http:\/\/rekongem.hu\/?product=jade-nature-termeszetes-szolomag-olaj-1000-ml#primaryimage\",\"inLanguage\":\"hu\",\"url\":\"http:\/\/rekongem.hu\/wp-content\/uploads\/2016\/07\/Jade-Nature-sz\\u0151l\\u0151magolaj-1000ml.jpg\",\"contentUrl\":\"http:\/\/rekongem.hu\/wp-content\/uploads\/2016\/07\/Jade-Nature-sz\\u0151l\\u0151magolaj-1000ml.jpg\",\"width\":300,\"height\":300,\"caption\":\"Jade Nature sz\\u0151l\\u0151magolaj 1000ml\"},{\"@type\":\"WebPage\",\"@id\":\"http:\/\/rekongem.hu\/?product=jade-nature-termeszetes-szolomag-olaj-1000-ml#webpage\",\"url\":\"http:\/\/rekongem.hu\/?product=jade-nature-termeszetes-szolomag-olaj-1000-ml\",\"name\":\"Jade Nature term\\u00e9szetes sz\\u0151l\\u0151mag olaj 1000 ml - Emspoma webshop\",\"isPartOf\":{\"@id\":\"http:\/\/rekongem.hu\/#website\"},\"primaryImageOfPage\":{\"@id\":\"http:\/\/rekongem.hu\/?product=jade-nature-termeszetes-szolomag-olaj-1000-ml#primaryimage\"},\"datePublished\":\"2016-07-07T10:07:11+00:00\",\"dateModified\":\"2024-09-23T19:23:02+00:00\",\"breadcrumb\":{\"@id\":\"http:\/\/rekongem.hu\/?product=jade-nature-termeszetes-szolomag-olaj-1000-ml#breadcrumb\"},\"inLanguage\":\"hu\",\"potentialAction\":[{\"@type\":\"ReadAction\",\"target\":[\"http:\/\/rekongem.hu\/?product=jade-nature-termeszetes-szolomag-olaj-1000-ml\"]}]},{\"@type\":\"BreadcrumbList\",\"@id\":\"http:\/\/rekongem.hu\/?product=jade-nature-termeszetes-szolomag-olaj-1000-ml#breadcrumb\",\"itemListElement\":[{\"@type\":\"ListItem\",\"position\":1,\"name\":\"Home\",\"item\":\"http:\/\/rekongem.hu\/\"},{\"@type\":\"ListItem\",\"position\":2,\"name\":\"\\u00dczlet\",\"item\":\"http:\/\/rekongem.hu\/?page_id=4\"},{\"@type\":\"ListItem\",\"position\":3,\"name\":\"Jade Nature term\\u00e9szetes sz\\u0151l\\u0151mag olaj 1000 ml\"}]}]}<\/script>\n<!-- \/ Yoast SEO plugin. -->","yoast_head_json":{"title":"Jade Nature term\u00e9szetes sz\u0151l\u0151mag olaj 1000 ml - Emspoma webshop","robots":{"index":"index","follow":"follow","max-snippet":"max-snippet:-1","max-image-preview":"max-image-preview:large","max-video-preview":"max-video-preview:-1"},"canonical":"http:\/\/rekongem.hu\/?product=jade-nature-termeszetes-szolomag-olaj-1000-ml","og_locale":"hu_HU","og_type":"article","og_title":"Jade Nature term\u00e9szetes sz\u0151l\u0151mag olaj 1000 ml - Emspoma webshop","og_description":"Term\u00e9szetes sz\u0151l\u0151mag olaj INCI: vitis vinifera Grape seed oil  S\u00e1rg\u00e1sz\u00f6ld sz\u00edn\u0171, jellegzetes illat\u00fa, h\u00edg olaj. A procianidin a C- \u00e9s B-vitamin, valamint a b\u00e9ta-karotin mellett ma a legismertebb gy\u00f6kfog\u00f3, teh\u00e1t antioxid\u00e1ns.  Vitaminok: A-vitamin, B-vitamin csal\u00e1d, C-vitamin, E-vitamin, F-vitamin  A b\u0151rbe k\u00f6nnyen \u00e9s gyorsan felsz\u00edv\u00f3dik, k\u00fcl\u00f6n\u00f6sen alkalmas sz\u00e1raz, \u00e9rett b\u0151r \u00e1pol\u00e1s\u00e1ra.  Hat\u00e1sai, tulajdons\u00e1gai:  \u2022 hidrat\u00e1l\u00f3, n\u00f6veli a m\u00e9lyebb b\u0151rr\u00e9tegek v\u00edztartalm\u00e1t \u2022 b\u0151rpuh\u00edt\u00f3 \u2022 gyullad\u00e1scs\u00f6kkent\u0151 \u2022 b\u0151rnyugtat\u00f3, irrit\u00e1ci\u00f3g\u00e1tl\u00f3 \u2022 enyh\u00edtheti a h\u00e1mosod\u00e1si zavarok t\u00fcneteit \u2022 gyorsan, m\u00e9lyen sz\u00edv\u00f3dik fel, nem t\u00f6m\u00edti el a p\u00f3rusokat \u2022 alkalmas sz\u00e1raz, viszket\u0151, h\u00e1ml\u00f3 b\u0151r \u00e1pol\u00e1s\u00e1ra \u2022 \u00e9rz\u00e9keny, gyullad\u00e1sra, ekc\u00e9m\u00e1ra hajlamos b\u0151r \u00e1pol\u00e1s\u00e1ra \u2022 zs\u00edros, pattan\u00e1sra hajlamos, akn\u00e9s b\u0151r \u00e1pol\u00e1s\u00e1ra  Meg\u0151rzi a b\u0151r simas\u00e1g\u00e1t, rugalmass\u00e1g\u00e1t \u00e9s megel\u0151zi korai \u00f6reged\u00e9s\u00e9t.  Felhaszn\u00e1lhat\u00f3: arc- \u00e9s massz\u00e1zsolajakhoz, test\u00e1pol\u00f3khoz, emulzi\u00f3khoz.  Kiszerel\u00e9s: 1000 ml","og_url":"http:\/\/rekongem.hu\/?product=jade-nature-termeszetes-szolomag-olaj-1000-ml","og_site_name":"Emspoma webshop","article_publisher":"https:\/\/www.facebook.com\/masszazsbirodalom\/","article_modified_time":"2024-09-23T19:23:02+00:00","og_image":[{"width":300,"height":300,"url":"http:\/\/rekongem.hu\/wp-content\/uploads\/2016\/07\/Jade-Nature-sz\u0151l\u0151magolaj-1000ml.jpg","type":"image\/jpeg"}],"twitter_card":"summary","twitter_site":"@masszazs_bir","schema":{"@context":"https:\/\/schema.org","@graph":[{"@type":"WebSite","@id":"http:\/\/rekongem.hu\/#website","url":"http:\/\/rekongem.hu\/","name":"Emspoma webshop","description":"","potentialAction":[{"@type":"SearchAction","target":{"@type":"EntryPoint","urlTemplate":"http:\/\/rekongem.hu\/?s={search_term_string}"},"query-input":"required name=search_term_string"}],"inLanguage":"hu"},{"@type":"ImageObject","@id":"http:\/\/rekongem.hu\/?product=jade-nature-termeszetes-szolomag-olaj-1000-ml#primaryimage","inLanguage":"hu","url":"http:\/\/rekongem.hu\/wp-content\/uploads\/2016\/07\/Jade-Nature-sz\u0151l\u0151magolaj-1000ml.jpg","contentUrl":"http:\/\/rekongem.hu\/wp-content\/uploads\/2016\/07\/Jade-Nature-sz\u0151l\u0151magolaj-1000ml.jpg","width":300,"height":300,"caption":"Jade Nature sz\u0151l\u0151magolaj 1000ml"},{"@type":"WebPage","@id":"http:\/\/rekongem.hu\/?product=jade-nature-termeszetes-szolomag-olaj-1000-ml#webpage","url":"http:\/\/rekongem.hu\/?product=jade-nature-termeszetes-szolomag-olaj-1000-ml","name":"Jade Nature term\u00e9szetes sz\u0151l\u0151mag olaj 1000 ml - Emspoma webshop","isPartOf":{"@id":"http:\/\/rekongem.hu\/#website"},"primaryImageOfPage":{"@id":"http:\/\/rekongem.hu\/?product=jade-nature-termeszetes-szolomag-olaj-1000-ml#primaryimage"},"datePublished":"2016-07-07T10:07:11+00:00","dateModified":"2024-09-23T19:23:02+00:00","breadcrumb":{"@id":"http:\/\/rekongem.hu\/?product=jade-nature-termeszetes-szolomag-olaj-1000-ml#breadcrumb"},"inLanguage":"hu","potentialAction":[{"@type":"ReadAction","target":["http:\/\/rekongem.hu\/?product=jade-nature-termeszetes-szolomag-olaj-1000-ml"]}]},{"@type":"BreadcrumbList","@id":"http:\/\/rekongem.hu\/?product=jade-nature-termeszetes-szolomag-olaj-1000-ml#breadcrumb","itemListElement":[{"@type":"ListItem","position":1,"name":"Home","item":"http:\/\/rekongem.hu\/"},{"@type":"ListItem","position":2,"name":"\u00dczlet","item":"http:\/\/rekongem.hu\/?page_id=4"},{"@type":"ListItem","position":3,"name":"Jade Nature term\u00e9szetes sz\u0151l\u0151mag olaj 1000 ml"}]}]}},"_links":{"self":[{"href":"http:\/\/rekongem.hu\/index.php?rest_route=\/wp\/v2\/product\/546"}],"collection":[{"href":"http:\/\/rekongem.hu\/index.php?rest_route=\/wp\/v2\/product"}],"about":[{"href":"http:\/\/rekongem.hu\/index.php?rest_route=\/wp\/v2\/types\/product"}],"wp:featuredmedia":[{"embeddable":true,"href":"http:\/\/rekongem.hu\/index.php?rest_route=\/wp\/v2\/media\/1917"}],"wp:attachment":[{"href":"http:\/\/rekongem.hu\/index.php?rest_route=%2Fwp%2Fv2%2Fmedia&parent=546"}],"wp:term":[{"taxonomy":"product_cat","embeddable":true,"href":"http:\/\/rekongem.hu\/index.php?rest_route=%2Fwp%2Fv2%2Fproduct_cat&post=546"},{"taxonomy":"product_tag","embeddable":true,"href":"http:\/\/rekongem.hu\/index.php?rest_route=%2Fwp%2Fv2%2Fproduct_tag&post=546"}],"curies":[{"name":"wp","href":"https:\/\/api.w.org\/{rel}","templated":true}]}}