{"id":539,"date":"2016-07-07T09:49:42","date_gmt":"2016-07-07T09:49:42","guid":{"rendered":"http:\/\/jadebeauty.hu\/?post_type=product&#038;p=539"},"modified":"2018-08-26T19:52:21","modified_gmt":"2018-08-26T19:52:21","slug":"rekongem-masszazsemulzio-nyirrel-1000-ml","status":"publish","type":"product","link":"http:\/\/rekongem.hu\/?product=rekongem-masszazsemulzio-nyirrel-1000-ml","title":{"rendered":"Rekongem massz\u00e1zsemulzi\u00f3 ny\u00edrrel 1000 ml"},"content":{"rendered":"<p>A ny\u00edrfalevelekb\u0151l kivont hat\u00f3anyag magas m\u00e9regtelen\u00edt\u0151 \u00e9s<br \/>\nregener\u00e1l\u00f3 hat\u00e1s\u00fa, enyh\u00e9bb lefoly\u00e1s\u00fa b\u0151rbetegs\u00e9gek gy\u00f3gyul\u00e1s\u00e1t is el\u0151seg\u00edti.<br \/>\nHosszabb ideig tart\u00f3 intenz\u00edv massz\u00e1zzsal j\u00f3l beiv\u00f3dik a b\u0151rbe \u00e9s m\u00e1s kr\u00e9mekkel ellent\u00e9tben bejut a legm\u00e9lyebb izomcsoportokba a min\u00e9l nagyobb hat\u00e9konys\u00e1g \u00e9rdek\u00e9ben.A ny\u00edrfalevelekb\u0151l kivont hat\u00f3anyag magas m\u00e9regtelen\u00edt\u0151 \u00e9s regener\u00e1l\u00f3 hat\u00e1s\u00fa.<\/p>\n<p>Alkalmas massz\u00e1zsra \u00e9s \u00f6nmassz\u00e1zsra.<\/p>\n<p>&nbsp;<\/p>\n","protected":false},"excerpt":{"rendered":"<p>A ny\u00edrfalevelekb\u0151l kivont hat\u00f3anyag magas m\u00e9regtelen\u00edt\u0151 \u00e9s regener\u00e1l\u00f3 hat\u00e1s\u00fa, enyh\u00e9bb lefoly\u00e1s\u00fa b\u0151rbetegs\u00e9gek gy\u00f3gyul\u00e1s\u00e1t is el\u0151seg\u00edti. Hosszabb ideig tart\u00f3 intenz\u00edv massz\u00e1zzsal j\u00f3l beiv\u00f3dik a b\u0151rbe \u00e9s m\u00e1s kr\u00e9mekkel ellent\u00e9tben bejut a legm\u00e9lyebb izomcsoportokba a min\u00e9l nagyobb hat\u00e9konys\u00e1g \u00e9rdek\u00e9ben.A ny\u00edrfalevelekb\u0151l kivont hat\u00f3anyag magas m\u00e9regtelen\u00edt\u0151 \u00e9s regener\u00e1l\u00f3 hat\u00e1s\u00fa. Alkalmas massz\u00e1zsra \u00e9s \u00f6nmassz\u00e1zsra. &nbsp;<\/p>\n","protected":false},"featured_media":1375,"template":"","meta":[],"product_cat":[6,23,25],"product_tag":[17,22,11,36,24],"yoast_head":"<!-- This site is optimized with the Yoast SEO plugin v17.4 - https:\/\/yoast.com\/wordpress\/plugins\/seo\/ -->\n<title>Rekongem massz\u00e1zsemulzi\u00f3 ny\u00edrrel 1000 ml - Emspoma webshop<\/title>\n<meta name=\"robots\" content=\"index, follow, max-snippet:-1, max-image-preview:large, max-video-preview:-1\" \/>\n<link rel=\"canonical\" href=\"http:\/\/rekongem.hu\/?product=rekongem-masszazsemulzio-nyirrel-1000-ml\" \/>\n<meta property=\"og:locale\" content=\"hu_HU\" \/>\n<meta property=\"og:type\" content=\"article\" \/>\n<meta property=\"og:title\" content=\"Rekongem massz\u00e1zsemulzi\u00f3 ny\u00edrrel 1000 ml - Emspoma webshop\" \/>\n<meta property=\"og:description\" content=\"A ny\u00edrfalevelekb\u0151l kivont hat\u00f3anyag magas m\u00e9regtelen\u00edt\u0151 \u00e9s regener\u00e1l\u00f3 hat\u00e1s\u00fa, enyh\u00e9bb lefoly\u00e1s\u00fa b\u0151rbetegs\u00e9gek gy\u00f3gyul\u00e1s\u00e1t is el\u0151seg\u00edti. Hosszabb ideig tart\u00f3 intenz\u00edv massz\u00e1zzsal j\u00f3l beiv\u00f3dik a b\u0151rbe \u00e9s m\u00e1s kr\u00e9mekkel ellent\u00e9tben bejut a legm\u00e9lyebb izomcsoportokba a min\u00e9l nagyobb hat\u00e9konys\u00e1g \u00e9rdek\u00e9ben.A ny\u00edrfalevelekb\u0151l kivont hat\u00f3anyag magas m\u00e9regtelen\u00edt\u0151 \u00e9s regener\u00e1l\u00f3 hat\u00e1s\u00fa. Alkalmas massz\u00e1zsra \u00e9s \u00f6nmassz\u00e1zsra. &nbsp;\" \/>\n<meta property=\"og:url\" content=\"http:\/\/rekongem.hu\/?product=rekongem-masszazsemulzio-nyirrel-1000-ml\" \/>\n<meta property=\"og:site_name\" content=\"Emspoma webshop\" \/>\n<meta property=\"article:publisher\" content=\"https:\/\/www.facebook.com\/masszazsbirodalom\/\" \/>\n<meta property=\"article:modified_time\" content=\"2018-08-26T19:52:21+00:00\" \/>\n<meta property=\"og:image\" content=\"http:\/\/rekongem.hu\/wp-content\/uploads\/2016\/09\/Rekongm-ny\u00edr.jpg\" \/>\n\t<meta property=\"og:image:width\" content=\"300\" \/>\n\t<meta property=\"og:image:height\" content=\"300\" \/>\n<meta name=\"twitter:card\" content=\"summary\" \/>\n<meta name=\"twitter:site\" content=\"@masszazs_bir\" \/>\n<script type=\"application\/ld+json\" class=\"yoast-schema-graph\">{\"@context\":\"https:\/\/schema.org\",\"@graph\":[{\"@type\":\"WebSite\",\"@id\":\"http:\/\/rekongem.hu\/#website\",\"url\":\"http:\/\/rekongem.hu\/\",\"name\":\"Emspoma webshop\",\"description\":\"\",\"potentialAction\":[{\"@type\":\"SearchAction\",\"target\":{\"@type\":\"EntryPoint\",\"urlTemplate\":\"http:\/\/rekongem.hu\/?s={search_term_string}\"},\"query-input\":\"required name=search_term_string\"}],\"inLanguage\":\"hu\"},{\"@type\":\"ImageObject\",\"@id\":\"http:\/\/rekongem.hu\/?product=rekongem-masszazsemulzio-nyirrel-1000-ml#primaryimage\",\"inLanguage\":\"hu\",\"url\":\"http:\/\/rekongem.hu\/wp-content\/uploads\/2016\/09\/Rekongm-ny\\u00edr.jpg\",\"contentUrl\":\"http:\/\/rekongem.hu\/wp-content\/uploads\/2016\/09\/Rekongm-ny\\u00edr.jpg\",\"width\":300,\"height\":300,\"caption\":\"Rekongem massz\\u00e1zsemulzi\\u00f3 ny\\u00edrrel 1000 ml\"},{\"@type\":\"WebPage\",\"@id\":\"http:\/\/rekongem.hu\/?product=rekongem-masszazsemulzio-nyirrel-1000-ml#webpage\",\"url\":\"http:\/\/rekongem.hu\/?product=rekongem-masszazsemulzio-nyirrel-1000-ml\",\"name\":\"Rekongem massz\\u00e1zsemulzi\\u00f3 ny\\u00edrrel 1000 ml - Emspoma webshop\",\"isPartOf\":{\"@id\":\"http:\/\/rekongem.hu\/#website\"},\"primaryImageOfPage\":{\"@id\":\"http:\/\/rekongem.hu\/?product=rekongem-masszazsemulzio-nyirrel-1000-ml#primaryimage\"},\"datePublished\":\"2016-07-07T09:49:42+00:00\",\"dateModified\":\"2018-08-26T19:52:21+00:00\",\"breadcrumb\":{\"@id\":\"http:\/\/rekongem.hu\/?product=rekongem-masszazsemulzio-nyirrel-1000-ml#breadcrumb\"},\"inLanguage\":\"hu\",\"potentialAction\":[{\"@type\":\"ReadAction\",\"target\":[\"http:\/\/rekongem.hu\/?product=rekongem-masszazsemulzio-nyirrel-1000-ml\"]}]},{\"@type\":\"BreadcrumbList\",\"@id\":\"http:\/\/rekongem.hu\/?product=rekongem-masszazsemulzio-nyirrel-1000-ml#breadcrumb\",\"itemListElement\":[{\"@type\":\"ListItem\",\"position\":1,\"name\":\"Home\",\"item\":\"http:\/\/rekongem.hu\/\"},{\"@type\":\"ListItem\",\"position\":2,\"name\":\"\\u00dczlet\",\"item\":\"https:\/\/rekongem.hu\/?page_id=4\"},{\"@type\":\"ListItem\",\"position\":3,\"name\":\"Rekongem massz\\u00e1zsemulzi\\u00f3 ny\\u00edrrel 1000 ml\"}]}]}<\/script>\n<!-- \/ Yoast SEO plugin. -->","yoast_head_json":{"title":"Rekongem massz\u00e1zsemulzi\u00f3 ny\u00edrrel 1000 ml - Emspoma webshop","robots":{"index":"index","follow":"follow","max-snippet":"max-snippet:-1","max-image-preview":"max-image-preview:large","max-video-preview":"max-video-preview:-1"},"canonical":"http:\/\/rekongem.hu\/?product=rekongem-masszazsemulzio-nyirrel-1000-ml","og_locale":"hu_HU","og_type":"article","og_title":"Rekongem massz\u00e1zsemulzi\u00f3 ny\u00edrrel 1000 ml - Emspoma webshop","og_description":"A ny\u00edrfalevelekb\u0151l kivont hat\u00f3anyag magas m\u00e9regtelen\u00edt\u0151 \u00e9s regener\u00e1l\u00f3 hat\u00e1s\u00fa, enyh\u00e9bb lefoly\u00e1s\u00fa b\u0151rbetegs\u00e9gek gy\u00f3gyul\u00e1s\u00e1t is el\u0151seg\u00edti. Hosszabb ideig tart\u00f3 intenz\u00edv massz\u00e1zzsal j\u00f3l beiv\u00f3dik a b\u0151rbe \u00e9s m\u00e1s kr\u00e9mekkel ellent\u00e9tben bejut a legm\u00e9lyebb izomcsoportokba a min\u00e9l nagyobb hat\u00e9konys\u00e1g \u00e9rdek\u00e9ben.A ny\u00edrfalevelekb\u0151l kivont hat\u00f3anyag magas m\u00e9regtelen\u00edt\u0151 \u00e9s regener\u00e1l\u00f3 hat\u00e1s\u00fa. Alkalmas massz\u00e1zsra \u00e9s \u00f6nmassz\u00e1zsra. &nbsp;","og_url":"http:\/\/rekongem.hu\/?product=rekongem-masszazsemulzio-nyirrel-1000-ml","og_site_name":"Emspoma webshop","article_publisher":"https:\/\/www.facebook.com\/masszazsbirodalom\/","article_modified_time":"2018-08-26T19:52:21+00:00","og_image":[{"width":300,"height":300,"url":"http:\/\/rekongem.hu\/wp-content\/uploads\/2016\/09\/Rekongm-ny\u00edr.jpg","type":"image\/jpeg"}],"twitter_card":"summary","twitter_site":"@masszazs_bir","schema":{"@context":"https:\/\/schema.org","@graph":[{"@type":"WebSite","@id":"http:\/\/rekongem.hu\/#website","url":"http:\/\/rekongem.hu\/","name":"Emspoma webshop","description":"","potentialAction":[{"@type":"SearchAction","target":{"@type":"EntryPoint","urlTemplate":"http:\/\/rekongem.hu\/?s={search_term_string}"},"query-input":"required name=search_term_string"}],"inLanguage":"hu"},{"@type":"ImageObject","@id":"http:\/\/rekongem.hu\/?product=rekongem-masszazsemulzio-nyirrel-1000-ml#primaryimage","inLanguage":"hu","url":"http:\/\/rekongem.hu\/wp-content\/uploads\/2016\/09\/Rekongm-ny\u00edr.jpg","contentUrl":"http:\/\/rekongem.hu\/wp-content\/uploads\/2016\/09\/Rekongm-ny\u00edr.jpg","width":300,"height":300,"caption":"Rekongem massz\u00e1zsemulzi\u00f3 ny\u00edrrel 1000 ml"},{"@type":"WebPage","@id":"http:\/\/rekongem.hu\/?product=rekongem-masszazsemulzio-nyirrel-1000-ml#webpage","url":"http:\/\/rekongem.hu\/?product=rekongem-masszazsemulzio-nyirrel-1000-ml","name":"Rekongem massz\u00e1zsemulzi\u00f3 ny\u00edrrel 1000 ml - Emspoma webshop","isPartOf":{"@id":"http:\/\/rekongem.hu\/#website"},"primaryImageOfPage":{"@id":"http:\/\/rekongem.hu\/?product=rekongem-masszazsemulzio-nyirrel-1000-ml#primaryimage"},"datePublished":"2016-07-07T09:49:42+00:00","dateModified":"2018-08-26T19:52:21+00:00","breadcrumb":{"@id":"http:\/\/rekongem.hu\/?product=rekongem-masszazsemulzio-nyirrel-1000-ml#breadcrumb"},"inLanguage":"hu","potentialAction":[{"@type":"ReadAction","target":["http:\/\/rekongem.hu\/?product=rekongem-masszazsemulzio-nyirrel-1000-ml"]}]},{"@type":"BreadcrumbList","@id":"http:\/\/rekongem.hu\/?product=rekongem-masszazsemulzio-nyirrel-1000-ml#breadcrumb","itemListElement":[{"@type":"ListItem","position":1,"name":"Home","item":"http:\/\/rekongem.hu\/"},{"@type":"ListItem","position":2,"name":"\u00dczlet","item":"https:\/\/rekongem.hu\/?page_id=4"},{"@type":"ListItem","position":3,"name":"Rekongem massz\u00e1zsemulzi\u00f3 ny\u00edrrel 1000 ml"}]}]}},"_links":{"self":[{"href":"http:\/\/rekongem.hu\/index.php?rest_route=\/wp\/v2\/product\/539"}],"collection":[{"href":"http:\/\/rekongem.hu\/index.php?rest_route=\/wp\/v2\/product"}],"about":[{"href":"http:\/\/rekongem.hu\/index.php?rest_route=\/wp\/v2\/types\/product"}],"wp:featuredmedia":[{"embeddable":true,"href":"http:\/\/rekongem.hu\/index.php?rest_route=\/wp\/v2\/media\/1375"}],"wp:attachment":[{"href":"http:\/\/rekongem.hu\/index.php?rest_route=%2Fwp%2Fv2%2Fmedia&parent=539"}],"wp:term":[{"taxonomy":"product_cat","embeddable":true,"href":"http:\/\/rekongem.hu\/index.php?rest_route=%2Fwp%2Fv2%2Fproduct_cat&post=539"},{"taxonomy":"product_tag","embeddable":true,"href":"http:\/\/rekongem.hu\/index.php?rest_route=%2Fwp%2Fv2%2Fproduct_tag&post=539"}],"curies":[{"name":"wp","href":"https:\/\/api.w.org\/{rel}","templated":true}]}}