{"id":537,"date":"2016-07-07T09:26:44","date_gmt":"2016-07-07T09:26:44","guid":{"rendered":"http:\/\/jadebeauty.hu\/?post_type=product&#038;p=537"},"modified":"2018-08-26T19:52:21","modified_gmt":"2018-08-26T19:52:21","slug":"rekongem-masszazsemulzio-mentaval-1000-ml","status":"publish","type":"product","link":"http:\/\/rekongem.hu\/?product=rekongem-masszazsemulzio-mentaval-1000-ml","title":{"rendered":"Rekongem massz\u00e1zsemulzi\u00f3 ment\u00e1val 1000 ml"},"content":{"rendered":"<p>A Rekongem menta term\u00e9szetes r\u00f3zsaesszenci\u00e1t, mentolt \u00e9s borsment\u00e1t tartalmaz\u00f3 h\u0171s\u00edt\u0151, gyullad\u00e1scs\u00f6kkent\u0151 hat\u00e1s\u00fa massz\u00e1zskr\u00e9m. Jav\u00edtja a b\u0151r rugalmass\u00e1g\u00e1t, \u00f6sszet\u00e9tel\u00e9nek k\u00f6sz\u00f6nhet\u0151en megakad\u00e1lyozza a b\u0151r kisz\u00e1rad\u00e1s\u00e1t. \u00c1ltal\u00e1nos friss\u00edt\u0151 massz\u00e1zshoz, vagy sportmassz\u00e1zshoz alkalmazhat\u00f3. Alkalmas a f\u00e1radts\u00e1g\u00e9rzet megsz\u00fcntet\u00e9s\u00e9re, hirtelen fell\u00e9p\u0151 f\u00e1jdalom enyh\u00edt\u00e9s\u00e9re. Alkalmas massz\u00e1zsra \u00e9s \u00f6nmassz\u00e1zsra.<br \/>\nVisszah\u0171ti a t\u00falhev\u00fclt izomzatot a megfelel\u0151 hat\u00e1sfokig, azt a h\u0151m\u00e9rs\u00e9kletet megtartja \u00e9s ez\u00e1ltal fokozza a teljes\u00edtm\u00e9nyt.<\/p>\n<p>Gyullad\u00e1scs\u00f6kkent\u0151 pakol\u00e1sk\u00e9nt aj\u00e1nlott.<\/p>\n<p>&nbsp;<\/p>\n","protected":false},"excerpt":{"rendered":"<p>A Rekongem menta term\u00e9szetes r\u00f3zsaesszenci\u00e1t, mentolt \u00e9s borsment\u00e1t tartalmaz\u00f3 h\u0171s\u00edt\u0151, gyullad\u00e1scs\u00f6kkent\u0151 hat\u00e1s\u00fa massz\u00e1zskr\u00e9m. Jav\u00edtja a b\u0151r rugalmass\u00e1g\u00e1t, \u00f6sszet\u00e9tel\u00e9nek k\u00f6sz\u00f6nhet\u0151en megakad\u00e1lyozza a b\u0151r kisz\u00e1rad\u00e1s\u00e1t. \u00c1ltal\u00e1nos friss\u00edt\u0151 massz\u00e1zshoz, vagy sportmassz\u00e1zshoz alkalmazhat\u00f3. Alkalmas a f\u00e1radts\u00e1g\u00e9rzet megsz\u00fcntet\u00e9s\u00e9re, hirtelen fell\u00e9p\u0151 f\u00e1jdalom enyh\u00edt\u00e9s\u00e9re. Alkalmas massz\u00e1zsra \u00e9s \u00f6nmassz\u00e1zsra. Visszah\u0171ti a t\u00falhev\u00fclt izomzatot a megfelel\u0151 hat\u00e1sfokig, azt a h\u0151m\u00e9rs\u00e9kletet megtartja \u00e9s ez\u00e1ltal fokozza [&hellip;]<\/p>\n","protected":false},"featured_media":1371,"template":"","meta":[],"product_cat":[6,23,25],"product_tag":[33,34,22,11,35,24],"yoast_head":"<!-- This site is optimized with the Yoast SEO plugin v17.4 - https:\/\/yoast.com\/wordpress\/plugins\/seo\/ -->\n<title>Rekongem massz\u00e1zsemulzi\u00f3 ment\u00e1val 1000 ml - Emspoma webshop<\/title>\n<meta name=\"robots\" content=\"index, follow, max-snippet:-1, max-image-preview:large, max-video-preview:-1\" \/>\n<link rel=\"canonical\" href=\"http:\/\/rekongem.hu\/?product=rekongem-masszazsemulzio-mentaval-1000-ml\" \/>\n<meta property=\"og:locale\" content=\"hu_HU\" \/>\n<meta property=\"og:type\" content=\"article\" \/>\n<meta property=\"og:title\" content=\"Rekongem massz\u00e1zsemulzi\u00f3 ment\u00e1val 1000 ml - Emspoma webshop\" \/>\n<meta property=\"og:description\" content=\"A Rekongem menta term\u00e9szetes r\u00f3zsaesszenci\u00e1t, mentolt \u00e9s borsment\u00e1t tartalmaz\u00f3 h\u0171s\u00edt\u0151, gyullad\u00e1scs\u00f6kkent\u0151 hat\u00e1s\u00fa massz\u00e1zskr\u00e9m. Jav\u00edtja a b\u0151r rugalmass\u00e1g\u00e1t, \u00f6sszet\u00e9tel\u00e9nek k\u00f6sz\u00f6nhet\u0151en megakad\u00e1lyozza a b\u0151r kisz\u00e1rad\u00e1s\u00e1t. \u00c1ltal\u00e1nos friss\u00edt\u0151 massz\u00e1zshoz, vagy sportmassz\u00e1zshoz alkalmazhat\u00f3. Alkalmas a f\u00e1radts\u00e1g\u00e9rzet megsz\u00fcntet\u00e9s\u00e9re, hirtelen fell\u00e9p\u0151 f\u00e1jdalom enyh\u00edt\u00e9s\u00e9re. Alkalmas massz\u00e1zsra \u00e9s \u00f6nmassz\u00e1zsra. Visszah\u0171ti a t\u00falhev\u00fclt izomzatot a megfelel\u0151 hat\u00e1sfokig, azt a h\u0151m\u00e9rs\u00e9kletet megtartja \u00e9s ez\u00e1ltal fokozza [&hellip;]\" \/>\n<meta property=\"og:url\" content=\"http:\/\/rekongem.hu\/?product=rekongem-masszazsemulzio-mentaval-1000-ml\" \/>\n<meta property=\"og:site_name\" content=\"Emspoma webshop\" \/>\n<meta property=\"article:publisher\" content=\"https:\/\/www.facebook.com\/masszazsbirodalom\/\" \/>\n<meta property=\"article:modified_time\" content=\"2018-08-26T19:52:21+00:00\" \/>\n<meta property=\"og:image\" content=\"http:\/\/rekongem.hu\/wp-content\/uploads\/2016\/09\/Rekongem-menta.jpg\" \/>\n\t<meta property=\"og:image:width\" content=\"300\" \/>\n\t<meta property=\"og:image:height\" content=\"300\" \/>\n<meta name=\"twitter:card\" content=\"summary\" \/>\n<meta name=\"twitter:site\" content=\"@masszazs_bir\" \/>\n<meta name=\"twitter:label1\" content=\"Becs\u00fclt olvas\u00e1si id\u0151\" \/>\n\t<meta name=\"twitter:data1\" content=\"1 perc\" \/>\n<script type=\"application\/ld+json\" class=\"yoast-schema-graph\">{\"@context\":\"https:\/\/schema.org\",\"@graph\":[{\"@type\":\"WebSite\",\"@id\":\"http:\/\/rekongem.hu\/#website\",\"url\":\"http:\/\/rekongem.hu\/\",\"name\":\"Emspoma webshop\",\"description\":\"\",\"potentialAction\":[{\"@type\":\"SearchAction\",\"target\":{\"@type\":\"EntryPoint\",\"urlTemplate\":\"http:\/\/rekongem.hu\/?s={search_term_string}\"},\"query-input\":\"required name=search_term_string\"}],\"inLanguage\":\"hu\"},{\"@type\":\"ImageObject\",\"@id\":\"http:\/\/rekongem.hu\/?product=rekongem-masszazsemulzio-mentaval-1000-ml#primaryimage\",\"inLanguage\":\"hu\",\"url\":\"http:\/\/rekongem.hu\/wp-content\/uploads\/2016\/09\/Rekongem-menta.jpg\",\"contentUrl\":\"http:\/\/rekongem.hu\/wp-content\/uploads\/2016\/09\/Rekongem-menta.jpg\",\"width\":300,\"height\":300,\"caption\":\"Rekongem massz\\u00e1zsemulzi\\u00f3 ment\\u00e1val 1000 ml\"},{\"@type\":\"WebPage\",\"@id\":\"http:\/\/rekongem.hu\/?product=rekongem-masszazsemulzio-mentaval-1000-ml#webpage\",\"url\":\"http:\/\/rekongem.hu\/?product=rekongem-masszazsemulzio-mentaval-1000-ml\",\"name\":\"Rekongem massz\\u00e1zsemulzi\\u00f3 ment\\u00e1val 1000 ml - Emspoma webshop\",\"isPartOf\":{\"@id\":\"http:\/\/rekongem.hu\/#website\"},\"primaryImageOfPage\":{\"@id\":\"http:\/\/rekongem.hu\/?product=rekongem-masszazsemulzio-mentaval-1000-ml#primaryimage\"},\"datePublished\":\"2016-07-07T09:26:44+00:00\",\"dateModified\":\"2018-08-26T19:52:21+00:00\",\"breadcrumb\":{\"@id\":\"http:\/\/rekongem.hu\/?product=rekongem-masszazsemulzio-mentaval-1000-ml#breadcrumb\"},\"inLanguage\":\"hu\",\"potentialAction\":[{\"@type\":\"ReadAction\",\"target\":[\"http:\/\/rekongem.hu\/?product=rekongem-masszazsemulzio-mentaval-1000-ml\"]}]},{\"@type\":\"BreadcrumbList\",\"@id\":\"http:\/\/rekongem.hu\/?product=rekongem-masszazsemulzio-mentaval-1000-ml#breadcrumb\",\"itemListElement\":[{\"@type\":\"ListItem\",\"position\":1,\"name\":\"Home\",\"item\":\"http:\/\/rekongem.hu\/\"},{\"@type\":\"ListItem\",\"position\":2,\"name\":\"\\u00dczlet\",\"item\":\"https:\/\/rekongem.hu\/?page_id=4\"},{\"@type\":\"ListItem\",\"position\":3,\"name\":\"Rekongem massz\\u00e1zsemulzi\\u00f3 ment\\u00e1val 1000 ml\"}]}]}<\/script>\n<!-- \/ Yoast SEO plugin. -->","yoast_head_json":{"title":"Rekongem massz\u00e1zsemulzi\u00f3 ment\u00e1val 1000 ml - Emspoma webshop","robots":{"index":"index","follow":"follow","max-snippet":"max-snippet:-1","max-image-preview":"max-image-preview:large","max-video-preview":"max-video-preview:-1"},"canonical":"http:\/\/rekongem.hu\/?product=rekongem-masszazsemulzio-mentaval-1000-ml","og_locale":"hu_HU","og_type":"article","og_title":"Rekongem massz\u00e1zsemulzi\u00f3 ment\u00e1val 1000 ml - Emspoma webshop","og_description":"A Rekongem menta term\u00e9szetes r\u00f3zsaesszenci\u00e1t, mentolt \u00e9s borsment\u00e1t tartalmaz\u00f3 h\u0171s\u00edt\u0151, gyullad\u00e1scs\u00f6kkent\u0151 hat\u00e1s\u00fa massz\u00e1zskr\u00e9m. Jav\u00edtja a b\u0151r rugalmass\u00e1g\u00e1t, \u00f6sszet\u00e9tel\u00e9nek k\u00f6sz\u00f6nhet\u0151en megakad\u00e1lyozza a b\u0151r kisz\u00e1rad\u00e1s\u00e1t. \u00c1ltal\u00e1nos friss\u00edt\u0151 massz\u00e1zshoz, vagy sportmassz\u00e1zshoz alkalmazhat\u00f3. Alkalmas a f\u00e1radts\u00e1g\u00e9rzet megsz\u00fcntet\u00e9s\u00e9re, hirtelen fell\u00e9p\u0151 f\u00e1jdalom enyh\u00edt\u00e9s\u00e9re. Alkalmas massz\u00e1zsra \u00e9s \u00f6nmassz\u00e1zsra. Visszah\u0171ti a t\u00falhev\u00fclt izomzatot a megfelel\u0151 hat\u00e1sfokig, azt a h\u0151m\u00e9rs\u00e9kletet megtartja \u00e9s ez\u00e1ltal fokozza [&hellip;]","og_url":"http:\/\/rekongem.hu\/?product=rekongem-masszazsemulzio-mentaval-1000-ml","og_site_name":"Emspoma webshop","article_publisher":"https:\/\/www.facebook.com\/masszazsbirodalom\/","article_modified_time":"2018-08-26T19:52:21+00:00","og_image":[{"width":300,"height":300,"url":"http:\/\/rekongem.hu\/wp-content\/uploads\/2016\/09\/Rekongem-menta.jpg","type":"image\/jpeg"}],"twitter_card":"summary","twitter_site":"@masszazs_bir","twitter_misc":{"Becs\u00fclt olvas\u00e1si id\u0151":"1 perc"},"schema":{"@context":"https:\/\/schema.org","@graph":[{"@type":"WebSite","@id":"http:\/\/rekongem.hu\/#website","url":"http:\/\/rekongem.hu\/","name":"Emspoma webshop","description":"","potentialAction":[{"@type":"SearchAction","target":{"@type":"EntryPoint","urlTemplate":"http:\/\/rekongem.hu\/?s={search_term_string}"},"query-input":"required name=search_term_string"}],"inLanguage":"hu"},{"@type":"ImageObject","@id":"http:\/\/rekongem.hu\/?product=rekongem-masszazsemulzio-mentaval-1000-ml#primaryimage","inLanguage":"hu","url":"http:\/\/rekongem.hu\/wp-content\/uploads\/2016\/09\/Rekongem-menta.jpg","contentUrl":"http:\/\/rekongem.hu\/wp-content\/uploads\/2016\/09\/Rekongem-menta.jpg","width":300,"height":300,"caption":"Rekongem massz\u00e1zsemulzi\u00f3 ment\u00e1val 1000 ml"},{"@type":"WebPage","@id":"http:\/\/rekongem.hu\/?product=rekongem-masszazsemulzio-mentaval-1000-ml#webpage","url":"http:\/\/rekongem.hu\/?product=rekongem-masszazsemulzio-mentaval-1000-ml","name":"Rekongem massz\u00e1zsemulzi\u00f3 ment\u00e1val 1000 ml - Emspoma webshop","isPartOf":{"@id":"http:\/\/rekongem.hu\/#website"},"primaryImageOfPage":{"@id":"http:\/\/rekongem.hu\/?product=rekongem-masszazsemulzio-mentaval-1000-ml#primaryimage"},"datePublished":"2016-07-07T09:26:44+00:00","dateModified":"2018-08-26T19:52:21+00:00","breadcrumb":{"@id":"http:\/\/rekongem.hu\/?product=rekongem-masszazsemulzio-mentaval-1000-ml#breadcrumb"},"inLanguage":"hu","potentialAction":[{"@type":"ReadAction","target":["http:\/\/rekongem.hu\/?product=rekongem-masszazsemulzio-mentaval-1000-ml"]}]},{"@type":"BreadcrumbList","@id":"http:\/\/rekongem.hu\/?product=rekongem-masszazsemulzio-mentaval-1000-ml#breadcrumb","itemListElement":[{"@type":"ListItem","position":1,"name":"Home","item":"http:\/\/rekongem.hu\/"},{"@type":"ListItem","position":2,"name":"\u00dczlet","item":"https:\/\/rekongem.hu\/?page_id=4"},{"@type":"ListItem","position":3,"name":"Rekongem massz\u00e1zsemulzi\u00f3 ment\u00e1val 1000 ml"}]}]}},"_links":{"self":[{"href":"http:\/\/rekongem.hu\/index.php?rest_route=\/wp\/v2\/product\/537"}],"collection":[{"href":"http:\/\/rekongem.hu\/index.php?rest_route=\/wp\/v2\/product"}],"about":[{"href":"http:\/\/rekongem.hu\/index.php?rest_route=\/wp\/v2\/types\/product"}],"wp:featuredmedia":[{"embeddable":true,"href":"http:\/\/rekongem.hu\/index.php?rest_route=\/wp\/v2\/media\/1371"}],"wp:attachment":[{"href":"http:\/\/rekongem.hu\/index.php?rest_route=%2Fwp%2Fv2%2Fmedia&parent=537"}],"wp:term":[{"taxonomy":"product_cat","embeddable":true,"href":"http:\/\/rekongem.hu\/index.php?rest_route=%2Fwp%2Fv2%2Fproduct_cat&post=537"},{"taxonomy":"product_tag","embeddable":true,"href":"http:\/\/rekongem.hu\/index.php?rest_route=%2Fwp%2Fv2%2Fproduct_tag&post=537"}],"curies":[{"name":"wp","href":"https:\/\/api.w.org\/{rel}","templated":true}]}}