{"id":533,"date":"2016-07-07T09:18:33","date_gmt":"2016-07-07T09:18:33","guid":{"rendered":"http:\/\/jadebeauty.hu\/?post_type=product&#038;p=533"},"modified":"2018-08-26T19:52:22","modified_gmt":"2018-08-26T19:52:22","slug":"rekongem-masszazsemulzio-kamillaval-1000-ml","status":"publish","type":"product","link":"http:\/\/rekongem.hu\/?product=rekongem-masszazsemulzio-kamillaval-1000-ml","title":{"rendered":"Rekongem kamilla massz\u00e1zsemulzi\u00f3 kamill\u00e1val 1000 ml"},"content":{"rendered":"<p>A Rekongem kamilla term\u00e9szetes \u00f6sszetev\u0151i a kif\u00e1radt, k\u00fcl\u00f6nb\u00f6z\u0151 k\u00f6rnyezeti \u00e1rtalmaknak kitett b\u0151rt t\u00e1pl\u00e1lj\u00e1k, nyugtatj\u00e1k. Megg\u00e1tolja a b\u0151r kisz\u00e1rad\u00e1s\u00e1t, meg\u0151rzi rugalmass\u00e1g\u00e1t. \u00d6sszetev\u0151i \u00e9s speci\u00e1lis illata r\u00e9v\u00e9n frissess\u00e9g, \u00e9s kiegyens\u00falyozotts\u00e1g \u00e9rzet\u00e9t kelti.<br \/>\nAlkalmas a b\u0151r regener\u00e1l\u00e1s\u00e1ra, az izom g\u00f6rcs\u00f6s fesz\u00fclts\u00e9g\u00e9nek felold\u00e1s\u00e1ra.Kamillakivonat tartalma miatt, tiszt\u00edt\u00f3 \u00e9s izzad\u00e1sg\u00e1tl\u00f3 hat\u00e1sa van. Gy\u00f3gyhat\u00e1sa miatt mint balzsamot haszn\u00e1lhatjuk irrit\u00e1lt b\u0151r megnyugtat\u00e1s\u00e1ra. Aj\u00e1nljuk napoz\u00e1s, szol\u00e1rium ut\u00e1ni b\u0151rnyugtat\u00e1sra, vagy mindennapi test\u00e1pol\u00e1sra.<\/p>\n<p>&nbsp;<\/p>\n","protected":false},"excerpt":{"rendered":"<p>A Rekongem kamilla term\u00e9szetes \u00f6sszetev\u0151i a kif\u00e1radt, k\u00fcl\u00f6nb\u00f6z\u0151 k\u00f6rnyezeti \u00e1rtalmaknak kitett b\u0151rt t\u00e1pl\u00e1lj\u00e1k, nyugtatj\u00e1k. Megg\u00e1tolja a b\u0151r kisz\u00e1rad\u00e1s\u00e1t, meg\u0151rzi rugalmass\u00e1g\u00e1t. \u00d6sszetev\u0151i \u00e9s speci\u00e1lis illata r\u00e9v\u00e9n frissess\u00e9g, \u00e9s kiegyens\u00falyozotts\u00e1g \u00e9rzet\u00e9t kelti. Alkalmas a b\u0151r regener\u00e1l\u00e1s\u00e1ra, az izom g\u00f6rcs\u00f6s fesz\u00fclts\u00e9g\u00e9nek felold\u00e1s\u00e1ra.Kamillakivonat tartalma miatt, tiszt\u00edt\u00f3 \u00e9s izzad\u00e1sg\u00e1tl\u00f3 hat\u00e1sa van. Gy\u00f3gyhat\u00e1sa miatt mint balzsamot haszn\u00e1lhatjuk irrit\u00e1lt b\u0151r megnyugtat\u00e1s\u00e1ra. Aj\u00e1nljuk [&hellip;]<\/p>\n","protected":false},"featured_media":1369,"template":"","meta":[],"product_cat":[6,23,25],"product_tag":[27,28,22,11,24,29],"yoast_head":"<!-- This site is optimized with the Yoast SEO plugin v17.4 - https:\/\/yoast.com\/wordpress\/plugins\/seo\/ -->\n<title>Rekongem kamilla massz\u00e1zsemulzi\u00f3 kamill\u00e1val 1000 ml - Emspoma webshop<\/title>\n<meta name=\"robots\" content=\"index, follow, max-snippet:-1, max-image-preview:large, max-video-preview:-1\" \/>\n<link rel=\"canonical\" href=\"http:\/\/rekongem.hu\/?product=rekongem-masszazsemulzio-kamillaval-1000-ml\" \/>\n<meta property=\"og:locale\" content=\"hu_HU\" \/>\n<meta property=\"og:type\" content=\"article\" \/>\n<meta property=\"og:title\" content=\"Rekongem kamilla massz\u00e1zsemulzi\u00f3 kamill\u00e1val 1000 ml - Emspoma webshop\" \/>\n<meta property=\"og:description\" content=\"A Rekongem kamilla term\u00e9szetes \u00f6sszetev\u0151i a kif\u00e1radt, k\u00fcl\u00f6nb\u00f6z\u0151 k\u00f6rnyezeti \u00e1rtalmaknak kitett b\u0151rt t\u00e1pl\u00e1lj\u00e1k, nyugtatj\u00e1k. Megg\u00e1tolja a b\u0151r kisz\u00e1rad\u00e1s\u00e1t, meg\u0151rzi rugalmass\u00e1g\u00e1t. \u00d6sszetev\u0151i \u00e9s speci\u00e1lis illata r\u00e9v\u00e9n frissess\u00e9g, \u00e9s kiegyens\u00falyozotts\u00e1g \u00e9rzet\u00e9t kelti. Alkalmas a b\u0151r regener\u00e1l\u00e1s\u00e1ra, az izom g\u00f6rcs\u00f6s fesz\u00fclts\u00e9g\u00e9nek felold\u00e1s\u00e1ra.Kamillakivonat tartalma miatt, tiszt\u00edt\u00f3 \u00e9s izzad\u00e1sg\u00e1tl\u00f3 hat\u00e1sa van. Gy\u00f3gyhat\u00e1sa miatt mint balzsamot haszn\u00e1lhatjuk irrit\u00e1lt b\u0151r megnyugtat\u00e1s\u00e1ra. Aj\u00e1nljuk [&hellip;]\" \/>\n<meta property=\"og:url\" content=\"http:\/\/rekongem.hu\/?product=rekongem-masszazsemulzio-kamillaval-1000-ml\" \/>\n<meta property=\"og:site_name\" content=\"Emspoma webshop\" \/>\n<meta property=\"article:publisher\" content=\"https:\/\/www.facebook.com\/masszazsbirodalom\/\" \/>\n<meta property=\"article:modified_time\" content=\"2018-08-26T19:52:22+00:00\" \/>\n<meta property=\"og:image\" content=\"http:\/\/rekongem.hu\/wp-content\/uploads\/2016\/09\/Rekongem-kamilla.jpg\" \/>\n\t<meta property=\"og:image:width\" content=\"300\" \/>\n\t<meta property=\"og:image:height\" content=\"300\" \/>\n<meta name=\"twitter:card\" content=\"summary\" \/>\n<meta name=\"twitter:site\" content=\"@masszazs_bir\" \/>\n<meta name=\"twitter:label1\" content=\"Becs\u00fclt olvas\u00e1si id\u0151\" \/>\n\t<meta name=\"twitter:data1\" content=\"1 perc\" \/>\n<script type=\"application\/ld+json\" class=\"yoast-schema-graph\">{\"@context\":\"https:\/\/schema.org\",\"@graph\":[{\"@type\":\"WebSite\",\"@id\":\"http:\/\/rekongem.hu\/#website\",\"url\":\"http:\/\/rekongem.hu\/\",\"name\":\"Emspoma webshop\",\"description\":\"\",\"potentialAction\":[{\"@type\":\"SearchAction\",\"target\":{\"@type\":\"EntryPoint\",\"urlTemplate\":\"http:\/\/rekongem.hu\/?s={search_term_string}\"},\"query-input\":\"required name=search_term_string\"}],\"inLanguage\":\"hu\"},{\"@type\":\"ImageObject\",\"@id\":\"http:\/\/rekongem.hu\/?product=rekongem-masszazsemulzio-kamillaval-1000-ml#primaryimage\",\"inLanguage\":\"hu\",\"url\":\"http:\/\/rekongem.hu\/wp-content\/uploads\/2016\/09\/Rekongem-kamilla.jpg\",\"contentUrl\":\"http:\/\/rekongem.hu\/wp-content\/uploads\/2016\/09\/Rekongem-kamilla.jpg\",\"width\":300,\"height\":300,\"caption\":\"Rekongem kamilla massz\\u00e1zsemulzi\\u00f3 kamill\\u00e1val 1000 ml\"},{\"@type\":\"WebPage\",\"@id\":\"http:\/\/rekongem.hu\/?product=rekongem-masszazsemulzio-kamillaval-1000-ml#webpage\",\"url\":\"http:\/\/rekongem.hu\/?product=rekongem-masszazsemulzio-kamillaval-1000-ml\",\"name\":\"Rekongem kamilla massz\\u00e1zsemulzi\\u00f3 kamill\\u00e1val 1000 ml - Emspoma webshop\",\"isPartOf\":{\"@id\":\"http:\/\/rekongem.hu\/#website\"},\"primaryImageOfPage\":{\"@id\":\"http:\/\/rekongem.hu\/?product=rekongem-masszazsemulzio-kamillaval-1000-ml#primaryimage\"},\"datePublished\":\"2016-07-07T09:18:33+00:00\",\"dateModified\":\"2018-08-26T19:52:22+00:00\",\"breadcrumb\":{\"@id\":\"http:\/\/rekongem.hu\/?product=rekongem-masszazsemulzio-kamillaval-1000-ml#breadcrumb\"},\"inLanguage\":\"hu\",\"potentialAction\":[{\"@type\":\"ReadAction\",\"target\":[\"http:\/\/rekongem.hu\/?product=rekongem-masszazsemulzio-kamillaval-1000-ml\"]}]},{\"@type\":\"BreadcrumbList\",\"@id\":\"http:\/\/rekongem.hu\/?product=rekongem-masszazsemulzio-kamillaval-1000-ml#breadcrumb\",\"itemListElement\":[{\"@type\":\"ListItem\",\"position\":1,\"name\":\"Home\",\"item\":\"http:\/\/rekongem.hu\/\"},{\"@type\":\"ListItem\",\"position\":2,\"name\":\"\\u00dczlet\",\"item\":\"https:\/\/rekongem.hu\/?page_id=4\"},{\"@type\":\"ListItem\",\"position\":3,\"name\":\"Rekongem kamilla massz\\u00e1zsemulzi\\u00f3 kamill\\u00e1val 1000 ml\"}]}]}<\/script>\n<!-- \/ Yoast SEO plugin. -->","yoast_head_json":{"title":"Rekongem kamilla massz\u00e1zsemulzi\u00f3 kamill\u00e1val 1000 ml - Emspoma webshop","robots":{"index":"index","follow":"follow","max-snippet":"max-snippet:-1","max-image-preview":"max-image-preview:large","max-video-preview":"max-video-preview:-1"},"canonical":"http:\/\/rekongem.hu\/?product=rekongem-masszazsemulzio-kamillaval-1000-ml","og_locale":"hu_HU","og_type":"article","og_title":"Rekongem kamilla massz\u00e1zsemulzi\u00f3 kamill\u00e1val 1000 ml - Emspoma webshop","og_description":"A Rekongem kamilla term\u00e9szetes \u00f6sszetev\u0151i a kif\u00e1radt, k\u00fcl\u00f6nb\u00f6z\u0151 k\u00f6rnyezeti \u00e1rtalmaknak kitett b\u0151rt t\u00e1pl\u00e1lj\u00e1k, nyugtatj\u00e1k. Megg\u00e1tolja a b\u0151r kisz\u00e1rad\u00e1s\u00e1t, meg\u0151rzi rugalmass\u00e1g\u00e1t. \u00d6sszetev\u0151i \u00e9s speci\u00e1lis illata r\u00e9v\u00e9n frissess\u00e9g, \u00e9s kiegyens\u00falyozotts\u00e1g \u00e9rzet\u00e9t kelti. Alkalmas a b\u0151r regener\u00e1l\u00e1s\u00e1ra, az izom g\u00f6rcs\u00f6s fesz\u00fclts\u00e9g\u00e9nek felold\u00e1s\u00e1ra.Kamillakivonat tartalma miatt, tiszt\u00edt\u00f3 \u00e9s izzad\u00e1sg\u00e1tl\u00f3 hat\u00e1sa van. Gy\u00f3gyhat\u00e1sa miatt mint balzsamot haszn\u00e1lhatjuk irrit\u00e1lt b\u0151r megnyugtat\u00e1s\u00e1ra. Aj\u00e1nljuk [&hellip;]","og_url":"http:\/\/rekongem.hu\/?product=rekongem-masszazsemulzio-kamillaval-1000-ml","og_site_name":"Emspoma webshop","article_publisher":"https:\/\/www.facebook.com\/masszazsbirodalom\/","article_modified_time":"2018-08-26T19:52:22+00:00","og_image":[{"width":300,"height":300,"url":"http:\/\/rekongem.hu\/wp-content\/uploads\/2016\/09\/Rekongem-kamilla.jpg","type":"image\/jpeg"}],"twitter_card":"summary","twitter_site":"@masszazs_bir","twitter_misc":{"Becs\u00fclt olvas\u00e1si id\u0151":"1 perc"},"schema":{"@context":"https:\/\/schema.org","@graph":[{"@type":"WebSite","@id":"http:\/\/rekongem.hu\/#website","url":"http:\/\/rekongem.hu\/","name":"Emspoma webshop","description":"","potentialAction":[{"@type":"SearchAction","target":{"@type":"EntryPoint","urlTemplate":"http:\/\/rekongem.hu\/?s={search_term_string}"},"query-input":"required name=search_term_string"}],"inLanguage":"hu"},{"@type":"ImageObject","@id":"http:\/\/rekongem.hu\/?product=rekongem-masszazsemulzio-kamillaval-1000-ml#primaryimage","inLanguage":"hu","url":"http:\/\/rekongem.hu\/wp-content\/uploads\/2016\/09\/Rekongem-kamilla.jpg","contentUrl":"http:\/\/rekongem.hu\/wp-content\/uploads\/2016\/09\/Rekongem-kamilla.jpg","width":300,"height":300,"caption":"Rekongem kamilla massz\u00e1zsemulzi\u00f3 kamill\u00e1val 1000 ml"},{"@type":"WebPage","@id":"http:\/\/rekongem.hu\/?product=rekongem-masszazsemulzio-kamillaval-1000-ml#webpage","url":"http:\/\/rekongem.hu\/?product=rekongem-masszazsemulzio-kamillaval-1000-ml","name":"Rekongem kamilla massz\u00e1zsemulzi\u00f3 kamill\u00e1val 1000 ml - Emspoma webshop","isPartOf":{"@id":"http:\/\/rekongem.hu\/#website"},"primaryImageOfPage":{"@id":"http:\/\/rekongem.hu\/?product=rekongem-masszazsemulzio-kamillaval-1000-ml#primaryimage"},"datePublished":"2016-07-07T09:18:33+00:00","dateModified":"2018-08-26T19:52:22+00:00","breadcrumb":{"@id":"http:\/\/rekongem.hu\/?product=rekongem-masszazsemulzio-kamillaval-1000-ml#breadcrumb"},"inLanguage":"hu","potentialAction":[{"@type":"ReadAction","target":["http:\/\/rekongem.hu\/?product=rekongem-masszazsemulzio-kamillaval-1000-ml"]}]},{"@type":"BreadcrumbList","@id":"http:\/\/rekongem.hu\/?product=rekongem-masszazsemulzio-kamillaval-1000-ml#breadcrumb","itemListElement":[{"@type":"ListItem","position":1,"name":"Home","item":"http:\/\/rekongem.hu\/"},{"@type":"ListItem","position":2,"name":"\u00dczlet","item":"https:\/\/rekongem.hu\/?page_id=4"},{"@type":"ListItem","position":3,"name":"Rekongem kamilla massz\u00e1zsemulzi\u00f3 kamill\u00e1val 1000 ml"}]}]}},"_links":{"self":[{"href":"http:\/\/rekongem.hu\/index.php?rest_route=\/wp\/v2\/product\/533"}],"collection":[{"href":"http:\/\/rekongem.hu\/index.php?rest_route=\/wp\/v2\/product"}],"about":[{"href":"http:\/\/rekongem.hu\/index.php?rest_route=\/wp\/v2\/types\/product"}],"wp:featuredmedia":[{"embeddable":true,"href":"http:\/\/rekongem.hu\/index.php?rest_route=\/wp\/v2\/media\/1369"}],"wp:attachment":[{"href":"http:\/\/rekongem.hu\/index.php?rest_route=%2Fwp%2Fv2%2Fmedia&parent=533"}],"wp:term":[{"taxonomy":"product_cat","embeddable":true,"href":"http:\/\/rekongem.hu\/index.php?rest_route=%2Fwp%2Fv2%2Fproduct_cat&post=533"},{"taxonomy":"product_tag","embeddable":true,"href":"http:\/\/rekongem.hu\/index.php?rest_route=%2Fwp%2Fv2%2Fproduct_tag&post=533"}],"curies":[{"name":"wp","href":"https:\/\/api.w.org\/{rel}","templated":true}]}}