{"id":524,"date":"2016-09-29T13:26:58","date_gmt":"2016-09-29T13:26:58","guid":{"rendered":"http:\/\/jadebeauty.hu\/?post_type=product&#038;p=524"},"modified":"2026-01-10T15:58:50","modified_gmt":"2026-01-10T15:58:50","slug":"emspoma-regeneralo-1000-ml","status":"publish","type":"product","link":"http:\/\/rekongem.hu\/?product=emspoma-regeneralo-1000-ml","title":{"rendered":"Emspoma Regener\u00e1l\u00f3 1000 ml"},"content":{"rendered":"<p>Az Emspoma regener\u00e1l\u00f3\u00a0sportol\u00e1s el\u0151tt vagy ut\u00e1n az izmokban jelentkez\u0151 kisebb r\u00e1ndul\u00e1sok,<br \/>\nh\u00faz\u00f3d\u00e1sok vagy egy\u00e9b g\u00f6rcs\u00f6s f\u00e1jdalmak enyh\u00edt\u00e9s\u00e9re vagy ezek megel\u0151z\u00e9s\u00e9re aj\u00e1nljuk.<br \/>\nHat\u00f3anyagainak k\u00f6sz\u00f6nhet\u0151en ide\u00e1lis izomf\u00e1jdalom, izoml\u00e1z cs\u00f6kkent\u00e9s\u00e9re \u00e9s kedvez\u0151 hat\u00e1st gyakorol a t\u00falterhelt,<br \/>\nvagy egyenetlen\u00fcl megterhelt mozg\u00e1sszervekre. Seg\u00edti az \u00edz\u00fcletek megfelel\u0151 m\u0171k\u00f6d\u00e9s\u00e9t, haszn\u00e1l\u00f3j\u00e1nak k\u00f6nnyed,<br \/>\nrugalmas \u00e9s szabad mozg\u00e1st biztos\u00edt. Mentol \u00e9s k\u00e1mfor tartalm\u00fa k\u00e9sz\u00edtm\u00e9ny,<br \/>\nhaszn\u00e1lata friss\u00edt\u0151 \u00e9l\u00e9nk\u00edt\u0151 hat\u00e1st kelt.<\/p>\n<p>&nbsp;<\/p>\n","protected":false},"excerpt":{"rendered":"<p>Sportol\u00e1s el\u0151tt vagy ut\u00e1n az izmokban jelentkez\u0151 kisebb r\u00e1ndul\u00e1sok,<br \/>\nh\u00faz\u00f3d\u00e1sok vagy egy\u00e9b g\u00f6rcs\u00f6s f\u00e1jdalmak enyh\u00edt\u00e9s\u00e9re vagy ezek megel\u0151z\u00e9s\u00e9re aj\u00e1nljuk.<br \/>\nHat\u00f3anyagainak k\u00f6sz\u00f6nhet\u0151en ide\u00e1lis izomf\u00e1jdalom, izoml\u00e1z cs\u00f6kkent\u00e9s\u00e9re \u00e9s kedvez\u0151 hat\u00e1st gyakorol a t\u00falterhelt,<br \/>\nvagy egyenetlen\u00fcl megterhelt mozg\u00e1sszervekre. Seg\u00edti az \u00edz\u00fcletek megfelel\u0151 m\u0171k\u00f6d\u00e9s\u00e9t, haszn\u00e1l\u00f3j\u00e1nak k\u00f6nnyed,<br \/>\nrugalmas \u00e9s szabad mozg\u00e1st biztos\u00edt. Mentol \u00e9s k\u00e1mfor tartalm\u00fa k\u00e9sz\u00edtm\u00e9ny,<br \/>\nhaszn\u00e1lata friss\u00edt\u0151 \u00e9l\u00e9nk\u00edt\u0151 hat\u00e1st kelt.<\/p>\n<p>&nbsp;<\/p>\n","protected":false},"featured_media":2786,"template":"","meta":[],"product_cat":[6,8,13],"product_tag":[7,17,18,11,19,20,12],"yoast_head":"<!-- This site is optimized with the Yoast SEO plugin v17.4 - https:\/\/yoast.com\/wordpress\/plugins\/seo\/ -->\n<title>Emspoma Regener\u00e1l\u00f3 1000 ml - Emspoma webshop<\/title>\n<meta name=\"robots\" content=\"index, follow, max-snippet:-1, max-image-preview:large, max-video-preview:-1\" \/>\n<link rel=\"canonical\" href=\"http:\/\/rekongem.hu\/?product=emspoma-regeneralo-1000-ml\" \/>\n<meta property=\"og:locale\" content=\"hu_HU\" \/>\n<meta property=\"og:type\" content=\"article\" \/>\n<meta property=\"og:title\" content=\"Emspoma Regener\u00e1l\u00f3 1000 ml - Emspoma webshop\" \/>\n<meta property=\"og:description\" content=\"Sportol\u00e1s el\u0151tt vagy ut\u00e1n az izmokban jelentkez\u0151 kisebb r\u00e1ndul\u00e1sok, h\u00faz\u00f3d\u00e1sok vagy egy\u00e9b g\u00f6rcs\u00f6s f\u00e1jdalmak enyh\u00edt\u00e9s\u00e9re vagy ezek megel\u0151z\u00e9s\u00e9re aj\u00e1nljuk. Hat\u00f3anyagainak k\u00f6sz\u00f6nhet\u0151en ide\u00e1lis izomf\u00e1jdalom, izoml\u00e1z cs\u00f6kkent\u00e9s\u00e9re \u00e9s kedvez\u0151 hat\u00e1st gyakorol a t\u00falterhelt, vagy egyenetlen\u00fcl megterhelt mozg\u00e1sszervekre. Seg\u00edti az \u00edz\u00fcletek megfelel\u0151 m\u0171k\u00f6d\u00e9s\u00e9t, haszn\u00e1l\u00f3j\u00e1nak k\u00f6nnyed, rugalmas \u00e9s szabad mozg\u00e1st biztos\u00edt. Mentol \u00e9s k\u00e1mfor tartalm\u00fa k\u00e9sz\u00edtm\u00e9ny, haszn\u00e1lata friss\u00edt\u0151 \u00e9l\u00e9nk\u00edt\u0151 hat\u00e1st kelt.  &nbsp;\" \/>\n<meta property=\"og:url\" content=\"http:\/\/rekongem.hu\/?product=emspoma-regeneralo-1000-ml\" \/>\n<meta property=\"og:site_name\" content=\"Emspoma webshop\" \/>\n<meta property=\"article:publisher\" content=\"https:\/\/www.facebook.com\/masszazsbirodalom\/\" \/>\n<meta property=\"article:modified_time\" content=\"2026-01-10T15:58:50+00:00\" \/>\n<meta property=\"og:image\" content=\"http:\/\/rekongem.hu\/wp-content\/uploads\/2016\/09\/Emspoma-regeneralo-1000ml-scaled.jpg\" \/>\n\t<meta property=\"og:image:width\" content=\"1920\" \/>\n\t<meta property=\"og:image:height\" content=\"2560\" \/>\n<meta name=\"twitter:card\" content=\"summary\" \/>\n<meta name=\"twitter:site\" content=\"@masszazs_bir\" \/>\n<meta name=\"twitter:label1\" content=\"Becs\u00fclt olvas\u00e1si id\u0151\" \/>\n\t<meta name=\"twitter:data1\" content=\"1 perc\" \/>\n<script type=\"application\/ld+json\" class=\"yoast-schema-graph\">{\"@context\":\"https:\/\/schema.org\",\"@graph\":[{\"@type\":\"WebSite\",\"@id\":\"http:\/\/rekongem.hu\/#website\",\"url\":\"http:\/\/rekongem.hu\/\",\"name\":\"Emspoma webshop\",\"description\":\"\",\"potentialAction\":[{\"@type\":\"SearchAction\",\"target\":{\"@type\":\"EntryPoint\",\"urlTemplate\":\"http:\/\/rekongem.hu\/?s={search_term_string}\"},\"query-input\":\"required name=search_term_string\"}],\"inLanguage\":\"hu\"},{\"@type\":\"ImageObject\",\"@id\":\"http:\/\/rekongem.hu\/?product=emspoma-regeneralo-1000-ml#primaryimage\",\"inLanguage\":\"hu\",\"url\":\"http:\/\/rekongem.hu\/wp-content\/uploads\/2016\/09\/Emspoma-regeneralo-1000ml-scaled.jpg\",\"contentUrl\":\"http:\/\/rekongem.hu\/wp-content\/uploads\/2016\/09\/Emspoma-regeneralo-1000ml-scaled.jpg\",\"width\":1920,\"height\":2560,\"caption\":\"Emspoma regener\\u00e1l\\u00f3 1000ml\"},{\"@type\":\"WebPage\",\"@id\":\"http:\/\/rekongem.hu\/?product=emspoma-regeneralo-1000-ml#webpage\",\"url\":\"http:\/\/rekongem.hu\/?product=emspoma-regeneralo-1000-ml\",\"name\":\"Emspoma Regener\\u00e1l\\u00f3 1000 ml - Emspoma webshop\",\"isPartOf\":{\"@id\":\"http:\/\/rekongem.hu\/#website\"},\"primaryImageOfPage\":{\"@id\":\"http:\/\/rekongem.hu\/?product=emspoma-regeneralo-1000-ml#primaryimage\"},\"datePublished\":\"2016-09-29T13:26:58+00:00\",\"dateModified\":\"2026-01-10T15:58:50+00:00\",\"breadcrumb\":{\"@id\":\"http:\/\/rekongem.hu\/?product=emspoma-regeneralo-1000-ml#breadcrumb\"},\"inLanguage\":\"hu\",\"potentialAction\":[{\"@type\":\"ReadAction\",\"target\":[\"http:\/\/rekongem.hu\/?product=emspoma-regeneralo-1000-ml\"]}]},{\"@type\":\"BreadcrumbList\",\"@id\":\"http:\/\/rekongem.hu\/?product=emspoma-regeneralo-1000-ml#breadcrumb\",\"itemListElement\":[{\"@type\":\"ListItem\",\"position\":1,\"name\":\"Home\",\"item\":\"http:\/\/rekongem.hu\/\"},{\"@type\":\"ListItem\",\"position\":2,\"name\":\"\\u00dczlet\",\"item\":\"http:\/\/rekongem.hu\/?page_id=4\"},{\"@type\":\"ListItem\",\"position\":3,\"name\":\"Emspoma Regener\\u00e1l\\u00f3 1000 ml\"}]}]}<\/script>\n<!-- \/ Yoast SEO plugin. -->","yoast_head_json":{"title":"Emspoma Regener\u00e1l\u00f3 1000 ml - Emspoma webshop","robots":{"index":"index","follow":"follow","max-snippet":"max-snippet:-1","max-image-preview":"max-image-preview:large","max-video-preview":"max-video-preview:-1"},"canonical":"http:\/\/rekongem.hu\/?product=emspoma-regeneralo-1000-ml","og_locale":"hu_HU","og_type":"article","og_title":"Emspoma Regener\u00e1l\u00f3 1000 ml - Emspoma webshop","og_description":"Sportol\u00e1s el\u0151tt vagy ut\u00e1n az izmokban jelentkez\u0151 kisebb r\u00e1ndul\u00e1sok, h\u00faz\u00f3d\u00e1sok vagy egy\u00e9b g\u00f6rcs\u00f6s f\u00e1jdalmak enyh\u00edt\u00e9s\u00e9re vagy ezek megel\u0151z\u00e9s\u00e9re aj\u00e1nljuk. Hat\u00f3anyagainak k\u00f6sz\u00f6nhet\u0151en ide\u00e1lis izomf\u00e1jdalom, izoml\u00e1z cs\u00f6kkent\u00e9s\u00e9re \u00e9s kedvez\u0151 hat\u00e1st gyakorol a t\u00falterhelt, vagy egyenetlen\u00fcl megterhelt mozg\u00e1sszervekre. Seg\u00edti az \u00edz\u00fcletek megfelel\u0151 m\u0171k\u00f6d\u00e9s\u00e9t, haszn\u00e1l\u00f3j\u00e1nak k\u00f6nnyed, rugalmas \u00e9s szabad mozg\u00e1st biztos\u00edt. Mentol \u00e9s k\u00e1mfor tartalm\u00fa k\u00e9sz\u00edtm\u00e9ny, haszn\u00e1lata friss\u00edt\u0151 \u00e9l\u00e9nk\u00edt\u0151 hat\u00e1st kelt.  &nbsp;","og_url":"http:\/\/rekongem.hu\/?product=emspoma-regeneralo-1000-ml","og_site_name":"Emspoma webshop","article_publisher":"https:\/\/www.facebook.com\/masszazsbirodalom\/","article_modified_time":"2026-01-10T15:58:50+00:00","og_image":[{"width":1920,"height":2560,"url":"http:\/\/rekongem.hu\/wp-content\/uploads\/2016\/09\/Emspoma-regeneralo-1000ml-scaled.jpg","type":"image\/jpeg"}],"twitter_card":"summary","twitter_site":"@masszazs_bir","twitter_misc":{"Becs\u00fclt olvas\u00e1si id\u0151":"1 perc"},"schema":{"@context":"https:\/\/schema.org","@graph":[{"@type":"WebSite","@id":"http:\/\/rekongem.hu\/#website","url":"http:\/\/rekongem.hu\/","name":"Emspoma webshop","description":"","potentialAction":[{"@type":"SearchAction","target":{"@type":"EntryPoint","urlTemplate":"http:\/\/rekongem.hu\/?s={search_term_string}"},"query-input":"required name=search_term_string"}],"inLanguage":"hu"},{"@type":"ImageObject","@id":"http:\/\/rekongem.hu\/?product=emspoma-regeneralo-1000-ml#primaryimage","inLanguage":"hu","url":"http:\/\/rekongem.hu\/wp-content\/uploads\/2016\/09\/Emspoma-regeneralo-1000ml-scaled.jpg","contentUrl":"http:\/\/rekongem.hu\/wp-content\/uploads\/2016\/09\/Emspoma-regeneralo-1000ml-scaled.jpg","width":1920,"height":2560,"caption":"Emspoma regener\u00e1l\u00f3 1000ml"},{"@type":"WebPage","@id":"http:\/\/rekongem.hu\/?product=emspoma-regeneralo-1000-ml#webpage","url":"http:\/\/rekongem.hu\/?product=emspoma-regeneralo-1000-ml","name":"Emspoma Regener\u00e1l\u00f3 1000 ml - Emspoma webshop","isPartOf":{"@id":"http:\/\/rekongem.hu\/#website"},"primaryImageOfPage":{"@id":"http:\/\/rekongem.hu\/?product=emspoma-regeneralo-1000-ml#primaryimage"},"datePublished":"2016-09-29T13:26:58+00:00","dateModified":"2026-01-10T15:58:50+00:00","breadcrumb":{"@id":"http:\/\/rekongem.hu\/?product=emspoma-regeneralo-1000-ml#breadcrumb"},"inLanguage":"hu","potentialAction":[{"@type":"ReadAction","target":["http:\/\/rekongem.hu\/?product=emspoma-regeneralo-1000-ml"]}]},{"@type":"BreadcrumbList","@id":"http:\/\/rekongem.hu\/?product=emspoma-regeneralo-1000-ml#breadcrumb","itemListElement":[{"@type":"ListItem","position":1,"name":"Home","item":"http:\/\/rekongem.hu\/"},{"@type":"ListItem","position":2,"name":"\u00dczlet","item":"http:\/\/rekongem.hu\/?page_id=4"},{"@type":"ListItem","position":3,"name":"Emspoma Regener\u00e1l\u00f3 1000 ml"}]}]}},"_links":{"self":[{"href":"http:\/\/rekongem.hu\/index.php?rest_route=\/wp\/v2\/product\/524"}],"collection":[{"href":"http:\/\/rekongem.hu\/index.php?rest_route=\/wp\/v2\/product"}],"about":[{"href":"http:\/\/rekongem.hu\/index.php?rest_route=\/wp\/v2\/types\/product"}],"wp:featuredmedia":[{"embeddable":true,"href":"http:\/\/rekongem.hu\/index.php?rest_route=\/wp\/v2\/media\/2786"}],"wp:attachment":[{"href":"http:\/\/rekongem.hu\/index.php?rest_route=%2Fwp%2Fv2%2Fmedia&parent=524"}],"wp:term":[{"taxonomy":"product_cat","embeddable":true,"href":"http:\/\/rekongem.hu\/index.php?rest_route=%2Fwp%2Fv2%2Fproduct_cat&post=524"},{"taxonomy":"product_tag","embeddable":true,"href":"http:\/\/rekongem.hu\/index.php?rest_route=%2Fwp%2Fv2%2Fproduct_tag&post=524"}],"curies":[{"name":"wp","href":"https:\/\/api.w.org\/{rel}","templated":true}]}}