{"id":1905,"date":"2019-04-13T19:39:48","date_gmt":"2019-04-13T19:39:48","guid":{"rendered":"http:\/\/rekongem.hu\/?post_type=product&#038;p=1905"},"modified":"2024-09-23T19:21:42","modified_gmt":"2024-09-23T19:21:42","slug":"jade-nature-paraffinmentes-masszazsolaj-teafa-olajjal-1000-ml","status":"publish","type":"product","link":"http:\/\/rekongem.hu\/?product=jade-nature-paraffinmentes-masszazsolaj-teafa-olajjal-1000-ml","title":{"rendered":"Jade Nature paraffinmentes massz\u00e1zsolaj teafa olajjal 1000 ml"},"content":{"rendered":"","protected":false},"excerpt":{"rendered":"<p>Jade Nature pr\u00e9mium min\u0151s\u00e9g\u0171 massz\u00e1zsolaj sz\u0151l\u0151mag \u00e9s mandula olajjal.<\/p>\n<p>Val\u00f3di Teafa olajjal.<\/p>\n<p>A teafa olaj kiv\u00e1l\u00f3an alkalmas probl\u00e9m\u00e1s, zs\u00edros, pattan\u00e1sos, ekc\u00e9m\u00e1s b\u0151r kezel\u00e9s\u00e9re.<\/p>\n<p>Bakt\u00e9rium\u00f6l\u0151, b\u0151rregener\u00e1l\u00f3, fert\u0151tlen\u00edt\u0151, cs\u00edra\u00f6l\u0151, m\u00e9regtelen\u00edt\u0151, tiszt\u00edt\u00f3, sebgy\u00f3gy\u00edt\u00f3 hat\u00e1s\u00fa.<\/p>\n<p>A b\u00e1zisolaj, sz\u0151l\u0151mag- \u00e9s mandulaolaj tartalm\u00e1nak k\u00f6sz\u00f6nhet\u0151en, visszaadja a b\u0151r simas\u00e1g\u00e1t, rugalmass\u00e1g\u00e1t, megel\u0151zi korai \u00f6reged\u00e9s\u00e9t.<br \/>\nA b\u0151rbe k\u00f6nnyen \u00e9s gyorsan felsz\u00edv\u00f3dik, k\u00fcl\u00f6n\u00f6sen alkalmas sz\u00e1raz, v\u00edzhi\u00e1nyos b\u0151r \u00e1pol\u00e1s\u00e1ra.<\/p>\n<p>Recept\u00far\u00e1j\u00e1t massz\u0151r\u00f6k, kozmetikusok seg\u00edts\u00e9g\u00e9vel fejlesztett\u00fck a megfelel\u0151 hat\u00f3anyag koncentr\u00e1ci\u00f3, felsz\u00edv\u00f3d\u00e1s, konzisztencia el\u00e9r\u00e9s\u00e9hez.<\/p>\n<p>Mandulaolaj hat\u00e1sai:<\/p>\n<p>Nyugtat\u00f3: irrit\u00e1lt b\u0151r eset\u00e9n enyh\u00edti a viszket\u00e9st cs\u00f6kkenti a gyullad\u00e1st.<br \/>\nRegener\u00e1l\u00f3: h\u00e1mlaszt\u00f3, puh\u00e1bb\u00e1, sim\u00e1bb\u00e1 teszi a b\u0151rt.<br \/>\nHidrat\u00e1l\u00f3: m\u00e9lyen felsz\u00edv\u00f3dik, bel\u00fclr\u0151l t\u00e1pl\u00e1lja a b\u0151rt.<br \/>\nEnyhe fert\u0151tlen\u00edt\u0151k\u00e9nt is haszn\u00e1lhat\u00f3 sebekre vagy ekc\u00e9m\u00e1s fel\u00fcleten.<br \/>\nB\u0151rregener\u00e1l\u00f3 hidrat\u00e1l\u00f3, b\u0151rpuh\u00edt\u00f3, k\u00f6zepesen gyorsan, m\u00e9lyen sz\u00edv\u00f3dik fel.<br \/>\nSz\u0151l\u0151magolaj hat\u00e1sai:<\/p>\n<p>\u2022 hidrat\u00e1l\u00f3, n\u00f6veli a m\u00e9lyebb b\u0151rr\u00e9tegek v\u00edztartalm\u00e1t<br \/>\n\u2022 b\u0151rpuh\u00edt\u00f3<br \/>\n\u2022 gyullad\u00e1scs\u00f6kkent\u0151<br \/>\n\u2022 b\u0151rnyugtat\u00f3, irrit\u00e1ci\u00f3g\u00e1tl\u00f3<br \/>\n\u2022 enyh\u00edtheti a h\u00e1mosod\u00e1si zavarok t\u00fcneteit<br \/>\n\u2022 gyorsan, m\u00e9lyen sz\u00edv\u00f3dik fel, nem t\u00f6m\u00edti el a p\u00f3rusokat<br \/>\n\u2022 alkalmas sz\u00e1raz, viszket\u0151, h\u00e1ml\u00f3 b\u0151r \u00e1pol\u00e1s\u00e1ra<\/p>\n<p>Kiszerel\u00e9s: 1000ml pet palack, garanciaz\u00e1ras kupak, +adagol\u00f3 pumpa<\/p>\n<p>K\u0151olajsz\u00e1rmaz\u00e9kot, mesters\u00e9ges anyagot nem tartalmaz.<\/p>\n","protected":false},"featured_media":1906,"template":"","meta":[],"product_cat":[6,61,348,50],"product_tag":[49,349,60,334,62,77,293],"yoast_head":"<!-- This site is optimized with the Yoast SEO plugin v17.4 - https:\/\/yoast.com\/wordpress\/plugins\/seo\/ -->\n<title>Jade Nature paraffinmentes massz\u00e1zsolaj teafa olajjal 1000 ml - Emspoma webshop<\/title>\n<meta name=\"robots\" content=\"index, follow, max-snippet:-1, max-image-preview:large, max-video-preview:-1\" \/>\n<link rel=\"canonical\" href=\"http:\/\/rekongem.hu\/?product=jade-nature-paraffinmentes-masszazsolaj-teafa-olajjal-1000-ml\" \/>\n<meta property=\"og:locale\" content=\"hu_HU\" \/>\n<meta property=\"og:type\" content=\"article\" \/>\n<meta property=\"og:title\" content=\"Jade Nature paraffinmentes massz\u00e1zsolaj teafa olajjal 1000 ml - Emspoma webshop\" \/>\n<meta property=\"og:description\" content=\"Jade Nature pr\u00e9mium min\u0151s\u00e9g\u0171 massz\u00e1zsolaj sz\u0151l\u0151mag \u00e9s mandula olajjal.  Val\u00f3di Teafa olajjal.  A teafa olaj kiv\u00e1l\u00f3an alkalmas probl\u00e9m\u00e1s, zs\u00edros, pattan\u00e1sos, ekc\u00e9m\u00e1s b\u0151r kezel\u00e9s\u00e9re.  Bakt\u00e9rium\u00f6l\u0151, b\u0151rregener\u00e1l\u00f3, fert\u0151tlen\u00edt\u0151, cs\u00edra\u00f6l\u0151, m\u00e9regtelen\u00edt\u0151, tiszt\u00edt\u00f3, sebgy\u00f3gy\u00edt\u00f3 hat\u00e1s\u00fa.  A b\u00e1zisolaj, sz\u0151l\u0151mag- \u00e9s mandulaolaj tartalm\u00e1nak k\u00f6sz\u00f6nhet\u0151en, visszaadja a b\u0151r simas\u00e1g\u00e1t, rugalmass\u00e1g\u00e1t, megel\u0151zi korai \u00f6reged\u00e9s\u00e9t. A b\u0151rbe k\u00f6nnyen \u00e9s gyorsan felsz\u00edv\u00f3dik, k\u00fcl\u00f6n\u00f6sen alkalmas sz\u00e1raz, v\u00edzhi\u00e1nyos b\u0151r \u00e1pol\u00e1s\u00e1ra.  Recept\u00far\u00e1j\u00e1t massz\u0151r\u00f6k, kozmetikusok seg\u00edts\u00e9g\u00e9vel fejlesztett\u00fck a megfelel\u0151 hat\u00f3anyag koncentr\u00e1ci\u00f3, felsz\u00edv\u00f3d\u00e1s, konzisztencia el\u00e9r\u00e9s\u00e9hez.  Mandulaolaj hat\u00e1sai:  Nyugtat\u00f3: irrit\u00e1lt b\u0151r eset\u00e9n enyh\u00edti a viszket\u00e9st cs\u00f6kkenti a gyullad\u00e1st. Regener\u00e1l\u00f3: h\u00e1mlaszt\u00f3, puh\u00e1bb\u00e1, sim\u00e1bb\u00e1 teszi a b\u0151rt. Hidrat\u00e1l\u00f3: m\u00e9lyen felsz\u00edv\u00f3dik, bel\u00fclr\u0151l t\u00e1pl\u00e1lja a b\u0151rt. Enyhe fert\u0151tlen\u00edt\u0151k\u00e9nt is haszn\u00e1lhat\u00f3 sebekre vagy ekc\u00e9m\u00e1s fel\u00fcleten. B\u0151rregener\u00e1l\u00f3 hidrat\u00e1l\u00f3, b\u0151rpuh\u00edt\u00f3, k\u00f6zepesen gyorsan, m\u00e9lyen sz\u00edv\u00f3dik fel. Sz\u0151l\u0151magolaj hat\u00e1sai:  \u2022 hidrat\u00e1l\u00f3, n\u00f6veli a m\u00e9lyebb b\u0151rr\u00e9tegek v\u00edztartalm\u00e1t \u2022 b\u0151rpuh\u00edt\u00f3 \u2022 gyullad\u00e1scs\u00f6kkent\u0151 \u2022 b\u0151rnyugtat\u00f3, irrit\u00e1ci\u00f3g\u00e1tl\u00f3 \u2022 enyh\u00edtheti a h\u00e1mosod\u00e1si zavarok t\u00fcneteit \u2022 gyorsan, m\u00e9lyen sz\u00edv\u00f3dik fel, nem t\u00f6m\u00edti el a p\u00f3rusokat \u2022 alkalmas sz\u00e1raz, viszket\u0151, h\u00e1ml\u00f3 b\u0151r \u00e1pol\u00e1s\u00e1ra  Kiszerel\u00e9s: 1000ml pet palack, garanciaz\u00e1ras kupak, +adagol\u00f3 pumpa  K\u0151olajsz\u00e1rmaz\u00e9kot, mesters\u00e9ges anyagot nem tartalmaz.\" \/>\n<meta property=\"og:url\" content=\"http:\/\/rekongem.hu\/?product=jade-nature-paraffinmentes-masszazsolaj-teafa-olajjal-1000-ml\" \/>\n<meta property=\"og:site_name\" content=\"Emspoma webshop\" \/>\n<meta property=\"article:publisher\" content=\"https:\/\/www.facebook.com\/masszazsbirodalom\/\" \/>\n<meta property=\"article:modified_time\" content=\"2024-09-23T19:21:42+00:00\" \/>\n<meta property=\"og:image\" content=\"https:\/\/rekongem.hu\/wp-content\/uploads\/2019\/04\/Jade-Nature-paraffinmentes-massz\u00e1zsolaj-teafa-olajjal-1000ml.jpg\" \/>\n\t<meta property=\"og:image:width\" content=\"300\" \/>\n\t<meta property=\"og:image:height\" content=\"300\" \/>\n<meta name=\"twitter:card\" content=\"summary\" \/>\n<meta name=\"twitter:site\" content=\"@masszazs_bir\" \/>\n<script type=\"application\/ld+json\" class=\"yoast-schema-graph\">{\"@context\":\"https:\/\/schema.org\",\"@graph\":[{\"@type\":\"WebSite\",\"@id\":\"http:\/\/rekongem.hu\/#website\",\"url\":\"http:\/\/rekongem.hu\/\",\"name\":\"Emspoma webshop\",\"description\":\"\",\"potentialAction\":[{\"@type\":\"SearchAction\",\"target\":{\"@type\":\"EntryPoint\",\"urlTemplate\":\"http:\/\/rekongem.hu\/?s={search_term_string}\"},\"query-input\":\"required name=search_term_string\"}],\"inLanguage\":\"hu\"},{\"@type\":\"ImageObject\",\"@id\":\"http:\/\/rekongem.hu\/?product=jade-nature-paraffinmentes-masszazsolaj-teafa-olajjal-1000-ml#primaryimage\",\"inLanguage\":\"hu\",\"url\":\"http:\/\/rekongem.hu\/wp-content\/uploads\/2019\/04\/Jade-Nature-paraffinmentes-massz\\u00e1zsolaj-teafa-olajjal-1000ml.jpg\",\"contentUrl\":\"http:\/\/rekongem.hu\/wp-content\/uploads\/2019\/04\/Jade-Nature-paraffinmentes-massz\\u00e1zsolaj-teafa-olajjal-1000ml.jpg\",\"width\":300,\"height\":300,\"caption\":\"Jade Nature paraffinmentes massz\\u00e1zsolaj teafa olajjal 1000ml\"},{\"@type\":\"WebPage\",\"@id\":\"http:\/\/rekongem.hu\/?product=jade-nature-paraffinmentes-masszazsolaj-teafa-olajjal-1000-ml#webpage\",\"url\":\"http:\/\/rekongem.hu\/?product=jade-nature-paraffinmentes-masszazsolaj-teafa-olajjal-1000-ml\",\"name\":\"Jade Nature paraffinmentes massz\\u00e1zsolaj teafa olajjal 1000 ml - Emspoma webshop\",\"isPartOf\":{\"@id\":\"http:\/\/rekongem.hu\/#website\"},\"primaryImageOfPage\":{\"@id\":\"http:\/\/rekongem.hu\/?product=jade-nature-paraffinmentes-masszazsolaj-teafa-olajjal-1000-ml#primaryimage\"},\"datePublished\":\"2019-04-13T19:39:48+00:00\",\"dateModified\":\"2024-09-23T19:21:42+00:00\",\"breadcrumb\":{\"@id\":\"http:\/\/rekongem.hu\/?product=jade-nature-paraffinmentes-masszazsolaj-teafa-olajjal-1000-ml#breadcrumb\"},\"inLanguage\":\"hu\",\"potentialAction\":[{\"@type\":\"ReadAction\",\"target\":[\"http:\/\/rekongem.hu\/?product=jade-nature-paraffinmentes-masszazsolaj-teafa-olajjal-1000-ml\"]}]},{\"@type\":\"BreadcrumbList\",\"@id\":\"http:\/\/rekongem.hu\/?product=jade-nature-paraffinmentes-masszazsolaj-teafa-olajjal-1000-ml#breadcrumb\",\"itemListElement\":[{\"@type\":\"ListItem\",\"position\":1,\"name\":\"Home\",\"item\":\"http:\/\/rekongem.hu\/\"},{\"@type\":\"ListItem\",\"position\":2,\"name\":\"\\u00dczlet\",\"item\":\"http:\/\/rekongem.hu\/?page_id=4\"},{\"@type\":\"ListItem\",\"position\":3,\"name\":\"Jade Nature paraffinmentes massz\\u00e1zsolaj teafa olajjal 1000 ml\"}]}]}<\/script>\n<!-- \/ Yoast SEO plugin. -->","yoast_head_json":{"title":"Jade Nature paraffinmentes massz\u00e1zsolaj teafa olajjal 1000 ml - Emspoma webshop","robots":{"index":"index","follow":"follow","max-snippet":"max-snippet:-1","max-image-preview":"max-image-preview:large","max-video-preview":"max-video-preview:-1"},"canonical":"http:\/\/rekongem.hu\/?product=jade-nature-paraffinmentes-masszazsolaj-teafa-olajjal-1000-ml","og_locale":"hu_HU","og_type":"article","og_title":"Jade Nature paraffinmentes massz\u00e1zsolaj teafa olajjal 1000 ml - Emspoma webshop","og_description":"Jade Nature pr\u00e9mium min\u0151s\u00e9g\u0171 massz\u00e1zsolaj sz\u0151l\u0151mag \u00e9s mandula olajjal.  Val\u00f3di Teafa olajjal.  A teafa olaj kiv\u00e1l\u00f3an alkalmas probl\u00e9m\u00e1s, zs\u00edros, pattan\u00e1sos, ekc\u00e9m\u00e1s b\u0151r kezel\u00e9s\u00e9re.  Bakt\u00e9rium\u00f6l\u0151, b\u0151rregener\u00e1l\u00f3, fert\u0151tlen\u00edt\u0151, cs\u00edra\u00f6l\u0151, m\u00e9regtelen\u00edt\u0151, tiszt\u00edt\u00f3, sebgy\u00f3gy\u00edt\u00f3 hat\u00e1s\u00fa.  A b\u00e1zisolaj, sz\u0151l\u0151mag- \u00e9s mandulaolaj tartalm\u00e1nak k\u00f6sz\u00f6nhet\u0151en, visszaadja a b\u0151r simas\u00e1g\u00e1t, rugalmass\u00e1g\u00e1t, megel\u0151zi korai \u00f6reged\u00e9s\u00e9t. A b\u0151rbe k\u00f6nnyen \u00e9s gyorsan felsz\u00edv\u00f3dik, k\u00fcl\u00f6n\u00f6sen alkalmas sz\u00e1raz, v\u00edzhi\u00e1nyos b\u0151r \u00e1pol\u00e1s\u00e1ra.  Recept\u00far\u00e1j\u00e1t massz\u0151r\u00f6k, kozmetikusok seg\u00edts\u00e9g\u00e9vel fejlesztett\u00fck a megfelel\u0151 hat\u00f3anyag koncentr\u00e1ci\u00f3, felsz\u00edv\u00f3d\u00e1s, konzisztencia el\u00e9r\u00e9s\u00e9hez.  Mandulaolaj hat\u00e1sai:  Nyugtat\u00f3: irrit\u00e1lt b\u0151r eset\u00e9n enyh\u00edti a viszket\u00e9st cs\u00f6kkenti a gyullad\u00e1st. Regener\u00e1l\u00f3: h\u00e1mlaszt\u00f3, puh\u00e1bb\u00e1, sim\u00e1bb\u00e1 teszi a b\u0151rt. Hidrat\u00e1l\u00f3: m\u00e9lyen felsz\u00edv\u00f3dik, bel\u00fclr\u0151l t\u00e1pl\u00e1lja a b\u0151rt. Enyhe fert\u0151tlen\u00edt\u0151k\u00e9nt is haszn\u00e1lhat\u00f3 sebekre vagy ekc\u00e9m\u00e1s fel\u00fcleten. B\u0151rregener\u00e1l\u00f3 hidrat\u00e1l\u00f3, b\u0151rpuh\u00edt\u00f3, k\u00f6zepesen gyorsan, m\u00e9lyen sz\u00edv\u00f3dik fel. Sz\u0151l\u0151magolaj hat\u00e1sai:  \u2022 hidrat\u00e1l\u00f3, n\u00f6veli a m\u00e9lyebb b\u0151rr\u00e9tegek v\u00edztartalm\u00e1t \u2022 b\u0151rpuh\u00edt\u00f3 \u2022 gyullad\u00e1scs\u00f6kkent\u0151 \u2022 b\u0151rnyugtat\u00f3, irrit\u00e1ci\u00f3g\u00e1tl\u00f3 \u2022 enyh\u00edtheti a h\u00e1mosod\u00e1si zavarok t\u00fcneteit \u2022 gyorsan, m\u00e9lyen sz\u00edv\u00f3dik fel, nem t\u00f6m\u00edti el a p\u00f3rusokat \u2022 alkalmas sz\u00e1raz, viszket\u0151, h\u00e1ml\u00f3 b\u0151r \u00e1pol\u00e1s\u00e1ra  Kiszerel\u00e9s: 1000ml pet palack, garanciaz\u00e1ras kupak, +adagol\u00f3 pumpa  K\u0151olajsz\u00e1rmaz\u00e9kot, mesters\u00e9ges anyagot nem tartalmaz.","og_url":"http:\/\/rekongem.hu\/?product=jade-nature-paraffinmentes-masszazsolaj-teafa-olajjal-1000-ml","og_site_name":"Emspoma webshop","article_publisher":"https:\/\/www.facebook.com\/masszazsbirodalom\/","article_modified_time":"2024-09-23T19:21:42+00:00","og_image":[{"width":300,"height":300,"url":"https:\/\/rekongem.hu\/wp-content\/uploads\/2019\/04\/Jade-Nature-paraffinmentes-massz\u00e1zsolaj-teafa-olajjal-1000ml.jpg","type":"image\/jpeg"}],"twitter_card":"summary","twitter_site":"@masszazs_bir","schema":{"@context":"https:\/\/schema.org","@graph":[{"@type":"WebSite","@id":"http:\/\/rekongem.hu\/#website","url":"http:\/\/rekongem.hu\/","name":"Emspoma webshop","description":"","potentialAction":[{"@type":"SearchAction","target":{"@type":"EntryPoint","urlTemplate":"http:\/\/rekongem.hu\/?s={search_term_string}"},"query-input":"required name=search_term_string"}],"inLanguage":"hu"},{"@type":"ImageObject","@id":"http:\/\/rekongem.hu\/?product=jade-nature-paraffinmentes-masszazsolaj-teafa-olajjal-1000-ml#primaryimage","inLanguage":"hu","url":"http:\/\/rekongem.hu\/wp-content\/uploads\/2019\/04\/Jade-Nature-paraffinmentes-massz\u00e1zsolaj-teafa-olajjal-1000ml.jpg","contentUrl":"http:\/\/rekongem.hu\/wp-content\/uploads\/2019\/04\/Jade-Nature-paraffinmentes-massz\u00e1zsolaj-teafa-olajjal-1000ml.jpg","width":300,"height":300,"caption":"Jade Nature paraffinmentes massz\u00e1zsolaj teafa olajjal 1000ml"},{"@type":"WebPage","@id":"http:\/\/rekongem.hu\/?product=jade-nature-paraffinmentes-masszazsolaj-teafa-olajjal-1000-ml#webpage","url":"http:\/\/rekongem.hu\/?product=jade-nature-paraffinmentes-masszazsolaj-teafa-olajjal-1000-ml","name":"Jade Nature paraffinmentes massz\u00e1zsolaj teafa olajjal 1000 ml - Emspoma webshop","isPartOf":{"@id":"http:\/\/rekongem.hu\/#website"},"primaryImageOfPage":{"@id":"http:\/\/rekongem.hu\/?product=jade-nature-paraffinmentes-masszazsolaj-teafa-olajjal-1000-ml#primaryimage"},"datePublished":"2019-04-13T19:39:48+00:00","dateModified":"2024-09-23T19:21:42+00:00","breadcrumb":{"@id":"http:\/\/rekongem.hu\/?product=jade-nature-paraffinmentes-masszazsolaj-teafa-olajjal-1000-ml#breadcrumb"},"inLanguage":"hu","potentialAction":[{"@type":"ReadAction","target":["http:\/\/rekongem.hu\/?product=jade-nature-paraffinmentes-masszazsolaj-teafa-olajjal-1000-ml"]}]},{"@type":"BreadcrumbList","@id":"http:\/\/rekongem.hu\/?product=jade-nature-paraffinmentes-masszazsolaj-teafa-olajjal-1000-ml#breadcrumb","itemListElement":[{"@type":"ListItem","position":1,"name":"Home","item":"http:\/\/rekongem.hu\/"},{"@type":"ListItem","position":2,"name":"\u00dczlet","item":"http:\/\/rekongem.hu\/?page_id=4"},{"@type":"ListItem","position":3,"name":"Jade Nature paraffinmentes massz\u00e1zsolaj teafa olajjal 1000 ml"}]}]}},"_links":{"self":[{"href":"http:\/\/rekongem.hu\/index.php?rest_route=\/wp\/v2\/product\/1905"}],"collection":[{"href":"http:\/\/rekongem.hu\/index.php?rest_route=\/wp\/v2\/product"}],"about":[{"href":"http:\/\/rekongem.hu\/index.php?rest_route=\/wp\/v2\/types\/product"}],"wp:featuredmedia":[{"embeddable":true,"href":"http:\/\/rekongem.hu\/index.php?rest_route=\/wp\/v2\/media\/1906"}],"wp:attachment":[{"href":"http:\/\/rekongem.hu\/index.php?rest_route=%2Fwp%2Fv2%2Fmedia&parent=1905"}],"wp:term":[{"taxonomy":"product_cat","embeddable":true,"href":"http:\/\/rekongem.hu\/index.php?rest_route=%2Fwp%2Fv2%2Fproduct_cat&post=1905"},{"taxonomy":"product_tag","embeddable":true,"href":"http:\/\/rekongem.hu\/index.php?rest_route=%2Fwp%2Fv2%2Fproduct_tag&post=1905"}],"curies":[{"name":"wp","href":"https:\/\/api.w.org\/{rel}","templated":true}]}}