{"id":1854,"date":"2019-04-06T20:25:55","date_gmt":"2019-04-06T20:25:55","guid":{"rendered":"http:\/\/rekongem.hu\/?post_type=product&#038;p=1854"},"modified":"2025-06-21T17:33:25","modified_gmt":"2025-06-21T17:33:25","slug":"lady-stella-zsiros-taplalo-masszazskrem-1000ml","status":"publish","type":"product","link":"http:\/\/rekongem.hu\/?product=lady-stella-zsiros-taplalo-masszazskrem-1000ml","title":{"rendered":"Lady STELLA Bodycomplex Zs\u00edros T\u00e1pl\u00e1l\u00f3 Kr\u00e9m sz\u00e1raz b\u0151rre 500 ml"},"content":{"rendered":"","protected":false},"excerpt":{"rendered":"<h3>Zs\u00edros, t\u00e1pl\u00e1l\u00f3 massz\u00e1zskr\u00e9m\u00a0 &#8211; m<strong>editerr\u00e1n ol\u00edva \u00e9s napraforg\u00f3 olaj kivonattal<\/strong><\/h3>\n<ul>\n<li>Sz\u00e1raz, zs\u00edrhi\u00e1nyos b\u0151r \u00e1pol\u00e1s\u00e1ra,arcon \u00e9s testen egyar\u00e1nt<\/li>\n<li>Ol\u00edva \u00e9s napraforg\u00f3 olaj tartalma r\u00e9v\u00e9n gazdag term\u00e9szetes antioxid\u00e1nsokban, A-, E-, F- \u00e9s D-vitaminban, \u00e1sv\u00e1nyi anyagokban \u00e9s n\u00e9lk\u00fcl\u00f6zhetetlen tel\u00edtetlen zs\u00edrsavakban<\/li>\n<li>Regener\u00e1l\u00f3, rugalmas\u00edt\u00f3 hat\u00e1s\u00fa, cs\u00f6kkenti a r\u00e1ncok kialakul\u00e1s\u00e1t, emellett el\u0151seg\u00edti a s\u00e9r\u00fclt felh\u00e1m gy\u00f3gyul\u00e1s\u00e1t<\/li>\n<\/ul>\n<p><strong>Sz\u00ednez\u00e9k- \u00e9s illatmentes\u00a0<\/strong><\/p>\n<p><strong>Haszn\u00e1lata:<\/strong>\u00a0A megtiszt\u00edtott, massz\u00edrozni k\u00edv\u00e1nt b\u0151rfel\u00fcletre vigye fel, majd massz\u00edrozza be.<\/p>\n<p><strong>Kiszerel\u00e9s:<\/strong>\u00a01000 ml<\/p>\n","protected":false},"featured_media":2486,"template":"","meta":[],"product_cat":[23,92],"product_tag":[106,323,11],"yoast_head":"<!-- This site is optimized with the Yoast SEO plugin v17.4 - https:\/\/yoast.com\/wordpress\/plugins\/seo\/ -->\n<title>Lady STELLA Bodycomplex Zs\u00edros T\u00e1pl\u00e1l\u00f3 Kr\u00e9m sz\u00e1raz b\u0151rre 500 ml - Emspoma webshop<\/title>\n<meta name=\"robots\" content=\"index, follow, max-snippet:-1, max-image-preview:large, max-video-preview:-1\" \/>\n<link rel=\"canonical\" href=\"http:\/\/rekongem.hu\/?product=lady-stella-zsiros-taplalo-masszazskrem-1000ml\" \/>\n<meta property=\"og:locale\" content=\"hu_HU\" \/>\n<meta property=\"og:type\" content=\"article\" \/>\n<meta property=\"og:title\" content=\"Lady STELLA Bodycomplex Zs\u00edros T\u00e1pl\u00e1l\u00f3 Kr\u00e9m sz\u00e1raz b\u0151rre 500 ml - Emspoma webshop\" \/>\n<meta property=\"og:description\" content=\"Zs\u00edros, t\u00e1pl\u00e1l\u00f3 massz\u00e1zskr\u00e9m\u00a0 - mediterr\u00e1n ol\u00edva \u00e9s napraforg\u00f3 olaj kivonattal   Sz\u00e1raz, zs\u00edrhi\u00e1nyos b\u0151r \u00e1pol\u00e1s\u00e1ra,arcon \u00e9s testen egyar\u00e1nt  Ol\u00edva \u00e9s napraforg\u00f3 olaj tartalma r\u00e9v\u00e9n gazdag term\u00e9szetes antioxid\u00e1nsokban, A-, E-, F- \u00e9s D-vitaminban, \u00e1sv\u00e1nyi anyagokban \u00e9s n\u00e9lk\u00fcl\u00f6zhetetlen tel\u00edtetlen zs\u00edrsavakban  Regener\u00e1l\u00f3, rugalmas\u00edt\u00f3 hat\u00e1s\u00fa, cs\u00f6kkenti a r\u00e1ncok kialakul\u00e1s\u00e1t, emellett el\u0151seg\u00edti a s\u00e9r\u00fclt felh\u00e1m gy\u00f3gyul\u00e1s\u00e1t  Sz\u00ednez\u00e9k- \u00e9s illatmentes\u00a0  Haszn\u00e1lata:\u00a0A megtiszt\u00edtott, massz\u00edrozni k\u00edv\u00e1nt b\u0151rfel\u00fcletre vigye fel, majd massz\u00edrozza be.  Kiszerel\u00e9s:\u00a01000 ml\" \/>\n<meta property=\"og:url\" content=\"http:\/\/rekongem.hu\/?product=lady-stella-zsiros-taplalo-masszazskrem-1000ml\" \/>\n<meta property=\"og:site_name\" content=\"Emspoma webshop\" \/>\n<meta property=\"article:publisher\" content=\"https:\/\/www.facebook.com\/masszazsbirodalom\/\" \/>\n<meta property=\"article:modified_time\" content=\"2025-06-21T17:33:25+00:00\" \/>\n<meta property=\"og:image\" content=\"http:\/\/rekongem.hu\/wp-content\/uploads\/2019\/04\/Zs\u00edros-t\u00e1pl\u00e1l\u00f3-massz\u00e1zskr\u00e9m-Mediterr\u00e1n-ol\u00edva-\u00e9s-napraforg\u00f3-olaj-kivonattal-1000-ml.jpg\" \/>\n\t<meta property=\"og:image:width\" content=\"400\" \/>\n\t<meta property=\"og:image:height\" content=\"400\" \/>\n<meta name=\"twitter:card\" content=\"summary\" \/>\n<meta name=\"twitter:site\" content=\"@masszazs_bir\" \/>\n<script type=\"application\/ld+json\" class=\"yoast-schema-graph\">{\"@context\":\"https:\/\/schema.org\",\"@graph\":[{\"@type\":\"WebSite\",\"@id\":\"http:\/\/rekongem.hu\/#website\",\"url\":\"http:\/\/rekongem.hu\/\",\"name\":\"Emspoma webshop\",\"description\":\"\",\"potentialAction\":[{\"@type\":\"SearchAction\",\"target\":{\"@type\":\"EntryPoint\",\"urlTemplate\":\"http:\/\/rekongem.hu\/?s={search_term_string}\"},\"query-input\":\"required name=search_term_string\"}],\"inLanguage\":\"hu\"},{\"@type\":\"ImageObject\",\"@id\":\"http:\/\/rekongem.hu\/?product=lady-stella-zsiros-taplalo-masszazskrem-1000ml#primaryimage\",\"inLanguage\":\"hu\",\"url\":\"http:\/\/rekongem.hu\/wp-content\/uploads\/2019\/04\/Zs\\u00edros-t\\u00e1pl\\u00e1l\\u00f3-massz\\u00e1zskr\\u00e9m-Mediterr\\u00e1n-ol\\u00edva-\\u00e9s-napraforg\\u00f3-olaj-kivonattal-1000-ml.jpg\",\"contentUrl\":\"http:\/\/rekongem.hu\/wp-content\/uploads\/2019\/04\/Zs\\u00edros-t\\u00e1pl\\u00e1l\\u00f3-massz\\u00e1zskr\\u00e9m-Mediterr\\u00e1n-ol\\u00edva-\\u00e9s-napraforg\\u00f3-olaj-kivonattal-1000-ml.jpg\",\"width\":400,\"height\":400,\"caption\":\"Zs\\u00edros, t\\u00e1pl\\u00e1l\\u00f3 massz\\u00e1zskr\\u00e9m Mediterr\\u00e1n ol\\u00edva \\u00e9s napraforg\\u00f3 olaj kivonattal 1000 ml\"},{\"@type\":\"WebPage\",\"@id\":\"http:\/\/rekongem.hu\/?product=lady-stella-zsiros-taplalo-masszazskrem-1000ml#webpage\",\"url\":\"http:\/\/rekongem.hu\/?product=lady-stella-zsiros-taplalo-masszazskrem-1000ml\",\"name\":\"Lady STELLA Bodycomplex Zs\\u00edros T\\u00e1pl\\u00e1l\\u00f3 Kr\\u00e9m sz\\u00e1raz b\\u0151rre 500 ml - Emspoma webshop\",\"isPartOf\":{\"@id\":\"http:\/\/rekongem.hu\/#website\"},\"primaryImageOfPage\":{\"@id\":\"http:\/\/rekongem.hu\/?product=lady-stella-zsiros-taplalo-masszazskrem-1000ml#primaryimage\"},\"datePublished\":\"2019-04-06T20:25:55+00:00\",\"dateModified\":\"2025-06-21T17:33:25+00:00\",\"breadcrumb\":{\"@id\":\"http:\/\/rekongem.hu\/?product=lady-stella-zsiros-taplalo-masszazskrem-1000ml#breadcrumb\"},\"inLanguage\":\"hu\",\"potentialAction\":[{\"@type\":\"ReadAction\",\"target\":[\"http:\/\/rekongem.hu\/?product=lady-stella-zsiros-taplalo-masszazskrem-1000ml\"]}]},{\"@type\":\"BreadcrumbList\",\"@id\":\"http:\/\/rekongem.hu\/?product=lady-stella-zsiros-taplalo-masszazskrem-1000ml#breadcrumb\",\"itemListElement\":[{\"@type\":\"ListItem\",\"position\":1,\"name\":\"Home\",\"item\":\"http:\/\/rekongem.hu\/\"},{\"@type\":\"ListItem\",\"position\":2,\"name\":\"\\u00dczlet\",\"item\":\"http:\/\/rekongem.hu\/?page_id=4\"},{\"@type\":\"ListItem\",\"position\":3,\"name\":\"Lady STELLA Bodycomplex Zs\\u00edros T\\u00e1pl\\u00e1l\\u00f3 Kr\\u00e9m sz\\u00e1raz b\\u0151rre 500 ml\"}]}]}<\/script>\n<!-- \/ Yoast SEO plugin. -->","yoast_head_json":{"title":"Lady STELLA Bodycomplex Zs\u00edros T\u00e1pl\u00e1l\u00f3 Kr\u00e9m sz\u00e1raz b\u0151rre 500 ml - Emspoma webshop","robots":{"index":"index","follow":"follow","max-snippet":"max-snippet:-1","max-image-preview":"max-image-preview:large","max-video-preview":"max-video-preview:-1"},"canonical":"http:\/\/rekongem.hu\/?product=lady-stella-zsiros-taplalo-masszazskrem-1000ml","og_locale":"hu_HU","og_type":"article","og_title":"Lady STELLA Bodycomplex Zs\u00edros T\u00e1pl\u00e1l\u00f3 Kr\u00e9m sz\u00e1raz b\u0151rre 500 ml - Emspoma webshop","og_description":"Zs\u00edros, t\u00e1pl\u00e1l\u00f3 massz\u00e1zskr\u00e9m\u00a0 - mediterr\u00e1n ol\u00edva \u00e9s napraforg\u00f3 olaj kivonattal   Sz\u00e1raz, zs\u00edrhi\u00e1nyos b\u0151r \u00e1pol\u00e1s\u00e1ra,arcon \u00e9s testen egyar\u00e1nt  Ol\u00edva \u00e9s napraforg\u00f3 olaj tartalma r\u00e9v\u00e9n gazdag term\u00e9szetes antioxid\u00e1nsokban, A-, E-, F- \u00e9s D-vitaminban, \u00e1sv\u00e1nyi anyagokban \u00e9s n\u00e9lk\u00fcl\u00f6zhetetlen tel\u00edtetlen zs\u00edrsavakban  Regener\u00e1l\u00f3, rugalmas\u00edt\u00f3 hat\u00e1s\u00fa, cs\u00f6kkenti a r\u00e1ncok kialakul\u00e1s\u00e1t, emellett el\u0151seg\u00edti a s\u00e9r\u00fclt felh\u00e1m gy\u00f3gyul\u00e1s\u00e1t  Sz\u00ednez\u00e9k- \u00e9s illatmentes\u00a0  Haszn\u00e1lata:\u00a0A megtiszt\u00edtott, massz\u00edrozni k\u00edv\u00e1nt b\u0151rfel\u00fcletre vigye fel, majd massz\u00edrozza be.  Kiszerel\u00e9s:\u00a01000 ml","og_url":"http:\/\/rekongem.hu\/?product=lady-stella-zsiros-taplalo-masszazskrem-1000ml","og_site_name":"Emspoma webshop","article_publisher":"https:\/\/www.facebook.com\/masszazsbirodalom\/","article_modified_time":"2025-06-21T17:33:25+00:00","og_image":[{"width":400,"height":400,"url":"http:\/\/rekongem.hu\/wp-content\/uploads\/2019\/04\/Zs\u00edros-t\u00e1pl\u00e1l\u00f3-massz\u00e1zskr\u00e9m-Mediterr\u00e1n-ol\u00edva-\u00e9s-napraforg\u00f3-olaj-kivonattal-1000-ml.jpg","type":"image\/jpeg"}],"twitter_card":"summary","twitter_site":"@masszazs_bir","schema":{"@context":"https:\/\/schema.org","@graph":[{"@type":"WebSite","@id":"http:\/\/rekongem.hu\/#website","url":"http:\/\/rekongem.hu\/","name":"Emspoma webshop","description":"","potentialAction":[{"@type":"SearchAction","target":{"@type":"EntryPoint","urlTemplate":"http:\/\/rekongem.hu\/?s={search_term_string}"},"query-input":"required name=search_term_string"}],"inLanguage":"hu"},{"@type":"ImageObject","@id":"http:\/\/rekongem.hu\/?product=lady-stella-zsiros-taplalo-masszazskrem-1000ml#primaryimage","inLanguage":"hu","url":"http:\/\/rekongem.hu\/wp-content\/uploads\/2019\/04\/Zs\u00edros-t\u00e1pl\u00e1l\u00f3-massz\u00e1zskr\u00e9m-Mediterr\u00e1n-ol\u00edva-\u00e9s-napraforg\u00f3-olaj-kivonattal-1000-ml.jpg","contentUrl":"http:\/\/rekongem.hu\/wp-content\/uploads\/2019\/04\/Zs\u00edros-t\u00e1pl\u00e1l\u00f3-massz\u00e1zskr\u00e9m-Mediterr\u00e1n-ol\u00edva-\u00e9s-napraforg\u00f3-olaj-kivonattal-1000-ml.jpg","width":400,"height":400,"caption":"Zs\u00edros, t\u00e1pl\u00e1l\u00f3 massz\u00e1zskr\u00e9m Mediterr\u00e1n ol\u00edva \u00e9s napraforg\u00f3 olaj kivonattal 1000 ml"},{"@type":"WebPage","@id":"http:\/\/rekongem.hu\/?product=lady-stella-zsiros-taplalo-masszazskrem-1000ml#webpage","url":"http:\/\/rekongem.hu\/?product=lady-stella-zsiros-taplalo-masszazskrem-1000ml","name":"Lady STELLA Bodycomplex Zs\u00edros T\u00e1pl\u00e1l\u00f3 Kr\u00e9m sz\u00e1raz b\u0151rre 500 ml - Emspoma webshop","isPartOf":{"@id":"http:\/\/rekongem.hu\/#website"},"primaryImageOfPage":{"@id":"http:\/\/rekongem.hu\/?product=lady-stella-zsiros-taplalo-masszazskrem-1000ml#primaryimage"},"datePublished":"2019-04-06T20:25:55+00:00","dateModified":"2025-06-21T17:33:25+00:00","breadcrumb":{"@id":"http:\/\/rekongem.hu\/?product=lady-stella-zsiros-taplalo-masszazskrem-1000ml#breadcrumb"},"inLanguage":"hu","potentialAction":[{"@type":"ReadAction","target":["http:\/\/rekongem.hu\/?product=lady-stella-zsiros-taplalo-masszazskrem-1000ml"]}]},{"@type":"BreadcrumbList","@id":"http:\/\/rekongem.hu\/?product=lady-stella-zsiros-taplalo-masszazskrem-1000ml#breadcrumb","itemListElement":[{"@type":"ListItem","position":1,"name":"Home","item":"http:\/\/rekongem.hu\/"},{"@type":"ListItem","position":2,"name":"\u00dczlet","item":"http:\/\/rekongem.hu\/?page_id=4"},{"@type":"ListItem","position":3,"name":"Lady STELLA Bodycomplex Zs\u00edros T\u00e1pl\u00e1l\u00f3 Kr\u00e9m sz\u00e1raz b\u0151rre 500 ml"}]}]}},"_links":{"self":[{"href":"http:\/\/rekongem.hu\/index.php?rest_route=\/wp\/v2\/product\/1854"}],"collection":[{"href":"http:\/\/rekongem.hu\/index.php?rest_route=\/wp\/v2\/product"}],"about":[{"href":"http:\/\/rekongem.hu\/index.php?rest_route=\/wp\/v2\/types\/product"}],"wp:featuredmedia":[{"embeddable":true,"href":"http:\/\/rekongem.hu\/index.php?rest_route=\/wp\/v2\/media\/2486"}],"wp:attachment":[{"href":"http:\/\/rekongem.hu\/index.php?rest_route=%2Fwp%2Fv2%2Fmedia&parent=1854"}],"wp:term":[{"taxonomy":"product_cat","embeddable":true,"href":"http:\/\/rekongem.hu\/index.php?rest_route=%2Fwp%2Fv2%2Fproduct_cat&post=1854"},{"taxonomy":"product_tag","embeddable":true,"href":"http:\/\/rekongem.hu\/index.php?rest_route=%2Fwp%2Fv2%2Fproduct_tag&post=1854"}],"curies":[{"name":"wp","href":"https:\/\/api.w.org\/{rel}","templated":true}]}}