{"id":1835,"date":"2019-04-06T13:27:07","date_gmt":"2019-04-06T13:27:07","guid":{"rendered":"http:\/\/rekongem.hu\/?post_type=product&#038;p=1835"},"modified":"2025-06-21T17:39:50","modified_gmt":"2025-06-21T17:39:50","slug":"spa-spirit-wellness-relaxalo-masszazskrem-1000ml","status":"publish","type":"product","link":"http:\/\/rekongem.hu\/?product=spa-spirit-wellness-relaxalo-masszazskrem-1000ml","title":{"rendered":"Lady STELLA Spa Spirit Wellness Relax\u00e1l\u00f3 Stresszold\u00f3 Massz\u00e1zskr\u00e9m 1000 ml"},"content":{"rendered":"<h3>SPA SPIRIT Relax\u00e1l\u00f3 massz\u00e1zskr\u00e9m<\/h3>\n<h3>sheavaj \u2022 rozmaringolaj \u2022 citrusolajok \u2022 ol\u00edvaolaj<\/h3>\n<p>A\u00a0<strong>SPA SPIRIT WELLNESS<\/strong>\u00a0csal\u00e1d minden tagja k\u00fcl\u00f6nleges hat\u00f3anyagokban gazdag. Hidrat\u00e1l\u00f3\u00a0term\u00e9szetes n\u00f6v\u00e9nyi olajokat, antiallerg\u00e9n, b\u0151rbar\u00e1t \u00f6sszetev\u0151ket tartalmaz, amelyekhez hat\u00e1sfokoz\u00e1s c\u00e9lj\u00e1b\u00f3l gazdag esszenci\u00e1k, aktiv\u00e1torok adagolhat\u00f3k b\u0151rt\u00edpus \u00e9s massz\u00e1zstechnika v\u00e1laszt\u00e1sa szerint. (Sejtregener\u00e1l\u00f3, relax\u00e1l\u00f3, stresszold\u00f3, nyugtat\u00f3, izomlaz\u00edt\u00f3, alakform\u00e1l\u00f3-cellulitkezel\u0151, zs\u00edr\u00e9get\u0151, b\u0151rfeszes\u00edt\u0151 testmassz\u00e1zs kezel\u00e9sekhez, aromater\u00e1pi\u00e1s gy\u00f3gymassz\u00e1zsokhoz.)<br \/>\n\u00c9rt\u00e9kes, term\u00e9szetes n\u00f6v\u00e9nyi olajok \u00e9s massz\u00e1zskr\u00e9mek, melyek b\u0151rbar\u00e1t \u00f6sszetev\u0151kkel \u00e1polj\u00e1k, t\u00e1pl\u00e1lj\u00e1k, hidrat\u00e1lj\u00e1k, friss\u00edtik a b\u0151rt massz\u00e1zs k\u00f6zben.<\/p>\n<p><strong>Kellemesen cs\u00fasz\u00f3 \u00e9rz\u00e9st biztos\u00edtanak \u00e9s ide\u00e1lisak minden massz\u00e1zstechnik\u00e1hoz.<\/strong><\/p>\n<p><strong>Kozmetikai \u00e9s testmassz\u00e1zs szalonok sz\u00e1m\u00e1ra. Mesters\u00e9ges sz\u00ednez\u00e9ket, tart\u00f3s\u00edt\u00f3szert, parab\u00e9nt, k\u0151olaj sz\u00e1rmaz\u00e9kot nem tartalmaznak.<\/strong><\/p>\n<ul>\n<li>Intenz\u00edven t\u00e1pl\u00e1l\u00f3 \u00e9s hidrat\u00e1l\u00f3 hat\u00e1s\u00fa massz\u00e1zskr\u00e9m shea vajjal \u00e9s n\u00f6v\u00e9nyi olajokkal. A magas vitamintartam\u00fa shea vaj egy b\u0151rbar\u00e1t term\u00e9szetes anyag, felsz\u00edv\u00f3dik a b\u0151rbe \u00e9s ott hosszantart\u00f3, j\u00f3t\u00e9kony hat\u00e1st fejt ki. Serkenti a b\u0151r \u00f6ngy\u00f3gy\u00edt\u00f3 k\u00e9pess\u00e9g\u00e9t.<\/li>\n<li><strong>Az ol\u00edvaolaj term\u00e9szetes antioxid\u00e1ns- \u00e9s vitamintartalma mellett (A-, D-, E-vitamin, \u00df\u00e9ta-karotin) stimul\u00e1lja az izomsejteket. A rozmaring- \u00e9s citrusolajok v\u00e9rkering\u00e9st fokoz\u00f3 hat\u00e1sa seg\u00edt meg\u0151rizni a b\u0151r fiatals\u00e1g\u00e1t, \u00fcdes\u00e9g\u00e9t.<\/strong><\/li>\n<li>Jav\u00edtja a sejtek v\u00e9rell\u00e1t\u00e1s\u00e1t, az oxid\u00e1ci\u00f3s folyamatok \u00e9s a b\u0151r \u00f6reged\u00e9se lassul. A term\u00e9szetes aromaanyagoknak k\u00f6sz\u00f6nhet\u0151en nyugtatja \u00e9s friss\u00edti a testet \u00e9s a lelket, cs\u00f6kkenti a f\u00e1radts\u00e1g \u00e9s kimer\u00fclts\u00e9g t\u00fcneteit.<\/li>\n<li>Relax\u00e1l\u00f3 massz\u00e1zs ut\u00e1n \u00fcd\u00e9nek, frissnek \u00e9rezz\u00fck magunkat, szinte \u00fajj\u00e1sz\u00fclet\u00fcnk.<\/li>\n<\/ul>\n<p><strong>Mesters\u00e9ges illat- \u00e9s sz\u00ednez\u0151anyagot, parab\u00e9nt, paraffinolajat nem tartalmaz.<\/strong><\/p>\n<p><strong>Haszn\u00e1lata<\/strong>: a massz\u00edrozni k\u00edv\u00e1nt b\u0151rfel\u00fcletet a megfelel\u0151 mennyis\u00e9g\u0171 massz\u00e1zskr\u00e9mmel kenje be, majd sim\u00edt\u00f3 mozdulatokkal massz\u00edrozza be a kr\u00e9m teljes felsz\u00edv\u00f3d\u00e1s\u00e1ig.<\/p>\n","protected":false},"excerpt":{"rendered":"<h3>SPA SPIRIT Relax\u00e1l\u00f3 massz\u00e1zskr\u00e9m\u00a0 sheavaj \u2022 rozmaringolaj \u2022 citrusolajok \u2022 ol\u00edvaolaj<\/h3>\n<p>A\u00a0<strong>SPA SPIRIT WELLNESS<\/strong>\u00a0csal\u00e1d minden tagja k\u00fcl\u00f6nleges hat\u00f3anyagokban gazdag. Hidrat\u00e1l\u00f3\u00a0term\u00e9szetes n\u00f6v\u00e9nyi olajokat, antiallerg\u00e9n, b\u0151rbar\u00e1t \u00f6sszetev\u0151ket tartalmaz, amelyekhez hat\u00e1sfokoz\u00e1s c\u00e9lj\u00e1b\u00f3l gazdag esszenci\u00e1k, aktiv\u00e1torok adagolhat\u00f3k b\u0151rt\u00edpus \u00e9s massz\u00e1zstechnika v\u00e1laszt\u00e1sa szerint. (Sejtregener\u00e1l\u00f3, relax\u00e1l\u00f3, stresszold\u00f3, nyugtat\u00f3, izomlaz\u00edt\u00f3, alakform\u00e1l\u00f3-cellulitkezel\u0151, zs\u00edr\u00e9get\u0151, b\u0151rfeszes\u00edt\u0151 testmassz\u00e1zs kezel\u00e9sekhez, aromater\u00e1pi\u00e1s gy\u00f3gymassz\u00e1zsokhoz.)<br \/>\n\u00c9rt\u00e9kes, term\u00e9szetes n\u00f6v\u00e9nyi olajok \u00e9s massz\u00e1zskr\u00e9mek, melyek b\u0151rbar\u00e1t \u00f6sszetev\u0151kkel \u00e1polj\u00e1k, t\u00e1pl\u00e1lj\u00e1k, hidrat\u00e1lj\u00e1k, friss\u00edtik a b\u0151rt massz\u00e1zs k\u00f6zben.<\/p>\n<p><strong>Kellemesen cs\u00fasz\u00f3 \u00e9rz\u00e9st biztos\u00edtanak \u00e9s ide\u00e1lisak minden massz\u00e1zstechnik\u00e1hoz.<\/strong><\/p>\n<p><strong>Kozmetikai \u00e9s testmassz\u00e1zs szalonok sz\u00e1m\u00e1ra. Mesters\u00e9ges sz\u00ednez\u00e9ket, tart\u00f3s\u00edt\u00f3szert, parab\u00e9nt, k\u0151olaj sz\u00e1rmaz\u00e9kot nem tartalmaznak.<\/strong><\/p>\n<ul>\n<li>Intenz\u00edven t\u00e1pl\u00e1l\u00f3 \u00e9s hidrat\u00e1l\u00f3 hat\u00e1s\u00fa massz\u00e1zskr\u00e9m shea vajjal \u00e9s n\u00f6v\u00e9nyi olajokkal. A magas vitamintartam\u00fa shea vaj egy b\u0151rbar\u00e1t term\u00e9szetes anyag, felsz\u00edv\u00f3dik a b\u0151rbe \u00e9s ott hosszantart\u00f3, j\u00f3t\u00e9kony hat\u00e1st fejt ki. Serkenti a b\u0151r \u00f6ngy\u00f3gy\u00edt\u00f3 k\u00e9pess\u00e9g\u00e9t.<\/li>\n<li><strong>Az ol\u00edvaolaj term\u00e9szetes antioxid\u00e1ns- \u00e9s vitamintartalma mellett (A-, D-, E-vitamin, \u00df\u00e9ta-karotin) stimul\u00e1lja az izomsejteket. A rozmaring- \u00e9s citrusolajok v\u00e9rkering\u00e9st fokoz\u00f3 hat\u00e1sa seg\u00edt meg\u0151rizni a b\u0151r fiatals\u00e1g\u00e1t, \u00fcdes\u00e9g\u00e9t.<\/strong><\/li>\n<li>Jav\u00edtja a sejtek v\u00e9rell\u00e1t\u00e1s\u00e1t, az oxid\u00e1ci\u00f3s folyamatok \u00e9s a b\u0151r \u00f6reged\u00e9se lassul. A term\u00e9szetes aromaanyagoknak k\u00f6sz\u00f6nhet\u0151en nyugtatja \u00e9s friss\u00edti a testet \u00e9s a lelket, cs\u00f6kkenti a f\u00e1radts\u00e1g \u00e9s kimer\u00fclts\u00e9g t\u00fcneteit.<\/li>\n<li>Relax\u00e1l\u00f3 massz\u00e1zs ut\u00e1n \u00fcd\u00e9nek, frissnek \u00e9rezz\u00fck magunkat, szinte \u00fajj\u00e1sz\u00fclet\u00fcnk.<\/li>\n<\/ul>\n<p><strong>Mesters\u00e9ges illat- \u00e9s sz\u00ednez\u0151anyagot, parab\u00e9nt, paraffinolajat nem tartalmaz.<\/strong><\/p>\n<p><strong>Haszn\u00e1lata<\/strong>: a massz\u00edrozni k\u00edv\u00e1nt b\u0151rfel\u00fcletet a megfelel\u0151 mennyis\u00e9g\u0171 massz\u00e1zskr\u00e9mmel kenje be, majd sim\u00edt\u00f3 mozdulatokkal massz\u00edrozza be a kr\u00e9m teljes felsz\u00edv\u00f3d\u00e1s\u00e1ig.<\/p>\n","protected":false},"featured_media":2488,"template":"","meta":[],"product_cat":[6,23,92],"product_tag":[323,11,298,32,128,108],"yoast_head":"<!-- This site is optimized with the Yoast SEO plugin v17.4 - https:\/\/yoast.com\/wordpress\/plugins\/seo\/ -->\n<title>Lady STELLA Spa Spirit Wellness Relax\u00e1l\u00f3 Stresszold\u00f3 Massz\u00e1zskr\u00e9m 1000 ml - Emspoma webshop<\/title>\n<meta name=\"robots\" content=\"index, follow, max-snippet:-1, max-image-preview:large, max-video-preview:-1\" \/>\n<link rel=\"canonical\" href=\"http:\/\/rekongem.hu\/?product=spa-spirit-wellness-relaxalo-masszazskrem-1000ml\" \/>\n<meta property=\"og:locale\" content=\"hu_HU\" \/>\n<meta property=\"og:type\" content=\"article\" \/>\n<meta property=\"og:title\" content=\"Lady STELLA Spa Spirit Wellness Relax\u00e1l\u00f3 Stresszold\u00f3 Massz\u00e1zskr\u00e9m 1000 ml - Emspoma webshop\" \/>\n<meta property=\"og:description\" content=\"SPA SPIRIT Relax\u00e1l\u00f3 massz\u00e1zskr\u00e9m\u00a0 sheavaj \u2022 rozmaringolaj \u2022 citrusolajok \u2022 ol\u00edvaolaj A\u00a0SPA SPIRIT WELLNESS\u00a0csal\u00e1d minden tagja k\u00fcl\u00f6nleges hat\u00f3anyagokban gazdag. Hidrat\u00e1l\u00f3\u00a0term\u00e9szetes n\u00f6v\u00e9nyi olajokat, antiallerg\u00e9n, b\u0151rbar\u00e1t \u00f6sszetev\u0151ket tartalmaz, amelyekhez hat\u00e1sfokoz\u00e1s c\u00e9lj\u00e1b\u00f3l gazdag esszenci\u00e1k, aktiv\u00e1torok adagolhat\u00f3k b\u0151rt\u00edpus \u00e9s massz\u00e1zstechnika v\u00e1laszt\u00e1sa szerint. (Sejtregener\u00e1l\u00f3, relax\u00e1l\u00f3, stresszold\u00f3, nyugtat\u00f3, izomlaz\u00edt\u00f3, alakform\u00e1l\u00f3-cellulitkezel\u0151, zs\u00edr\u00e9get\u0151, b\u0151rfeszes\u00edt\u0151 testmassz\u00e1zs kezel\u00e9sekhez, aromater\u00e1pi\u00e1s gy\u00f3gymassz\u00e1zsokhoz.) \u00c9rt\u00e9kes, term\u00e9szetes n\u00f6v\u00e9nyi olajok \u00e9s massz\u00e1zskr\u00e9mek, melyek b\u0151rbar\u00e1t \u00f6sszetev\u0151kkel \u00e1polj\u00e1k, t\u00e1pl\u00e1lj\u00e1k, hidrat\u00e1lj\u00e1k, friss\u00edtik a b\u0151rt massz\u00e1zs k\u00f6zben.  Kellemesen cs\u00fasz\u00f3 \u00e9rz\u00e9st biztos\u00edtanak \u00e9s ide\u00e1lisak minden massz\u00e1zstechnik\u00e1hoz.  Kozmetikai \u00e9s testmassz\u00e1zs szalonok sz\u00e1m\u00e1ra. Mesters\u00e9ges sz\u00ednez\u00e9ket, tart\u00f3s\u00edt\u00f3szert, parab\u00e9nt, k\u0151olaj sz\u00e1rmaz\u00e9kot nem tartalmaznak.   Intenz\u00edven t\u00e1pl\u00e1l\u00f3 \u00e9s hidrat\u00e1l\u00f3 hat\u00e1s\u00fa massz\u00e1zskr\u00e9m shea vajjal \u00e9s n\u00f6v\u00e9nyi olajokkal. A magas vitamintartam\u00fa shea vaj egy b\u0151rbar\u00e1t term\u00e9szetes anyag, felsz\u00edv\u00f3dik a b\u0151rbe \u00e9s ott hosszantart\u00f3, j\u00f3t\u00e9kony hat\u00e1st fejt ki. Serkenti a b\u0151r \u00f6ngy\u00f3gy\u00edt\u00f3 k\u00e9pess\u00e9g\u00e9t.  Az ol\u00edvaolaj term\u00e9szetes antioxid\u00e1ns- \u00e9s vitamintartalma mellett (A-, D-, E-vitamin, \u00df\u00e9ta-karotin) stimul\u00e1lja az izomsejteket. A rozmaring- \u00e9s citrusolajok v\u00e9rkering\u00e9st fokoz\u00f3 hat\u00e1sa seg\u00edt meg\u0151rizni a b\u0151r fiatals\u00e1g\u00e1t, \u00fcdes\u00e9g\u00e9t.  Jav\u00edtja a sejtek v\u00e9rell\u00e1t\u00e1s\u00e1t, az oxid\u00e1ci\u00f3s folyamatok \u00e9s a b\u0151r \u00f6reged\u00e9se lassul. A term\u00e9szetes aromaanyagoknak k\u00f6sz\u00f6nhet\u0151en nyugtatja \u00e9s friss\u00edti a testet \u00e9s a lelket, cs\u00f6kkenti a f\u00e1radts\u00e1g \u00e9s kimer\u00fclts\u00e9g t\u00fcneteit.  Relax\u00e1l\u00f3 massz\u00e1zs ut\u00e1n \u00fcd\u00e9nek, frissnek \u00e9rezz\u00fck magunkat, szinte \u00fajj\u00e1sz\u00fclet\u00fcnk.  Mesters\u00e9ges illat- \u00e9s sz\u00ednez\u0151anyagot, parab\u00e9nt, paraffinolajat nem tartalmaz.  Haszn\u00e1lata: a massz\u00edrozni k\u00edv\u00e1nt b\u0151rfel\u00fcletet a megfelel\u0151 mennyis\u00e9g\u0171 massz\u00e1zskr\u00e9mmel kenje be, majd sim\u00edt\u00f3 mozdulatokkal massz\u00edrozza be a kr\u00e9m teljes felsz\u00edv\u00f3d\u00e1s\u00e1ig.\" \/>\n<meta property=\"og:url\" content=\"http:\/\/rekongem.hu\/?product=spa-spirit-wellness-relaxalo-masszazskrem-1000ml\" \/>\n<meta property=\"og:site_name\" content=\"Emspoma webshop\" \/>\n<meta property=\"article:publisher\" content=\"https:\/\/www.facebook.com\/masszazsbirodalom\/\" \/>\n<meta property=\"article:modified_time\" content=\"2025-06-21T17:39:50+00:00\" \/>\n<meta property=\"og:image\" content=\"http:\/\/rekongem.hu\/wp-content\/uploads\/2019\/04\/Spa-spirit-wellness-relax\u00e1l\u00f3-massz\u00e1zskr\u00e9m-1000ml-1.jpg\" \/>\n\t<meta property=\"og:image:width\" content=\"400\" \/>\n\t<meta property=\"og:image:height\" content=\"400\" \/>\n<meta name=\"twitter:card\" content=\"summary\" \/>\n<meta name=\"twitter:site\" content=\"@masszazs_bir\" \/>\n<meta name=\"twitter:label1\" content=\"Becs\u00fclt olvas\u00e1si id\u0151\" \/>\n\t<meta name=\"twitter:data1\" content=\"2 perc\" \/>\n<script type=\"application\/ld+json\" class=\"yoast-schema-graph\">{\"@context\":\"https:\/\/schema.org\",\"@graph\":[{\"@type\":\"WebSite\",\"@id\":\"http:\/\/rekongem.hu\/#website\",\"url\":\"http:\/\/rekongem.hu\/\",\"name\":\"Emspoma webshop\",\"description\":\"\",\"potentialAction\":[{\"@type\":\"SearchAction\",\"target\":{\"@type\":\"EntryPoint\",\"urlTemplate\":\"http:\/\/rekongem.hu\/?s={search_term_string}\"},\"query-input\":\"required name=search_term_string\"}],\"inLanguage\":\"hu\"},{\"@type\":\"ImageObject\",\"@id\":\"http:\/\/rekongem.hu\/?product=spa-spirit-wellness-relaxalo-masszazskrem-1000ml#primaryimage\",\"inLanguage\":\"hu\",\"url\":\"http:\/\/rekongem.hu\/wp-content\/uploads\/2019\/04\/Spa-spirit-wellness-relax\\u00e1l\\u00f3-massz\\u00e1zskr\\u00e9m-1000ml-1.jpg\",\"contentUrl\":\"http:\/\/rekongem.hu\/wp-content\/uploads\/2019\/04\/Spa-spirit-wellness-relax\\u00e1l\\u00f3-massz\\u00e1zskr\\u00e9m-1000ml-1.jpg\",\"width\":400,\"height\":400,\"caption\":\"Spa spirit wellness relax\\u00e1l\\u00f3 massz\\u00e1zskr\\u00e9m 1000ml\"},{\"@type\":\"WebPage\",\"@id\":\"http:\/\/rekongem.hu\/?product=spa-spirit-wellness-relaxalo-masszazskrem-1000ml#webpage\",\"url\":\"http:\/\/rekongem.hu\/?product=spa-spirit-wellness-relaxalo-masszazskrem-1000ml\",\"name\":\"Lady STELLA Spa Spirit Wellness Relax\\u00e1l\\u00f3 Stresszold\\u00f3 Massz\\u00e1zskr\\u00e9m 1000 ml - Emspoma webshop\",\"isPartOf\":{\"@id\":\"http:\/\/rekongem.hu\/#website\"},\"primaryImageOfPage\":{\"@id\":\"http:\/\/rekongem.hu\/?product=spa-spirit-wellness-relaxalo-masszazskrem-1000ml#primaryimage\"},\"datePublished\":\"2019-04-06T13:27:07+00:00\",\"dateModified\":\"2025-06-21T17:39:50+00:00\",\"breadcrumb\":{\"@id\":\"http:\/\/rekongem.hu\/?product=spa-spirit-wellness-relaxalo-masszazskrem-1000ml#breadcrumb\"},\"inLanguage\":\"hu\",\"potentialAction\":[{\"@type\":\"ReadAction\",\"target\":[\"http:\/\/rekongem.hu\/?product=spa-spirit-wellness-relaxalo-masszazskrem-1000ml\"]}]},{\"@type\":\"BreadcrumbList\",\"@id\":\"http:\/\/rekongem.hu\/?product=spa-spirit-wellness-relaxalo-masszazskrem-1000ml#breadcrumb\",\"itemListElement\":[{\"@type\":\"ListItem\",\"position\":1,\"name\":\"Home\",\"item\":\"http:\/\/rekongem.hu\/\"},{\"@type\":\"ListItem\",\"position\":2,\"name\":\"\\u00dczlet\",\"item\":\"http:\/\/rekongem.hu\/?page_id=4\"},{\"@type\":\"ListItem\",\"position\":3,\"name\":\"Lady STELLA Spa Spirit Wellness Relax\\u00e1l\\u00f3 Stresszold\\u00f3 Massz\\u00e1zskr\\u00e9m 1000 ml\"}]}]}<\/script>\n<!-- \/ Yoast SEO plugin. -->","yoast_head_json":{"title":"Lady STELLA Spa Spirit Wellness Relax\u00e1l\u00f3 Stresszold\u00f3 Massz\u00e1zskr\u00e9m 1000 ml - Emspoma webshop","robots":{"index":"index","follow":"follow","max-snippet":"max-snippet:-1","max-image-preview":"max-image-preview:large","max-video-preview":"max-video-preview:-1"},"canonical":"http:\/\/rekongem.hu\/?product=spa-spirit-wellness-relaxalo-masszazskrem-1000ml","og_locale":"hu_HU","og_type":"article","og_title":"Lady STELLA Spa Spirit Wellness Relax\u00e1l\u00f3 Stresszold\u00f3 Massz\u00e1zskr\u00e9m 1000 ml - Emspoma webshop","og_description":"SPA SPIRIT Relax\u00e1l\u00f3 massz\u00e1zskr\u00e9m\u00a0 sheavaj \u2022 rozmaringolaj \u2022 citrusolajok \u2022 ol\u00edvaolaj A\u00a0SPA SPIRIT WELLNESS\u00a0csal\u00e1d minden tagja k\u00fcl\u00f6nleges hat\u00f3anyagokban gazdag. Hidrat\u00e1l\u00f3\u00a0term\u00e9szetes n\u00f6v\u00e9nyi olajokat, antiallerg\u00e9n, b\u0151rbar\u00e1t \u00f6sszetev\u0151ket tartalmaz, amelyekhez hat\u00e1sfokoz\u00e1s c\u00e9lj\u00e1b\u00f3l gazdag esszenci\u00e1k, aktiv\u00e1torok adagolhat\u00f3k b\u0151rt\u00edpus \u00e9s massz\u00e1zstechnika v\u00e1laszt\u00e1sa szerint. (Sejtregener\u00e1l\u00f3, relax\u00e1l\u00f3, stresszold\u00f3, nyugtat\u00f3, izomlaz\u00edt\u00f3, alakform\u00e1l\u00f3-cellulitkezel\u0151, zs\u00edr\u00e9get\u0151, b\u0151rfeszes\u00edt\u0151 testmassz\u00e1zs kezel\u00e9sekhez, aromater\u00e1pi\u00e1s gy\u00f3gymassz\u00e1zsokhoz.) \u00c9rt\u00e9kes, term\u00e9szetes n\u00f6v\u00e9nyi olajok \u00e9s massz\u00e1zskr\u00e9mek, melyek b\u0151rbar\u00e1t \u00f6sszetev\u0151kkel \u00e1polj\u00e1k, t\u00e1pl\u00e1lj\u00e1k, hidrat\u00e1lj\u00e1k, friss\u00edtik a b\u0151rt massz\u00e1zs k\u00f6zben.  Kellemesen cs\u00fasz\u00f3 \u00e9rz\u00e9st biztos\u00edtanak \u00e9s ide\u00e1lisak minden massz\u00e1zstechnik\u00e1hoz.  Kozmetikai \u00e9s testmassz\u00e1zs szalonok sz\u00e1m\u00e1ra. Mesters\u00e9ges sz\u00ednez\u00e9ket, tart\u00f3s\u00edt\u00f3szert, parab\u00e9nt, k\u0151olaj sz\u00e1rmaz\u00e9kot nem tartalmaznak.   Intenz\u00edven t\u00e1pl\u00e1l\u00f3 \u00e9s hidrat\u00e1l\u00f3 hat\u00e1s\u00fa massz\u00e1zskr\u00e9m shea vajjal \u00e9s n\u00f6v\u00e9nyi olajokkal. A magas vitamintartam\u00fa shea vaj egy b\u0151rbar\u00e1t term\u00e9szetes anyag, felsz\u00edv\u00f3dik a b\u0151rbe \u00e9s ott hosszantart\u00f3, j\u00f3t\u00e9kony hat\u00e1st fejt ki. Serkenti a b\u0151r \u00f6ngy\u00f3gy\u00edt\u00f3 k\u00e9pess\u00e9g\u00e9t.  Az ol\u00edvaolaj term\u00e9szetes antioxid\u00e1ns- \u00e9s vitamintartalma mellett (A-, D-, E-vitamin, \u00df\u00e9ta-karotin) stimul\u00e1lja az izomsejteket. A rozmaring- \u00e9s citrusolajok v\u00e9rkering\u00e9st fokoz\u00f3 hat\u00e1sa seg\u00edt meg\u0151rizni a b\u0151r fiatals\u00e1g\u00e1t, \u00fcdes\u00e9g\u00e9t.  Jav\u00edtja a sejtek v\u00e9rell\u00e1t\u00e1s\u00e1t, az oxid\u00e1ci\u00f3s folyamatok \u00e9s a b\u0151r \u00f6reged\u00e9se lassul. A term\u00e9szetes aromaanyagoknak k\u00f6sz\u00f6nhet\u0151en nyugtatja \u00e9s friss\u00edti a testet \u00e9s a lelket, cs\u00f6kkenti a f\u00e1radts\u00e1g \u00e9s kimer\u00fclts\u00e9g t\u00fcneteit.  Relax\u00e1l\u00f3 massz\u00e1zs ut\u00e1n \u00fcd\u00e9nek, frissnek \u00e9rezz\u00fck magunkat, szinte \u00fajj\u00e1sz\u00fclet\u00fcnk.  Mesters\u00e9ges illat- \u00e9s sz\u00ednez\u0151anyagot, parab\u00e9nt, paraffinolajat nem tartalmaz.  Haszn\u00e1lata: a massz\u00edrozni k\u00edv\u00e1nt b\u0151rfel\u00fcletet a megfelel\u0151 mennyis\u00e9g\u0171 massz\u00e1zskr\u00e9mmel kenje be, majd sim\u00edt\u00f3 mozdulatokkal massz\u00edrozza be a kr\u00e9m teljes felsz\u00edv\u00f3d\u00e1s\u00e1ig.","og_url":"http:\/\/rekongem.hu\/?product=spa-spirit-wellness-relaxalo-masszazskrem-1000ml","og_site_name":"Emspoma webshop","article_publisher":"https:\/\/www.facebook.com\/masszazsbirodalom\/","article_modified_time":"2025-06-21T17:39:50+00:00","og_image":[{"width":400,"height":400,"url":"http:\/\/rekongem.hu\/wp-content\/uploads\/2019\/04\/Spa-spirit-wellness-relax\u00e1l\u00f3-massz\u00e1zskr\u00e9m-1000ml-1.jpg","type":"image\/jpeg"}],"twitter_card":"summary","twitter_site":"@masszazs_bir","twitter_misc":{"Becs\u00fclt olvas\u00e1si id\u0151":"2 perc"},"schema":{"@context":"https:\/\/schema.org","@graph":[{"@type":"WebSite","@id":"http:\/\/rekongem.hu\/#website","url":"http:\/\/rekongem.hu\/","name":"Emspoma webshop","description":"","potentialAction":[{"@type":"SearchAction","target":{"@type":"EntryPoint","urlTemplate":"http:\/\/rekongem.hu\/?s={search_term_string}"},"query-input":"required name=search_term_string"}],"inLanguage":"hu"},{"@type":"ImageObject","@id":"http:\/\/rekongem.hu\/?product=spa-spirit-wellness-relaxalo-masszazskrem-1000ml#primaryimage","inLanguage":"hu","url":"http:\/\/rekongem.hu\/wp-content\/uploads\/2019\/04\/Spa-spirit-wellness-relax\u00e1l\u00f3-massz\u00e1zskr\u00e9m-1000ml-1.jpg","contentUrl":"http:\/\/rekongem.hu\/wp-content\/uploads\/2019\/04\/Spa-spirit-wellness-relax\u00e1l\u00f3-massz\u00e1zskr\u00e9m-1000ml-1.jpg","width":400,"height":400,"caption":"Spa spirit wellness relax\u00e1l\u00f3 massz\u00e1zskr\u00e9m 1000ml"},{"@type":"WebPage","@id":"http:\/\/rekongem.hu\/?product=spa-spirit-wellness-relaxalo-masszazskrem-1000ml#webpage","url":"http:\/\/rekongem.hu\/?product=spa-spirit-wellness-relaxalo-masszazskrem-1000ml","name":"Lady STELLA Spa Spirit Wellness Relax\u00e1l\u00f3 Stresszold\u00f3 Massz\u00e1zskr\u00e9m 1000 ml - Emspoma webshop","isPartOf":{"@id":"http:\/\/rekongem.hu\/#website"},"primaryImageOfPage":{"@id":"http:\/\/rekongem.hu\/?product=spa-spirit-wellness-relaxalo-masszazskrem-1000ml#primaryimage"},"datePublished":"2019-04-06T13:27:07+00:00","dateModified":"2025-06-21T17:39:50+00:00","breadcrumb":{"@id":"http:\/\/rekongem.hu\/?product=spa-spirit-wellness-relaxalo-masszazskrem-1000ml#breadcrumb"},"inLanguage":"hu","potentialAction":[{"@type":"ReadAction","target":["http:\/\/rekongem.hu\/?product=spa-spirit-wellness-relaxalo-masszazskrem-1000ml"]}]},{"@type":"BreadcrumbList","@id":"http:\/\/rekongem.hu\/?product=spa-spirit-wellness-relaxalo-masszazskrem-1000ml#breadcrumb","itemListElement":[{"@type":"ListItem","position":1,"name":"Home","item":"http:\/\/rekongem.hu\/"},{"@type":"ListItem","position":2,"name":"\u00dczlet","item":"http:\/\/rekongem.hu\/?page_id=4"},{"@type":"ListItem","position":3,"name":"Lady STELLA Spa Spirit Wellness Relax\u00e1l\u00f3 Stresszold\u00f3 Massz\u00e1zskr\u00e9m 1000 ml"}]}]}},"_links":{"self":[{"href":"http:\/\/rekongem.hu\/index.php?rest_route=\/wp\/v2\/product\/1835"}],"collection":[{"href":"http:\/\/rekongem.hu\/index.php?rest_route=\/wp\/v2\/product"}],"about":[{"href":"http:\/\/rekongem.hu\/index.php?rest_route=\/wp\/v2\/types\/product"}],"wp:featuredmedia":[{"embeddable":true,"href":"http:\/\/rekongem.hu\/index.php?rest_route=\/wp\/v2\/media\/2488"}],"wp:attachment":[{"href":"http:\/\/rekongem.hu\/index.php?rest_route=%2Fwp%2Fv2%2Fmedia&parent=1835"}],"wp:term":[{"taxonomy":"product_cat","embeddable":true,"href":"http:\/\/rekongem.hu\/index.php?rest_route=%2Fwp%2Fv2%2Fproduct_cat&post=1835"},{"taxonomy":"product_tag","embeddable":true,"href":"http:\/\/rekongem.hu\/index.php?rest_route=%2Fwp%2Fv2%2Fproduct_tag&post=1835"}],"curies":[{"name":"wp","href":"https:\/\/api.w.org\/{rel}","templated":true}]}}