{"id":1830,"date":"2019-04-06T13:02:35","date_gmt":"2019-04-06T13:02:35","guid":{"rendered":"http:\/\/rekongem.hu\/?post_type=product&#038;p=1830"},"modified":"2025-06-21T17:39:31","modified_gmt":"2025-06-21T17:39:31","slug":"spa-spirit-wellness-izomlazito-masszazsolaj-1000ml","status":"publish","type":"product","link":"http:\/\/rekongem.hu\/?product=spa-spirit-wellness-izomlazito-masszazsolaj-1000ml","title":{"rendered":"Lady STELLA Spa Spirit Wellness Izomlaz\u00edt\u00f3 Massz\u00e1zsolaj 1000 ml"},"content":{"rendered":"<h3>SPA SPIRIT WELLNESS IZOMLAZ\u00cdT\u00d3 MASSZ\u00c1ZSOLAJ &#8211; izomlaz\u00edt\u00f3 massz\u00e1zsolaj term\u00e9szetes eredet\u0171 n\u00f6v\u00e9nyi olajokkal \u00a0&#8211;\u00a0rozmaringolaj, mentol, k\u00e1mfor<\/h3>\n<p>A\u00a0<strong>SPA SPIRIT WELLNESS<\/strong>\u00a0csal\u00e1d minden tagja k\u00fcl\u00f6nleges hat\u00f3anyagokban gazdag. Hidrat\u00e1l\u00f3\u00a0term\u00e9szetes n\u00f6v\u00e9nyi olajokat, antiallerg\u00e9n, b\u0151rbar\u00e1t \u00f6sszetev\u0151ket tartalmaz, amelyekhez hat\u00e1sfokoz\u00e1s c\u00e9lj\u00e1b\u00f3l gazdag esszenci\u00e1k, aktiv\u00e1torok adagolhat\u00f3k b\u0151rt\u00edpus \u00e9s massz\u00e1zstechnika v\u00e1laszt\u00e1sa szerint. (Sejtregener\u00e1l\u00f3, relax\u00e1l\u00f3, stresszold\u00f3, nyugtat\u00f3, izomlaz\u00edt\u00f3, alakform\u00e1l\u00f3-cellulitkezel\u0151, zs\u00edr\u00e9get\u0151, b\u0151rfeszes\u00edt\u0151 testmassz\u00e1zs kezel\u00e9sekhez, aromater\u00e1pi\u00e1s gy\u00f3gymassz\u00e1zsokhoz.)<br \/>\n\u00c9rt\u00e9kes, term\u00e9szetes n\u00f6v\u00e9nyi olajok \u00e9s massz\u00e1zskr\u00e9mek, melyek b\u0151rbar\u00e1t \u00f6sszetev\u0151kkel \u00e1polj\u00e1k, t\u00e1pl\u00e1lj\u00e1k, hidrat\u00e1lj\u00e1k, friss\u00edtik a b\u0151rt massz\u00e1zs k\u00f6zben.<\/p>\n<p>A term\u00e9szetes n\u00f6v\u00e9nyi eredet\u0171 rozmaringolaj\u00a0 serkenti a\u00a0 b\u0151r \u00e9s a b\u0151r alatti sz\u00f6vetek v\u00e9rkering\u00e9s\u00e9t, emeli a b\u0151r h\u0151m\u00e9rs\u00e9klet\u00e9t, j\u00f3 hat\u00e1ssal van az em\u00e9szt\u0151szervekre \u00e9s az idegrendszerre. A mentol \u00e9s a k\u00e1mfor helyi v\u00e9rb\u0151s\u00e9get okoz \u00e9s a kellemes melegs\u00e9g seg\u00edti az izmok ellazul\u00e1s\u00e1t. Enyh\u00edti az izomf\u00e1jdalmakat, a\u00a0 reuma t\u00fcneteit. Kiv\u00e1l\u00f3 sportol\u00f3k sz\u00e1m\u00e1ra is, valamint sports\u00e9r\u00fcl\u00e9sek ut\u00e1ni regener\u00e1ci\u00f3ra. \u00c1polja, t\u00e1pl\u00e1lja, hidrat\u00e1lja \u00e9s felfriss\u00edti a b\u0151rt a massz\u00e1zs sor\u00e1n, ide\u00e1lis, j\u00f3l cs\u00fasz\u00f3 massz\u00e1zsolaj minden massz\u00e1zstechnik\u00e1hoz.<\/p>\n<p><strong>Sz\u00ednez\u00e9ket, hozz\u00e1adott illatanyagot, tart\u00f3s\u00edt\u00f3-szert nem tartalmaz, parab\u00e9n- \u00e9s k\u0151olajsz\u00e1rmaz\u00e9k mentes.\u00a0<\/strong><\/p>\n<p>Haszn\u00e1lati javaslat: Az olaj akkor fejti ki legink\u00e1bb j\u00f3t\u00e9kony hat\u00e1s\u00e1t, ha haszn\u00e1lat el\u0151tt kiss\u00e9 felmeleg\u00edtj\u00fck. Az enyh\u00e9n meleg\u00edtett olajjal massz\u00edrozzuk \u00e1t az \u00e9rintett testr\u00e9szt<strong>.<\/strong><\/p>\n<p><strong>Figyelmeztet\u00e9s:<\/strong>\u00a0haszn\u00e1lat el\u0151tt v\u00e9gezzen b\u0151rpr\u00f3b\u00e1t! Professzion\u00e1lis haszn\u00e1latra.<\/p>\n<p><strong>Kiszerel\u00e9s:<\/strong>\u00a01000 ml<\/p>\n","protected":false},"excerpt":{"rendered":"<h3>SPA SPIRIT WELLNESS IZOMLAZ\u00cdT\u00d3 MASSZ\u00c1ZSOLAJ &#8211; izomlaz\u00edt\u00f3 massz\u00e1zsolaj term\u00e9szetes eredet\u0171 n\u00f6v\u00e9nyi olajokkal \u00a0&#8211;\u00a0rozmaringolaj, mentol, k\u00e1mfor<\/h3>\n<p>A\u00a0<strong>SPA SPIRIT WELLNESS<\/strong>\u00a0csal\u00e1d minden tagja k\u00fcl\u00f6nleges hat\u00f3anyagokban gazdag. Hidrat\u00e1l\u00f3\u00a0term\u00e9szetes n\u00f6v\u00e9nyi olajokat, antiallerg\u00e9n, b\u0151rbar\u00e1t \u00f6sszetev\u0151ket tartalmaz, amelyekhez hat\u00e1sfokoz\u00e1s c\u00e9lj\u00e1b\u00f3l gazdag esszenci\u00e1k, aktiv\u00e1torok adagolhat\u00f3k b\u0151rt\u00edpus \u00e9s massz\u00e1zstechnika v\u00e1laszt\u00e1sa szerint. (Sejtregener\u00e1l\u00f3, relax\u00e1l\u00f3, stresszold\u00f3, nyugtat\u00f3, izomlaz\u00edt\u00f3, alakform\u00e1l\u00f3-cellulitkezel\u0151, zs\u00edr\u00e9get\u0151, b\u0151rfeszes\u00edt\u0151 testmassz\u00e1zs kezel\u00e9sekhez, aromater\u00e1pi\u00e1s gy\u00f3gymassz\u00e1zsokhoz.)<br \/>\n\u00c9rt\u00e9kes, term\u00e9szetes n\u00f6v\u00e9nyi olajok \u00e9s massz\u00e1zskr\u00e9mek, melyek b\u0151rbar\u00e1t \u00f6sszetev\u0151kkel \u00e1polj\u00e1k, t\u00e1pl\u00e1lj\u00e1k, hidrat\u00e1lj\u00e1k, friss\u00edtik a b\u0151rt massz\u00e1zs k\u00f6zben.<\/p>\n<p>A term\u00e9szetes n\u00f6v\u00e9nyi eredet\u0171 rozmaringolaj\u00a0 serkenti a\u00a0 b\u0151r \u00e9s a b\u0151r alatti sz\u00f6vetek v\u00e9rkering\u00e9s\u00e9t, emeli a b\u0151r h\u0151m\u00e9rs\u00e9klet\u00e9t, j\u00f3 hat\u00e1ssal van az em\u00e9szt\u0151szervekre \u00e9s az idegrendszerre. A mentol \u00e9s a k\u00e1mfor helyi v\u00e9rb\u0151s\u00e9get okoz \u00e9s a kellemes melegs\u00e9g seg\u00edti az izmok ellazul\u00e1s\u00e1t. Enyh\u00edti az izomf\u00e1jdalmakat, a\u00a0 reuma t\u00fcneteit. Kiv\u00e1l\u00f3 sportol\u00f3k sz\u00e1m\u00e1ra is, valamint sports\u00e9r\u00fcl\u00e9sek ut\u00e1ni regener\u00e1ci\u00f3ra. \u00c1polja, t\u00e1pl\u00e1lja, hidrat\u00e1lja \u00e9s felfriss\u00edti a b\u0151rt a massz\u00e1zs sor\u00e1n, ide\u00e1lis, j\u00f3l cs\u00fasz\u00f3 massz\u00e1zsolaj minden massz\u00e1zstechnik\u00e1hoz.<\/p>\n<p><strong>Sz\u00ednez\u00e9ket, hozz\u00e1adott illatanyagot, tart\u00f3s\u00edt\u00f3-szert nem tartalmaz, parab\u00e9n- \u00e9s k\u0151olajsz\u00e1rmaz\u00e9k mentes.\u00a0<\/strong><\/p>\n<p>Haszn\u00e1lati javaslat: Az olaj akkor fejti ki legink\u00e1bb j\u00f3t\u00e9kony hat\u00e1s\u00e1t, ha haszn\u00e1lat el\u0151tt kiss\u00e9 felmeleg\u00edtj\u00fck. Az enyh\u00e9n meleg\u00edtett olajjal massz\u00edrozzuk \u00e1t az \u00e9rintett testr\u00e9szt<strong>.<\/strong><\/p>\n<p><strong>Figyelmeztet\u00e9s:<\/strong>\u00a0haszn\u00e1lat el\u0151tt v\u00e9gezzen b\u0151rpr\u00f3b\u00e1t! Professzion\u00e1lis haszn\u00e1latra.<\/p>\n<p><strong>Kiszerel\u00e9s:<\/strong>\u00a01000 ml<\/p>\n","protected":false},"featured_media":2489,"template":"","meta":[],"product_cat":[6,61,92],"product_tag":[127,18,323,60,19,128],"yoast_head":"<!-- This site is optimized with the Yoast SEO plugin v17.4 - https:\/\/yoast.com\/wordpress\/plugins\/seo\/ -->\n<title>Lady STELLA Spa Spirit Wellness Izomlaz\u00edt\u00f3 Massz\u00e1zsolaj 1000 ml - Emspoma webshop<\/title>\n<meta name=\"robots\" content=\"index, follow, max-snippet:-1, max-image-preview:large, max-video-preview:-1\" \/>\n<link rel=\"canonical\" href=\"http:\/\/rekongem.hu\/?product=spa-spirit-wellness-izomlazito-masszazsolaj-1000ml\" \/>\n<meta property=\"og:locale\" content=\"hu_HU\" \/>\n<meta property=\"og:type\" content=\"article\" \/>\n<meta property=\"og:title\" content=\"Lady STELLA Spa Spirit Wellness Izomlaz\u00edt\u00f3 Massz\u00e1zsolaj 1000 ml - Emspoma webshop\" \/>\n<meta property=\"og:description\" content=\"SPA SPIRIT WELLNESS IZOMLAZ\u00cdT\u00d3 MASSZ\u00c1ZSOLAJ - izomlaz\u00edt\u00f3 massz\u00e1zsolaj term\u00e9szetes eredet\u0171 n\u00f6v\u00e9nyi olajokkal \u00a0-\u00a0rozmaringolaj, mentol, k\u00e1mfor A\u00a0SPA SPIRIT WELLNESS\u00a0csal\u00e1d minden tagja k\u00fcl\u00f6nleges hat\u00f3anyagokban gazdag. Hidrat\u00e1l\u00f3\u00a0term\u00e9szetes n\u00f6v\u00e9nyi olajokat, antiallerg\u00e9n, b\u0151rbar\u00e1t \u00f6sszetev\u0151ket tartalmaz, amelyekhez hat\u00e1sfokoz\u00e1s c\u00e9lj\u00e1b\u00f3l gazdag esszenci\u00e1k, aktiv\u00e1torok adagolhat\u00f3k b\u0151rt\u00edpus \u00e9s massz\u00e1zstechnika v\u00e1laszt\u00e1sa szerint. (Sejtregener\u00e1l\u00f3, relax\u00e1l\u00f3, stresszold\u00f3, nyugtat\u00f3, izomlaz\u00edt\u00f3, alakform\u00e1l\u00f3-cellulitkezel\u0151, zs\u00edr\u00e9get\u0151, b\u0151rfeszes\u00edt\u0151 testmassz\u00e1zs kezel\u00e9sekhez, aromater\u00e1pi\u00e1s gy\u00f3gymassz\u00e1zsokhoz.) \u00c9rt\u00e9kes, term\u00e9szetes n\u00f6v\u00e9nyi olajok \u00e9s massz\u00e1zskr\u00e9mek, melyek b\u0151rbar\u00e1t \u00f6sszetev\u0151kkel \u00e1polj\u00e1k, t\u00e1pl\u00e1lj\u00e1k, hidrat\u00e1lj\u00e1k, friss\u00edtik a b\u0151rt massz\u00e1zs k\u00f6zben.  A term\u00e9szetes n\u00f6v\u00e9nyi eredet\u0171 rozmaringolaj\u00a0 serkenti a\u00a0 b\u0151r \u00e9s a b\u0151r alatti sz\u00f6vetek v\u00e9rkering\u00e9s\u00e9t, emeli a b\u0151r h\u0151m\u00e9rs\u00e9klet\u00e9t, j\u00f3 hat\u00e1ssal van az em\u00e9szt\u0151szervekre \u00e9s az idegrendszerre. A mentol \u00e9s a k\u00e1mfor helyi v\u00e9rb\u0151s\u00e9get okoz \u00e9s a kellemes melegs\u00e9g seg\u00edti az izmok ellazul\u00e1s\u00e1t. Enyh\u00edti az izomf\u00e1jdalmakat, a\u00a0 reuma t\u00fcneteit. Kiv\u00e1l\u00f3 sportol\u00f3k sz\u00e1m\u00e1ra is, valamint sports\u00e9r\u00fcl\u00e9sek ut\u00e1ni regener\u00e1ci\u00f3ra. \u00c1polja, t\u00e1pl\u00e1lja, hidrat\u00e1lja \u00e9s felfriss\u00edti a b\u0151rt a massz\u00e1zs sor\u00e1n, ide\u00e1lis, j\u00f3l cs\u00fasz\u00f3 massz\u00e1zsolaj minden massz\u00e1zstechnik\u00e1hoz.  Sz\u00ednez\u00e9ket, hozz\u00e1adott illatanyagot, tart\u00f3s\u00edt\u00f3-szert nem tartalmaz, parab\u00e9n- \u00e9s k\u0151olajsz\u00e1rmaz\u00e9k mentes.\u00a0  Haszn\u00e1lati javaslat: Az olaj akkor fejti ki legink\u00e1bb j\u00f3t\u00e9kony hat\u00e1s\u00e1t, ha haszn\u00e1lat el\u0151tt kiss\u00e9 felmeleg\u00edtj\u00fck. Az enyh\u00e9n meleg\u00edtett olajjal massz\u00edrozzuk \u00e1t az \u00e9rintett testr\u00e9szt.  Figyelmeztet\u00e9s:\u00a0haszn\u00e1lat el\u0151tt v\u00e9gezzen b\u0151rpr\u00f3b\u00e1t! Professzion\u00e1lis haszn\u00e1latra.  Kiszerel\u00e9s:\u00a01000 ml\" \/>\n<meta property=\"og:url\" content=\"http:\/\/rekongem.hu\/?product=spa-spirit-wellness-izomlazito-masszazsolaj-1000ml\" \/>\n<meta property=\"og:site_name\" content=\"Emspoma webshop\" \/>\n<meta property=\"article:publisher\" content=\"https:\/\/www.facebook.com\/masszazsbirodalom\/\" \/>\n<meta property=\"article:modified_time\" content=\"2025-06-21T17:39:31+00:00\" \/>\n<meta property=\"og:image\" content=\"https:\/\/rekongem.hu\/wp-content\/uploads\/2019\/04\/Spa-spirit-wellness-izomlaz\u00edt\u00f3-massz\u00e1zsolaj-1000ml.jpg\" \/>\n\t<meta property=\"og:image:width\" content=\"400\" \/>\n\t<meta property=\"og:image:height\" content=\"400\" \/>\n<meta name=\"twitter:card\" content=\"summary\" \/>\n<meta name=\"twitter:site\" content=\"@masszazs_bir\" \/>\n<meta name=\"twitter:label1\" content=\"Becs\u00fclt olvas\u00e1si id\u0151\" \/>\n\t<meta name=\"twitter:data1\" content=\"2 perc\" \/>\n<script type=\"application\/ld+json\" class=\"yoast-schema-graph\">{\"@context\":\"https:\/\/schema.org\",\"@graph\":[{\"@type\":\"WebSite\",\"@id\":\"http:\/\/rekongem.hu\/#website\",\"url\":\"http:\/\/rekongem.hu\/\",\"name\":\"Emspoma webshop\",\"description\":\"\",\"potentialAction\":[{\"@type\":\"SearchAction\",\"target\":{\"@type\":\"EntryPoint\",\"urlTemplate\":\"http:\/\/rekongem.hu\/?s={search_term_string}\"},\"query-input\":\"required name=search_term_string\"}],\"inLanguage\":\"hu\"},{\"@type\":\"ImageObject\",\"@id\":\"http:\/\/rekongem.hu\/?product=spa-spirit-wellness-izomlazito-masszazsolaj-1000ml#primaryimage\",\"inLanguage\":\"hu\",\"url\":\"http:\/\/rekongem.hu\/wp-content\/uploads\/2019\/04\/Spa-spirit-wellness-izomlaz\\u00edt\\u00f3-massz\\u00e1zsolaj-1000ml.jpg\",\"contentUrl\":\"http:\/\/rekongem.hu\/wp-content\/uploads\/2019\/04\/Spa-spirit-wellness-izomlaz\\u00edt\\u00f3-massz\\u00e1zsolaj-1000ml.jpg\",\"width\":400,\"height\":400,\"caption\":\"Spa spirit wellness izomlaz\\u00edt\\u00f3 massz\\u00e1zsolaj 1000ml\"},{\"@type\":\"WebPage\",\"@id\":\"http:\/\/rekongem.hu\/?product=spa-spirit-wellness-izomlazito-masszazsolaj-1000ml#webpage\",\"url\":\"http:\/\/rekongem.hu\/?product=spa-spirit-wellness-izomlazito-masszazsolaj-1000ml\",\"name\":\"Lady STELLA Spa Spirit Wellness Izomlaz\\u00edt\\u00f3 Massz\\u00e1zsolaj 1000 ml - Emspoma webshop\",\"isPartOf\":{\"@id\":\"http:\/\/rekongem.hu\/#website\"},\"primaryImageOfPage\":{\"@id\":\"http:\/\/rekongem.hu\/?product=spa-spirit-wellness-izomlazito-masszazsolaj-1000ml#primaryimage\"},\"datePublished\":\"2019-04-06T13:02:35+00:00\",\"dateModified\":\"2025-06-21T17:39:31+00:00\",\"breadcrumb\":{\"@id\":\"http:\/\/rekongem.hu\/?product=spa-spirit-wellness-izomlazito-masszazsolaj-1000ml#breadcrumb\"},\"inLanguage\":\"hu\",\"potentialAction\":[{\"@type\":\"ReadAction\",\"target\":[\"http:\/\/rekongem.hu\/?product=spa-spirit-wellness-izomlazito-masszazsolaj-1000ml\"]}]},{\"@type\":\"BreadcrumbList\",\"@id\":\"http:\/\/rekongem.hu\/?product=spa-spirit-wellness-izomlazito-masszazsolaj-1000ml#breadcrumb\",\"itemListElement\":[{\"@type\":\"ListItem\",\"position\":1,\"name\":\"Home\",\"item\":\"http:\/\/rekongem.hu\/\"},{\"@type\":\"ListItem\",\"position\":2,\"name\":\"\\u00dczlet\",\"item\":\"http:\/\/rekongem.hu\/?page_id=4\"},{\"@type\":\"ListItem\",\"position\":3,\"name\":\"Lady STELLA Spa Spirit Wellness Izomlaz\\u00edt\\u00f3 Massz\\u00e1zsolaj 1000 ml\"}]}]}<\/script>\n<!-- \/ Yoast SEO plugin. -->","yoast_head_json":{"title":"Lady STELLA Spa Spirit Wellness Izomlaz\u00edt\u00f3 Massz\u00e1zsolaj 1000 ml - Emspoma webshop","robots":{"index":"index","follow":"follow","max-snippet":"max-snippet:-1","max-image-preview":"max-image-preview:large","max-video-preview":"max-video-preview:-1"},"canonical":"http:\/\/rekongem.hu\/?product=spa-spirit-wellness-izomlazito-masszazsolaj-1000ml","og_locale":"hu_HU","og_type":"article","og_title":"Lady STELLA Spa Spirit Wellness Izomlaz\u00edt\u00f3 Massz\u00e1zsolaj 1000 ml - Emspoma webshop","og_description":"SPA SPIRIT WELLNESS IZOMLAZ\u00cdT\u00d3 MASSZ\u00c1ZSOLAJ - izomlaz\u00edt\u00f3 massz\u00e1zsolaj term\u00e9szetes eredet\u0171 n\u00f6v\u00e9nyi olajokkal \u00a0-\u00a0rozmaringolaj, mentol, k\u00e1mfor A\u00a0SPA SPIRIT WELLNESS\u00a0csal\u00e1d minden tagja k\u00fcl\u00f6nleges hat\u00f3anyagokban gazdag. Hidrat\u00e1l\u00f3\u00a0term\u00e9szetes n\u00f6v\u00e9nyi olajokat, antiallerg\u00e9n, b\u0151rbar\u00e1t \u00f6sszetev\u0151ket tartalmaz, amelyekhez hat\u00e1sfokoz\u00e1s c\u00e9lj\u00e1b\u00f3l gazdag esszenci\u00e1k, aktiv\u00e1torok adagolhat\u00f3k b\u0151rt\u00edpus \u00e9s massz\u00e1zstechnika v\u00e1laszt\u00e1sa szerint. (Sejtregener\u00e1l\u00f3, relax\u00e1l\u00f3, stresszold\u00f3, nyugtat\u00f3, izomlaz\u00edt\u00f3, alakform\u00e1l\u00f3-cellulitkezel\u0151, zs\u00edr\u00e9get\u0151, b\u0151rfeszes\u00edt\u0151 testmassz\u00e1zs kezel\u00e9sekhez, aromater\u00e1pi\u00e1s gy\u00f3gymassz\u00e1zsokhoz.) \u00c9rt\u00e9kes, term\u00e9szetes n\u00f6v\u00e9nyi olajok \u00e9s massz\u00e1zskr\u00e9mek, melyek b\u0151rbar\u00e1t \u00f6sszetev\u0151kkel \u00e1polj\u00e1k, t\u00e1pl\u00e1lj\u00e1k, hidrat\u00e1lj\u00e1k, friss\u00edtik a b\u0151rt massz\u00e1zs k\u00f6zben.  A term\u00e9szetes n\u00f6v\u00e9nyi eredet\u0171 rozmaringolaj\u00a0 serkenti a\u00a0 b\u0151r \u00e9s a b\u0151r alatti sz\u00f6vetek v\u00e9rkering\u00e9s\u00e9t, emeli a b\u0151r h\u0151m\u00e9rs\u00e9klet\u00e9t, j\u00f3 hat\u00e1ssal van az em\u00e9szt\u0151szervekre \u00e9s az idegrendszerre. A mentol \u00e9s a k\u00e1mfor helyi v\u00e9rb\u0151s\u00e9get okoz \u00e9s a kellemes melegs\u00e9g seg\u00edti az izmok ellazul\u00e1s\u00e1t. Enyh\u00edti az izomf\u00e1jdalmakat, a\u00a0 reuma t\u00fcneteit. Kiv\u00e1l\u00f3 sportol\u00f3k sz\u00e1m\u00e1ra is, valamint sports\u00e9r\u00fcl\u00e9sek ut\u00e1ni regener\u00e1ci\u00f3ra. \u00c1polja, t\u00e1pl\u00e1lja, hidrat\u00e1lja \u00e9s felfriss\u00edti a b\u0151rt a massz\u00e1zs sor\u00e1n, ide\u00e1lis, j\u00f3l cs\u00fasz\u00f3 massz\u00e1zsolaj minden massz\u00e1zstechnik\u00e1hoz.  Sz\u00ednez\u00e9ket, hozz\u00e1adott illatanyagot, tart\u00f3s\u00edt\u00f3-szert nem tartalmaz, parab\u00e9n- \u00e9s k\u0151olajsz\u00e1rmaz\u00e9k mentes.\u00a0  Haszn\u00e1lati javaslat: Az olaj akkor fejti ki legink\u00e1bb j\u00f3t\u00e9kony hat\u00e1s\u00e1t, ha haszn\u00e1lat el\u0151tt kiss\u00e9 felmeleg\u00edtj\u00fck. Az enyh\u00e9n meleg\u00edtett olajjal massz\u00edrozzuk \u00e1t az \u00e9rintett testr\u00e9szt.  Figyelmeztet\u00e9s:\u00a0haszn\u00e1lat el\u0151tt v\u00e9gezzen b\u0151rpr\u00f3b\u00e1t! Professzion\u00e1lis haszn\u00e1latra.  Kiszerel\u00e9s:\u00a01000 ml","og_url":"http:\/\/rekongem.hu\/?product=spa-spirit-wellness-izomlazito-masszazsolaj-1000ml","og_site_name":"Emspoma webshop","article_publisher":"https:\/\/www.facebook.com\/masszazsbirodalom\/","article_modified_time":"2025-06-21T17:39:31+00:00","og_image":[{"width":400,"height":400,"url":"https:\/\/rekongem.hu\/wp-content\/uploads\/2019\/04\/Spa-spirit-wellness-izomlaz\u00edt\u00f3-massz\u00e1zsolaj-1000ml.jpg","type":"image\/jpeg"}],"twitter_card":"summary","twitter_site":"@masszazs_bir","twitter_misc":{"Becs\u00fclt olvas\u00e1si id\u0151":"2 perc"},"schema":{"@context":"https:\/\/schema.org","@graph":[{"@type":"WebSite","@id":"http:\/\/rekongem.hu\/#website","url":"http:\/\/rekongem.hu\/","name":"Emspoma webshop","description":"","potentialAction":[{"@type":"SearchAction","target":{"@type":"EntryPoint","urlTemplate":"http:\/\/rekongem.hu\/?s={search_term_string}"},"query-input":"required name=search_term_string"}],"inLanguage":"hu"},{"@type":"ImageObject","@id":"http:\/\/rekongem.hu\/?product=spa-spirit-wellness-izomlazito-masszazsolaj-1000ml#primaryimage","inLanguage":"hu","url":"http:\/\/rekongem.hu\/wp-content\/uploads\/2019\/04\/Spa-spirit-wellness-izomlaz\u00edt\u00f3-massz\u00e1zsolaj-1000ml.jpg","contentUrl":"http:\/\/rekongem.hu\/wp-content\/uploads\/2019\/04\/Spa-spirit-wellness-izomlaz\u00edt\u00f3-massz\u00e1zsolaj-1000ml.jpg","width":400,"height":400,"caption":"Spa spirit wellness izomlaz\u00edt\u00f3 massz\u00e1zsolaj 1000ml"},{"@type":"WebPage","@id":"http:\/\/rekongem.hu\/?product=spa-spirit-wellness-izomlazito-masszazsolaj-1000ml#webpage","url":"http:\/\/rekongem.hu\/?product=spa-spirit-wellness-izomlazito-masszazsolaj-1000ml","name":"Lady STELLA Spa Spirit Wellness Izomlaz\u00edt\u00f3 Massz\u00e1zsolaj 1000 ml - Emspoma webshop","isPartOf":{"@id":"http:\/\/rekongem.hu\/#website"},"primaryImageOfPage":{"@id":"http:\/\/rekongem.hu\/?product=spa-spirit-wellness-izomlazito-masszazsolaj-1000ml#primaryimage"},"datePublished":"2019-04-06T13:02:35+00:00","dateModified":"2025-06-21T17:39:31+00:00","breadcrumb":{"@id":"http:\/\/rekongem.hu\/?product=spa-spirit-wellness-izomlazito-masszazsolaj-1000ml#breadcrumb"},"inLanguage":"hu","potentialAction":[{"@type":"ReadAction","target":["http:\/\/rekongem.hu\/?product=spa-spirit-wellness-izomlazito-masszazsolaj-1000ml"]}]},{"@type":"BreadcrumbList","@id":"http:\/\/rekongem.hu\/?product=spa-spirit-wellness-izomlazito-masszazsolaj-1000ml#breadcrumb","itemListElement":[{"@type":"ListItem","position":1,"name":"Home","item":"http:\/\/rekongem.hu\/"},{"@type":"ListItem","position":2,"name":"\u00dczlet","item":"http:\/\/rekongem.hu\/?page_id=4"},{"@type":"ListItem","position":3,"name":"Lady STELLA Spa Spirit Wellness Izomlaz\u00edt\u00f3 Massz\u00e1zsolaj 1000 ml"}]}]}},"_links":{"self":[{"href":"http:\/\/rekongem.hu\/index.php?rest_route=\/wp\/v2\/product\/1830"}],"collection":[{"href":"http:\/\/rekongem.hu\/index.php?rest_route=\/wp\/v2\/product"}],"about":[{"href":"http:\/\/rekongem.hu\/index.php?rest_route=\/wp\/v2\/types\/product"}],"wp:featuredmedia":[{"embeddable":true,"href":"http:\/\/rekongem.hu\/index.php?rest_route=\/wp\/v2\/media\/2489"}],"wp:attachment":[{"href":"http:\/\/rekongem.hu\/index.php?rest_route=%2Fwp%2Fv2%2Fmedia&parent=1830"}],"wp:term":[{"taxonomy":"product_cat","embeddable":true,"href":"http:\/\/rekongem.hu\/index.php?rest_route=%2Fwp%2Fv2%2Fproduct_cat&post=1830"},{"taxonomy":"product_tag","embeddable":true,"href":"http:\/\/rekongem.hu\/index.php?rest_route=%2Fwp%2Fv2%2Fproduct_tag&post=1830"}],"curies":[{"name":"wp","href":"https:\/\/api.w.org\/{rel}","templated":true}]}}