{"id":1824,"date":"2019-04-06T12:29:07","date_gmt":"2019-04-06T12:29:07","guid":{"rendered":"http:\/\/rekongem.hu\/?post_type=product&#038;p=1824"},"modified":"2025-06-21T17:39:01","modified_gmt":"2025-06-21T17:39:01","slug":"spa-spirit-wellness-borfeszesito-masszazsolaj-1000ml","status":"publish","type":"product","link":"http:\/\/rekongem.hu\/?product=spa-spirit-wellness-borfeszesito-masszazsolaj-1000ml","title":{"rendered":"Lady STELLA Spa Spirit Wellness B\u0151rfeszes\u00edt\u0151 Massz\u00e1zsolaj 1000 ml"},"content":{"rendered":"<p>term\u00e9szetes eredet\u0171 n\u00f6v\u00e9nyi olajokkal \u00a0arg\u00e1n-, makad\u00e1mia-, sz\u0151l\u0151magolaj<\/p>\n<p>A\u00a0<strong>SPA SPIRIT WELLNESS<\/strong>\u00a0csal\u00e1d minden tagja k\u00fcl\u00f6nleges hat\u00f3anyagokban gazdag. Hidrat\u00e1l\u00f3\u00a0term\u00e9szetes n\u00f6v\u00e9nyi olajokat, antiallerg\u00e9n, b\u0151rbar\u00e1t \u00f6sszetev\u0151ket tartalmaz, amelyekhez hat\u00e1sfokoz\u00e1s c\u00e9lj\u00e1b\u00f3l gazdag esszenci\u00e1k, aktiv\u00e1torok adagolhat\u00f3k b\u0151rt\u00edpus \u00e9s massz\u00e1zstechnika v\u00e1laszt\u00e1sa szerint. (Sejtregener\u00e1l\u00f3, relax\u00e1l\u00f3, stresszold\u00f3, nyugtat\u00f3, izomlaz\u00edt\u00f3, alakform\u00e1l\u00f3-cellulitkezel\u0151, zs\u00edr\u00e9get\u0151, b\u0151rfeszes\u00edt\u0151 testmassz\u00e1zs kezel\u00e9sekhez, aromater\u00e1pi\u00e1s gy\u00f3gymassz\u00e1zsokhoz.)<br \/>\n\u00c9rt\u00e9kes, term\u00e9szetes n\u00f6v\u00e9nyi olajok \u00e9s massz\u00e1zskr\u00e9mek, melyek b\u0151rbar\u00e1t \u00f6sszetev\u0151kkel \u00e1polj\u00e1k, t\u00e1pl\u00e1lj\u00e1k, hidrat\u00e1lj\u00e1k, friss\u00edtik a b\u0151rt massz\u00e1zs k\u00f6zben.<\/p>\n<p>\u00c9rt\u00e9kes, term\u00e9szetes n\u00f6v\u00e9nyi eredet\u0171 olajok \u00e9s b\u0151rbar\u00e1t \u00f6sszetev\u0151k alkotj\u00e1k, amelyek \u00e1polj\u00e1k, t\u00e1pl\u00e1lj\u00e1k \u00e9s hidrat\u00e1lj\u00e1k a b\u0151rt a massz\u00e1zs sor\u00e1n. A sz\u0151l\u0151magolaj \u00e9s makad\u00e1miaolaj magas E-vitamin tartalma \u00e9s antioxid\u00e1ns hat\u00e1s\u00fa \u00f6sszetev\u0151i lass\u00edtj\u00e1k a b\u0151r \u00f6reged\u00e9s\u00e9t, seg\u00edtik a sejtek meg\u00fajul\u00e1s\u00e1t, hat\u00e1sukra a b\u0151r rugalmass\u00e1 \u00e9s feszesebb\u00e9 v\u00e1lik. Nagy sz\u00e1zal\u00e9kban tartalmaz tel\u00edtetlen zs\u00edrsavakat \u00e9s flavonoidokat. A gazdag \u00e1sv\u00e1nyi anyag \u00e9s magas vitamintartalm\u00fa organikus arg\u00e1nolaj gondoskodik a b\u0151r maxim\u00e1lis hidrat\u00e1l\u00e1s\u00e1r\u00f3l, t\u00e1pl\u00e1l\u00e1s\u00e1r\u00f3l; b\u0151rsim\u00edt\u00f3 hat\u00e1sa kiv\u00e1l\u00f3.<\/p>\n<p><strong>Ide\u00e1lis, j\u00f3l cs\u00fasz\u00f3 massz\u00e1zsolaj minden massz\u00e1zstechnik\u00e1hoz.<\/strong><\/p>\n<p><strong>Mesters\u00e9ges sz\u00ednez\u00e9ket, tart\u00f3s\u00edt\u00f3szert nem tartalmaz, parab\u00e9n- \u00e9s k\u0151olajsz\u00e1rmaz\u00e9k mentes.<\/strong><\/p>\n<h4><strong>Haszn\u00e1lati utas\u00edt\u00e1s:<\/strong><\/h4>\n<p><strong>A<\/strong>\u00a0megfelel\u0151 massz\u00e1zstechnik\u00e1val alkalmazza az arc vagy a test ter\u00fclet\u00e9re. Figyelmeztet\u00e9s: haszn\u00e1lat el\u0151tt v\u00e9gezzen b\u0151rpr\u00f3b\u00e1t!<br \/>\nProfesszion\u00e1lis haszn\u00e1latra.<\/p>\n","protected":false},"excerpt":{"rendered":"<p>term\u00e9szetes eredet\u0171 n\u00f6v\u00e9nyi olajokkal \u00a0arg\u00e1n-, makad\u00e1mia-, sz\u0151l\u0151magolaj<\/p>\n<p>A\u00a0<strong>SPA SPIRIT WELLNESS<\/strong>\u00a0csal\u00e1d minden tagja k\u00fcl\u00f6nleges hat\u00f3anyagokban gazdag. Hidrat\u00e1l\u00f3\u00a0term\u00e9szetes n\u00f6v\u00e9nyi olajokat, antiallerg\u00e9n, b\u0151rbar\u00e1t \u00f6sszetev\u0151ket tartalmaz, amelyekhez hat\u00e1sfokoz\u00e1s c\u00e9lj\u00e1b\u00f3l gazdag esszenci\u00e1k, aktiv\u00e1torok adagolhat\u00f3k b\u0151rt\u00edpus \u00e9s massz\u00e1zstechnika v\u00e1laszt\u00e1sa szerint. (Sejtregener\u00e1l\u00f3, relax\u00e1l\u00f3, stresszold\u00f3, nyugtat\u00f3, izomlaz\u00edt\u00f3, alakform\u00e1l\u00f3-cellulitkezel\u0151, zs\u00edr\u00e9get\u0151, b\u0151rfeszes\u00edt\u0151 testmassz\u00e1zs kezel\u00e9sekhez, aromater\u00e1pi\u00e1s gy\u00f3gymassz\u00e1zsokhoz.)<br \/>\n\u00c9rt\u00e9kes, term\u00e9szetes n\u00f6v\u00e9nyi olajok \u00e9s massz\u00e1zskr\u00e9mek, melyek b\u0151rbar\u00e1t \u00f6sszetev\u0151kkel \u00e1polj\u00e1k, t\u00e1pl\u00e1lj\u00e1k, hidrat\u00e1lj\u00e1k, friss\u00edtik a b\u0151rt massz\u00e1zs k\u00f6zben.<\/p>\n<p>\u00c9rt\u00e9kes, term\u00e9szetes n\u00f6v\u00e9nyi eredet\u0171 olajok \u00e9s b\u0151rbar\u00e1t \u00f6sszetev\u0151k alkotj\u00e1k, amelyek \u00e1polj\u00e1k, t\u00e1pl\u00e1lj\u00e1k \u00e9s hidrat\u00e1lj\u00e1k a b\u0151rt a massz\u00e1zs sor\u00e1n. A sz\u0151l\u0151magolaj \u00e9s makad\u00e1miaolaj magas E-vitamin tartalma \u00e9s antioxid\u00e1ns hat\u00e1s\u00fa \u00f6sszetev\u0151i lass\u00edtj\u00e1k a b\u0151r \u00f6reged\u00e9s\u00e9t, seg\u00edtik a sejtek meg\u00fajul\u00e1s\u00e1t, hat\u00e1sukra a b\u0151r rugalmass\u00e1 \u00e9s feszesebb\u00e9 v\u00e1lik. Nagy sz\u00e1zal\u00e9kban tartalmaz tel\u00edtetlen zs\u00edrsavakat \u00e9s flavonoidokat. A gazdag \u00e1sv\u00e1nyi anyag \u00e9s magas vitamintartalm\u00fa organikus arg\u00e1nolaj gondoskodik a b\u0151r maxim\u00e1lis hidrat\u00e1l\u00e1s\u00e1r\u00f3l, t\u00e1pl\u00e1l\u00e1s\u00e1r\u00f3l; b\u0151rsim\u00edt\u00f3 hat\u00e1sa kiv\u00e1l\u00f3.<\/p>\n<p><strong>Ide\u00e1lis, j\u00f3l cs\u00fasz\u00f3 massz\u00e1zsolaj minden massz\u00e1zstechnik\u00e1hoz.<\/strong><\/p>\n<p><strong>Mesters\u00e9ges sz\u00ednez\u00e9ket, tart\u00f3s\u00edt\u00f3szert nem tartalmaz, parab\u00e9n- \u00e9s k\u0151olajsz\u00e1rmaz\u00e9k mentes.<\/strong><\/p>\n<h4><strong>Haszn\u00e1lati utas\u00edt\u00e1s:<\/strong><\/h4>\n<p><strong>A<\/strong>\u00a0megfelel\u0151 massz\u00e1zstechnik\u00e1val alkalmazza az arc vagy a test ter\u00fclet\u00e9re. Figyelmeztet\u00e9s: haszn\u00e1lat el\u0151tt v\u00e9gezzen b\u0151rpr\u00f3b\u00e1t!<br \/>\nProfesszion\u00e1lis haszn\u00e1latra.<\/p>\n","protected":false},"featured_media":2490,"template":"","meta":[],"product_cat":[61,37,92],"product_tag":[331,110,45,323,60],"yoast_head":"<!-- This site is optimized with the Yoast SEO plugin v17.4 - https:\/\/yoast.com\/wordpress\/plugins\/seo\/ -->\n<title>Lady STELLA Spa Spirit Wellness B\u0151rfeszes\u00edt\u0151 Massz\u00e1zsolaj 1000 ml - Emspoma webshop<\/title>\n<meta name=\"robots\" content=\"index, follow, max-snippet:-1, max-image-preview:large, max-video-preview:-1\" \/>\n<link rel=\"canonical\" href=\"http:\/\/rekongem.hu\/?product=spa-spirit-wellness-borfeszesito-masszazsolaj-1000ml\" \/>\n<meta property=\"og:locale\" content=\"hu_HU\" \/>\n<meta property=\"og:type\" content=\"article\" \/>\n<meta property=\"og:title\" content=\"Lady STELLA Spa Spirit Wellness B\u0151rfeszes\u00edt\u0151 Massz\u00e1zsolaj 1000 ml - Emspoma webshop\" \/>\n<meta property=\"og:description\" content=\"term\u00e9szetes eredet\u0171 n\u00f6v\u00e9nyi olajokkal \u00a0arg\u00e1n-, makad\u00e1mia-, sz\u0151l\u0151magolaj  A\u00a0SPA SPIRIT WELLNESS\u00a0csal\u00e1d minden tagja k\u00fcl\u00f6nleges hat\u00f3anyagokban gazdag. Hidrat\u00e1l\u00f3\u00a0term\u00e9szetes n\u00f6v\u00e9nyi olajokat, antiallerg\u00e9n, b\u0151rbar\u00e1t \u00f6sszetev\u0151ket tartalmaz, amelyekhez hat\u00e1sfokoz\u00e1s c\u00e9lj\u00e1b\u00f3l gazdag esszenci\u00e1k, aktiv\u00e1torok adagolhat\u00f3k b\u0151rt\u00edpus \u00e9s massz\u00e1zstechnika v\u00e1laszt\u00e1sa szerint. (Sejtregener\u00e1l\u00f3, relax\u00e1l\u00f3, stresszold\u00f3, nyugtat\u00f3, izomlaz\u00edt\u00f3, alakform\u00e1l\u00f3-cellulitkezel\u0151, zs\u00edr\u00e9get\u0151, b\u0151rfeszes\u00edt\u0151 testmassz\u00e1zs kezel\u00e9sekhez, aromater\u00e1pi\u00e1s gy\u00f3gymassz\u00e1zsokhoz.) \u00c9rt\u00e9kes, term\u00e9szetes n\u00f6v\u00e9nyi olajok \u00e9s massz\u00e1zskr\u00e9mek, melyek b\u0151rbar\u00e1t \u00f6sszetev\u0151kkel \u00e1polj\u00e1k, t\u00e1pl\u00e1lj\u00e1k, hidrat\u00e1lj\u00e1k, friss\u00edtik a b\u0151rt massz\u00e1zs k\u00f6zben.  \u00c9rt\u00e9kes, term\u00e9szetes n\u00f6v\u00e9nyi eredet\u0171 olajok \u00e9s b\u0151rbar\u00e1t \u00f6sszetev\u0151k alkotj\u00e1k, amelyek \u00e1polj\u00e1k, t\u00e1pl\u00e1lj\u00e1k \u00e9s hidrat\u00e1lj\u00e1k a b\u0151rt a massz\u00e1zs sor\u00e1n. A sz\u0151l\u0151magolaj \u00e9s makad\u00e1miaolaj magas E-vitamin tartalma \u00e9s antioxid\u00e1ns hat\u00e1s\u00fa \u00f6sszetev\u0151i lass\u00edtj\u00e1k a b\u0151r \u00f6reged\u00e9s\u00e9t, seg\u00edtik a sejtek meg\u00fajul\u00e1s\u00e1t, hat\u00e1sukra a b\u0151r rugalmass\u00e1 \u00e9s feszesebb\u00e9 v\u00e1lik. Nagy sz\u00e1zal\u00e9kban tartalmaz tel\u00edtetlen zs\u00edrsavakat \u00e9s flavonoidokat. A gazdag \u00e1sv\u00e1nyi anyag \u00e9s magas vitamintartalm\u00fa organikus arg\u00e1nolaj gondoskodik a b\u0151r maxim\u00e1lis hidrat\u00e1l\u00e1s\u00e1r\u00f3l, t\u00e1pl\u00e1l\u00e1s\u00e1r\u00f3l; b\u0151rsim\u00edt\u00f3 hat\u00e1sa kiv\u00e1l\u00f3.  Ide\u00e1lis, j\u00f3l cs\u00fasz\u00f3 massz\u00e1zsolaj minden massz\u00e1zstechnik\u00e1hoz.  Mesters\u00e9ges sz\u00ednez\u00e9ket, tart\u00f3s\u00edt\u00f3szert nem tartalmaz, parab\u00e9n- \u00e9s k\u0151olajsz\u00e1rmaz\u00e9k mentes. Haszn\u00e1lati utas\u00edt\u00e1s: A\u00a0megfelel\u0151 massz\u00e1zstechnik\u00e1val alkalmazza az arc vagy a test ter\u00fclet\u00e9re. Figyelmeztet\u00e9s: haszn\u00e1lat el\u0151tt v\u00e9gezzen b\u0151rpr\u00f3b\u00e1t! Professzion\u00e1lis haszn\u00e1latra.\" \/>\n<meta property=\"og:url\" content=\"http:\/\/rekongem.hu\/?product=spa-spirit-wellness-borfeszesito-masszazsolaj-1000ml\" \/>\n<meta property=\"og:site_name\" content=\"Emspoma webshop\" \/>\n<meta property=\"article:publisher\" content=\"https:\/\/www.facebook.com\/masszazsbirodalom\/\" \/>\n<meta property=\"article:modified_time\" content=\"2025-06-21T17:39:01+00:00\" \/>\n<meta property=\"og:image\" content=\"https:\/\/rekongem.hu\/wp-content\/uploads\/2019\/04\/Spa-spirit-wellness-b\u0151rfeszes\u00edt\u0151-massz\u00e1zsolaj-1000ml.jpg\" \/>\n\t<meta property=\"og:image:width\" content=\"400\" \/>\n\t<meta property=\"og:image:height\" content=\"400\" \/>\n<meta name=\"twitter:card\" content=\"summary\" \/>\n<meta name=\"twitter:site\" content=\"@masszazs_bir\" \/>\n<meta name=\"twitter:label1\" content=\"Becs\u00fclt olvas\u00e1si id\u0151\" \/>\n\t<meta name=\"twitter:data1\" content=\"2 perc\" \/>\n<script type=\"application\/ld+json\" class=\"yoast-schema-graph\">{\"@context\":\"https:\/\/schema.org\",\"@graph\":[{\"@type\":\"WebSite\",\"@id\":\"http:\/\/rekongem.hu\/#website\",\"url\":\"http:\/\/rekongem.hu\/\",\"name\":\"Emspoma webshop\",\"description\":\"\",\"potentialAction\":[{\"@type\":\"SearchAction\",\"target\":{\"@type\":\"EntryPoint\",\"urlTemplate\":\"http:\/\/rekongem.hu\/?s={search_term_string}\"},\"query-input\":\"required name=search_term_string\"}],\"inLanguage\":\"hu\"},{\"@type\":\"ImageObject\",\"@id\":\"http:\/\/rekongem.hu\/?product=spa-spirit-wellness-borfeszesito-masszazsolaj-1000ml#primaryimage\",\"inLanguage\":\"hu\",\"url\":\"http:\/\/rekongem.hu\/wp-content\/uploads\/2019\/04\/Spa-spirit-wellness-b\\u0151rfeszes\\u00edt\\u0151-massz\\u00e1zsolaj-1000ml.jpg\",\"contentUrl\":\"http:\/\/rekongem.hu\/wp-content\/uploads\/2019\/04\/Spa-spirit-wellness-b\\u0151rfeszes\\u00edt\\u0151-massz\\u00e1zsolaj-1000ml.jpg\",\"width\":400,\"height\":400,\"caption\":\"Spa spirit wellness b\\u0151rfeszes\\u00edt\\u0151 massz\\u00e1zsolaj 1000ml\"},{\"@type\":\"WebPage\",\"@id\":\"http:\/\/rekongem.hu\/?product=spa-spirit-wellness-borfeszesito-masszazsolaj-1000ml#webpage\",\"url\":\"http:\/\/rekongem.hu\/?product=spa-spirit-wellness-borfeszesito-masszazsolaj-1000ml\",\"name\":\"Lady STELLA Spa Spirit Wellness B\\u0151rfeszes\\u00edt\\u0151 Massz\\u00e1zsolaj 1000 ml - Emspoma webshop\",\"isPartOf\":{\"@id\":\"http:\/\/rekongem.hu\/#website\"},\"primaryImageOfPage\":{\"@id\":\"http:\/\/rekongem.hu\/?product=spa-spirit-wellness-borfeszesito-masszazsolaj-1000ml#primaryimage\"},\"datePublished\":\"2019-04-06T12:29:07+00:00\",\"dateModified\":\"2025-06-21T17:39:01+00:00\",\"breadcrumb\":{\"@id\":\"http:\/\/rekongem.hu\/?product=spa-spirit-wellness-borfeszesito-masszazsolaj-1000ml#breadcrumb\"},\"inLanguage\":\"hu\",\"potentialAction\":[{\"@type\":\"ReadAction\",\"target\":[\"http:\/\/rekongem.hu\/?product=spa-spirit-wellness-borfeszesito-masszazsolaj-1000ml\"]}]},{\"@type\":\"BreadcrumbList\",\"@id\":\"http:\/\/rekongem.hu\/?product=spa-spirit-wellness-borfeszesito-masszazsolaj-1000ml#breadcrumb\",\"itemListElement\":[{\"@type\":\"ListItem\",\"position\":1,\"name\":\"Home\",\"item\":\"http:\/\/rekongem.hu\/\"},{\"@type\":\"ListItem\",\"position\":2,\"name\":\"\\u00dczlet\",\"item\":\"http:\/\/rekongem.hu\/?page_id=4\"},{\"@type\":\"ListItem\",\"position\":3,\"name\":\"Lady STELLA Spa Spirit Wellness B\\u0151rfeszes\\u00edt\\u0151 Massz\\u00e1zsolaj 1000 ml\"}]}]}<\/script>\n<!-- \/ Yoast SEO plugin. -->","yoast_head_json":{"title":"Lady STELLA Spa Spirit Wellness B\u0151rfeszes\u00edt\u0151 Massz\u00e1zsolaj 1000 ml - Emspoma webshop","robots":{"index":"index","follow":"follow","max-snippet":"max-snippet:-1","max-image-preview":"max-image-preview:large","max-video-preview":"max-video-preview:-1"},"canonical":"http:\/\/rekongem.hu\/?product=spa-spirit-wellness-borfeszesito-masszazsolaj-1000ml","og_locale":"hu_HU","og_type":"article","og_title":"Lady STELLA Spa Spirit Wellness B\u0151rfeszes\u00edt\u0151 Massz\u00e1zsolaj 1000 ml - Emspoma webshop","og_description":"term\u00e9szetes eredet\u0171 n\u00f6v\u00e9nyi olajokkal \u00a0arg\u00e1n-, makad\u00e1mia-, sz\u0151l\u0151magolaj  A\u00a0SPA SPIRIT WELLNESS\u00a0csal\u00e1d minden tagja k\u00fcl\u00f6nleges hat\u00f3anyagokban gazdag. Hidrat\u00e1l\u00f3\u00a0term\u00e9szetes n\u00f6v\u00e9nyi olajokat, antiallerg\u00e9n, b\u0151rbar\u00e1t \u00f6sszetev\u0151ket tartalmaz, amelyekhez hat\u00e1sfokoz\u00e1s c\u00e9lj\u00e1b\u00f3l gazdag esszenci\u00e1k, aktiv\u00e1torok adagolhat\u00f3k b\u0151rt\u00edpus \u00e9s massz\u00e1zstechnika v\u00e1laszt\u00e1sa szerint. (Sejtregener\u00e1l\u00f3, relax\u00e1l\u00f3, stresszold\u00f3, nyugtat\u00f3, izomlaz\u00edt\u00f3, alakform\u00e1l\u00f3-cellulitkezel\u0151, zs\u00edr\u00e9get\u0151, b\u0151rfeszes\u00edt\u0151 testmassz\u00e1zs kezel\u00e9sekhez, aromater\u00e1pi\u00e1s gy\u00f3gymassz\u00e1zsokhoz.) \u00c9rt\u00e9kes, term\u00e9szetes n\u00f6v\u00e9nyi olajok \u00e9s massz\u00e1zskr\u00e9mek, melyek b\u0151rbar\u00e1t \u00f6sszetev\u0151kkel \u00e1polj\u00e1k, t\u00e1pl\u00e1lj\u00e1k, hidrat\u00e1lj\u00e1k, friss\u00edtik a b\u0151rt massz\u00e1zs k\u00f6zben.  \u00c9rt\u00e9kes, term\u00e9szetes n\u00f6v\u00e9nyi eredet\u0171 olajok \u00e9s b\u0151rbar\u00e1t \u00f6sszetev\u0151k alkotj\u00e1k, amelyek \u00e1polj\u00e1k, t\u00e1pl\u00e1lj\u00e1k \u00e9s hidrat\u00e1lj\u00e1k a b\u0151rt a massz\u00e1zs sor\u00e1n. A sz\u0151l\u0151magolaj \u00e9s makad\u00e1miaolaj magas E-vitamin tartalma \u00e9s antioxid\u00e1ns hat\u00e1s\u00fa \u00f6sszetev\u0151i lass\u00edtj\u00e1k a b\u0151r \u00f6reged\u00e9s\u00e9t, seg\u00edtik a sejtek meg\u00fajul\u00e1s\u00e1t, hat\u00e1sukra a b\u0151r rugalmass\u00e1 \u00e9s feszesebb\u00e9 v\u00e1lik. Nagy sz\u00e1zal\u00e9kban tartalmaz tel\u00edtetlen zs\u00edrsavakat \u00e9s flavonoidokat. A gazdag \u00e1sv\u00e1nyi anyag \u00e9s magas vitamintartalm\u00fa organikus arg\u00e1nolaj gondoskodik a b\u0151r maxim\u00e1lis hidrat\u00e1l\u00e1s\u00e1r\u00f3l, t\u00e1pl\u00e1l\u00e1s\u00e1r\u00f3l; b\u0151rsim\u00edt\u00f3 hat\u00e1sa kiv\u00e1l\u00f3.  Ide\u00e1lis, j\u00f3l cs\u00fasz\u00f3 massz\u00e1zsolaj minden massz\u00e1zstechnik\u00e1hoz.  Mesters\u00e9ges sz\u00ednez\u00e9ket, tart\u00f3s\u00edt\u00f3szert nem tartalmaz, parab\u00e9n- \u00e9s k\u0151olajsz\u00e1rmaz\u00e9k mentes. Haszn\u00e1lati utas\u00edt\u00e1s: A\u00a0megfelel\u0151 massz\u00e1zstechnik\u00e1val alkalmazza az arc vagy a test ter\u00fclet\u00e9re. Figyelmeztet\u00e9s: haszn\u00e1lat el\u0151tt v\u00e9gezzen b\u0151rpr\u00f3b\u00e1t! Professzion\u00e1lis haszn\u00e1latra.","og_url":"http:\/\/rekongem.hu\/?product=spa-spirit-wellness-borfeszesito-masszazsolaj-1000ml","og_site_name":"Emspoma webshop","article_publisher":"https:\/\/www.facebook.com\/masszazsbirodalom\/","article_modified_time":"2025-06-21T17:39:01+00:00","og_image":[{"width":400,"height":400,"url":"https:\/\/rekongem.hu\/wp-content\/uploads\/2019\/04\/Spa-spirit-wellness-b\u0151rfeszes\u00edt\u0151-massz\u00e1zsolaj-1000ml.jpg","type":"image\/jpeg"}],"twitter_card":"summary","twitter_site":"@masszazs_bir","twitter_misc":{"Becs\u00fclt olvas\u00e1si id\u0151":"2 perc"},"schema":{"@context":"https:\/\/schema.org","@graph":[{"@type":"WebSite","@id":"http:\/\/rekongem.hu\/#website","url":"http:\/\/rekongem.hu\/","name":"Emspoma webshop","description":"","potentialAction":[{"@type":"SearchAction","target":{"@type":"EntryPoint","urlTemplate":"http:\/\/rekongem.hu\/?s={search_term_string}"},"query-input":"required name=search_term_string"}],"inLanguage":"hu"},{"@type":"ImageObject","@id":"http:\/\/rekongem.hu\/?product=spa-spirit-wellness-borfeszesito-masszazsolaj-1000ml#primaryimage","inLanguage":"hu","url":"http:\/\/rekongem.hu\/wp-content\/uploads\/2019\/04\/Spa-spirit-wellness-b\u0151rfeszes\u00edt\u0151-massz\u00e1zsolaj-1000ml.jpg","contentUrl":"http:\/\/rekongem.hu\/wp-content\/uploads\/2019\/04\/Spa-spirit-wellness-b\u0151rfeszes\u00edt\u0151-massz\u00e1zsolaj-1000ml.jpg","width":400,"height":400,"caption":"Spa spirit wellness b\u0151rfeszes\u00edt\u0151 massz\u00e1zsolaj 1000ml"},{"@type":"WebPage","@id":"http:\/\/rekongem.hu\/?product=spa-spirit-wellness-borfeszesito-masszazsolaj-1000ml#webpage","url":"http:\/\/rekongem.hu\/?product=spa-spirit-wellness-borfeszesito-masszazsolaj-1000ml","name":"Lady STELLA Spa Spirit Wellness B\u0151rfeszes\u00edt\u0151 Massz\u00e1zsolaj 1000 ml - Emspoma webshop","isPartOf":{"@id":"http:\/\/rekongem.hu\/#website"},"primaryImageOfPage":{"@id":"http:\/\/rekongem.hu\/?product=spa-spirit-wellness-borfeszesito-masszazsolaj-1000ml#primaryimage"},"datePublished":"2019-04-06T12:29:07+00:00","dateModified":"2025-06-21T17:39:01+00:00","breadcrumb":{"@id":"http:\/\/rekongem.hu\/?product=spa-spirit-wellness-borfeszesito-masszazsolaj-1000ml#breadcrumb"},"inLanguage":"hu","potentialAction":[{"@type":"ReadAction","target":["http:\/\/rekongem.hu\/?product=spa-spirit-wellness-borfeszesito-masszazsolaj-1000ml"]}]},{"@type":"BreadcrumbList","@id":"http:\/\/rekongem.hu\/?product=spa-spirit-wellness-borfeszesito-masszazsolaj-1000ml#breadcrumb","itemListElement":[{"@type":"ListItem","position":1,"name":"Home","item":"http:\/\/rekongem.hu\/"},{"@type":"ListItem","position":2,"name":"\u00dczlet","item":"http:\/\/rekongem.hu\/?page_id=4"},{"@type":"ListItem","position":3,"name":"Lady STELLA Spa Spirit Wellness B\u0151rfeszes\u00edt\u0151 Massz\u00e1zsolaj 1000 ml"}]}]}},"_links":{"self":[{"href":"http:\/\/rekongem.hu\/index.php?rest_route=\/wp\/v2\/product\/1824"}],"collection":[{"href":"http:\/\/rekongem.hu\/index.php?rest_route=\/wp\/v2\/product"}],"about":[{"href":"http:\/\/rekongem.hu\/index.php?rest_route=\/wp\/v2\/types\/product"}],"wp:featuredmedia":[{"embeddable":true,"href":"http:\/\/rekongem.hu\/index.php?rest_route=\/wp\/v2\/media\/2490"}],"wp:attachment":[{"href":"http:\/\/rekongem.hu\/index.php?rest_route=%2Fwp%2Fv2%2Fmedia&parent=1824"}],"wp:term":[{"taxonomy":"product_cat","embeddable":true,"href":"http:\/\/rekongem.hu\/index.php?rest_route=%2Fwp%2Fv2%2Fproduct_cat&post=1824"},{"taxonomy":"product_tag","embeddable":true,"href":"http:\/\/rekongem.hu\/index.php?rest_route=%2Fwp%2Fv2%2Fproduct_tag&post=1824"}],"curies":[{"name":"wp","href":"https:\/\/api.w.org\/{rel}","templated":true}]}}