{"id":1822,"date":"2019-04-06T12:20:14","date_gmt":"2019-04-06T12:20:14","guid":{"rendered":"http:\/\/rekongem.hu\/?post_type=product&#038;p=1822"},"modified":"2025-06-21T17:37:36","modified_gmt":"2025-06-21T17:37:36","slug":"spa-spirit-wellness-alakformalo-cellulitkezelo-masszazskrem-1000-ml","status":"publish","type":"product","link":"http:\/\/rekongem.hu\/?product=spa-spirit-wellness-alakformalo-cellulitkezelo-masszazskrem-1000-ml","title":{"rendered":"Lady STELLA Spa Spirit Wellness Alakform\u00e1l\u00f3 Cellulitkezel\u0151 Massz\u00e1zskr\u00e9m 1000 ml"},"content":{"rendered":"<h3>SPA SPIRIT WELLNESS Alakform\u00e1l\u00f3, cellulitkezel\u0151 massz\u00e1zskr\u00e9m<\/h3>\n<p>koffein \u2022 L-karnitin \u2022 citrom- \u00e9s bor\u00f3kaolaj \u2022 alga \u2022 sheavaj<\/p>\n<p>A\u00a0<strong>SPA SPIRIT WELLNESS<\/strong>\u00a0csal\u00e1d minden tagja k\u00fcl\u00f6nleges hat\u00f3anyagokban gazdag. Hidrat\u00e1l\u00f3\u00a0term\u00e9szetes n\u00f6v\u00e9nyi olajokat, antiallerg\u00e9n, b\u0151rbar\u00e1t \u00f6sszetev\u0151ket tartalmaz, amelyekhez hat\u00e1sfokoz\u00e1s c\u00e9lj\u00e1b\u00f3l gazdag esszenci\u00e1k, aktiv\u00e1torok adagolhat\u00f3k b\u0151rt\u00edpus \u00e9s massz\u00e1zstechnika v\u00e1laszt\u00e1sa szerint. (Sejtregener\u00e1l\u00f3, relax\u00e1l\u00f3, stresszold\u00f3, nyugtat\u00f3, izomlaz\u00edt\u00f3, alakform\u00e1l\u00f3-cellulitkezel\u0151, zs\u00edr\u00e9get\u0151, b\u0151rfeszes\u00edt\u0151 testmassz\u00e1zs kezel\u00e9sekhez, aromater\u00e1pi\u00e1s gy\u00f3gymassz\u00e1zsokhoz.)<br \/>\n\u00c9rt\u00e9kes, term\u00e9szetes n\u00f6v\u00e9nyi olajok \u00e9s massz\u00e1zskr\u00e9mek, melyek b\u0151rbar\u00e1t \u00f6sszetev\u0151kkel \u00e1polj\u00e1k, t\u00e1pl\u00e1lj\u00e1k, hidrat\u00e1lj\u00e1k, friss\u00edtik a b\u0151rt massz\u00e1zs k\u00f6zben.<\/p>\n<p>T\u00e1pl\u00e1l\u00f3 \u00e9s hidrat\u00e1l\u00f3 hat\u00e1s\u00fa massz\u00e1zskr\u00e9m, amely hat\u00f3anyagai r\u00e9v\u00e9n a test kont\u00farvonalait el\u0151ny\u00f6sen megv\u00e1ltoztatja.\u00a0<strong>Koffein tartalma<\/strong>\u00a0a t\u00e1rolt zs\u00edrsavak zs\u00edrsz\u00f6vetekb\u0151l val\u00f3 felszabad\u00edt\u00e1s\u00e1ban seg\u00edt, az\u00a0<strong>L-karnitin<\/strong>\u00a0gyors\u00edtja a felszabad\u00edtott zs\u00edrsavak el\u00e9get\u00e9s\u00e9t, a citrom-, bor\u00f3kaolaj \u00e9s alga kivonat fokozza a koffein \u00e9s L-karnitin zs\u00edr\u00e9get\u0151 hat\u00e1s\u00e1t. A felgyorsult anyagcsere hat\u00e1s\u00e1ra egyre t\u00f6bb zs\u00edr mobiliz\u00e1l\u00f3dik a b\u0151r alatti zs\u00edrrakt\u00e1rakb\u00f3l, a b\u0151r irha r\u00e9teg\u00e9ben lerak\u00f3dott salakanyag ki\u00fcr\u00fcl\u00e9se gyorsul,enyh\u00fcl a narancsb\u0151r, a probl\u00e9m\u00e1s ter\u00fcletek (has, kar, comb, fen\u00e9k) feszesebb\u00e9 v\u00e1lnak. Rendszeres testmozg\u00e1s beiktat\u00e1sa gyors\u00edtja az eredm\u00e9nyt.<\/p>\n<p><strong>K\u0151olaj sz\u00e1rmaz\u00e9k-, parab\u00e9n-, hozz\u00e1adott illat- \u00e9s sz\u00ednez\u00e9kmentes.Professzion\u00e1lis haszn\u00e1latra.<\/strong><\/p>\n<p><strong>Haszn\u00e1lata:<\/strong>\u00a0a megtiszt\u00edtott, lerad\u00edrozott b\u0151rfel\u00fcletet a megfelel\u0151mennyis\u00e9g\u0171 massz\u00e1zskr\u00e9mmel kenje be, majd er\u0151teljes mozdulatokkal v\u00e9gezze a massz\u00edroz\u00e1st.<\/p>\n<p>Ingredients (INCI): Aqua, Cetearyl Alcohol, Helianthus Annuus Seed Oil, Olea Europaea Fruit Oil, Butyrospermum<br \/>\nParkii Butter, Stearic Acid, Isopropyl Myristate, Macadamia Ternifolia Seed Oil, Citrus Lemon Peel Oil, Juniperus Communis<br \/>\nFruit Oil, Fucus Vesiculosus Extract, Benzyl Alcohol, Triethanolamine, Caffeine, Carnitine, BHT, Propylene<br \/>\nGlycol, Dehydroacetic Acid<\/p>\n","protected":false},"excerpt":{"rendered":"<h3>SPA SPIRIT WELLNESS Alakform\u00e1l\u00f3, cellulitkezel\u0151 massz\u00e1zskr\u00e9m<\/h3>\n<p>koffein \u2022 L-karnitin \u2022 citrom- \u00e9s bor\u00f3kaolaj \u2022 alga \u2022 sheavaj<\/p>\n<p>A\u00a0<strong>SPA SPIRIT WELLNESS<\/strong>\u00a0csal\u00e1d minden tagja k\u00fcl\u00f6nleges hat\u00f3anyagokban gazdag. Hidrat\u00e1l\u00f3\u00a0term\u00e9szetes n\u00f6v\u00e9nyi olajokat, antiallerg\u00e9n, b\u0151rbar\u00e1t \u00f6sszetev\u0151ket tartalmaz, amelyekhez hat\u00e1sfokoz\u00e1s c\u00e9lj\u00e1b\u00f3l gazdag esszenci\u00e1k, aktiv\u00e1torok adagolhat\u00f3k b\u0151rt\u00edpus \u00e9s massz\u00e1zstechnika v\u00e1laszt\u00e1sa szerint. (Sejtregener\u00e1l\u00f3, relax\u00e1l\u00f3, stresszold\u00f3, nyugtat\u00f3, izomlaz\u00edt\u00f3, alakform\u00e1l\u00f3-cellulitkezel\u0151, zs\u00edr\u00e9get\u0151, b\u0151rfeszes\u00edt\u0151 testmassz\u00e1zs kezel\u00e9sekhez, aromater\u00e1pi\u00e1s gy\u00f3gymassz\u00e1zsokhoz.)<br \/>\n\u00c9rt\u00e9kes, term\u00e9szetes n\u00f6v\u00e9nyi olajok \u00e9s massz\u00e1zskr\u00e9mek, melyek b\u0151rbar\u00e1t \u00f6sszetev\u0151kkel \u00e1polj\u00e1k, t\u00e1pl\u00e1lj\u00e1k, hidrat\u00e1lj\u00e1k, friss\u00edtik a b\u0151rt massz\u00e1zs k\u00f6zben.<\/p>\n<p>T\u00e1pl\u00e1l\u00f3 \u00e9s hidrat\u00e1l\u00f3 hat\u00e1s\u00fa massz\u00e1zskr\u00e9m, amely hat\u00f3anyagai r\u00e9v\u00e9n a test kont\u00farvonalait el\u0151ny\u00f6sen megv\u00e1ltoztatja.\u00a0<strong>Koffein tartalma<\/strong>\u00a0a t\u00e1rolt zs\u00edrsavak zs\u00edrsz\u00f6vetekb\u0151l val\u00f3 felszabad\u00edt\u00e1s\u00e1ban seg\u00edt, az\u00a0<strong>L-karnitin<\/strong>\u00a0gyors\u00edtja a felszabad\u00edtott zs\u00edrsavak el\u00e9get\u00e9s\u00e9t, a citrom-, bor\u00f3kaolaj \u00e9s alga kivonat fokozza a koffein \u00e9s L-karnitin zs\u00edr\u00e9get\u0151 hat\u00e1s\u00e1t. A felgyorsult anyagcsere hat\u00e1s\u00e1ra egyre t\u00f6bb zs\u00edr mobiliz\u00e1l\u00f3dik a b\u0151r alatti zs\u00edrrakt\u00e1rakb\u00f3l, a b\u0151r irha r\u00e9teg\u00e9ben lerak\u00f3dott salakanyag ki\u00fcr\u00fcl\u00e9se gyorsul,enyh\u00fcl a narancsb\u0151r, a probl\u00e9m\u00e1s ter\u00fcletek (has, kar, comb, fen\u00e9k) feszesebb\u00e9 v\u00e1lnak. Rendszeres testmozg\u00e1s beiktat\u00e1sa gyors\u00edtja az eredm\u00e9nyt.<\/p>\n<p><strong>K\u0151olaj sz\u00e1rmaz\u00e9k-, parab\u00e9n-, hozz\u00e1adott illat- \u00e9s sz\u00ednez\u00e9kmentes.Professzion\u00e1lis haszn\u00e1latra.<\/strong><\/p>\n<p><strong>Haszn\u00e1lata:<\/strong>\u00a0a megtiszt\u00edtott, lerad\u00edrozott b\u0151rfel\u00fcletet a megfelel\u0151mennyis\u00e9g\u0171 massz\u00e1zskr\u00e9mmel kenje be, majd er\u0151teljes mozdulatokkal v\u00e9gezze a massz\u00edroz\u00e1st.<\/p>\n<p>Ingredients (INCI): Aqua, Cetearyl Alcohol, Helianthus Annuus Seed Oil, Olea Europaea Fruit Oil, Butyrospermum<br \/>\nParkii Butter, Stearic Acid, Isopropyl Myristate, Macadamia Ternifolia Seed Oil, Citrus Lemon Peel Oil, Juniperus Communis<br \/>\nFruit Oil, Fucus Vesiculosus Extract, Benzyl Alcohol, Triethanolamine, Caffeine, Carnitine, BHT, Propylene<br \/>\nGlycol, Dehydroacetic Acid<\/p>\n","protected":false},"featured_media":2491,"template":"","meta":[],"product_cat":[23,37,92],"product_tag":[95,96,38,105,101,323,11],"yoast_head":"<!-- This site is optimized with the Yoast SEO plugin v17.4 - https:\/\/yoast.com\/wordpress\/plugins\/seo\/ -->\n<title>Lady STELLA Spa Spirit Wellness Alakform\u00e1l\u00f3 Cellulitkezel\u0151 Massz\u00e1zskr\u00e9m 1000 ml - Emspoma webshop<\/title>\n<meta name=\"robots\" content=\"index, follow, max-snippet:-1, max-image-preview:large, max-video-preview:-1\" \/>\n<link rel=\"canonical\" href=\"http:\/\/rekongem.hu\/?product=spa-spirit-wellness-alakformalo-cellulitkezelo-masszazskrem-1000-ml\" \/>\n<meta property=\"og:locale\" content=\"hu_HU\" \/>\n<meta property=\"og:type\" content=\"article\" \/>\n<meta property=\"og:title\" content=\"Lady STELLA Spa Spirit Wellness Alakform\u00e1l\u00f3 Cellulitkezel\u0151 Massz\u00e1zskr\u00e9m 1000 ml - Emspoma webshop\" \/>\n<meta property=\"og:description\" content=\"SPA SPIRIT WELLNESS Alakform\u00e1l\u00f3, cellulitkezel\u0151 massz\u00e1zskr\u00e9m koffein \u2022 L-karnitin \u2022 citrom- \u00e9s bor\u00f3kaolaj \u2022 alga \u2022 sheavaj  A\u00a0SPA SPIRIT WELLNESS\u00a0csal\u00e1d minden tagja k\u00fcl\u00f6nleges hat\u00f3anyagokban gazdag. Hidrat\u00e1l\u00f3\u00a0term\u00e9szetes n\u00f6v\u00e9nyi olajokat, antiallerg\u00e9n, b\u0151rbar\u00e1t \u00f6sszetev\u0151ket tartalmaz, amelyekhez hat\u00e1sfokoz\u00e1s c\u00e9lj\u00e1b\u00f3l gazdag esszenci\u00e1k, aktiv\u00e1torok adagolhat\u00f3k b\u0151rt\u00edpus \u00e9s massz\u00e1zstechnika v\u00e1laszt\u00e1sa szerint. (Sejtregener\u00e1l\u00f3, relax\u00e1l\u00f3, stresszold\u00f3, nyugtat\u00f3, izomlaz\u00edt\u00f3, alakform\u00e1l\u00f3-cellulitkezel\u0151, zs\u00edr\u00e9get\u0151, b\u0151rfeszes\u00edt\u0151 testmassz\u00e1zs kezel\u00e9sekhez, aromater\u00e1pi\u00e1s gy\u00f3gymassz\u00e1zsokhoz.) \u00c9rt\u00e9kes, term\u00e9szetes n\u00f6v\u00e9nyi olajok \u00e9s massz\u00e1zskr\u00e9mek, melyek b\u0151rbar\u00e1t \u00f6sszetev\u0151kkel \u00e1polj\u00e1k, t\u00e1pl\u00e1lj\u00e1k, hidrat\u00e1lj\u00e1k, friss\u00edtik a b\u0151rt massz\u00e1zs k\u00f6zben.  T\u00e1pl\u00e1l\u00f3 \u00e9s hidrat\u00e1l\u00f3 hat\u00e1s\u00fa massz\u00e1zskr\u00e9m, amely hat\u00f3anyagai r\u00e9v\u00e9n a test kont\u00farvonalait el\u0151ny\u00f6sen megv\u00e1ltoztatja.\u00a0Koffein tartalma\u00a0a t\u00e1rolt zs\u00edrsavak zs\u00edrsz\u00f6vetekb\u0151l val\u00f3 felszabad\u00edt\u00e1s\u00e1ban seg\u00edt, az\u00a0L-karnitin\u00a0gyors\u00edtja a felszabad\u00edtott zs\u00edrsavak el\u00e9get\u00e9s\u00e9t, a citrom-, bor\u00f3kaolaj \u00e9s alga kivonat fokozza a koffein \u00e9s L-karnitin zs\u00edr\u00e9get\u0151 hat\u00e1s\u00e1t. A felgyorsult anyagcsere hat\u00e1s\u00e1ra egyre t\u00f6bb zs\u00edr mobiliz\u00e1l\u00f3dik a b\u0151r alatti zs\u00edrrakt\u00e1rakb\u00f3l, a b\u0151r irha r\u00e9teg\u00e9ben lerak\u00f3dott salakanyag ki\u00fcr\u00fcl\u00e9se gyorsul,enyh\u00fcl a narancsb\u0151r, a probl\u00e9m\u00e1s ter\u00fcletek (has, kar, comb, fen\u00e9k) feszesebb\u00e9 v\u00e1lnak. Rendszeres testmozg\u00e1s beiktat\u00e1sa gyors\u00edtja az eredm\u00e9nyt.  K\u0151olaj sz\u00e1rmaz\u00e9k-, parab\u00e9n-, hozz\u00e1adott illat- \u00e9s sz\u00ednez\u00e9kmentes.Professzion\u00e1lis haszn\u00e1latra.  Haszn\u00e1lata:\u00a0a megtiszt\u00edtott, lerad\u00edrozott b\u0151rfel\u00fcletet a megfelel\u0151mennyis\u00e9g\u0171 massz\u00e1zskr\u00e9mmel kenje be, majd er\u0151teljes mozdulatokkal v\u00e9gezze a massz\u00edroz\u00e1st.  Ingredients (INCI): Aqua, Cetearyl Alcohol, Helianthus Annuus Seed Oil, Olea Europaea Fruit Oil, Butyrospermum Parkii Butter, Stearic Acid, Isopropyl Myristate, Macadamia Ternifolia Seed Oil, Citrus Lemon Peel Oil, Juniperus Communis Fruit Oil, Fucus Vesiculosus Extract, Benzyl Alcohol, Triethanolamine, Caffeine, Carnitine, BHT, Propylene Glycol, Dehydroacetic Acid\" \/>\n<meta property=\"og:url\" content=\"http:\/\/rekongem.hu\/?product=spa-spirit-wellness-alakformalo-cellulitkezelo-masszazskrem-1000-ml\" \/>\n<meta property=\"og:site_name\" content=\"Emspoma webshop\" \/>\n<meta property=\"article:publisher\" content=\"https:\/\/www.facebook.com\/masszazsbirodalom\/\" \/>\n<meta property=\"article:modified_time\" content=\"2025-06-21T17:37:36+00:00\" \/>\n<meta property=\"og:image\" content=\"http:\/\/rekongem.hu\/wp-content\/uploads\/2019\/04\/Spa-spirit-wellness-alakform\u00e1l\u00f3-cellulitkezel\u0151-massz\u00e1zskr\u00e9m-1000-ml-1.jpg\" \/>\n\t<meta property=\"og:image:width\" content=\"400\" \/>\n\t<meta property=\"og:image:height\" content=\"400\" \/>\n<meta name=\"twitter:card\" content=\"summary\" \/>\n<meta name=\"twitter:site\" content=\"@masszazs_bir\" \/>\n<meta name=\"twitter:label1\" content=\"Becs\u00fclt olvas\u00e1si id\u0151\" \/>\n\t<meta name=\"twitter:data1\" content=\"2 perc\" \/>\n<script type=\"application\/ld+json\" class=\"yoast-schema-graph\">{\"@context\":\"https:\/\/schema.org\",\"@graph\":[{\"@type\":\"WebSite\",\"@id\":\"http:\/\/rekongem.hu\/#website\",\"url\":\"http:\/\/rekongem.hu\/\",\"name\":\"Emspoma webshop\",\"description\":\"\",\"potentialAction\":[{\"@type\":\"SearchAction\",\"target\":{\"@type\":\"EntryPoint\",\"urlTemplate\":\"http:\/\/rekongem.hu\/?s={search_term_string}\"},\"query-input\":\"required name=search_term_string\"}],\"inLanguage\":\"hu\"},{\"@type\":\"ImageObject\",\"@id\":\"http:\/\/rekongem.hu\/?product=spa-spirit-wellness-alakformalo-cellulitkezelo-masszazskrem-1000-ml#primaryimage\",\"inLanguage\":\"hu\",\"url\":\"http:\/\/rekongem.hu\/wp-content\/uploads\/2019\/04\/Spa-spirit-wellness-alakform\\u00e1l\\u00f3-cellulitkezel\\u0151-massz\\u00e1zskr\\u00e9m-1000-ml-1.jpg\",\"contentUrl\":\"http:\/\/rekongem.hu\/wp-content\/uploads\/2019\/04\/Spa-spirit-wellness-alakform\\u00e1l\\u00f3-cellulitkezel\\u0151-massz\\u00e1zskr\\u00e9m-1000-ml-1.jpg\",\"width\":400,\"height\":400,\"caption\":\"Spa spirit wellness alakform\\u00e1l\\u00f3, cellulitkezel\\u0151 massz\\u00e1zskr\\u00e9m 1000 ml\"},{\"@type\":\"WebPage\",\"@id\":\"http:\/\/rekongem.hu\/?product=spa-spirit-wellness-alakformalo-cellulitkezelo-masszazskrem-1000-ml#webpage\",\"url\":\"http:\/\/rekongem.hu\/?product=spa-spirit-wellness-alakformalo-cellulitkezelo-masszazskrem-1000-ml\",\"name\":\"Lady STELLA Spa Spirit Wellness Alakform\\u00e1l\\u00f3 Cellulitkezel\\u0151 Massz\\u00e1zskr\\u00e9m 1000 ml - Emspoma webshop\",\"isPartOf\":{\"@id\":\"http:\/\/rekongem.hu\/#website\"},\"primaryImageOfPage\":{\"@id\":\"http:\/\/rekongem.hu\/?product=spa-spirit-wellness-alakformalo-cellulitkezelo-masszazskrem-1000-ml#primaryimage\"},\"datePublished\":\"2019-04-06T12:20:14+00:00\",\"dateModified\":\"2025-06-21T17:37:36+00:00\",\"breadcrumb\":{\"@id\":\"http:\/\/rekongem.hu\/?product=spa-spirit-wellness-alakformalo-cellulitkezelo-masszazskrem-1000-ml#breadcrumb\"},\"inLanguage\":\"hu\",\"potentialAction\":[{\"@type\":\"ReadAction\",\"target\":[\"http:\/\/rekongem.hu\/?product=spa-spirit-wellness-alakformalo-cellulitkezelo-masszazskrem-1000-ml\"]}]},{\"@type\":\"BreadcrumbList\",\"@id\":\"http:\/\/rekongem.hu\/?product=spa-spirit-wellness-alakformalo-cellulitkezelo-masszazskrem-1000-ml#breadcrumb\",\"itemListElement\":[{\"@type\":\"ListItem\",\"position\":1,\"name\":\"Home\",\"item\":\"http:\/\/rekongem.hu\/\"},{\"@type\":\"ListItem\",\"position\":2,\"name\":\"\\u00dczlet\",\"item\":\"http:\/\/rekongem.hu\/?page_id=4\"},{\"@type\":\"ListItem\",\"position\":3,\"name\":\"Lady STELLA Spa Spirit Wellness Alakform\\u00e1l\\u00f3 Cellulitkezel\\u0151 Massz\\u00e1zskr\\u00e9m 1000 ml\"}]}]}<\/script>\n<!-- \/ Yoast SEO plugin. -->","yoast_head_json":{"title":"Lady STELLA Spa Spirit Wellness Alakform\u00e1l\u00f3 Cellulitkezel\u0151 Massz\u00e1zskr\u00e9m 1000 ml - Emspoma webshop","robots":{"index":"index","follow":"follow","max-snippet":"max-snippet:-1","max-image-preview":"max-image-preview:large","max-video-preview":"max-video-preview:-1"},"canonical":"http:\/\/rekongem.hu\/?product=spa-spirit-wellness-alakformalo-cellulitkezelo-masszazskrem-1000-ml","og_locale":"hu_HU","og_type":"article","og_title":"Lady STELLA Spa Spirit Wellness Alakform\u00e1l\u00f3 Cellulitkezel\u0151 Massz\u00e1zskr\u00e9m 1000 ml - Emspoma webshop","og_description":"SPA SPIRIT WELLNESS Alakform\u00e1l\u00f3, cellulitkezel\u0151 massz\u00e1zskr\u00e9m koffein \u2022 L-karnitin \u2022 citrom- \u00e9s bor\u00f3kaolaj \u2022 alga \u2022 sheavaj  A\u00a0SPA SPIRIT WELLNESS\u00a0csal\u00e1d minden tagja k\u00fcl\u00f6nleges hat\u00f3anyagokban gazdag. Hidrat\u00e1l\u00f3\u00a0term\u00e9szetes n\u00f6v\u00e9nyi olajokat, antiallerg\u00e9n, b\u0151rbar\u00e1t \u00f6sszetev\u0151ket tartalmaz, amelyekhez hat\u00e1sfokoz\u00e1s c\u00e9lj\u00e1b\u00f3l gazdag esszenci\u00e1k, aktiv\u00e1torok adagolhat\u00f3k b\u0151rt\u00edpus \u00e9s massz\u00e1zstechnika v\u00e1laszt\u00e1sa szerint. (Sejtregener\u00e1l\u00f3, relax\u00e1l\u00f3, stresszold\u00f3, nyugtat\u00f3, izomlaz\u00edt\u00f3, alakform\u00e1l\u00f3-cellulitkezel\u0151, zs\u00edr\u00e9get\u0151, b\u0151rfeszes\u00edt\u0151 testmassz\u00e1zs kezel\u00e9sekhez, aromater\u00e1pi\u00e1s gy\u00f3gymassz\u00e1zsokhoz.) \u00c9rt\u00e9kes, term\u00e9szetes n\u00f6v\u00e9nyi olajok \u00e9s massz\u00e1zskr\u00e9mek, melyek b\u0151rbar\u00e1t \u00f6sszetev\u0151kkel \u00e1polj\u00e1k, t\u00e1pl\u00e1lj\u00e1k, hidrat\u00e1lj\u00e1k, friss\u00edtik a b\u0151rt massz\u00e1zs k\u00f6zben.  T\u00e1pl\u00e1l\u00f3 \u00e9s hidrat\u00e1l\u00f3 hat\u00e1s\u00fa massz\u00e1zskr\u00e9m, amely hat\u00f3anyagai r\u00e9v\u00e9n a test kont\u00farvonalait el\u0151ny\u00f6sen megv\u00e1ltoztatja.\u00a0Koffein tartalma\u00a0a t\u00e1rolt zs\u00edrsavak zs\u00edrsz\u00f6vetekb\u0151l val\u00f3 felszabad\u00edt\u00e1s\u00e1ban seg\u00edt, az\u00a0L-karnitin\u00a0gyors\u00edtja a felszabad\u00edtott zs\u00edrsavak el\u00e9get\u00e9s\u00e9t, a citrom-, bor\u00f3kaolaj \u00e9s alga kivonat fokozza a koffein \u00e9s L-karnitin zs\u00edr\u00e9get\u0151 hat\u00e1s\u00e1t. A felgyorsult anyagcsere hat\u00e1s\u00e1ra egyre t\u00f6bb zs\u00edr mobiliz\u00e1l\u00f3dik a b\u0151r alatti zs\u00edrrakt\u00e1rakb\u00f3l, a b\u0151r irha r\u00e9teg\u00e9ben lerak\u00f3dott salakanyag ki\u00fcr\u00fcl\u00e9se gyorsul,enyh\u00fcl a narancsb\u0151r, a probl\u00e9m\u00e1s ter\u00fcletek (has, kar, comb, fen\u00e9k) feszesebb\u00e9 v\u00e1lnak. Rendszeres testmozg\u00e1s beiktat\u00e1sa gyors\u00edtja az eredm\u00e9nyt.  K\u0151olaj sz\u00e1rmaz\u00e9k-, parab\u00e9n-, hozz\u00e1adott illat- \u00e9s sz\u00ednez\u00e9kmentes.Professzion\u00e1lis haszn\u00e1latra.  Haszn\u00e1lata:\u00a0a megtiszt\u00edtott, lerad\u00edrozott b\u0151rfel\u00fcletet a megfelel\u0151mennyis\u00e9g\u0171 massz\u00e1zskr\u00e9mmel kenje be, majd er\u0151teljes mozdulatokkal v\u00e9gezze a massz\u00edroz\u00e1st.  Ingredients (INCI): Aqua, Cetearyl Alcohol, Helianthus Annuus Seed Oil, Olea Europaea Fruit Oil, Butyrospermum Parkii Butter, Stearic Acid, Isopropyl Myristate, Macadamia Ternifolia Seed Oil, Citrus Lemon Peel Oil, Juniperus Communis Fruit Oil, Fucus Vesiculosus Extract, Benzyl Alcohol, Triethanolamine, Caffeine, Carnitine, BHT, Propylene Glycol, Dehydroacetic Acid","og_url":"http:\/\/rekongem.hu\/?product=spa-spirit-wellness-alakformalo-cellulitkezelo-masszazskrem-1000-ml","og_site_name":"Emspoma webshop","article_publisher":"https:\/\/www.facebook.com\/masszazsbirodalom\/","article_modified_time":"2025-06-21T17:37:36+00:00","og_image":[{"width":400,"height":400,"url":"http:\/\/rekongem.hu\/wp-content\/uploads\/2019\/04\/Spa-spirit-wellness-alakform\u00e1l\u00f3-cellulitkezel\u0151-massz\u00e1zskr\u00e9m-1000-ml-1.jpg","type":"image\/jpeg"}],"twitter_card":"summary","twitter_site":"@masszazs_bir","twitter_misc":{"Becs\u00fclt olvas\u00e1si id\u0151":"2 perc"},"schema":{"@context":"https:\/\/schema.org","@graph":[{"@type":"WebSite","@id":"http:\/\/rekongem.hu\/#website","url":"http:\/\/rekongem.hu\/","name":"Emspoma webshop","description":"","potentialAction":[{"@type":"SearchAction","target":{"@type":"EntryPoint","urlTemplate":"http:\/\/rekongem.hu\/?s={search_term_string}"},"query-input":"required name=search_term_string"}],"inLanguage":"hu"},{"@type":"ImageObject","@id":"http:\/\/rekongem.hu\/?product=spa-spirit-wellness-alakformalo-cellulitkezelo-masszazskrem-1000-ml#primaryimage","inLanguage":"hu","url":"http:\/\/rekongem.hu\/wp-content\/uploads\/2019\/04\/Spa-spirit-wellness-alakform\u00e1l\u00f3-cellulitkezel\u0151-massz\u00e1zskr\u00e9m-1000-ml-1.jpg","contentUrl":"http:\/\/rekongem.hu\/wp-content\/uploads\/2019\/04\/Spa-spirit-wellness-alakform\u00e1l\u00f3-cellulitkezel\u0151-massz\u00e1zskr\u00e9m-1000-ml-1.jpg","width":400,"height":400,"caption":"Spa spirit wellness alakform\u00e1l\u00f3, cellulitkezel\u0151 massz\u00e1zskr\u00e9m 1000 ml"},{"@type":"WebPage","@id":"http:\/\/rekongem.hu\/?product=spa-spirit-wellness-alakformalo-cellulitkezelo-masszazskrem-1000-ml#webpage","url":"http:\/\/rekongem.hu\/?product=spa-spirit-wellness-alakformalo-cellulitkezelo-masszazskrem-1000-ml","name":"Lady STELLA Spa Spirit Wellness Alakform\u00e1l\u00f3 Cellulitkezel\u0151 Massz\u00e1zskr\u00e9m 1000 ml - Emspoma webshop","isPartOf":{"@id":"http:\/\/rekongem.hu\/#website"},"primaryImageOfPage":{"@id":"http:\/\/rekongem.hu\/?product=spa-spirit-wellness-alakformalo-cellulitkezelo-masszazskrem-1000-ml#primaryimage"},"datePublished":"2019-04-06T12:20:14+00:00","dateModified":"2025-06-21T17:37:36+00:00","breadcrumb":{"@id":"http:\/\/rekongem.hu\/?product=spa-spirit-wellness-alakformalo-cellulitkezelo-masszazskrem-1000-ml#breadcrumb"},"inLanguage":"hu","potentialAction":[{"@type":"ReadAction","target":["http:\/\/rekongem.hu\/?product=spa-spirit-wellness-alakformalo-cellulitkezelo-masszazskrem-1000-ml"]}]},{"@type":"BreadcrumbList","@id":"http:\/\/rekongem.hu\/?product=spa-spirit-wellness-alakformalo-cellulitkezelo-masszazskrem-1000-ml#breadcrumb","itemListElement":[{"@type":"ListItem","position":1,"name":"Home","item":"http:\/\/rekongem.hu\/"},{"@type":"ListItem","position":2,"name":"\u00dczlet","item":"http:\/\/rekongem.hu\/?page_id=4"},{"@type":"ListItem","position":3,"name":"Lady STELLA Spa Spirit Wellness Alakform\u00e1l\u00f3 Cellulitkezel\u0151 Massz\u00e1zskr\u00e9m 1000 ml"}]}]}},"_links":{"self":[{"href":"http:\/\/rekongem.hu\/index.php?rest_route=\/wp\/v2\/product\/1822"}],"collection":[{"href":"http:\/\/rekongem.hu\/index.php?rest_route=\/wp\/v2\/product"}],"about":[{"href":"http:\/\/rekongem.hu\/index.php?rest_route=\/wp\/v2\/types\/product"}],"wp:featuredmedia":[{"embeddable":true,"href":"http:\/\/rekongem.hu\/index.php?rest_route=\/wp\/v2\/media\/2491"}],"wp:attachment":[{"href":"http:\/\/rekongem.hu\/index.php?rest_route=%2Fwp%2Fv2%2Fmedia&parent=1822"}],"wp:term":[{"taxonomy":"product_cat","embeddable":true,"href":"http:\/\/rekongem.hu\/index.php?rest_route=%2Fwp%2Fv2%2Fproduct_cat&post=1822"},{"taxonomy":"product_tag","embeddable":true,"href":"http:\/\/rekongem.hu\/index.php?rest_route=%2Fwp%2Fv2%2Fproduct_tag&post=1822"}],"curies":[{"name":"wp","href":"https:\/\/api.w.org\/{rel}","templated":true}]}}