{"id":1809,"date":"2019-04-05T19:27:24","date_gmt":"2019-04-05T19:27:24","guid":{"rendered":"http:\/\/rekongem.hu\/?post_type=product&#038;p=1809"},"modified":"2025-06-21T17:35:42","modified_gmt":"2025-06-21T17:35:42","slug":"lady-stella-melytaplalo-masszazskrem-szolomagolajjal-es-buzacsira-kivonattal-1000ml","status":"publish","type":"product","link":"http:\/\/rekongem.hu\/?product=lady-stella-melytaplalo-masszazskrem-szolomagolajjal-es-buzacsira-kivonattal-1000ml","title":{"rendered":"Lady STELLA M\u00e9lyt\u00e1pl\u00e1l\u00f3 Massz\u00e1zskr\u00e9m 1000 ml"},"content":{"rendered":"<h3>M\u00e9lyt\u00e1pl\u00e1l\u00f3 massz\u00e1zskr\u00e9m Sz\u0151l\u0151magolajjal \u00e9s b\u00fazacs\u00edra kivonattal<\/h3>\n<p>Kiszerel\u00e9s: 1000ml<\/p>\n<p>Hat\u00f3anyagokban gazdag, intenz\u00edven t\u00e1pl\u00e1l\u00f3 \u00e9s hidrat\u00e1l\u00f3 hat\u00e1s\u00fa massz\u00e1zskr\u00e9m, mely puh\u00e1v\u00e1 \u00e9s sim\u00e1v\u00e1 teszi a legsz\u00e1razabb b\u0151rt is.<\/p>\n<ul>\n<li>A\u00a0<strong>b\u00fazacs\u00edra magas E-vitamin<\/strong>\u00a0tartalm\u00e1nak k\u00f6sz\u00f6nhet\u0151en regener\u00e1lja a b\u0151rt, v\u00e9rkering\u00e9st fokoz\u00f3 hat\u00e1sa miatt er\u0151s\u00edti a k\u00f6t\u0151sz\u00f6vetet, meg\u00faj\u00edtja a b\u0151r sejtjeit<\/li>\n<li>A\u00a0<strong>sz\u0151l\u0151magolaj<\/strong>\u00a0eredm\u00e9nyesen g\u00e1tolja a sejt\u00f6reged\u00e9st, seg\u00edt meg\u0151rizni a b\u0151r fiatals\u00e1g\u00e1t<\/li>\n<\/ul>\n<p>A m\u00e9lyt\u00e1pl\u00e1l\u00f3 massz\u00e1zskr\u00e9m arcon \u00e9s testen egyar\u00e1nt alkalmazhat\u00f3<\/p>\n<p><strong>Parab\u00e9nmentes<\/strong><\/p>\n<p><strong>Haszn\u00e1lati javaslat:<\/strong>\u00a0A massz\u00edrozni k\u00edv\u00e1nt ter\u00fcletet megfelel\u0151 mennyis\u00e9g\u0171 massz\u00e1zskr\u00e9mmel kenje be, majd sim\u00edt\u00f3 mozdulatokkal massz\u00edrozza be, am\u00edg a kr\u00e9m t\u00f6k\u00e9letesen fel nem sz\u00edv\u00f3dik.<\/p>\n","protected":false},"excerpt":{"rendered":"<h3>M\u00e9lyt\u00e1pl\u00e1l\u00f3 massz\u00e1zskr\u00e9m Sz\u0151l\u0151magolajjal \u00e9s b\u00fazacs\u00edra kivonattal<\/h3>\n<p>Kiszerel\u00e9s: 1000ml<\/p>\n<p>Hat\u00f3anyagokban gazdag, intenz\u00edven t\u00e1pl\u00e1l\u00f3 \u00e9s hidrat\u00e1l\u00f3 hat\u00e1s\u00fa massz\u00e1zskr\u00e9m, mely puh\u00e1v\u00e1 \u00e9s sim\u00e1v\u00e1 teszi a legsz\u00e1razabb b\u0151rt is.<\/p>\n<ul>\n<li>A\u00a0<strong>b\u00fazacs\u00edra magas E-vitamin<\/strong>\u00a0tartalm\u00e1nak k\u00f6sz\u00f6nhet\u0151en regener\u00e1lja a b\u0151rt, v\u00e9rkering\u00e9st fokoz\u00f3 hat\u00e1sa miatt er\u0151s\u00edti a k\u00f6t\u0151sz\u00f6vetet, meg\u00faj\u00edtja a b\u0151r sejtjeit<\/li>\n<li>A\u00a0<strong>sz\u0151l\u0151magolaj<\/strong>\u00a0eredm\u00e9nyesen g\u00e1tolja a sejt\u00f6reged\u00e9st, seg\u00edt meg\u0151rizni a b\u0151r fiatals\u00e1g\u00e1t<\/li>\n<\/ul>\n<p>A m\u00e9lyt\u00e1pl\u00e1l\u00f3 massz\u00e1zskr\u00e9m arcon \u00e9s testen egyar\u00e1nt alkalmazhat\u00f3<\/p>\n<p><strong>Parab\u00e9nmentes<\/strong><\/p>\n<p><strong>Haszn\u00e1lati javaslat:<\/strong>\u00a0A massz\u00edrozni k\u00edv\u00e1nt ter\u00fcletet megfelel\u0151 mennyis\u00e9g\u0171 massz\u00e1zskr\u00e9mmel kenje be, majd sim\u00edt\u00f3 mozdulatokkal massz\u00edrozza be, am\u00edg a kr\u00e9m t\u00f6k\u00e9letesen fel nem sz\u00edv\u00f3dik.<\/p>\n","protected":false},"featured_media":2494,"template":"","meta":[],"product_cat":[23,92],"product_tag":[122,323,11,53],"yoast_head":"<!-- This site is optimized with the Yoast SEO plugin v17.4 - https:\/\/yoast.com\/wordpress\/plugins\/seo\/ -->\n<title>Lady STELLA M\u00e9lyt\u00e1pl\u00e1l\u00f3 Massz\u00e1zskr\u00e9m 1000 ml - Emspoma webshop<\/title>\n<meta name=\"robots\" content=\"index, follow, max-snippet:-1, max-image-preview:large, max-video-preview:-1\" \/>\n<link rel=\"canonical\" href=\"http:\/\/rekongem.hu\/?product=lady-stella-melytaplalo-masszazskrem-szolomagolajjal-es-buzacsira-kivonattal-1000ml\" \/>\n<meta property=\"og:locale\" content=\"hu_HU\" \/>\n<meta property=\"og:type\" content=\"article\" \/>\n<meta property=\"og:title\" content=\"Lady STELLA M\u00e9lyt\u00e1pl\u00e1l\u00f3 Massz\u00e1zskr\u00e9m 1000 ml - Emspoma webshop\" \/>\n<meta property=\"og:description\" content=\"M\u00e9lyt\u00e1pl\u00e1l\u00f3 massz\u00e1zskr\u00e9m Sz\u0151l\u0151magolajjal \u00e9s b\u00fazacs\u00edra kivonattal Kiszerel\u00e9s: 1000ml  Hat\u00f3anyagokban gazdag, intenz\u00edven t\u00e1pl\u00e1l\u00f3 \u00e9s hidrat\u00e1l\u00f3 hat\u00e1s\u00fa massz\u00e1zskr\u00e9m, mely puh\u00e1v\u00e1 \u00e9s sim\u00e1v\u00e1 teszi a legsz\u00e1razabb b\u0151rt is.   A\u00a0b\u00fazacs\u00edra magas E-vitamin\u00a0tartalm\u00e1nak k\u00f6sz\u00f6nhet\u0151en regener\u00e1lja a b\u0151rt, v\u00e9rkering\u00e9st fokoz\u00f3 hat\u00e1sa miatt er\u0151s\u00edti a k\u00f6t\u0151sz\u00f6vetet, meg\u00faj\u00edtja a b\u0151r sejtjeit  A\u00a0sz\u0151l\u0151magolaj\u00a0eredm\u00e9nyesen g\u00e1tolja a sejt\u00f6reged\u00e9st, seg\u00edt meg\u0151rizni a b\u0151r fiatals\u00e1g\u00e1t  A m\u00e9lyt\u00e1pl\u00e1l\u00f3 massz\u00e1zskr\u00e9m arcon \u00e9s testen egyar\u00e1nt alkalmazhat\u00f3  Parab\u00e9nmentes  Haszn\u00e1lati javaslat:\u00a0A massz\u00edrozni k\u00edv\u00e1nt ter\u00fcletet megfelel\u0151 mennyis\u00e9g\u0171 massz\u00e1zskr\u00e9mmel kenje be, majd sim\u00edt\u00f3 mozdulatokkal massz\u00edrozza be, am\u00edg a kr\u00e9m t\u00f6k\u00e9letesen fel nem sz\u00edv\u00f3dik.\" \/>\n<meta property=\"og:url\" content=\"http:\/\/rekongem.hu\/?product=lady-stella-melytaplalo-masszazskrem-szolomagolajjal-es-buzacsira-kivonattal-1000ml\" \/>\n<meta property=\"og:site_name\" content=\"Emspoma webshop\" \/>\n<meta property=\"article:publisher\" content=\"https:\/\/www.facebook.com\/masszazsbirodalom\/\" \/>\n<meta property=\"article:modified_time\" content=\"2025-06-21T17:35:42+00:00\" \/>\n<meta property=\"og:image\" content=\"http:\/\/rekongem.hu\/wp-content\/uploads\/2019\/04\/Lady-Stella-M\u00e9lyt\u00e1pl\u00e1l\u00f3-massz\u00e1zskr\u00e9m-sz\u0151l\u0151magolajjal-\u00e9s-b\u00fazacs\u00edra-kivonattal-1000ml-1.jpg\" \/>\n\t<meta property=\"og:image:width\" content=\"400\" \/>\n\t<meta property=\"og:image:height\" content=\"400\" \/>\n<meta name=\"twitter:card\" content=\"summary\" \/>\n<meta name=\"twitter:site\" content=\"@masszazs_bir\" \/>\n<meta name=\"twitter:label1\" content=\"Becs\u00fclt olvas\u00e1si id\u0151\" \/>\n\t<meta name=\"twitter:data1\" content=\"1 perc\" \/>\n<script type=\"application\/ld+json\" class=\"yoast-schema-graph\">{\"@context\":\"https:\/\/schema.org\",\"@graph\":[{\"@type\":\"WebSite\",\"@id\":\"http:\/\/rekongem.hu\/#website\",\"url\":\"http:\/\/rekongem.hu\/\",\"name\":\"Emspoma webshop\",\"description\":\"\",\"potentialAction\":[{\"@type\":\"SearchAction\",\"target\":{\"@type\":\"EntryPoint\",\"urlTemplate\":\"http:\/\/rekongem.hu\/?s={search_term_string}\"},\"query-input\":\"required name=search_term_string\"}],\"inLanguage\":\"hu\"},{\"@type\":\"ImageObject\",\"@id\":\"http:\/\/rekongem.hu\/?product=lady-stella-melytaplalo-masszazskrem-szolomagolajjal-es-buzacsira-kivonattal-1000ml#primaryimage\",\"inLanguage\":\"hu\",\"url\":\"http:\/\/rekongem.hu\/wp-content\/uploads\/2019\/04\/Lady-Stella-M\\u00e9lyt\\u00e1pl\\u00e1l\\u00f3-massz\\u00e1zskr\\u00e9m-sz\\u0151l\\u0151magolajjal-\\u00e9s-b\\u00fazacs\\u00edra-kivonattal-1000ml-1.jpg\",\"contentUrl\":\"http:\/\/rekongem.hu\/wp-content\/uploads\/2019\/04\/Lady-Stella-M\\u00e9lyt\\u00e1pl\\u00e1l\\u00f3-massz\\u00e1zskr\\u00e9m-sz\\u0151l\\u0151magolajjal-\\u00e9s-b\\u00fazacs\\u00edra-kivonattal-1000ml-1.jpg\",\"width\":400,\"height\":400,\"caption\":\"Lady Stella M\\u00e9lyt\\u00e1pl\\u00e1l\\u00f3 massz\\u00e1zskr\\u00e9m sz\\u0151l\\u0151magolajjal \\u00e9s b\\u00fazacs\\u00edra kivonattal 1000ml\"},{\"@type\":\"WebPage\",\"@id\":\"http:\/\/rekongem.hu\/?product=lady-stella-melytaplalo-masszazskrem-szolomagolajjal-es-buzacsira-kivonattal-1000ml#webpage\",\"url\":\"http:\/\/rekongem.hu\/?product=lady-stella-melytaplalo-masszazskrem-szolomagolajjal-es-buzacsira-kivonattal-1000ml\",\"name\":\"Lady STELLA M\\u00e9lyt\\u00e1pl\\u00e1l\\u00f3 Massz\\u00e1zskr\\u00e9m 1000 ml - Emspoma webshop\",\"isPartOf\":{\"@id\":\"http:\/\/rekongem.hu\/#website\"},\"primaryImageOfPage\":{\"@id\":\"http:\/\/rekongem.hu\/?product=lady-stella-melytaplalo-masszazskrem-szolomagolajjal-es-buzacsira-kivonattal-1000ml#primaryimage\"},\"datePublished\":\"2019-04-05T19:27:24+00:00\",\"dateModified\":\"2025-06-21T17:35:42+00:00\",\"breadcrumb\":{\"@id\":\"http:\/\/rekongem.hu\/?product=lady-stella-melytaplalo-masszazskrem-szolomagolajjal-es-buzacsira-kivonattal-1000ml#breadcrumb\"},\"inLanguage\":\"hu\",\"potentialAction\":[{\"@type\":\"ReadAction\",\"target\":[\"http:\/\/rekongem.hu\/?product=lady-stella-melytaplalo-masszazskrem-szolomagolajjal-es-buzacsira-kivonattal-1000ml\"]}]},{\"@type\":\"BreadcrumbList\",\"@id\":\"http:\/\/rekongem.hu\/?product=lady-stella-melytaplalo-masszazskrem-szolomagolajjal-es-buzacsira-kivonattal-1000ml#breadcrumb\",\"itemListElement\":[{\"@type\":\"ListItem\",\"position\":1,\"name\":\"Home\",\"item\":\"http:\/\/rekongem.hu\/\"},{\"@type\":\"ListItem\",\"position\":2,\"name\":\"\\u00dczlet\",\"item\":\"http:\/\/rekongem.hu\/?page_id=4\"},{\"@type\":\"ListItem\",\"position\":3,\"name\":\"Lady STELLA M\\u00e9lyt\\u00e1pl\\u00e1l\\u00f3 Massz\\u00e1zskr\\u00e9m 1000 ml\"}]}]}<\/script>\n<!-- \/ Yoast SEO plugin. -->","yoast_head_json":{"title":"Lady STELLA M\u00e9lyt\u00e1pl\u00e1l\u00f3 Massz\u00e1zskr\u00e9m 1000 ml - Emspoma webshop","robots":{"index":"index","follow":"follow","max-snippet":"max-snippet:-1","max-image-preview":"max-image-preview:large","max-video-preview":"max-video-preview:-1"},"canonical":"http:\/\/rekongem.hu\/?product=lady-stella-melytaplalo-masszazskrem-szolomagolajjal-es-buzacsira-kivonattal-1000ml","og_locale":"hu_HU","og_type":"article","og_title":"Lady STELLA M\u00e9lyt\u00e1pl\u00e1l\u00f3 Massz\u00e1zskr\u00e9m 1000 ml - Emspoma webshop","og_description":"M\u00e9lyt\u00e1pl\u00e1l\u00f3 massz\u00e1zskr\u00e9m Sz\u0151l\u0151magolajjal \u00e9s b\u00fazacs\u00edra kivonattal Kiszerel\u00e9s: 1000ml  Hat\u00f3anyagokban gazdag, intenz\u00edven t\u00e1pl\u00e1l\u00f3 \u00e9s hidrat\u00e1l\u00f3 hat\u00e1s\u00fa massz\u00e1zskr\u00e9m, mely puh\u00e1v\u00e1 \u00e9s sim\u00e1v\u00e1 teszi a legsz\u00e1razabb b\u0151rt is.   A\u00a0b\u00fazacs\u00edra magas E-vitamin\u00a0tartalm\u00e1nak k\u00f6sz\u00f6nhet\u0151en regener\u00e1lja a b\u0151rt, v\u00e9rkering\u00e9st fokoz\u00f3 hat\u00e1sa miatt er\u0151s\u00edti a k\u00f6t\u0151sz\u00f6vetet, meg\u00faj\u00edtja a b\u0151r sejtjeit  A\u00a0sz\u0151l\u0151magolaj\u00a0eredm\u00e9nyesen g\u00e1tolja a sejt\u00f6reged\u00e9st, seg\u00edt meg\u0151rizni a b\u0151r fiatals\u00e1g\u00e1t  A m\u00e9lyt\u00e1pl\u00e1l\u00f3 massz\u00e1zskr\u00e9m arcon \u00e9s testen egyar\u00e1nt alkalmazhat\u00f3  Parab\u00e9nmentes  Haszn\u00e1lati javaslat:\u00a0A massz\u00edrozni k\u00edv\u00e1nt ter\u00fcletet megfelel\u0151 mennyis\u00e9g\u0171 massz\u00e1zskr\u00e9mmel kenje be, majd sim\u00edt\u00f3 mozdulatokkal massz\u00edrozza be, am\u00edg a kr\u00e9m t\u00f6k\u00e9letesen fel nem sz\u00edv\u00f3dik.","og_url":"http:\/\/rekongem.hu\/?product=lady-stella-melytaplalo-masszazskrem-szolomagolajjal-es-buzacsira-kivonattal-1000ml","og_site_name":"Emspoma webshop","article_publisher":"https:\/\/www.facebook.com\/masszazsbirodalom\/","article_modified_time":"2025-06-21T17:35:42+00:00","og_image":[{"width":400,"height":400,"url":"http:\/\/rekongem.hu\/wp-content\/uploads\/2019\/04\/Lady-Stella-M\u00e9lyt\u00e1pl\u00e1l\u00f3-massz\u00e1zskr\u00e9m-sz\u0151l\u0151magolajjal-\u00e9s-b\u00fazacs\u00edra-kivonattal-1000ml-1.jpg","type":"image\/jpeg"}],"twitter_card":"summary","twitter_site":"@masszazs_bir","twitter_misc":{"Becs\u00fclt olvas\u00e1si id\u0151":"1 perc"},"schema":{"@context":"https:\/\/schema.org","@graph":[{"@type":"WebSite","@id":"http:\/\/rekongem.hu\/#website","url":"http:\/\/rekongem.hu\/","name":"Emspoma webshop","description":"","potentialAction":[{"@type":"SearchAction","target":{"@type":"EntryPoint","urlTemplate":"http:\/\/rekongem.hu\/?s={search_term_string}"},"query-input":"required name=search_term_string"}],"inLanguage":"hu"},{"@type":"ImageObject","@id":"http:\/\/rekongem.hu\/?product=lady-stella-melytaplalo-masszazskrem-szolomagolajjal-es-buzacsira-kivonattal-1000ml#primaryimage","inLanguage":"hu","url":"http:\/\/rekongem.hu\/wp-content\/uploads\/2019\/04\/Lady-Stella-M\u00e9lyt\u00e1pl\u00e1l\u00f3-massz\u00e1zskr\u00e9m-sz\u0151l\u0151magolajjal-\u00e9s-b\u00fazacs\u00edra-kivonattal-1000ml-1.jpg","contentUrl":"http:\/\/rekongem.hu\/wp-content\/uploads\/2019\/04\/Lady-Stella-M\u00e9lyt\u00e1pl\u00e1l\u00f3-massz\u00e1zskr\u00e9m-sz\u0151l\u0151magolajjal-\u00e9s-b\u00fazacs\u00edra-kivonattal-1000ml-1.jpg","width":400,"height":400,"caption":"Lady Stella M\u00e9lyt\u00e1pl\u00e1l\u00f3 massz\u00e1zskr\u00e9m sz\u0151l\u0151magolajjal \u00e9s b\u00fazacs\u00edra kivonattal 1000ml"},{"@type":"WebPage","@id":"http:\/\/rekongem.hu\/?product=lady-stella-melytaplalo-masszazskrem-szolomagolajjal-es-buzacsira-kivonattal-1000ml#webpage","url":"http:\/\/rekongem.hu\/?product=lady-stella-melytaplalo-masszazskrem-szolomagolajjal-es-buzacsira-kivonattal-1000ml","name":"Lady STELLA M\u00e9lyt\u00e1pl\u00e1l\u00f3 Massz\u00e1zskr\u00e9m 1000 ml - Emspoma webshop","isPartOf":{"@id":"http:\/\/rekongem.hu\/#website"},"primaryImageOfPage":{"@id":"http:\/\/rekongem.hu\/?product=lady-stella-melytaplalo-masszazskrem-szolomagolajjal-es-buzacsira-kivonattal-1000ml#primaryimage"},"datePublished":"2019-04-05T19:27:24+00:00","dateModified":"2025-06-21T17:35:42+00:00","breadcrumb":{"@id":"http:\/\/rekongem.hu\/?product=lady-stella-melytaplalo-masszazskrem-szolomagolajjal-es-buzacsira-kivonattal-1000ml#breadcrumb"},"inLanguage":"hu","potentialAction":[{"@type":"ReadAction","target":["http:\/\/rekongem.hu\/?product=lady-stella-melytaplalo-masszazskrem-szolomagolajjal-es-buzacsira-kivonattal-1000ml"]}]},{"@type":"BreadcrumbList","@id":"http:\/\/rekongem.hu\/?product=lady-stella-melytaplalo-masszazskrem-szolomagolajjal-es-buzacsira-kivonattal-1000ml#breadcrumb","itemListElement":[{"@type":"ListItem","position":1,"name":"Home","item":"http:\/\/rekongem.hu\/"},{"@type":"ListItem","position":2,"name":"\u00dczlet","item":"http:\/\/rekongem.hu\/?page_id=4"},{"@type":"ListItem","position":3,"name":"Lady STELLA M\u00e9lyt\u00e1pl\u00e1l\u00f3 Massz\u00e1zskr\u00e9m 1000 ml"}]}]}},"_links":{"self":[{"href":"http:\/\/rekongem.hu\/index.php?rest_route=\/wp\/v2\/product\/1809"}],"collection":[{"href":"http:\/\/rekongem.hu\/index.php?rest_route=\/wp\/v2\/product"}],"about":[{"href":"http:\/\/rekongem.hu\/index.php?rest_route=\/wp\/v2\/types\/product"}],"wp:featuredmedia":[{"embeddable":true,"href":"http:\/\/rekongem.hu\/index.php?rest_route=\/wp\/v2\/media\/2494"}],"wp:attachment":[{"href":"http:\/\/rekongem.hu\/index.php?rest_route=%2Fwp%2Fv2%2Fmedia&parent=1809"}],"wp:term":[{"taxonomy":"product_cat","embeddable":true,"href":"http:\/\/rekongem.hu\/index.php?rest_route=%2Fwp%2Fv2%2Fproduct_cat&post=1809"},{"taxonomy":"product_tag","embeddable":true,"href":"http:\/\/rekongem.hu\/index.php?rest_route=%2Fwp%2Fv2%2Fproduct_tag&post=1809"}],"curies":[{"name":"wp","href":"https:\/\/api.w.org\/{rel}","templated":true}]}}