{"id":1801,"date":"2019-04-05T19:01:20","date_gmt":"2019-04-05T19:01:20","guid":{"rendered":"http:\/\/rekongem.hu\/?post_type=product&#038;p=1801"},"modified":"2025-06-21T17:30:17","modified_gmt":"2025-06-21T17:30:17","slug":"lady-stella-masszazskrem-erzekeny-borre-500ml","status":"publish","type":"product","link":"http:\/\/rekongem.hu\/?product=lady-stella-masszazskrem-erzekeny-borre-500ml","title":{"rendered":"Lady STELLA Bodycomplex Massz\u00e1zskr\u00e9m \u00c9rz\u00e9keny B\u0151rre 500 ml"},"content":{"rendered":"<h3>BodyComplex Professional Massage Spirit &#8211; Massz\u00e1zskr\u00e9m \u00e9rz\u00e9keny b\u0151rre<\/h3>\n<p>Kiszerel\u00e9s: 500ml<\/p>\n<p>Kellemesen cs\u00fasz\u00f3s massz\u00e1zskr\u00e9m \u00e9rz\u00e9keny b\u0151rre. A mezei zsurl\u00f3 j\u00f3t\u00e9kony gy\u00f3gyn\u00f6v\u00e9ny kivonat\u00e1t tartalmazza, mely magas kovasav tartalm\u00e1n\u00e1l fogva er\u0151s\u00edti a k\u00f6t\u0151sz\u00f6vetet, rugalmas\u00edt \u00e9s jav\u00edtja a b\u0151r anyagcser\u00e9j\u00e9t.<\/p>\n<p>Gazdag flavonoid tartalma r\u00e9v\u00e9n regener\u00e1lja a b\u0151rt. Feszesebb, \u00e9let telibb b\u0151rt eredm\u00e9nyez. Arcra \u00e9s testre egyar\u00e1nt aj\u00e1nlott.<\/p>\n<p><strong>Aj\u00e1nlott b\u0151rt\u00edpus<\/strong>: \u00c9rz\u00e9keny b\u0151rre kimondottan aj\u00e1nlott.<\/p>\n<p>Parab\u00e9n\u00a0 \u00e9s sz\u00ednez\u00e9k mentes. Professzion\u00e1lis haszn\u00e1latra.<\/p>\n","protected":false},"excerpt":{"rendered":"<h3>BodyComplex Professional Massage Spirit &#8211; Massz\u00e1zskr\u00e9m \u00e9rz\u00e9keny b\u0151rre<\/h3>\n<p>Kiszerel\u00e9s: 500ml<\/p>\n<p>Kellemesen cs\u00fasz\u00f3s massz\u00e1zskr\u00e9m \u00e9rz\u00e9keny b\u0151rre. A mezei zsurl\u00f3 j\u00f3t\u00e9kony gy\u00f3gyn\u00f6v\u00e9ny kivonat\u00e1t tartalmazza, mely magas kovasav tartalm\u00e1n\u00e1l fogva er\u0151s\u00edti a k\u00f6t\u0151sz\u00f6vetet, rugalmas\u00edt \u00e9s jav\u00edtja a b\u0151r anyagcser\u00e9j\u00e9t.<\/p>\n<p>Gazdag flavonoid tartalma r\u00e9v\u00e9n regener\u00e1lja a b\u0151rt. Feszesebb, \u00e9let telibb b\u0151rt eredm\u00e9nyez. Arcra \u00e9s testre egyar\u00e1nt aj\u00e1nlott.<\/p>\n<p><strong>Aj\u00e1nlott b\u0151rt\u00edpus<\/strong>: \u00c9rz\u00e9keny b\u0151rre kimondottan aj\u00e1nlott.<\/p>\n<p>Parab\u00e9n\u00a0 \u00e9s sz\u00ednez\u00e9k mentes. Professzion\u00e1lis haszn\u00e1latra.<\/p>\n","protected":false},"featured_media":2496,"template":"","meta":[],"product_cat":[6,23,92],"product_tag":[323,11],"yoast_head":"<!-- This site is optimized with the Yoast SEO plugin v17.4 - https:\/\/yoast.com\/wordpress\/plugins\/seo\/ -->\n<title>Lady STELLA Bodycomplex Massz\u00e1zskr\u00e9m \u00c9rz\u00e9keny B\u0151rre 500 ml - Emspoma webshop<\/title>\n<meta name=\"robots\" content=\"index, follow, max-snippet:-1, max-image-preview:large, max-video-preview:-1\" \/>\n<link rel=\"canonical\" href=\"http:\/\/rekongem.hu\/?product=lady-stella-masszazskrem-erzekeny-borre-500ml\" \/>\n<meta property=\"og:locale\" content=\"hu_HU\" \/>\n<meta property=\"og:type\" content=\"article\" \/>\n<meta property=\"og:title\" content=\"Lady STELLA Bodycomplex Massz\u00e1zskr\u00e9m \u00c9rz\u00e9keny B\u0151rre 500 ml - Emspoma webshop\" \/>\n<meta property=\"og:description\" content=\"BodyComplex Professional Massage Spirit - Massz\u00e1zskr\u00e9m \u00e9rz\u00e9keny b\u0151rre Kiszerel\u00e9s: 500ml  Kellemesen cs\u00fasz\u00f3s massz\u00e1zskr\u00e9m \u00e9rz\u00e9keny b\u0151rre. A mezei zsurl\u00f3 j\u00f3t\u00e9kony gy\u00f3gyn\u00f6v\u00e9ny kivonat\u00e1t tartalmazza, mely magas kovasav tartalm\u00e1n\u00e1l fogva er\u0151s\u00edti a k\u00f6t\u0151sz\u00f6vetet, rugalmas\u00edt \u00e9s jav\u00edtja a b\u0151r anyagcser\u00e9j\u00e9t.  Gazdag flavonoid tartalma r\u00e9v\u00e9n regener\u00e1lja a b\u0151rt. Feszesebb, \u00e9let telibb b\u0151rt eredm\u00e9nyez. Arcra \u00e9s testre egyar\u00e1nt aj\u00e1nlott.  Aj\u00e1nlott b\u0151rt\u00edpus: \u00c9rz\u00e9keny b\u0151rre kimondottan aj\u00e1nlott.  Parab\u00e9n\u00a0 \u00e9s sz\u00ednez\u00e9k mentes. Professzion\u00e1lis haszn\u00e1latra.\" \/>\n<meta property=\"og:url\" content=\"http:\/\/rekongem.hu\/?product=lady-stella-masszazskrem-erzekeny-borre-500ml\" \/>\n<meta property=\"og:site_name\" content=\"Emspoma webshop\" \/>\n<meta property=\"article:publisher\" content=\"https:\/\/www.facebook.com\/masszazsbirodalom\/\" \/>\n<meta property=\"article:modified_time\" content=\"2025-06-21T17:30:17+00:00\" \/>\n<meta property=\"og:image\" content=\"http:\/\/rekongem.hu\/wp-content\/uploads\/2019\/04\/Lady-Stella-Massz\u00e1zskr\u00e9m-\u00e9rz\u00e9keny-b\u0151rre-500ml-1.jpg\" \/>\n\t<meta property=\"og:image:width\" content=\"400\" \/>\n\t<meta property=\"og:image:height\" content=\"400\" \/>\n<meta name=\"twitter:card\" content=\"summary\" \/>\n<meta name=\"twitter:site\" content=\"@masszazs_bir\" \/>\n<meta name=\"twitter:label1\" content=\"Becs\u00fclt olvas\u00e1si id\u0151\" \/>\n\t<meta name=\"twitter:data1\" content=\"1 perc\" \/>\n<script type=\"application\/ld+json\" class=\"yoast-schema-graph\">{\"@context\":\"https:\/\/schema.org\",\"@graph\":[{\"@type\":\"WebSite\",\"@id\":\"http:\/\/rekongem.hu\/#website\",\"url\":\"http:\/\/rekongem.hu\/\",\"name\":\"Emspoma webshop\",\"description\":\"\",\"potentialAction\":[{\"@type\":\"SearchAction\",\"target\":{\"@type\":\"EntryPoint\",\"urlTemplate\":\"http:\/\/rekongem.hu\/?s={search_term_string}\"},\"query-input\":\"required name=search_term_string\"}],\"inLanguage\":\"hu\"},{\"@type\":\"ImageObject\",\"@id\":\"http:\/\/rekongem.hu\/?product=lady-stella-masszazskrem-erzekeny-borre-500ml#primaryimage\",\"inLanguage\":\"hu\",\"url\":\"http:\/\/rekongem.hu\/wp-content\/uploads\/2019\/04\/Lady-Stella-Massz\\u00e1zskr\\u00e9m-\\u00e9rz\\u00e9keny-b\\u0151rre-500ml-1.jpg\",\"contentUrl\":\"http:\/\/rekongem.hu\/wp-content\/uploads\/2019\/04\/Lady-Stella-Massz\\u00e1zskr\\u00e9m-\\u00e9rz\\u00e9keny-b\\u0151rre-500ml-1.jpg\",\"width\":400,\"height\":400,\"caption\":\"Lady Stella Massz\\u00e1zskr\\u00e9m \\u00e9rz\\u00e9keny b\\u0151rre 500ml\"},{\"@type\":\"WebPage\",\"@id\":\"http:\/\/rekongem.hu\/?product=lady-stella-masszazskrem-erzekeny-borre-500ml#webpage\",\"url\":\"http:\/\/rekongem.hu\/?product=lady-stella-masszazskrem-erzekeny-borre-500ml\",\"name\":\"Lady STELLA Bodycomplex Massz\\u00e1zskr\\u00e9m \\u00c9rz\\u00e9keny B\\u0151rre 500 ml - Emspoma webshop\",\"isPartOf\":{\"@id\":\"http:\/\/rekongem.hu\/#website\"},\"primaryImageOfPage\":{\"@id\":\"http:\/\/rekongem.hu\/?product=lady-stella-masszazskrem-erzekeny-borre-500ml#primaryimage\"},\"datePublished\":\"2019-04-05T19:01:20+00:00\",\"dateModified\":\"2025-06-21T17:30:17+00:00\",\"breadcrumb\":{\"@id\":\"http:\/\/rekongem.hu\/?product=lady-stella-masszazskrem-erzekeny-borre-500ml#breadcrumb\"},\"inLanguage\":\"hu\",\"potentialAction\":[{\"@type\":\"ReadAction\",\"target\":[\"http:\/\/rekongem.hu\/?product=lady-stella-masszazskrem-erzekeny-borre-500ml\"]}]},{\"@type\":\"BreadcrumbList\",\"@id\":\"http:\/\/rekongem.hu\/?product=lady-stella-masszazskrem-erzekeny-borre-500ml#breadcrumb\",\"itemListElement\":[{\"@type\":\"ListItem\",\"position\":1,\"name\":\"Home\",\"item\":\"http:\/\/rekongem.hu\/\"},{\"@type\":\"ListItem\",\"position\":2,\"name\":\"\\u00dczlet\",\"item\":\"http:\/\/rekongem.hu\/?page_id=4\"},{\"@type\":\"ListItem\",\"position\":3,\"name\":\"Lady STELLA Bodycomplex Massz\\u00e1zskr\\u00e9m \\u00c9rz\\u00e9keny B\\u0151rre 500 ml\"}]}]}<\/script>\n<!-- \/ Yoast SEO plugin. -->","yoast_head_json":{"title":"Lady STELLA Bodycomplex Massz\u00e1zskr\u00e9m \u00c9rz\u00e9keny B\u0151rre 500 ml - Emspoma webshop","robots":{"index":"index","follow":"follow","max-snippet":"max-snippet:-1","max-image-preview":"max-image-preview:large","max-video-preview":"max-video-preview:-1"},"canonical":"http:\/\/rekongem.hu\/?product=lady-stella-masszazskrem-erzekeny-borre-500ml","og_locale":"hu_HU","og_type":"article","og_title":"Lady STELLA Bodycomplex Massz\u00e1zskr\u00e9m \u00c9rz\u00e9keny B\u0151rre 500 ml - Emspoma webshop","og_description":"BodyComplex Professional Massage Spirit - Massz\u00e1zskr\u00e9m \u00e9rz\u00e9keny b\u0151rre Kiszerel\u00e9s: 500ml  Kellemesen cs\u00fasz\u00f3s massz\u00e1zskr\u00e9m \u00e9rz\u00e9keny b\u0151rre. A mezei zsurl\u00f3 j\u00f3t\u00e9kony gy\u00f3gyn\u00f6v\u00e9ny kivonat\u00e1t tartalmazza, mely magas kovasav tartalm\u00e1n\u00e1l fogva er\u0151s\u00edti a k\u00f6t\u0151sz\u00f6vetet, rugalmas\u00edt \u00e9s jav\u00edtja a b\u0151r anyagcser\u00e9j\u00e9t.  Gazdag flavonoid tartalma r\u00e9v\u00e9n regener\u00e1lja a b\u0151rt. Feszesebb, \u00e9let telibb b\u0151rt eredm\u00e9nyez. Arcra \u00e9s testre egyar\u00e1nt aj\u00e1nlott.  Aj\u00e1nlott b\u0151rt\u00edpus: \u00c9rz\u00e9keny b\u0151rre kimondottan aj\u00e1nlott.  Parab\u00e9n\u00a0 \u00e9s sz\u00ednez\u00e9k mentes. Professzion\u00e1lis haszn\u00e1latra.","og_url":"http:\/\/rekongem.hu\/?product=lady-stella-masszazskrem-erzekeny-borre-500ml","og_site_name":"Emspoma webshop","article_publisher":"https:\/\/www.facebook.com\/masszazsbirodalom\/","article_modified_time":"2025-06-21T17:30:17+00:00","og_image":[{"width":400,"height":400,"url":"http:\/\/rekongem.hu\/wp-content\/uploads\/2019\/04\/Lady-Stella-Massz\u00e1zskr\u00e9m-\u00e9rz\u00e9keny-b\u0151rre-500ml-1.jpg","type":"image\/jpeg"}],"twitter_card":"summary","twitter_site":"@masszazs_bir","twitter_misc":{"Becs\u00fclt olvas\u00e1si id\u0151":"1 perc"},"schema":{"@context":"https:\/\/schema.org","@graph":[{"@type":"WebSite","@id":"http:\/\/rekongem.hu\/#website","url":"http:\/\/rekongem.hu\/","name":"Emspoma webshop","description":"","potentialAction":[{"@type":"SearchAction","target":{"@type":"EntryPoint","urlTemplate":"http:\/\/rekongem.hu\/?s={search_term_string}"},"query-input":"required name=search_term_string"}],"inLanguage":"hu"},{"@type":"ImageObject","@id":"http:\/\/rekongem.hu\/?product=lady-stella-masszazskrem-erzekeny-borre-500ml#primaryimage","inLanguage":"hu","url":"http:\/\/rekongem.hu\/wp-content\/uploads\/2019\/04\/Lady-Stella-Massz\u00e1zskr\u00e9m-\u00e9rz\u00e9keny-b\u0151rre-500ml-1.jpg","contentUrl":"http:\/\/rekongem.hu\/wp-content\/uploads\/2019\/04\/Lady-Stella-Massz\u00e1zskr\u00e9m-\u00e9rz\u00e9keny-b\u0151rre-500ml-1.jpg","width":400,"height":400,"caption":"Lady Stella Massz\u00e1zskr\u00e9m \u00e9rz\u00e9keny b\u0151rre 500ml"},{"@type":"WebPage","@id":"http:\/\/rekongem.hu\/?product=lady-stella-masszazskrem-erzekeny-borre-500ml#webpage","url":"http:\/\/rekongem.hu\/?product=lady-stella-masszazskrem-erzekeny-borre-500ml","name":"Lady STELLA Bodycomplex Massz\u00e1zskr\u00e9m \u00c9rz\u00e9keny B\u0151rre 500 ml - Emspoma webshop","isPartOf":{"@id":"http:\/\/rekongem.hu\/#website"},"primaryImageOfPage":{"@id":"http:\/\/rekongem.hu\/?product=lady-stella-masszazskrem-erzekeny-borre-500ml#primaryimage"},"datePublished":"2019-04-05T19:01:20+00:00","dateModified":"2025-06-21T17:30:17+00:00","breadcrumb":{"@id":"http:\/\/rekongem.hu\/?product=lady-stella-masszazskrem-erzekeny-borre-500ml#breadcrumb"},"inLanguage":"hu","potentialAction":[{"@type":"ReadAction","target":["http:\/\/rekongem.hu\/?product=lady-stella-masszazskrem-erzekeny-borre-500ml"]}]},{"@type":"BreadcrumbList","@id":"http:\/\/rekongem.hu\/?product=lady-stella-masszazskrem-erzekeny-borre-500ml#breadcrumb","itemListElement":[{"@type":"ListItem","position":1,"name":"Home","item":"http:\/\/rekongem.hu\/"},{"@type":"ListItem","position":2,"name":"\u00dczlet","item":"http:\/\/rekongem.hu\/?page_id=4"},{"@type":"ListItem","position":3,"name":"Lady STELLA Bodycomplex Massz\u00e1zskr\u00e9m \u00c9rz\u00e9keny B\u0151rre 500 ml"}]}]}},"_links":{"self":[{"href":"http:\/\/rekongem.hu\/index.php?rest_route=\/wp\/v2\/product\/1801"}],"collection":[{"href":"http:\/\/rekongem.hu\/index.php?rest_route=\/wp\/v2\/product"}],"about":[{"href":"http:\/\/rekongem.hu\/index.php?rest_route=\/wp\/v2\/types\/product"}],"wp:featuredmedia":[{"embeddable":true,"href":"http:\/\/rekongem.hu\/index.php?rest_route=\/wp\/v2\/media\/2496"}],"wp:attachment":[{"href":"http:\/\/rekongem.hu\/index.php?rest_route=%2Fwp%2Fv2%2Fmedia&parent=1801"}],"wp:term":[{"taxonomy":"product_cat","embeddable":true,"href":"http:\/\/rekongem.hu\/index.php?rest_route=%2Fwp%2Fv2%2Fproduct_cat&post=1801"},{"taxonomy":"product_tag","embeddable":true,"href":"http:\/\/rekongem.hu\/index.php?rest_route=%2Fwp%2Fv2%2Fproduct_tag&post=1801"}],"curies":[{"name":"wp","href":"https:\/\/api.w.org\/{rel}","templated":true}]}}