{"id":1799,"date":"2019-04-05T18:56:48","date_gmt":"2019-04-05T18:56:48","guid":{"rendered":"http:\/\/rekongem.hu\/?post_type=product&#038;p=1799"},"modified":"2025-06-21T17:35:10","modified_gmt":"2025-06-21T17:35:10","slug":"lady-stella-csipkebogyo-rugalmasito-masszazskrem-500ml","status":"publish","type":"product","link":"http:\/\/rekongem.hu\/?product=lady-stella-csipkebogyo-rugalmasito-masszazskrem-500ml","title":{"rendered":"Lady STELLA Csipkebogy\u00f3 Rugalmas\u00edt\u00f3 Massz\u00e1zskr\u00e9m 500 ml"},"content":{"rendered":"<h3>Lady Stella\u00a0Csipkebogy\u00f3\u00a0Rugalmas\u00edt\u00f3 massz\u00e1zskr\u00e9m C+E vitaminnal<\/h3>\n<p>Kiszerel\u00e9s: 500ml<\/p>\n<p>Csipkebogy\u00f3 kivonatot, E-vitamint \u00e9s allantoint tartalmaz\u00f3, t\u00e1pl\u00e1l\u00f3 hat\u00e1s\u00fa massz\u00e1zskr\u00e9m f\u00e1radt r\u00e1ncosod\u00e1sra hajlamos b\u0151r massz\u00edroz\u00e1s\u00e1hoz. Testre,\u00a0arcra egyar\u00e1nt aj\u00e1nlott.\u00a0E-vitamin tartalma seg\u00edti a szabadgy\u00f6k\u00f6k megk\u00f6t\u00e9s\u00e9t, k\u00e9slelteti a b\u0151r \u00f6reged\u00e9s\u00e9t. Az allantoin stimul\u00e1lja a sejtek meg\u00fajul\u00e1s\u00e1t, intenz\u00edven regener\u00e1l \u00e9s hidrat\u00e1l. Az elasztinnak k\u00f6sz\u00f6nhet\u0151en a b\u0151r visszanyeri rugalmass\u00e1g\u00e1t, feszess\u00e9g\u00e9t.<\/p>\n<p><em>A csipkebogy\u00f3 igazi C-vitamin bomba a b\u0151r sz\u00e1m\u00e1ra. Gazdag term\u00e9szetes C-vitaminban \u00e9s egy\u00e9b vitaminokban (B1-, B2-, K-, P), \u00e1sv\u00e1nyi anyagokban, nyomelemekben \u00e9s bioflavonoidokban. Fontos szerepet j\u00e1tszik a kollag\u00e9n termel\u00e9sben, szab\u00e1lyozza a b\u0151r oxid\u00e1ci\u00f3s folyamatait, k\u00e9slelteti a b\u0151r \u00f6reged\u00e9s\u00e9t. Antioxid\u00e1ns hat\u00e1sa r\u00e9v\u00e9n megk\u00f6ti a szabadgy\u00f6k\u00f6ket, v\u00e9di a b\u0151rt a k\u00e1ros k\u00f6rnyezeti hat\u00e1sok ellen. A csipkebogy\u00f3 10-szer t\u00f6bb term\u00e9szetes C-vitamint tartalmaz, mint b\u00e1rmelyik m\u00e1sik citrus gy\u00fcm\u00f6lcs!<\/em><\/p>\n<p><strong>Haszn\u00e1lata:<\/strong>\u00a0A massz\u00edrozni k\u00edv\u00e1nt\u00a0 a megfelel\u0151 mennyis\u00e9g\u0171 massz\u00e1zskr\u00e9mmel kenje be, majd sim\u00edt\u00f3 mozdulatokkal massz\u00edrozza a b\u0151rbe.<\/p>\n","protected":false},"excerpt":{"rendered":"<h3>Lady Stella\u00a0Csipkebogy\u00f3\u00a0Rugalmas\u00edt\u00f3 massz\u00e1zskr\u00e9m C+E vitaminnal<\/h3>\n<p>Kiszerel\u00e9s: 500ml<\/p>\n<p>Csipkebogy\u00f3 kivonatot, E-vitamint \u00e9s allantoint tartalmaz\u00f3, t\u00e1pl\u00e1l\u00f3 hat\u00e1s\u00fa massz\u00e1zskr\u00e9m f\u00e1radt r\u00e1ncosod\u00e1sra hajlamos b\u0151r massz\u00edroz\u00e1s\u00e1hoz. Testre,\u00a0arcra egyar\u00e1nt aj\u00e1nlott.\u00a0E-vitamin tartalma seg\u00edti a szabadgy\u00f6k\u00f6k megk\u00f6t\u00e9s\u00e9t, k\u00e9slelteti a b\u0151r \u00f6reged\u00e9s\u00e9t. Az allantoin stimul\u00e1lja a sejtek meg\u00fajul\u00e1s\u00e1t, intenz\u00edven regener\u00e1l \u00e9s hidrat\u00e1l. Az elasztinnak k\u00f6sz\u00f6nhet\u0151en a b\u0151r visszanyeri rugalmass\u00e1g\u00e1t, feszess\u00e9g\u00e9t.<\/p>\n<p><em>A csipkebogy\u00f3 igazi C-vitamin bomba a b\u0151r sz\u00e1m\u00e1ra. Gazdag term\u00e9szetes C-vitaminban \u00e9s egy\u00e9b vitaminokban (B1-, B2-, K-, P), \u00e1sv\u00e1nyi anyagokban, nyomelemekben \u00e9s bioflavonoidokban. Fontos szerepet j\u00e1tszik a kollag\u00e9n termel\u00e9sben, szab\u00e1lyozza a b\u0151r oxid\u00e1ci\u00f3s folyamatait, k\u00e9slelteti a b\u0151r \u00f6reged\u00e9s\u00e9t. Antioxid\u00e1ns hat\u00e1sa r\u00e9v\u00e9n megk\u00f6ti a szabadgy\u00f6k\u00f6ket, v\u00e9di a b\u0151rt a k\u00e1ros k\u00f6rnyezeti hat\u00e1sok ellen. A csipkebogy\u00f3 10-szer t\u00f6bb term\u00e9szetes C-vitamint tartalmaz, mint b\u00e1rmelyik m\u00e1sik citrus gy\u00fcm\u00f6lcs!<\/em><\/p>\n<p><strong>Haszn\u00e1lata:<\/strong>\u00a0A massz\u00edrozni k\u00edv\u00e1nt\u00a0 a megfelel\u0151 mennyis\u00e9g\u0171 massz\u00e1zskr\u00e9mmel kenje be, majd sim\u00edt\u00f3 mozdulatokkal massz\u00edrozza a b\u0151rbe.<\/p>\n","protected":false},"featured_media":2497,"template":"","meta":[],"product_cat":[6,23,92],"product_tag":[327,323,11,325],"yoast_head":"<!-- This site is optimized with the Yoast SEO plugin v17.4 - https:\/\/yoast.com\/wordpress\/plugins\/seo\/ -->\n<title>Lady STELLA Csipkebogy\u00f3 Rugalmas\u00edt\u00f3 Massz\u00e1zskr\u00e9m 500 ml - Emspoma webshop<\/title>\n<meta name=\"robots\" content=\"index, follow, max-snippet:-1, max-image-preview:large, max-video-preview:-1\" \/>\n<link rel=\"canonical\" href=\"http:\/\/rekongem.hu\/?product=lady-stella-csipkebogyo-rugalmasito-masszazskrem-500ml\" \/>\n<meta property=\"og:locale\" content=\"hu_HU\" \/>\n<meta property=\"og:type\" content=\"article\" \/>\n<meta property=\"og:title\" content=\"Lady STELLA Csipkebogy\u00f3 Rugalmas\u00edt\u00f3 Massz\u00e1zskr\u00e9m 500 ml - Emspoma webshop\" \/>\n<meta property=\"og:description\" content=\"Lady Stella\u00a0Csipkebogy\u00f3\u00a0Rugalmas\u00edt\u00f3 massz\u00e1zskr\u00e9m C+E vitaminnal Kiszerel\u00e9s: 500ml  Csipkebogy\u00f3 kivonatot, E-vitamint \u00e9s allantoint tartalmaz\u00f3, t\u00e1pl\u00e1l\u00f3 hat\u00e1s\u00fa massz\u00e1zskr\u00e9m f\u00e1radt r\u00e1ncosod\u00e1sra hajlamos b\u0151r massz\u00edroz\u00e1s\u00e1hoz. Testre,\u00a0arcra egyar\u00e1nt aj\u00e1nlott.\u00a0E-vitamin tartalma seg\u00edti a szabadgy\u00f6k\u00f6k megk\u00f6t\u00e9s\u00e9t, k\u00e9slelteti a b\u0151r \u00f6reged\u00e9s\u00e9t. Az allantoin stimul\u00e1lja a sejtek meg\u00fajul\u00e1s\u00e1t, intenz\u00edven regener\u00e1l \u00e9s hidrat\u00e1l. Az elasztinnak k\u00f6sz\u00f6nhet\u0151en a b\u0151r visszanyeri rugalmass\u00e1g\u00e1t, feszess\u00e9g\u00e9t.  A csipkebogy\u00f3 igazi C-vitamin bomba a b\u0151r sz\u00e1m\u00e1ra. Gazdag term\u00e9szetes C-vitaminban \u00e9s egy\u00e9b vitaminokban (B1-, B2-, K-, P), \u00e1sv\u00e1nyi anyagokban, nyomelemekben \u00e9s bioflavonoidokban. Fontos szerepet j\u00e1tszik a kollag\u00e9n termel\u00e9sben, szab\u00e1lyozza a b\u0151r oxid\u00e1ci\u00f3s folyamatait, k\u00e9slelteti a b\u0151r \u00f6reged\u00e9s\u00e9t. Antioxid\u00e1ns hat\u00e1sa r\u00e9v\u00e9n megk\u00f6ti a szabadgy\u00f6k\u00f6ket, v\u00e9di a b\u0151rt a k\u00e1ros k\u00f6rnyezeti hat\u00e1sok ellen. A csipkebogy\u00f3 10-szer t\u00f6bb term\u00e9szetes C-vitamint tartalmaz, mint b\u00e1rmelyik m\u00e1sik citrus gy\u00fcm\u00f6lcs!  Haszn\u00e1lata:\u00a0A massz\u00edrozni k\u00edv\u00e1nt\u00a0 a megfelel\u0151 mennyis\u00e9g\u0171 massz\u00e1zskr\u00e9mmel kenje be, majd sim\u00edt\u00f3 mozdulatokkal massz\u00edrozza a b\u0151rbe.\" \/>\n<meta property=\"og:url\" content=\"http:\/\/rekongem.hu\/?product=lady-stella-csipkebogyo-rugalmasito-masszazskrem-500ml\" \/>\n<meta property=\"og:site_name\" content=\"Emspoma webshop\" \/>\n<meta property=\"article:publisher\" content=\"https:\/\/www.facebook.com\/masszazsbirodalom\/\" \/>\n<meta property=\"article:modified_time\" content=\"2025-06-21T17:35:10+00:00\" \/>\n<meta property=\"og:image\" content=\"http:\/\/rekongem.hu\/wp-content\/uploads\/2019\/04\/Lady-Stella-CSIPKEBOGY\u00d3-Rugalmas\u00edt\u00f3-massz\u00e1zskr\u00e9m-500ml-1.jpg\" \/>\n\t<meta property=\"og:image:width\" content=\"400\" \/>\n\t<meta property=\"og:image:height\" content=\"400\" \/>\n<meta name=\"twitter:card\" content=\"summary\" \/>\n<meta name=\"twitter:site\" content=\"@masszazs_bir\" \/>\n<meta name=\"twitter:label1\" content=\"Becs\u00fclt olvas\u00e1si id\u0151\" \/>\n\t<meta name=\"twitter:data1\" content=\"1 perc\" \/>\n<script type=\"application\/ld+json\" class=\"yoast-schema-graph\">{\"@context\":\"https:\/\/schema.org\",\"@graph\":[{\"@type\":\"WebSite\",\"@id\":\"http:\/\/rekongem.hu\/#website\",\"url\":\"http:\/\/rekongem.hu\/\",\"name\":\"Emspoma webshop\",\"description\":\"\",\"potentialAction\":[{\"@type\":\"SearchAction\",\"target\":{\"@type\":\"EntryPoint\",\"urlTemplate\":\"http:\/\/rekongem.hu\/?s={search_term_string}\"},\"query-input\":\"required name=search_term_string\"}],\"inLanguage\":\"hu\"},{\"@type\":\"ImageObject\",\"@id\":\"http:\/\/rekongem.hu\/?product=lady-stella-csipkebogyo-rugalmasito-masszazskrem-500ml#primaryimage\",\"inLanguage\":\"hu\",\"url\":\"http:\/\/rekongem.hu\/wp-content\/uploads\/2019\/04\/Lady-Stella-CSIPKEBOGY\\u00d3-Rugalmas\\u00edt\\u00f3-massz\\u00e1zskr\\u00e9m-500ml-1.jpg\",\"contentUrl\":\"http:\/\/rekongem.hu\/wp-content\/uploads\/2019\/04\/Lady-Stella-CSIPKEBOGY\\u00d3-Rugalmas\\u00edt\\u00f3-massz\\u00e1zskr\\u00e9m-500ml-1.jpg\",\"width\":400,\"height\":400,\"caption\":\"Lady Stella CSIPKEBOGY\\u00d3 Rugalmas\\u00edt\\u00f3 massz\\u00e1zskr\\u00e9m 500ml\"},{\"@type\":\"WebPage\",\"@id\":\"http:\/\/rekongem.hu\/?product=lady-stella-csipkebogyo-rugalmasito-masszazskrem-500ml#webpage\",\"url\":\"http:\/\/rekongem.hu\/?product=lady-stella-csipkebogyo-rugalmasito-masszazskrem-500ml\",\"name\":\"Lady STELLA Csipkebogy\\u00f3 Rugalmas\\u00edt\\u00f3 Massz\\u00e1zskr\\u00e9m 500 ml - Emspoma webshop\",\"isPartOf\":{\"@id\":\"http:\/\/rekongem.hu\/#website\"},\"primaryImageOfPage\":{\"@id\":\"http:\/\/rekongem.hu\/?product=lady-stella-csipkebogyo-rugalmasito-masszazskrem-500ml#primaryimage\"},\"datePublished\":\"2019-04-05T18:56:48+00:00\",\"dateModified\":\"2025-06-21T17:35:10+00:00\",\"breadcrumb\":{\"@id\":\"http:\/\/rekongem.hu\/?product=lady-stella-csipkebogyo-rugalmasito-masszazskrem-500ml#breadcrumb\"},\"inLanguage\":\"hu\",\"potentialAction\":[{\"@type\":\"ReadAction\",\"target\":[\"http:\/\/rekongem.hu\/?product=lady-stella-csipkebogyo-rugalmasito-masszazskrem-500ml\"]}]},{\"@type\":\"BreadcrumbList\",\"@id\":\"http:\/\/rekongem.hu\/?product=lady-stella-csipkebogyo-rugalmasito-masszazskrem-500ml#breadcrumb\",\"itemListElement\":[{\"@type\":\"ListItem\",\"position\":1,\"name\":\"Home\",\"item\":\"http:\/\/rekongem.hu\/\"},{\"@type\":\"ListItem\",\"position\":2,\"name\":\"\\u00dczlet\",\"item\":\"http:\/\/rekongem.hu\/?page_id=4\"},{\"@type\":\"ListItem\",\"position\":3,\"name\":\"Lady STELLA Csipkebogy\\u00f3 Rugalmas\\u00edt\\u00f3 Massz\\u00e1zskr\\u00e9m 500 ml\"}]}]}<\/script>\n<!-- \/ Yoast SEO plugin. -->","yoast_head_json":{"title":"Lady STELLA Csipkebogy\u00f3 Rugalmas\u00edt\u00f3 Massz\u00e1zskr\u00e9m 500 ml - Emspoma webshop","robots":{"index":"index","follow":"follow","max-snippet":"max-snippet:-1","max-image-preview":"max-image-preview:large","max-video-preview":"max-video-preview:-1"},"canonical":"http:\/\/rekongem.hu\/?product=lady-stella-csipkebogyo-rugalmasito-masszazskrem-500ml","og_locale":"hu_HU","og_type":"article","og_title":"Lady STELLA Csipkebogy\u00f3 Rugalmas\u00edt\u00f3 Massz\u00e1zskr\u00e9m 500 ml - Emspoma webshop","og_description":"Lady Stella\u00a0Csipkebogy\u00f3\u00a0Rugalmas\u00edt\u00f3 massz\u00e1zskr\u00e9m C+E vitaminnal Kiszerel\u00e9s: 500ml  Csipkebogy\u00f3 kivonatot, E-vitamint \u00e9s allantoint tartalmaz\u00f3, t\u00e1pl\u00e1l\u00f3 hat\u00e1s\u00fa massz\u00e1zskr\u00e9m f\u00e1radt r\u00e1ncosod\u00e1sra hajlamos b\u0151r massz\u00edroz\u00e1s\u00e1hoz. Testre,\u00a0arcra egyar\u00e1nt aj\u00e1nlott.\u00a0E-vitamin tartalma seg\u00edti a szabadgy\u00f6k\u00f6k megk\u00f6t\u00e9s\u00e9t, k\u00e9slelteti a b\u0151r \u00f6reged\u00e9s\u00e9t. Az allantoin stimul\u00e1lja a sejtek meg\u00fajul\u00e1s\u00e1t, intenz\u00edven regener\u00e1l \u00e9s hidrat\u00e1l. Az elasztinnak k\u00f6sz\u00f6nhet\u0151en a b\u0151r visszanyeri rugalmass\u00e1g\u00e1t, feszess\u00e9g\u00e9t.  A csipkebogy\u00f3 igazi C-vitamin bomba a b\u0151r sz\u00e1m\u00e1ra. Gazdag term\u00e9szetes C-vitaminban \u00e9s egy\u00e9b vitaminokban (B1-, B2-, K-, P), \u00e1sv\u00e1nyi anyagokban, nyomelemekben \u00e9s bioflavonoidokban. Fontos szerepet j\u00e1tszik a kollag\u00e9n termel\u00e9sben, szab\u00e1lyozza a b\u0151r oxid\u00e1ci\u00f3s folyamatait, k\u00e9slelteti a b\u0151r \u00f6reged\u00e9s\u00e9t. Antioxid\u00e1ns hat\u00e1sa r\u00e9v\u00e9n megk\u00f6ti a szabadgy\u00f6k\u00f6ket, v\u00e9di a b\u0151rt a k\u00e1ros k\u00f6rnyezeti hat\u00e1sok ellen. A csipkebogy\u00f3 10-szer t\u00f6bb term\u00e9szetes C-vitamint tartalmaz, mint b\u00e1rmelyik m\u00e1sik citrus gy\u00fcm\u00f6lcs!  Haszn\u00e1lata:\u00a0A massz\u00edrozni k\u00edv\u00e1nt\u00a0 a megfelel\u0151 mennyis\u00e9g\u0171 massz\u00e1zskr\u00e9mmel kenje be, majd sim\u00edt\u00f3 mozdulatokkal massz\u00edrozza a b\u0151rbe.","og_url":"http:\/\/rekongem.hu\/?product=lady-stella-csipkebogyo-rugalmasito-masszazskrem-500ml","og_site_name":"Emspoma webshop","article_publisher":"https:\/\/www.facebook.com\/masszazsbirodalom\/","article_modified_time":"2025-06-21T17:35:10+00:00","og_image":[{"width":400,"height":400,"url":"http:\/\/rekongem.hu\/wp-content\/uploads\/2019\/04\/Lady-Stella-CSIPKEBOGY\u00d3-Rugalmas\u00edt\u00f3-massz\u00e1zskr\u00e9m-500ml-1.jpg","type":"image\/jpeg"}],"twitter_card":"summary","twitter_site":"@masszazs_bir","twitter_misc":{"Becs\u00fclt olvas\u00e1si id\u0151":"1 perc"},"schema":{"@context":"https:\/\/schema.org","@graph":[{"@type":"WebSite","@id":"http:\/\/rekongem.hu\/#website","url":"http:\/\/rekongem.hu\/","name":"Emspoma webshop","description":"","potentialAction":[{"@type":"SearchAction","target":{"@type":"EntryPoint","urlTemplate":"http:\/\/rekongem.hu\/?s={search_term_string}"},"query-input":"required name=search_term_string"}],"inLanguage":"hu"},{"@type":"ImageObject","@id":"http:\/\/rekongem.hu\/?product=lady-stella-csipkebogyo-rugalmasito-masszazskrem-500ml#primaryimage","inLanguage":"hu","url":"http:\/\/rekongem.hu\/wp-content\/uploads\/2019\/04\/Lady-Stella-CSIPKEBOGY\u00d3-Rugalmas\u00edt\u00f3-massz\u00e1zskr\u00e9m-500ml-1.jpg","contentUrl":"http:\/\/rekongem.hu\/wp-content\/uploads\/2019\/04\/Lady-Stella-CSIPKEBOGY\u00d3-Rugalmas\u00edt\u00f3-massz\u00e1zskr\u00e9m-500ml-1.jpg","width":400,"height":400,"caption":"Lady Stella CSIPKEBOGY\u00d3 Rugalmas\u00edt\u00f3 massz\u00e1zskr\u00e9m 500ml"},{"@type":"WebPage","@id":"http:\/\/rekongem.hu\/?product=lady-stella-csipkebogyo-rugalmasito-masszazskrem-500ml#webpage","url":"http:\/\/rekongem.hu\/?product=lady-stella-csipkebogyo-rugalmasito-masszazskrem-500ml","name":"Lady STELLA Csipkebogy\u00f3 Rugalmas\u00edt\u00f3 Massz\u00e1zskr\u00e9m 500 ml - Emspoma webshop","isPartOf":{"@id":"http:\/\/rekongem.hu\/#website"},"primaryImageOfPage":{"@id":"http:\/\/rekongem.hu\/?product=lady-stella-csipkebogyo-rugalmasito-masszazskrem-500ml#primaryimage"},"datePublished":"2019-04-05T18:56:48+00:00","dateModified":"2025-06-21T17:35:10+00:00","breadcrumb":{"@id":"http:\/\/rekongem.hu\/?product=lady-stella-csipkebogyo-rugalmasito-masszazskrem-500ml#breadcrumb"},"inLanguage":"hu","potentialAction":[{"@type":"ReadAction","target":["http:\/\/rekongem.hu\/?product=lady-stella-csipkebogyo-rugalmasito-masszazskrem-500ml"]}]},{"@type":"BreadcrumbList","@id":"http:\/\/rekongem.hu\/?product=lady-stella-csipkebogyo-rugalmasito-masszazskrem-500ml#breadcrumb","itemListElement":[{"@type":"ListItem","position":1,"name":"Home","item":"http:\/\/rekongem.hu\/"},{"@type":"ListItem","position":2,"name":"\u00dczlet","item":"http:\/\/rekongem.hu\/?page_id=4"},{"@type":"ListItem","position":3,"name":"Lady STELLA Csipkebogy\u00f3 Rugalmas\u00edt\u00f3 Massz\u00e1zskr\u00e9m 500 ml"}]}]}},"_links":{"self":[{"href":"http:\/\/rekongem.hu\/index.php?rest_route=\/wp\/v2\/product\/1799"}],"collection":[{"href":"http:\/\/rekongem.hu\/index.php?rest_route=\/wp\/v2\/product"}],"about":[{"href":"http:\/\/rekongem.hu\/index.php?rest_route=\/wp\/v2\/types\/product"}],"wp:featuredmedia":[{"embeddable":true,"href":"http:\/\/rekongem.hu\/index.php?rest_route=\/wp\/v2\/media\/2497"}],"wp:attachment":[{"href":"http:\/\/rekongem.hu\/index.php?rest_route=%2Fwp%2Fv2%2Fmedia&parent=1799"}],"wp:term":[{"taxonomy":"product_cat","embeddable":true,"href":"http:\/\/rekongem.hu\/index.php?rest_route=%2Fwp%2Fv2%2Fproduct_cat&post=1799"},{"taxonomy":"product_tag","embeddable":true,"href":"http:\/\/rekongem.hu\/index.php?rest_route=%2Fwp%2Fv2%2Fproduct_tag&post=1799"}],"curies":[{"name":"wp","href":"https:\/\/api.w.org\/{rel}","templated":true}]}}