{"id":1794,"date":"2019-04-01T19:24:58","date_gmt":"2019-04-01T19:24:58","guid":{"rendered":"http:\/\/rekongem.hu\/?post_type=product&#038;p=1794"},"modified":"2025-06-21T17:34:36","modified_gmt":"2025-06-21T17:34:36","slug":"lady-stella-cavicomplex-kavitacios-ultrahang-gel-1000ml","status":"publish","type":"product","link":"http:\/\/rekongem.hu\/?product=lady-stella-cavicomplex-kavitacios-ultrahang-gel-1000ml","title":{"rendered":"Lady STELLA Cavicomplex Slim Contour Zs\u00edrbont\u00f3 Ultrahang G\u00e9l 1000 ml"},"content":{"rendered":"<p>Kavit\u00e1ci\u00f3s alakform\u00e1l\u00f3 testkezel\u00e9s:<\/p>\n<p>Az ultrahangos kavit\u00e1ci\u00f3 a korszer\u0171 sz\u00e9p\u00edt\u00e9szeti elj\u00e1r\u00e1sok egyik leghat\u00e9konyabb \u00e9s leg\u00fajabb v\u00edvm\u00e1nya. A kavit\u00e1ci\u00f3s zs\u00edrbont\u00e1s egy teljesen f\u00e1jdalommentes alakform\u00e1l\u00f3 beavatkoz\u00e1s. hihetetlen\u00fcl l\u00e1tv\u00e1nyos \u00e9s gyors,centikben m\u00e9rhet\u0151 v\u00e9geredm\u00e9nnyel.<\/p>\n<p>Lady Stella CaviComplex Slim Contour Zs\u00edrbont\u00f3 ultrahang g\u00e9l 1000ml kavit\u00e1ci\u00f3s \u00e9s ultrahangos alakform\u00e1l\u00f3 kezel\u00e9sekhez ginkgo biloba kivonattal<\/p>\n<p>Ginkgo biloba akt\u00edv \u00f6sszetev\u0151ivel d\u00fas\u00edtott g\u00e9l, mely hat\u00e9konyan tov\u00e1bb\u00edtja az ultrahang hull\u00e1mokat a g\u00e9lben lev\u0151 hat\u00f3anyagokkal egy\u00fctt, hogy azok m\u00e9lyen a sz\u00f6vetek belsej\u00e9ben fejts\u00e9k ki hat\u00e1sukat.<br \/>\nA g\u00e9llel t\u00f6rt\u00e9n\u0151 zs\u00edrbont\u00f3 kavit\u00e1ci\u00f3s vagy ultrahangos kezel\u00e9s tart\u00f3san megszabad\u00edt a felhalmozott zs\u00edrsz\u00f6vetekt\u0151l, feszes\u00edti a k\u00f6t\u0151sz\u00f6vetet, kezeli a cellulitot, form\u00e1lja az alakot.<br \/>\nA ginkgo bilob\u00e1ban tal\u00e1lhat\u00f3 flavonoidok hat\u00e1sa miatt a g\u00e9l biztos\u00edtja a b\u0151r \u00e9s az izmok j\u00f3 v\u00e9rell\u00e1t\u00e1s\u00e1t, fokozza az anyagcser\u00e9t, ami a boml\u00e1sterm\u00e9kek szervezetb\u0151l val\u00f3 t\u00e1voz\u00e1s\u00e1t seg\u00edti.<\/p>\n<p>Nem tapad, nyugtat\u00f3, \u00e1pol\u00f3 \u00e9s nedvess\u00e9gmegtart\u00f3 hat\u00e1s\u00fa, nem irrit\u00e1l.<\/p>\n<p>Professzion\u00e1lis haszn\u00e1latra!<\/p>\n<p>Haszn\u00e1lati tan\u00e1cs: a b\u0151rrad\u00edrral letiszt\u00edtott b\u0151rfel\u00fcletre vigyen fel b\u0151s\u00e9ges mennyis\u00e9gben ultrahang kontaktg\u00e9lt, majd mozgassa k\u00f6rk\u00f6r\u00f6sen a kozmetikai g\u00e9p kezel\u0151fej\u00e9t a kezelt ter\u00fcleten, folyamatosan kontaktust tartva a b\u0151rrel. A kezel\u00e9s sor\u00e1n a kontaktg\u00e9l folyamatos ut\u00e1np\u00f3tl\u00e1sa sz\u00fcks\u00e9ges.<\/p>\n","protected":false},"excerpt":{"rendered":"<p>Kavit\u00e1ci\u00f3s alakform\u00e1l\u00f3 testkezel\u00e9s:<\/p>\n<p>Az ultrahangos kavit\u00e1ci\u00f3 a korszer\u0171 sz\u00e9p\u00edt\u00e9szeti elj\u00e1r\u00e1sok egyik leghat\u00e9konyabb \u00e9s leg\u00fajabb v\u00edvm\u00e1nya. A kavit\u00e1ci\u00f3s zs\u00edrbont\u00e1s egy teljesen f\u00e1jdalommentes alakform\u00e1l\u00f3 beavatkoz\u00e1s. hihetetlen\u00fcl l\u00e1tv\u00e1nyos \u00e9s gyors,centikben m\u00e9rhet\u0151 v\u00e9geredm\u00e9nnyel.<\/p>\n<p>Lady Stella CaviComplex Slim Contour Zs\u00edrbont\u00f3 ultrahang g\u00e9l 1000ml kavit\u00e1ci\u00f3s \u00e9s ultrahangos alakform\u00e1l\u00f3 kezel\u00e9sekhez ginkgo biloba kivonattal<\/p>\n<p>Ginkgo biloba akt\u00edv \u00f6sszetev\u0151ivel d\u00fas\u00edtott g\u00e9l, mely hat\u00e9konyan tov\u00e1bb\u00edtja az ultrahang hull\u00e1mokat a g\u00e9lben lev\u0151 hat\u00f3anyagokkal egy\u00fctt, hogy azok m\u00e9lyen a sz\u00f6vetek belsej\u00e9ben fejts\u00e9k ki hat\u00e1sukat.<br \/>\nA g\u00e9llel t\u00f6rt\u00e9n\u0151 zs\u00edrbont\u00f3 kavit\u00e1ci\u00f3s vagy ultrahangos kezel\u00e9s tart\u00f3san megszabad\u00edt a felhalmozott zs\u00edrsz\u00f6vetekt\u0151l, feszes\u00edti a k\u00f6t\u0151sz\u00f6vetet, kezeli a cellulitot, form\u00e1lja az alakot.<br \/>\nA ginkgo bilob\u00e1ban tal\u00e1lhat\u00f3 flavonoidok hat\u00e1sa miatt a g\u00e9l biztos\u00edtja a b\u0151r \u00e9s az izmok j\u00f3 v\u00e9rell\u00e1t\u00e1s\u00e1t, fokozza az anyagcser\u00e9t, ami a boml\u00e1sterm\u00e9kek szervezetb\u0151l val\u00f3 t\u00e1voz\u00e1s\u00e1t seg\u00edti.<\/p>\n<p>Nem tapad, nyugtat\u00f3, \u00e1pol\u00f3 \u00e9s nedvess\u00e9gmegtart\u00f3 hat\u00e1s\u00fa, nem irrit\u00e1l.<\/p>\n<p>Professzion\u00e1lis haszn\u00e1latra!<\/p>\n<p>Haszn\u00e1lati tan\u00e1cs: a b\u0151rrad\u00edrral letiszt\u00edtott b\u0151rfel\u00fcletre vigyen fel b\u0151s\u00e9ges mennyis\u00e9gben ultrahang kontaktg\u00e9lt, majd mozgassa k\u00f6rk\u00f6r\u00f6sen a kozmetikai g\u00e9p kezel\u0151fej\u00e9t a kezelt ter\u00fcleten, folyamatosan kontaktust tartva a b\u0151rrel. A kezel\u00e9s sor\u00e1n a kontaktg\u00e9l folyamatos ut\u00e1np\u00f3tl\u00e1sa sz\u00fcks\u00e9ges.<\/p>\n","protected":false},"featured_media":2499,"template":"","meta":[],"product_cat":[61,92],"product_tag":[90,323,326],"yoast_head":"<!-- This site is optimized with the Yoast SEO plugin v17.4 - https:\/\/yoast.com\/wordpress\/plugins\/seo\/ -->\n<title>Lady STELLA Cavicomplex Slim Contour Zs\u00edrbont\u00f3 Ultrahang G\u00e9l 1000 ml - Emspoma webshop<\/title>\n<meta name=\"robots\" content=\"index, follow, max-snippet:-1, max-image-preview:large, max-video-preview:-1\" \/>\n<link rel=\"canonical\" href=\"http:\/\/rekongem.hu\/?product=lady-stella-cavicomplex-kavitacios-ultrahang-gel-1000ml\" \/>\n<meta property=\"og:locale\" content=\"hu_HU\" \/>\n<meta property=\"og:type\" content=\"article\" \/>\n<meta property=\"og:title\" content=\"Lady STELLA Cavicomplex Slim Contour Zs\u00edrbont\u00f3 Ultrahang G\u00e9l 1000 ml - Emspoma webshop\" \/>\n<meta property=\"og:description\" content=\"Kavit\u00e1ci\u00f3s alakform\u00e1l\u00f3 testkezel\u00e9s:  Az ultrahangos kavit\u00e1ci\u00f3 a korszer\u0171 sz\u00e9p\u00edt\u00e9szeti elj\u00e1r\u00e1sok egyik leghat\u00e9konyabb \u00e9s leg\u00fajabb v\u00edvm\u00e1nya. A kavit\u00e1ci\u00f3s zs\u00edrbont\u00e1s egy teljesen f\u00e1jdalommentes alakform\u00e1l\u00f3 beavatkoz\u00e1s. hihetetlen\u00fcl l\u00e1tv\u00e1nyos \u00e9s gyors,centikben m\u00e9rhet\u0151 v\u00e9geredm\u00e9nnyel.  Lady Stella CaviComplex Slim Contour Zs\u00edrbont\u00f3 ultrahang g\u00e9l 1000ml kavit\u00e1ci\u00f3s \u00e9s ultrahangos alakform\u00e1l\u00f3 kezel\u00e9sekhez ginkgo biloba kivonattal  Ginkgo biloba akt\u00edv \u00f6sszetev\u0151ivel d\u00fas\u00edtott g\u00e9l, mely hat\u00e9konyan tov\u00e1bb\u00edtja az ultrahang hull\u00e1mokat a g\u00e9lben lev\u0151 hat\u00f3anyagokkal egy\u00fctt, hogy azok m\u00e9lyen a sz\u00f6vetek belsej\u00e9ben fejts\u00e9k ki hat\u00e1sukat. A g\u00e9llel t\u00f6rt\u00e9n\u0151 zs\u00edrbont\u00f3 kavit\u00e1ci\u00f3s vagy ultrahangos kezel\u00e9s tart\u00f3san megszabad\u00edt a felhalmozott zs\u00edrsz\u00f6vetekt\u0151l, feszes\u00edti a k\u00f6t\u0151sz\u00f6vetet, kezeli a cellulitot, form\u00e1lja az alakot. A ginkgo bilob\u00e1ban tal\u00e1lhat\u00f3 flavonoidok hat\u00e1sa miatt a g\u00e9l biztos\u00edtja a b\u0151r \u00e9s az izmok j\u00f3 v\u00e9rell\u00e1t\u00e1s\u00e1t, fokozza az anyagcser\u00e9t, ami a boml\u00e1sterm\u00e9kek szervezetb\u0151l val\u00f3 t\u00e1voz\u00e1s\u00e1t seg\u00edti.  Nem tapad, nyugtat\u00f3, \u00e1pol\u00f3 \u00e9s nedvess\u00e9gmegtart\u00f3 hat\u00e1s\u00fa, nem irrit\u00e1l.  Professzion\u00e1lis haszn\u00e1latra!  Haszn\u00e1lati tan\u00e1cs: a b\u0151rrad\u00edrral letiszt\u00edtott b\u0151rfel\u00fcletre vigyen fel b\u0151s\u00e9ges mennyis\u00e9gben ultrahang kontaktg\u00e9lt, majd mozgassa k\u00f6rk\u00f6r\u00f6sen a kozmetikai g\u00e9p kezel\u0151fej\u00e9t a kezelt ter\u00fcleten, folyamatosan kontaktust tartva a b\u0151rrel. A kezel\u00e9s sor\u00e1n a kontaktg\u00e9l folyamatos ut\u00e1np\u00f3tl\u00e1sa sz\u00fcks\u00e9ges.\" \/>\n<meta property=\"og:url\" content=\"http:\/\/rekongem.hu\/?product=lady-stella-cavicomplex-kavitacios-ultrahang-gel-1000ml\" \/>\n<meta property=\"og:site_name\" content=\"Emspoma webshop\" \/>\n<meta property=\"article:publisher\" content=\"https:\/\/www.facebook.com\/masszazsbirodalom\/\" \/>\n<meta property=\"article:modified_time\" content=\"2025-06-21T17:34:36+00:00\" \/>\n<meta property=\"og:image\" content=\"http:\/\/rekongem.hu\/wp-content\/uploads\/2019\/04\/Lady-Stella-CaviComplex-kavit\u00e1ci\u00f3s-ultrahang-g\u00e9l-1000ml-1.jpg\" \/>\n\t<meta property=\"og:image:width\" content=\"400\" \/>\n\t<meta property=\"og:image:height\" content=\"400\" \/>\n<meta name=\"twitter:card\" content=\"summary\" \/>\n<meta name=\"twitter:site\" content=\"@masszazs_bir\" \/>\n<meta name=\"twitter:label1\" content=\"Becs\u00fclt olvas\u00e1si id\u0151\" \/>\n\t<meta name=\"twitter:data1\" content=\"1 perc\" \/>\n<script type=\"application\/ld+json\" class=\"yoast-schema-graph\">{\"@context\":\"https:\/\/schema.org\",\"@graph\":[{\"@type\":\"WebSite\",\"@id\":\"http:\/\/rekongem.hu\/#website\",\"url\":\"http:\/\/rekongem.hu\/\",\"name\":\"Emspoma webshop\",\"description\":\"\",\"potentialAction\":[{\"@type\":\"SearchAction\",\"target\":{\"@type\":\"EntryPoint\",\"urlTemplate\":\"http:\/\/rekongem.hu\/?s={search_term_string}\"},\"query-input\":\"required name=search_term_string\"}],\"inLanguage\":\"hu\"},{\"@type\":\"ImageObject\",\"@id\":\"http:\/\/rekongem.hu\/?product=lady-stella-cavicomplex-kavitacios-ultrahang-gel-1000ml#primaryimage\",\"inLanguage\":\"hu\",\"url\":\"http:\/\/rekongem.hu\/wp-content\/uploads\/2019\/04\/Lady-Stella-CaviComplex-kavit\\u00e1ci\\u00f3s-ultrahang-g\\u00e9l-1000ml-1.jpg\",\"contentUrl\":\"http:\/\/rekongem.hu\/wp-content\/uploads\/2019\/04\/Lady-Stella-CaviComplex-kavit\\u00e1ci\\u00f3s-ultrahang-g\\u00e9l-1000ml-1.jpg\",\"width\":400,\"height\":400,\"caption\":\"Lady Stella CaviComplex kavit\\u00e1ci\\u00f3s ultrahang g\\u00e9l 1000ml\"},{\"@type\":\"WebPage\",\"@id\":\"http:\/\/rekongem.hu\/?product=lady-stella-cavicomplex-kavitacios-ultrahang-gel-1000ml#webpage\",\"url\":\"http:\/\/rekongem.hu\/?product=lady-stella-cavicomplex-kavitacios-ultrahang-gel-1000ml\",\"name\":\"Lady STELLA Cavicomplex Slim Contour Zs\\u00edrbont\\u00f3 Ultrahang G\\u00e9l 1000 ml - Emspoma webshop\",\"isPartOf\":{\"@id\":\"http:\/\/rekongem.hu\/#website\"},\"primaryImageOfPage\":{\"@id\":\"http:\/\/rekongem.hu\/?product=lady-stella-cavicomplex-kavitacios-ultrahang-gel-1000ml#primaryimage\"},\"datePublished\":\"2019-04-01T19:24:58+00:00\",\"dateModified\":\"2025-06-21T17:34:36+00:00\",\"breadcrumb\":{\"@id\":\"http:\/\/rekongem.hu\/?product=lady-stella-cavicomplex-kavitacios-ultrahang-gel-1000ml#breadcrumb\"},\"inLanguage\":\"hu\",\"potentialAction\":[{\"@type\":\"ReadAction\",\"target\":[\"http:\/\/rekongem.hu\/?product=lady-stella-cavicomplex-kavitacios-ultrahang-gel-1000ml\"]}]},{\"@type\":\"BreadcrumbList\",\"@id\":\"http:\/\/rekongem.hu\/?product=lady-stella-cavicomplex-kavitacios-ultrahang-gel-1000ml#breadcrumb\",\"itemListElement\":[{\"@type\":\"ListItem\",\"position\":1,\"name\":\"Home\",\"item\":\"http:\/\/rekongem.hu\/\"},{\"@type\":\"ListItem\",\"position\":2,\"name\":\"\\u00dczlet\",\"item\":\"http:\/\/rekongem.hu\/?page_id=4\"},{\"@type\":\"ListItem\",\"position\":3,\"name\":\"Lady STELLA Cavicomplex Slim Contour Zs\\u00edrbont\\u00f3 Ultrahang G\\u00e9l 1000 ml\"}]}]}<\/script>\n<!-- \/ Yoast SEO plugin. -->","yoast_head_json":{"title":"Lady STELLA Cavicomplex Slim Contour Zs\u00edrbont\u00f3 Ultrahang G\u00e9l 1000 ml - Emspoma webshop","robots":{"index":"index","follow":"follow","max-snippet":"max-snippet:-1","max-image-preview":"max-image-preview:large","max-video-preview":"max-video-preview:-1"},"canonical":"http:\/\/rekongem.hu\/?product=lady-stella-cavicomplex-kavitacios-ultrahang-gel-1000ml","og_locale":"hu_HU","og_type":"article","og_title":"Lady STELLA Cavicomplex Slim Contour Zs\u00edrbont\u00f3 Ultrahang G\u00e9l 1000 ml - Emspoma webshop","og_description":"Kavit\u00e1ci\u00f3s alakform\u00e1l\u00f3 testkezel\u00e9s:  Az ultrahangos kavit\u00e1ci\u00f3 a korszer\u0171 sz\u00e9p\u00edt\u00e9szeti elj\u00e1r\u00e1sok egyik leghat\u00e9konyabb \u00e9s leg\u00fajabb v\u00edvm\u00e1nya. A kavit\u00e1ci\u00f3s zs\u00edrbont\u00e1s egy teljesen f\u00e1jdalommentes alakform\u00e1l\u00f3 beavatkoz\u00e1s. hihetetlen\u00fcl l\u00e1tv\u00e1nyos \u00e9s gyors,centikben m\u00e9rhet\u0151 v\u00e9geredm\u00e9nnyel.  Lady Stella CaviComplex Slim Contour Zs\u00edrbont\u00f3 ultrahang g\u00e9l 1000ml kavit\u00e1ci\u00f3s \u00e9s ultrahangos alakform\u00e1l\u00f3 kezel\u00e9sekhez ginkgo biloba kivonattal  Ginkgo biloba akt\u00edv \u00f6sszetev\u0151ivel d\u00fas\u00edtott g\u00e9l, mely hat\u00e9konyan tov\u00e1bb\u00edtja az ultrahang hull\u00e1mokat a g\u00e9lben lev\u0151 hat\u00f3anyagokkal egy\u00fctt, hogy azok m\u00e9lyen a sz\u00f6vetek belsej\u00e9ben fejts\u00e9k ki hat\u00e1sukat. A g\u00e9llel t\u00f6rt\u00e9n\u0151 zs\u00edrbont\u00f3 kavit\u00e1ci\u00f3s vagy ultrahangos kezel\u00e9s tart\u00f3san megszabad\u00edt a felhalmozott zs\u00edrsz\u00f6vetekt\u0151l, feszes\u00edti a k\u00f6t\u0151sz\u00f6vetet, kezeli a cellulitot, form\u00e1lja az alakot. A ginkgo bilob\u00e1ban tal\u00e1lhat\u00f3 flavonoidok hat\u00e1sa miatt a g\u00e9l biztos\u00edtja a b\u0151r \u00e9s az izmok j\u00f3 v\u00e9rell\u00e1t\u00e1s\u00e1t, fokozza az anyagcser\u00e9t, ami a boml\u00e1sterm\u00e9kek szervezetb\u0151l val\u00f3 t\u00e1voz\u00e1s\u00e1t seg\u00edti.  Nem tapad, nyugtat\u00f3, \u00e1pol\u00f3 \u00e9s nedvess\u00e9gmegtart\u00f3 hat\u00e1s\u00fa, nem irrit\u00e1l.  Professzion\u00e1lis haszn\u00e1latra!  Haszn\u00e1lati tan\u00e1cs: a b\u0151rrad\u00edrral letiszt\u00edtott b\u0151rfel\u00fcletre vigyen fel b\u0151s\u00e9ges mennyis\u00e9gben ultrahang kontaktg\u00e9lt, majd mozgassa k\u00f6rk\u00f6r\u00f6sen a kozmetikai g\u00e9p kezel\u0151fej\u00e9t a kezelt ter\u00fcleten, folyamatosan kontaktust tartva a b\u0151rrel. A kezel\u00e9s sor\u00e1n a kontaktg\u00e9l folyamatos ut\u00e1np\u00f3tl\u00e1sa sz\u00fcks\u00e9ges.","og_url":"http:\/\/rekongem.hu\/?product=lady-stella-cavicomplex-kavitacios-ultrahang-gel-1000ml","og_site_name":"Emspoma webshop","article_publisher":"https:\/\/www.facebook.com\/masszazsbirodalom\/","article_modified_time":"2025-06-21T17:34:36+00:00","og_image":[{"width":400,"height":400,"url":"http:\/\/rekongem.hu\/wp-content\/uploads\/2019\/04\/Lady-Stella-CaviComplex-kavit\u00e1ci\u00f3s-ultrahang-g\u00e9l-1000ml-1.jpg","type":"image\/jpeg"}],"twitter_card":"summary","twitter_site":"@masszazs_bir","twitter_misc":{"Becs\u00fclt olvas\u00e1si id\u0151":"1 perc"},"schema":{"@context":"https:\/\/schema.org","@graph":[{"@type":"WebSite","@id":"http:\/\/rekongem.hu\/#website","url":"http:\/\/rekongem.hu\/","name":"Emspoma webshop","description":"","potentialAction":[{"@type":"SearchAction","target":{"@type":"EntryPoint","urlTemplate":"http:\/\/rekongem.hu\/?s={search_term_string}"},"query-input":"required name=search_term_string"}],"inLanguage":"hu"},{"@type":"ImageObject","@id":"http:\/\/rekongem.hu\/?product=lady-stella-cavicomplex-kavitacios-ultrahang-gel-1000ml#primaryimage","inLanguage":"hu","url":"http:\/\/rekongem.hu\/wp-content\/uploads\/2019\/04\/Lady-Stella-CaviComplex-kavit\u00e1ci\u00f3s-ultrahang-g\u00e9l-1000ml-1.jpg","contentUrl":"http:\/\/rekongem.hu\/wp-content\/uploads\/2019\/04\/Lady-Stella-CaviComplex-kavit\u00e1ci\u00f3s-ultrahang-g\u00e9l-1000ml-1.jpg","width":400,"height":400,"caption":"Lady Stella CaviComplex kavit\u00e1ci\u00f3s ultrahang g\u00e9l 1000ml"},{"@type":"WebPage","@id":"http:\/\/rekongem.hu\/?product=lady-stella-cavicomplex-kavitacios-ultrahang-gel-1000ml#webpage","url":"http:\/\/rekongem.hu\/?product=lady-stella-cavicomplex-kavitacios-ultrahang-gel-1000ml","name":"Lady STELLA Cavicomplex Slim Contour Zs\u00edrbont\u00f3 Ultrahang G\u00e9l 1000 ml - Emspoma webshop","isPartOf":{"@id":"http:\/\/rekongem.hu\/#website"},"primaryImageOfPage":{"@id":"http:\/\/rekongem.hu\/?product=lady-stella-cavicomplex-kavitacios-ultrahang-gel-1000ml#primaryimage"},"datePublished":"2019-04-01T19:24:58+00:00","dateModified":"2025-06-21T17:34:36+00:00","breadcrumb":{"@id":"http:\/\/rekongem.hu\/?product=lady-stella-cavicomplex-kavitacios-ultrahang-gel-1000ml#breadcrumb"},"inLanguage":"hu","potentialAction":[{"@type":"ReadAction","target":["http:\/\/rekongem.hu\/?product=lady-stella-cavicomplex-kavitacios-ultrahang-gel-1000ml"]}]},{"@type":"BreadcrumbList","@id":"http:\/\/rekongem.hu\/?product=lady-stella-cavicomplex-kavitacios-ultrahang-gel-1000ml#breadcrumb","itemListElement":[{"@type":"ListItem","position":1,"name":"Home","item":"http:\/\/rekongem.hu\/"},{"@type":"ListItem","position":2,"name":"\u00dczlet","item":"http:\/\/rekongem.hu\/?page_id=4"},{"@type":"ListItem","position":3,"name":"Lady STELLA Cavicomplex Slim Contour Zs\u00edrbont\u00f3 Ultrahang G\u00e9l 1000 ml"}]}]}},"_links":{"self":[{"href":"http:\/\/rekongem.hu\/index.php?rest_route=\/wp\/v2\/product\/1794"}],"collection":[{"href":"http:\/\/rekongem.hu\/index.php?rest_route=\/wp\/v2\/product"}],"about":[{"href":"http:\/\/rekongem.hu\/index.php?rest_route=\/wp\/v2\/types\/product"}],"wp:featuredmedia":[{"embeddable":true,"href":"http:\/\/rekongem.hu\/index.php?rest_route=\/wp\/v2\/media\/2499"}],"wp:attachment":[{"href":"http:\/\/rekongem.hu\/index.php?rest_route=%2Fwp%2Fv2%2Fmedia&parent=1794"}],"wp:term":[{"taxonomy":"product_cat","embeddable":true,"href":"http:\/\/rekongem.hu\/index.php?rest_route=%2Fwp%2Fv2%2Fproduct_cat&post=1794"},{"taxonomy":"product_tag","embeddable":true,"href":"http:\/\/rekongem.hu\/index.php?rest_route=%2Fwp%2Fv2%2Fproduct_tag&post=1794"}],"curies":[{"name":"wp","href":"https:\/\/api.w.org\/{rel}","templated":true}]}}