{"id":1771,"date":"2019-03-31T17:40:48","date_gmt":"2019-03-31T17:40:48","guid":{"rendered":"http:\/\/rekongem.hu\/?post_type=product&#038;p=1771"},"modified":"2026-01-14T07:56:24","modified_gmt":"2026-01-14T07:56:24","slug":"dr-kelen-sport-masszazskrem-500ml","status":"publish","type":"product","link":"http:\/\/rekongem.hu\/?product=dr-kelen-sport-masszazskrem-500ml","title":{"rendered":"Dr Kelen Sport massz\u00e1zstej 500ml"},"content":{"rendered":"<p>A Dr.Kelen Sport massz\u00e1zskr\u00e9m a massz\u00e1zs jelleg\u00e9t\u0151l f\u00fcgg\u0151en alkalmas edz\u00e9s vagy verseny el\u0151tti<br \/>\nbegy\u00far\u00e1shoz \u00e9s a fizikai megterhel\u00e9st k\u00f6vet\u0151 laz\u00edt\u00f3, legy\u00far\u00e1shoz egyar\u00e1nt.<br \/>\nSpeci\u00e1lis \u00f6sszet\u00e9tele lehet\u0151v\u00e9 teszi az er\u0151teljes sportmassz\u00e1zs-fog\u00e1sok (gy\u00far\u00e1s, sim\u00edt\u00e1s, kiemel\u00e9s) hat\u00e9kony<br \/>\nkivitelez\u00e9s\u00e9t.<\/p>\n<p>A massz\u00e1zskr\u00e9m akt\u00edv \u00f6sszetev\u0151inek (Eucalyptus \u00e9s HotFLUX\u00d2) k\u00f6sz\u00f6nhet\u0151en, a massz\u00e1zs biztos\u00edtja az izmok<br \/>\noptim\u00e1lis v\u00e9r- \u00e9s oxig\u00e9nell\u00e1t\u00e1s\u00e1t, mely stimul\u00e1lja az izomsz\u00f6vetet, jav\u00edtja a bemeleg\u00edt\u00e9s hat\u00e9konys\u00e1g\u00e1t,<br \/>\ncs\u00f6kkenti a s\u00e9r\u00fcl\u00e9sek kock\u00e1zat\u00e1t \u00e9s fokozza az izomzat terhelhet\u0151s\u00e9g\u00e9t.<\/p>\n<p>A Mentyl Lactate \u00e9s a Menthol tartalom a legy\u00far\u00e1s sor\u00e1n fejti ki laz\u00edt\u00f3, g\u00f6rcsold\u00f3,<br \/>\ngyullad\u00e1s- \u00e9s f\u00e1jdalomm\u00e9rs\u00e9kl\u0151 hat\u00e1s\u00e1t.<\/p>\n<p>A k\u00e9sz\u00edtm\u00e9ny L-Arginine aminosav tartalma hozz\u00e1j\u00e1rul az izmok kondicion\u00e1l\u00e1s\u00e1hoz \u00e9s gyors regener\u00e1ci\u00f3j\u00e1hoz.<\/p>\n<p>A Dr.Kelen Sport massz\u00e1zskr\u00e9mmel v\u00e9gzett massz\u00e1zs \u00f6nmag\u00e1ban vagy fizioter\u00e1pi\u00e1s kezel\u00e9seket kieg\u00e9sz\u00edtve megfelel\u0151<br \/>\n\u00e1llapotban tartja a sportol\u00f3 izomzat\u00e1t, mozg\u00e1sszerveit, s\u00e9r\u00fcl\u00e9s eset\u00e9n gyors\u00edtja azok regener\u00e1l\u00f3d\u00e1s\u00e1t. A massz\u00e1zskr\u00e9m \u00f6sszet\u00e9tele alkalmas a ter\u00e1pia szerint indokolt ill\u00f3olajok \u00e9s m\u00e1s akt\u00edv anyagok b\u0151rbe juttat\u00e1s\u00e1ra is. A massz\u00e1zst k\u00f6vet\u0151en a b\u0151r nem marad olajos, zs\u00edros tapint\u00e1s\u00fa \u00e9s ig\u00e9ny eset\u00e9n lemoshat\u00f3.<\/p>\n<p>Tart\u00f3s\u00edt\u00f3szert, mesters\u00e9ges illat- \u00e9s sz\u00ednez\u0151anyagot nem tartalmaz.<\/p>\n<p>1223\/2009\/EC szerinti kozmetikai term\u00e9k.<\/p>\n<p>Kiszerel\u00e9s: 500ml<\/p>\n","protected":false},"excerpt":{"rendered":"<p>A Dr.Kelen Sport massz\u00e1zskr\u00e9m a massz\u00e1zs jelleg\u00e9t\u0151l f\u00fcgg\u0151en alkalmas edz\u00e9s vagy verseny el\u0151tti<br \/>\nbegy\u00far\u00e1shoz \u00e9s a fizikai megterhel\u00e9st k\u00f6vet\u0151 laz\u00edt\u00f3, legy\u00far\u00e1shoz egyar\u00e1nt.<br \/>\nSpeci\u00e1lis \u00f6sszet\u00e9tele lehet\u0151v\u00e9 teszi az er\u0151teljes sportmassz\u00e1zs-fog\u00e1sok (gy\u00far\u00e1s, sim\u00edt\u00e1s, kiemel\u00e9s) hat\u00e9kony<br \/>\nkivitelez\u00e9s\u00e9t.<\/p>\n<p>A massz\u00e1zskr\u00e9m akt\u00edv \u00f6sszetev\u0151inek (Eucalyptus \u00e9s HotFLUX\u00d2) k\u00f6sz\u00f6nhet\u0151en, a massz\u00e1zs biztos\u00edtja az izmok<br \/>\noptim\u00e1lis v\u00e9r- \u00e9s oxig\u00e9nell\u00e1t\u00e1s\u00e1t, mely stimul\u00e1lja az izomsz\u00f6vetet, jav\u00edtja a bemeleg\u00edt\u00e9s hat\u00e9konys\u00e1g\u00e1t,<br \/>\ncs\u00f6kkenti a s\u00e9r\u00fcl\u00e9sek kock\u00e1zat\u00e1t \u00e9s fokozza az izomzat terhelhet\u0151s\u00e9g\u00e9t.<\/p>\n<p>A Mentyl Lactate \u00e9s a Menthol tartalom a legy\u00far\u00e1s sor\u00e1n fejti ki laz\u00edt\u00f3, g\u00f6rcsold\u00f3,<br \/>\ngyullad\u00e1s- \u00e9s f\u00e1jdalomm\u00e9rs\u00e9kl\u0151 hat\u00e1s\u00e1t.<\/p>\n<p>A k\u00e9sz\u00edtm\u00e9ny L-Arginine aminosav tartalma hozz\u00e1j\u00e1rul az izmok kondicion\u00e1l\u00e1s\u00e1hoz \u00e9s gyors regener\u00e1ci\u00f3j\u00e1hoz.<\/p>\n<p>A Dr.Kelen Sport massz\u00e1zskr\u00e9mmel v\u00e9gzett massz\u00e1zs \u00f6nmag\u00e1ban vagy fizioter\u00e1pi\u00e1s kezel\u00e9seket kieg\u00e9sz\u00edtve megfelel\u0151<br \/>\n\u00e1llapotban tartja a sportol\u00f3 izomzat\u00e1t, mozg\u00e1sszerveit, s\u00e9r\u00fcl\u00e9s eset\u00e9n gyors\u00edtja azok regener\u00e1l\u00f3d\u00e1s\u00e1t. A massz\u00e1zskr\u00e9m \u00f6sszet\u00e9tele alkalmas a ter\u00e1pia szerint indokolt ill\u00f3olajok \u00e9s m\u00e1s akt\u00edv anyagok b\u0151rbe juttat\u00e1s\u00e1ra is. A massz\u00e1zst k\u00f6vet\u0151en a b\u0151r nem marad olajos, zs\u00edros tapint\u00e1s\u00fa \u00e9s ig\u00e9ny eset\u00e9n lemoshat\u00f3.<\/p>\n<p>Tart\u00f3s\u00edt\u00f3szert, mesters\u00e9ges illat- \u00e9s sz\u00ednez\u0151anyagot nem tartalmaz.<\/p>\n<p>1223\/2009\/EC szerinti kozmetikai term\u00e9k.<\/p>\n<p>Kiszerel\u00e9s: 500ml<\/p>\n","protected":false},"featured_media":2763,"template":"","meta":[],"product_cat":[23,305,168,184],"product_tag":[],"yoast_head":"<!-- This site is optimized with the Yoast SEO plugin v17.4 - https:\/\/yoast.com\/wordpress\/plugins\/seo\/ -->\n<title>Dr Kelen Sport massz\u00e1zstej 500ml - Emspoma webshop<\/title>\n<meta name=\"robots\" content=\"index, follow, max-snippet:-1, max-image-preview:large, max-video-preview:-1\" \/>\n<link rel=\"canonical\" href=\"http:\/\/rekongem.hu\/?product=dr-kelen-sport-masszazskrem-500ml\" \/>\n<meta property=\"og:locale\" content=\"hu_HU\" \/>\n<meta property=\"og:type\" content=\"article\" \/>\n<meta property=\"og:title\" content=\"Dr Kelen Sport massz\u00e1zstej 500ml - Emspoma webshop\" \/>\n<meta property=\"og:description\" content=\"A Dr.Kelen Sport massz\u00e1zskr\u00e9m a massz\u00e1zs jelleg\u00e9t\u0151l f\u00fcgg\u0151en alkalmas edz\u00e9s vagy verseny el\u0151tti begy\u00far\u00e1shoz \u00e9s a fizikai megterhel\u00e9st k\u00f6vet\u0151 laz\u00edt\u00f3, legy\u00far\u00e1shoz egyar\u00e1nt. Speci\u00e1lis \u00f6sszet\u00e9tele lehet\u0151v\u00e9 teszi az er\u0151teljes sportmassz\u00e1zs-fog\u00e1sok (gy\u00far\u00e1s, sim\u00edt\u00e1s, kiemel\u00e9s) hat\u00e9kony kivitelez\u00e9s\u00e9t.  A massz\u00e1zskr\u00e9m akt\u00edv \u00f6sszetev\u0151inek (Eucalyptus \u00e9s HotFLUX\u00d2) k\u00f6sz\u00f6nhet\u0151en, a massz\u00e1zs biztos\u00edtja az izmok optim\u00e1lis v\u00e9r- \u00e9s oxig\u00e9nell\u00e1t\u00e1s\u00e1t, mely stimul\u00e1lja az izomsz\u00f6vetet, jav\u00edtja a bemeleg\u00edt\u00e9s hat\u00e9konys\u00e1g\u00e1t, cs\u00f6kkenti a s\u00e9r\u00fcl\u00e9sek kock\u00e1zat\u00e1t \u00e9s fokozza az izomzat terhelhet\u0151s\u00e9g\u00e9t.  A Mentyl Lactate \u00e9s a Menthol tartalom a legy\u00far\u00e1s sor\u00e1n fejti ki laz\u00edt\u00f3, g\u00f6rcsold\u00f3, gyullad\u00e1s- \u00e9s f\u00e1jdalomm\u00e9rs\u00e9kl\u0151 hat\u00e1s\u00e1t.  A k\u00e9sz\u00edtm\u00e9ny L-Arginine aminosav tartalma hozz\u00e1j\u00e1rul az izmok kondicion\u00e1l\u00e1s\u00e1hoz \u00e9s gyors regener\u00e1ci\u00f3j\u00e1hoz.  A Dr.Kelen Sport massz\u00e1zskr\u00e9mmel v\u00e9gzett massz\u00e1zs \u00f6nmag\u00e1ban vagy fizioter\u00e1pi\u00e1s kezel\u00e9seket kieg\u00e9sz\u00edtve megfelel\u0151 \u00e1llapotban tartja a sportol\u00f3 izomzat\u00e1t, mozg\u00e1sszerveit, s\u00e9r\u00fcl\u00e9s eset\u00e9n gyors\u00edtja azok regener\u00e1l\u00f3d\u00e1s\u00e1t. A massz\u00e1zskr\u00e9m \u00f6sszet\u00e9tele alkalmas a ter\u00e1pia szerint indokolt ill\u00f3olajok \u00e9s m\u00e1s akt\u00edv anyagok b\u0151rbe juttat\u00e1s\u00e1ra is. A massz\u00e1zst k\u00f6vet\u0151en a b\u0151r nem marad olajos, zs\u00edros tapint\u00e1s\u00fa \u00e9s ig\u00e9ny eset\u00e9n lemoshat\u00f3.  Tart\u00f3s\u00edt\u00f3szert, mesters\u00e9ges illat- \u00e9s sz\u00ednez\u0151anyagot nem tartalmaz.  1223\/2009\/EC szerinti kozmetikai term\u00e9k.  Kiszerel\u00e9s: 500ml\" \/>\n<meta property=\"og:url\" content=\"http:\/\/rekongem.hu\/?product=dr-kelen-sport-masszazskrem-500ml\" \/>\n<meta property=\"og:site_name\" content=\"Emspoma webshop\" \/>\n<meta property=\"article:publisher\" content=\"https:\/\/www.facebook.com\/masszazsbirodalom\/\" \/>\n<meta property=\"article:modified_time\" content=\"2026-01-14T07:56:24+00:00\" \/>\n<meta property=\"og:image\" content=\"http:\/\/rekongem.hu\/wp-content\/uploads\/2025\/01\/Dr.Kelen-Sport-masszazskrem-500-ml.jpg\" \/>\n\t<meta property=\"og:image:width\" content=\"400\" \/>\n\t<meta property=\"og:image:height\" content=\"400\" \/>\n<meta name=\"twitter:card\" content=\"summary\" \/>\n<meta name=\"twitter:site\" content=\"@masszazs_bir\" \/>\n<meta name=\"twitter:label1\" content=\"Becs\u00fclt olvas\u00e1si id\u0151\" \/>\n\t<meta name=\"twitter:data1\" content=\"1 perc\" \/>\n<script type=\"application\/ld+json\" class=\"yoast-schema-graph\">{\"@context\":\"https:\/\/schema.org\",\"@graph\":[{\"@type\":\"WebSite\",\"@id\":\"http:\/\/rekongem.hu\/#website\",\"url\":\"http:\/\/rekongem.hu\/\",\"name\":\"Emspoma webshop\",\"description\":\"\",\"potentialAction\":[{\"@type\":\"SearchAction\",\"target\":{\"@type\":\"EntryPoint\",\"urlTemplate\":\"http:\/\/rekongem.hu\/?s={search_term_string}\"},\"query-input\":\"required name=search_term_string\"}],\"inLanguage\":\"hu\"},{\"@type\":\"ImageObject\",\"@id\":\"http:\/\/rekongem.hu\/?product=dr-kelen-sport-masszazskrem-500ml#primaryimage\",\"inLanguage\":\"hu\",\"url\":\"http:\/\/rekongem.hu\/wp-content\/uploads\/2025\/01\/Dr.Kelen-Sport-masszazskrem-500-ml.jpg\",\"contentUrl\":\"http:\/\/rekongem.hu\/wp-content\/uploads\/2025\/01\/Dr.Kelen-Sport-masszazskrem-500-ml.jpg\",\"width\":400,\"height\":400},{\"@type\":\"WebPage\",\"@id\":\"http:\/\/rekongem.hu\/?product=dr-kelen-sport-masszazskrem-500ml#webpage\",\"url\":\"http:\/\/rekongem.hu\/?product=dr-kelen-sport-masszazskrem-500ml\",\"name\":\"Dr Kelen Sport massz\\u00e1zstej 500ml - Emspoma webshop\",\"isPartOf\":{\"@id\":\"http:\/\/rekongem.hu\/#website\"},\"primaryImageOfPage\":{\"@id\":\"http:\/\/rekongem.hu\/?product=dr-kelen-sport-masszazskrem-500ml#primaryimage\"},\"datePublished\":\"2019-03-31T17:40:48+00:00\",\"dateModified\":\"2026-01-14T07:56:24+00:00\",\"breadcrumb\":{\"@id\":\"http:\/\/rekongem.hu\/?product=dr-kelen-sport-masszazskrem-500ml#breadcrumb\"},\"inLanguage\":\"hu\",\"potentialAction\":[{\"@type\":\"ReadAction\",\"target\":[\"http:\/\/rekongem.hu\/?product=dr-kelen-sport-masszazskrem-500ml\"]}]},{\"@type\":\"BreadcrumbList\",\"@id\":\"http:\/\/rekongem.hu\/?product=dr-kelen-sport-masszazskrem-500ml#breadcrumb\",\"itemListElement\":[{\"@type\":\"ListItem\",\"position\":1,\"name\":\"Home\",\"item\":\"http:\/\/rekongem.hu\/\"},{\"@type\":\"ListItem\",\"position\":2,\"name\":\"\\u00dczlet\",\"item\":\"http:\/\/rekongem.hu\/?page_id=4\"},{\"@type\":\"ListItem\",\"position\":3,\"name\":\"Dr Kelen Sport massz\\u00e1zstej 500ml\"}]}]}<\/script>\n<!-- \/ Yoast SEO plugin. -->","yoast_head_json":{"title":"Dr Kelen Sport massz\u00e1zstej 500ml - Emspoma webshop","robots":{"index":"index","follow":"follow","max-snippet":"max-snippet:-1","max-image-preview":"max-image-preview:large","max-video-preview":"max-video-preview:-1"},"canonical":"http:\/\/rekongem.hu\/?product=dr-kelen-sport-masszazskrem-500ml","og_locale":"hu_HU","og_type":"article","og_title":"Dr Kelen Sport massz\u00e1zstej 500ml - Emspoma webshop","og_description":"A Dr.Kelen Sport massz\u00e1zskr\u00e9m a massz\u00e1zs jelleg\u00e9t\u0151l f\u00fcgg\u0151en alkalmas edz\u00e9s vagy verseny el\u0151tti begy\u00far\u00e1shoz \u00e9s a fizikai megterhel\u00e9st k\u00f6vet\u0151 laz\u00edt\u00f3, legy\u00far\u00e1shoz egyar\u00e1nt. Speci\u00e1lis \u00f6sszet\u00e9tele lehet\u0151v\u00e9 teszi az er\u0151teljes sportmassz\u00e1zs-fog\u00e1sok (gy\u00far\u00e1s, sim\u00edt\u00e1s, kiemel\u00e9s) hat\u00e9kony kivitelez\u00e9s\u00e9t.  A massz\u00e1zskr\u00e9m akt\u00edv \u00f6sszetev\u0151inek (Eucalyptus \u00e9s HotFLUX\u00d2) k\u00f6sz\u00f6nhet\u0151en, a massz\u00e1zs biztos\u00edtja az izmok optim\u00e1lis v\u00e9r- \u00e9s oxig\u00e9nell\u00e1t\u00e1s\u00e1t, mely stimul\u00e1lja az izomsz\u00f6vetet, jav\u00edtja a bemeleg\u00edt\u00e9s hat\u00e9konys\u00e1g\u00e1t, cs\u00f6kkenti a s\u00e9r\u00fcl\u00e9sek kock\u00e1zat\u00e1t \u00e9s fokozza az izomzat terhelhet\u0151s\u00e9g\u00e9t.  A Mentyl Lactate \u00e9s a Menthol tartalom a legy\u00far\u00e1s sor\u00e1n fejti ki laz\u00edt\u00f3, g\u00f6rcsold\u00f3, gyullad\u00e1s- \u00e9s f\u00e1jdalomm\u00e9rs\u00e9kl\u0151 hat\u00e1s\u00e1t.  A k\u00e9sz\u00edtm\u00e9ny L-Arginine aminosav tartalma hozz\u00e1j\u00e1rul az izmok kondicion\u00e1l\u00e1s\u00e1hoz \u00e9s gyors regener\u00e1ci\u00f3j\u00e1hoz.  A Dr.Kelen Sport massz\u00e1zskr\u00e9mmel v\u00e9gzett massz\u00e1zs \u00f6nmag\u00e1ban vagy fizioter\u00e1pi\u00e1s kezel\u00e9seket kieg\u00e9sz\u00edtve megfelel\u0151 \u00e1llapotban tartja a sportol\u00f3 izomzat\u00e1t, mozg\u00e1sszerveit, s\u00e9r\u00fcl\u00e9s eset\u00e9n gyors\u00edtja azok regener\u00e1l\u00f3d\u00e1s\u00e1t. A massz\u00e1zskr\u00e9m \u00f6sszet\u00e9tele alkalmas a ter\u00e1pia szerint indokolt ill\u00f3olajok \u00e9s m\u00e1s akt\u00edv anyagok b\u0151rbe juttat\u00e1s\u00e1ra is. A massz\u00e1zst k\u00f6vet\u0151en a b\u0151r nem marad olajos, zs\u00edros tapint\u00e1s\u00fa \u00e9s ig\u00e9ny eset\u00e9n lemoshat\u00f3.  Tart\u00f3s\u00edt\u00f3szert, mesters\u00e9ges illat- \u00e9s sz\u00ednez\u0151anyagot nem tartalmaz.  1223\/2009\/EC szerinti kozmetikai term\u00e9k.  Kiszerel\u00e9s: 500ml","og_url":"http:\/\/rekongem.hu\/?product=dr-kelen-sport-masszazskrem-500ml","og_site_name":"Emspoma webshop","article_publisher":"https:\/\/www.facebook.com\/masszazsbirodalom\/","article_modified_time":"2026-01-14T07:56:24+00:00","og_image":[{"width":400,"height":400,"url":"http:\/\/rekongem.hu\/wp-content\/uploads\/2025\/01\/Dr.Kelen-Sport-masszazskrem-500-ml.jpg","type":"image\/jpeg"}],"twitter_card":"summary","twitter_site":"@masszazs_bir","twitter_misc":{"Becs\u00fclt olvas\u00e1si id\u0151":"1 perc"},"schema":{"@context":"https:\/\/schema.org","@graph":[{"@type":"WebSite","@id":"http:\/\/rekongem.hu\/#website","url":"http:\/\/rekongem.hu\/","name":"Emspoma webshop","description":"","potentialAction":[{"@type":"SearchAction","target":{"@type":"EntryPoint","urlTemplate":"http:\/\/rekongem.hu\/?s={search_term_string}"},"query-input":"required name=search_term_string"}],"inLanguage":"hu"},{"@type":"ImageObject","@id":"http:\/\/rekongem.hu\/?product=dr-kelen-sport-masszazskrem-500ml#primaryimage","inLanguage":"hu","url":"http:\/\/rekongem.hu\/wp-content\/uploads\/2025\/01\/Dr.Kelen-Sport-masszazskrem-500-ml.jpg","contentUrl":"http:\/\/rekongem.hu\/wp-content\/uploads\/2025\/01\/Dr.Kelen-Sport-masszazskrem-500-ml.jpg","width":400,"height":400},{"@type":"WebPage","@id":"http:\/\/rekongem.hu\/?product=dr-kelen-sport-masszazskrem-500ml#webpage","url":"http:\/\/rekongem.hu\/?product=dr-kelen-sport-masszazskrem-500ml","name":"Dr Kelen Sport massz\u00e1zstej 500ml - Emspoma webshop","isPartOf":{"@id":"http:\/\/rekongem.hu\/#website"},"primaryImageOfPage":{"@id":"http:\/\/rekongem.hu\/?product=dr-kelen-sport-masszazskrem-500ml#primaryimage"},"datePublished":"2019-03-31T17:40:48+00:00","dateModified":"2026-01-14T07:56:24+00:00","breadcrumb":{"@id":"http:\/\/rekongem.hu\/?product=dr-kelen-sport-masszazskrem-500ml#breadcrumb"},"inLanguage":"hu","potentialAction":[{"@type":"ReadAction","target":["http:\/\/rekongem.hu\/?product=dr-kelen-sport-masszazskrem-500ml"]}]},{"@type":"BreadcrumbList","@id":"http:\/\/rekongem.hu\/?product=dr-kelen-sport-masszazskrem-500ml#breadcrumb","itemListElement":[{"@type":"ListItem","position":1,"name":"Home","item":"http:\/\/rekongem.hu\/"},{"@type":"ListItem","position":2,"name":"\u00dczlet","item":"http:\/\/rekongem.hu\/?page_id=4"},{"@type":"ListItem","position":3,"name":"Dr Kelen Sport massz\u00e1zstej 500ml"}]}]}},"_links":{"self":[{"href":"http:\/\/rekongem.hu\/index.php?rest_route=\/wp\/v2\/product\/1771"}],"collection":[{"href":"http:\/\/rekongem.hu\/index.php?rest_route=\/wp\/v2\/product"}],"about":[{"href":"http:\/\/rekongem.hu\/index.php?rest_route=\/wp\/v2\/types\/product"}],"wp:featuredmedia":[{"embeddable":true,"href":"http:\/\/rekongem.hu\/index.php?rest_route=\/wp\/v2\/media\/2763"}],"wp:attachment":[{"href":"http:\/\/rekongem.hu\/index.php?rest_route=%2Fwp%2Fv2%2Fmedia&parent=1771"}],"wp:term":[{"taxonomy":"product_cat","embeddable":true,"href":"http:\/\/rekongem.hu\/index.php?rest_route=%2Fwp%2Fv2%2Fproduct_cat&post=1771"},{"taxonomy":"product_tag","embeddable":true,"href":"http:\/\/rekongem.hu\/index.php?rest_route=%2Fwp%2Fv2%2Fproduct_tag&post=1771"}],"curies":[{"name":"wp","href":"https:\/\/api.w.org\/{rel}","templated":true}]}}