{"id":1574,"date":"2016-09-16T09:04:47","date_gmt":"2016-09-16T09:04:47","guid":{"rendered":"http:\/\/rekongem.hu\/?post_type=product&#038;p=1574"},"modified":"2026-01-14T07:56:23","modified_gmt":"2026-01-14T07:56:23","slug":"dr-kelen-anticellulit-masszazsolaj","status":"publish","type":"product","link":"http:\/\/rekongem.hu\/?product=dr-kelen-anticellulit-masszazsolaj","title":{"rendered":"Dr.Kelen Anticellulit massz\u00e1zsolaj 500 ml"},"content":{"rendered":"<p>Az eszt\u00e9tikailag zavar\u00f3 narancsb\u0151r \u00e9s stria kezel\u00e9s\u00e9nek igen hat\u00e1sos m\u00f3dja a cellulit elleni massz\u00e1zs, melynek hat\u00e9konys\u00e1g\u00e1t a c\u00e9lzott \u00e9s korszer\u0171, kimondottan b\u0151rbar\u00e1t \u00f6sszet\u00e9tel\u0171 massz\u00e1zsolaj haszn\u00e1lata jelent\u0151sen fokozza. \u00c9rz\u00e9keny b\u0151r\u0171ek r\u00e9sz\u00e9re is b\u00e1tran haszn\u00e1lhat\u00f3. Megsz\u00fcnteti a b\u0151r dehidrat\u00e1lts\u00e1g\u00e1t \u00e9s biztos\u00edtja selymess\u00e9g\u00e9t, puhas\u00e1g\u00e1t.<\/p>\n<p><strong>Tart\u00f3s\u00edt\u00f3szert, mesters\u00e9ges illat- \u00e9s sz\u00ednez\u0151anyagot nem tartalmaz.\u00a0<\/strong><\/p>\n<p><strong>Gy\u00f3gyszer\u00e9szek \u00e1ltal fejlesztett. \u00a0<\/strong><\/p>\n<p>Akt\u00edv anyagai: bor\u00f3kaolaj, citromolaj, fah\u00e9jolaj, eukaliptuszolaj, mentaolaj \u00e9s rozmaringolaj<\/p>\n<p>Kiszerel\u00e9se: 500 ml<\/p>\n<p>&nbsp;<\/p>\n<p>&nbsp;<\/p>\n","protected":false},"excerpt":{"rendered":"<p>Az eszt\u00e9tikailag zavar\u00f3 narancsb\u0151r \u00e9s stria kezel\u00e9s\u00e9nek igen hat\u00e1sos m\u00f3dja a cellulit elleni massz\u00e1zs, melynek hat\u00e9konys\u00e1g\u00e1t a c\u00e9lzott \u00e9s korszer\u0171, kimondottan b\u0151rbar\u00e1t \u00f6sszet\u00e9tel\u0171 massz\u00e1zsolaj haszn\u00e1lata jelent\u0151sen fokozza. \u00c9rz\u00e9keny b\u0151r\u0171ek r\u00e9sz\u00e9re is b\u00e1tran haszn\u00e1lhat\u00f3. Megsz\u00fcnteti a b\u0151r dehidrat\u00e1lts\u00e1g\u00e1t \u00e9s biztos\u00edtja selymess\u00e9g\u00e9t, puhas\u00e1g\u00e1t. Tart\u00f3s\u00edt\u00f3szert, mesters\u00e9ges illat- \u00e9s sz\u00ednez\u0151anyagot nem tartalmaz.\u00a0 Gy\u00f3gyszer\u00e9szek \u00e1ltal fejlesztett. \u00a0 Akt\u00edv anyagai: bor\u00f3kaolaj, [&hellip;]<\/p>\n","protected":false},"featured_media":2757,"template":"","meta":[],"product_cat":[61,37,184],"product_tag":[38,105,97,169,157,98,60,298],"yoast_head":"<!-- This site is optimized with the Yoast SEO plugin v17.4 - https:\/\/yoast.com\/wordpress\/plugins\/seo\/ -->\n<title>Dr.Kelen Anticellulit massz\u00e1zsolaj 500 ml - Emspoma webshop<\/title>\n<meta name=\"robots\" content=\"index, follow, max-snippet:-1, max-image-preview:large, max-video-preview:-1\" \/>\n<link rel=\"canonical\" href=\"http:\/\/rekongem.hu\/?product=dr-kelen-anticellulit-masszazsolaj\" \/>\n<meta property=\"og:locale\" content=\"hu_HU\" \/>\n<meta property=\"og:type\" content=\"article\" \/>\n<meta property=\"og:title\" content=\"Dr.Kelen Anticellulit massz\u00e1zsolaj 500 ml - Emspoma webshop\" \/>\n<meta property=\"og:description\" content=\"Az eszt\u00e9tikailag zavar\u00f3 narancsb\u0151r \u00e9s stria kezel\u00e9s\u00e9nek igen hat\u00e1sos m\u00f3dja a cellulit elleni massz\u00e1zs, melynek hat\u00e9konys\u00e1g\u00e1t a c\u00e9lzott \u00e9s korszer\u0171, kimondottan b\u0151rbar\u00e1t \u00f6sszet\u00e9tel\u0171 massz\u00e1zsolaj haszn\u00e1lata jelent\u0151sen fokozza. \u00c9rz\u00e9keny b\u0151r\u0171ek r\u00e9sz\u00e9re is b\u00e1tran haszn\u00e1lhat\u00f3. Megsz\u00fcnteti a b\u0151r dehidrat\u00e1lts\u00e1g\u00e1t \u00e9s biztos\u00edtja selymess\u00e9g\u00e9t, puhas\u00e1g\u00e1t. Tart\u00f3s\u00edt\u00f3szert, mesters\u00e9ges illat- \u00e9s sz\u00ednez\u0151anyagot nem tartalmaz.\u00a0 Gy\u00f3gyszer\u00e9szek \u00e1ltal fejlesztett. \u00a0 Akt\u00edv anyagai: bor\u00f3kaolaj, [&hellip;]\" \/>\n<meta property=\"og:url\" content=\"http:\/\/rekongem.hu\/?product=dr-kelen-anticellulit-masszazsolaj\" \/>\n<meta property=\"og:site_name\" content=\"Emspoma webshop\" \/>\n<meta property=\"article:publisher\" content=\"https:\/\/www.facebook.com\/masszazsbirodalom\/\" \/>\n<meta property=\"article:modified_time\" content=\"2026-01-14T07:56:23+00:00\" \/>\n<meta property=\"og:image\" content=\"https:\/\/rekongem.hu\/wp-content\/uploads\/2025\/01\/Dr.Kelen-Anticellulit-masszazsolaj-narancsbor-stria-ellen-500-ml.jpg\" \/>\n\t<meta property=\"og:image:width\" content=\"400\" \/>\n\t<meta property=\"og:image:height\" content=\"400\" \/>\n<meta name=\"twitter:card\" content=\"summary\" \/>\n<meta name=\"twitter:site\" content=\"@masszazs_bir\" \/>\n<meta name=\"twitter:label1\" content=\"Becs\u00fclt olvas\u00e1si id\u0151\" \/>\n\t<meta name=\"twitter:data1\" content=\"1 perc\" \/>\n<script type=\"application\/ld+json\" class=\"yoast-schema-graph\">{\"@context\":\"https:\/\/schema.org\",\"@graph\":[{\"@type\":\"WebSite\",\"@id\":\"http:\/\/rekongem.hu\/#website\",\"url\":\"http:\/\/rekongem.hu\/\",\"name\":\"Emspoma webshop\",\"description\":\"\",\"potentialAction\":[{\"@type\":\"SearchAction\",\"target\":{\"@type\":\"EntryPoint\",\"urlTemplate\":\"http:\/\/rekongem.hu\/?s={search_term_string}\"},\"query-input\":\"required name=search_term_string\"}],\"inLanguage\":\"hu\"},{\"@type\":\"ImageObject\",\"@id\":\"http:\/\/rekongem.hu\/?product=dr-kelen-anticellulit-masszazsolaj#primaryimage\",\"inLanguage\":\"hu\",\"url\":\"http:\/\/rekongem.hu\/wp-content\/uploads\/2025\/01\/Dr.Kelen-Anticellulit-masszazsolaj-narancsbor-stria-ellen-500-ml.jpg\",\"contentUrl\":\"http:\/\/rekongem.hu\/wp-content\/uploads\/2025\/01\/Dr.Kelen-Anticellulit-masszazsolaj-narancsbor-stria-ellen-500-ml.jpg\",\"width\":400,\"height\":400},{\"@type\":\"WebPage\",\"@id\":\"http:\/\/rekongem.hu\/?product=dr-kelen-anticellulit-masszazsolaj#webpage\",\"url\":\"http:\/\/rekongem.hu\/?product=dr-kelen-anticellulit-masszazsolaj\",\"name\":\"Dr.Kelen Anticellulit massz\\u00e1zsolaj 500 ml - Emspoma webshop\",\"isPartOf\":{\"@id\":\"http:\/\/rekongem.hu\/#website\"},\"primaryImageOfPage\":{\"@id\":\"http:\/\/rekongem.hu\/?product=dr-kelen-anticellulit-masszazsolaj#primaryimage\"},\"datePublished\":\"2016-09-16T09:04:47+00:00\",\"dateModified\":\"2026-01-14T07:56:23+00:00\",\"breadcrumb\":{\"@id\":\"http:\/\/rekongem.hu\/?product=dr-kelen-anticellulit-masszazsolaj#breadcrumb\"},\"inLanguage\":\"hu\",\"potentialAction\":[{\"@type\":\"ReadAction\",\"target\":[\"http:\/\/rekongem.hu\/?product=dr-kelen-anticellulit-masszazsolaj\"]}]},{\"@type\":\"BreadcrumbList\",\"@id\":\"http:\/\/rekongem.hu\/?product=dr-kelen-anticellulit-masszazsolaj#breadcrumb\",\"itemListElement\":[{\"@type\":\"ListItem\",\"position\":1,\"name\":\"Home\",\"item\":\"http:\/\/rekongem.hu\/\"},{\"@type\":\"ListItem\",\"position\":2,\"name\":\"\\u00dczlet\",\"item\":\"http:\/\/rekongem.hu\/?page_id=4\"},{\"@type\":\"ListItem\",\"position\":3,\"name\":\"Dr.Kelen Anticellulit massz\\u00e1zsolaj 500 ml\"}]}]}<\/script>\n<!-- \/ Yoast SEO plugin. -->","yoast_head_json":{"title":"Dr.Kelen Anticellulit massz\u00e1zsolaj 500 ml - Emspoma webshop","robots":{"index":"index","follow":"follow","max-snippet":"max-snippet:-1","max-image-preview":"max-image-preview:large","max-video-preview":"max-video-preview:-1"},"canonical":"http:\/\/rekongem.hu\/?product=dr-kelen-anticellulit-masszazsolaj","og_locale":"hu_HU","og_type":"article","og_title":"Dr.Kelen Anticellulit massz\u00e1zsolaj 500 ml - Emspoma webshop","og_description":"Az eszt\u00e9tikailag zavar\u00f3 narancsb\u0151r \u00e9s stria kezel\u00e9s\u00e9nek igen hat\u00e1sos m\u00f3dja a cellulit elleni massz\u00e1zs, melynek hat\u00e9konys\u00e1g\u00e1t a c\u00e9lzott \u00e9s korszer\u0171, kimondottan b\u0151rbar\u00e1t \u00f6sszet\u00e9tel\u0171 massz\u00e1zsolaj haszn\u00e1lata jelent\u0151sen fokozza. \u00c9rz\u00e9keny b\u0151r\u0171ek r\u00e9sz\u00e9re is b\u00e1tran haszn\u00e1lhat\u00f3. Megsz\u00fcnteti a b\u0151r dehidrat\u00e1lts\u00e1g\u00e1t \u00e9s biztos\u00edtja selymess\u00e9g\u00e9t, puhas\u00e1g\u00e1t. Tart\u00f3s\u00edt\u00f3szert, mesters\u00e9ges illat- \u00e9s sz\u00ednez\u0151anyagot nem tartalmaz.\u00a0 Gy\u00f3gyszer\u00e9szek \u00e1ltal fejlesztett. \u00a0 Akt\u00edv anyagai: bor\u00f3kaolaj, [&hellip;]","og_url":"http:\/\/rekongem.hu\/?product=dr-kelen-anticellulit-masszazsolaj","og_site_name":"Emspoma webshop","article_publisher":"https:\/\/www.facebook.com\/masszazsbirodalom\/","article_modified_time":"2026-01-14T07:56:23+00:00","og_image":[{"width":400,"height":400,"url":"https:\/\/rekongem.hu\/wp-content\/uploads\/2025\/01\/Dr.Kelen-Anticellulit-masszazsolaj-narancsbor-stria-ellen-500-ml.jpg","type":"image\/jpeg"}],"twitter_card":"summary","twitter_site":"@masszazs_bir","twitter_misc":{"Becs\u00fclt olvas\u00e1si id\u0151":"1 perc"},"schema":{"@context":"https:\/\/schema.org","@graph":[{"@type":"WebSite","@id":"http:\/\/rekongem.hu\/#website","url":"http:\/\/rekongem.hu\/","name":"Emspoma webshop","description":"","potentialAction":[{"@type":"SearchAction","target":{"@type":"EntryPoint","urlTemplate":"http:\/\/rekongem.hu\/?s={search_term_string}"},"query-input":"required name=search_term_string"}],"inLanguage":"hu"},{"@type":"ImageObject","@id":"http:\/\/rekongem.hu\/?product=dr-kelen-anticellulit-masszazsolaj#primaryimage","inLanguage":"hu","url":"http:\/\/rekongem.hu\/wp-content\/uploads\/2025\/01\/Dr.Kelen-Anticellulit-masszazsolaj-narancsbor-stria-ellen-500-ml.jpg","contentUrl":"http:\/\/rekongem.hu\/wp-content\/uploads\/2025\/01\/Dr.Kelen-Anticellulit-masszazsolaj-narancsbor-stria-ellen-500-ml.jpg","width":400,"height":400},{"@type":"WebPage","@id":"http:\/\/rekongem.hu\/?product=dr-kelen-anticellulit-masszazsolaj#webpage","url":"http:\/\/rekongem.hu\/?product=dr-kelen-anticellulit-masszazsolaj","name":"Dr.Kelen Anticellulit massz\u00e1zsolaj 500 ml - Emspoma webshop","isPartOf":{"@id":"http:\/\/rekongem.hu\/#website"},"primaryImageOfPage":{"@id":"http:\/\/rekongem.hu\/?product=dr-kelen-anticellulit-masszazsolaj#primaryimage"},"datePublished":"2016-09-16T09:04:47+00:00","dateModified":"2026-01-14T07:56:23+00:00","breadcrumb":{"@id":"http:\/\/rekongem.hu\/?product=dr-kelen-anticellulit-masszazsolaj#breadcrumb"},"inLanguage":"hu","potentialAction":[{"@type":"ReadAction","target":["http:\/\/rekongem.hu\/?product=dr-kelen-anticellulit-masszazsolaj"]}]},{"@type":"BreadcrumbList","@id":"http:\/\/rekongem.hu\/?product=dr-kelen-anticellulit-masszazsolaj#breadcrumb","itemListElement":[{"@type":"ListItem","position":1,"name":"Home","item":"http:\/\/rekongem.hu\/"},{"@type":"ListItem","position":2,"name":"\u00dczlet","item":"http:\/\/rekongem.hu\/?page_id=4"},{"@type":"ListItem","position":3,"name":"Dr.Kelen Anticellulit massz\u00e1zsolaj 500 ml"}]}]}},"_links":{"self":[{"href":"http:\/\/rekongem.hu\/index.php?rest_route=\/wp\/v2\/product\/1574"}],"collection":[{"href":"http:\/\/rekongem.hu\/index.php?rest_route=\/wp\/v2\/product"}],"about":[{"href":"http:\/\/rekongem.hu\/index.php?rest_route=\/wp\/v2\/types\/product"}],"wp:featuredmedia":[{"embeddable":true,"href":"http:\/\/rekongem.hu\/index.php?rest_route=\/wp\/v2\/media\/2757"}],"wp:attachment":[{"href":"http:\/\/rekongem.hu\/index.php?rest_route=%2Fwp%2Fv2%2Fmedia&parent=1574"}],"wp:term":[{"taxonomy":"product_cat","embeddable":true,"href":"http:\/\/rekongem.hu\/index.php?rest_route=%2Fwp%2Fv2%2Fproduct_cat&post=1574"},{"taxonomy":"product_tag","embeddable":true,"href":"http:\/\/rekongem.hu\/index.php?rest_route=%2Fwp%2Fv2%2Fproduct_tag&post=1574"}],"curies":[{"name":"wp","href":"https:\/\/api.w.org\/{rel}","templated":true}]}}