{"id":1566,"date":"2016-09-15T10:47:07","date_gmt":"2016-09-15T10:47:07","guid":{"rendered":"http:\/\/rekongem.hu\/?post_type=product&#038;p=1566"},"modified":"2026-01-14T07:56:23","modified_gmt":"2026-01-14T07:56:23","slug":"luna-diabetes-labkrem-cukorbetegek-reszere","status":"publish","type":"product","link":"http:\/\/rekongem.hu\/?product=luna-diabetes-labkrem-cukorbetegek-reszere","title":{"rendered":"Dr.Kelen Diabetes l\u00e1bkr\u00e9m 100ml"},"content":{"rendered":"<p>Cukorbetegekn\u00e9l kialakul\u00f3 \u00fagynevezett diabetes l\u00e1bszindr\u00f3ma eset\u00e9n javasolt kr\u00e9m, mely a l\u00e1b b\u0151r\u00e9nek v\u00e9delm\u00e9re, szakszer\u0171 \u00e1pol\u00e1s\u00e1ra, megfelel\u0151 \u00e1llapotban tart\u00e1s\u00e1ra ker\u00fclt kifejleszt\u00e9sre.<\/p>\n<p>Seg\u00edti a b\u0151relv\u00e1ltoz\u00e1sok \u00e9s s\u00falyosabb sz\u00f6v\u0151dm\u00e9nyek elker\u00fcl\u00e9s\u00e9t, cs\u00f6kkent\u00e9s\u00e9t. A h\u00e1m- \u00e9s sebregener\u00e1l\u00f3, viszket\u00e9st csillap\u00edt\u00f3, mikrocirkul\u00e1ci\u00f3t optimaliz\u00e1l\u00f3 akt\u00edv anyagai az L-arginin, niacinamid, rutin, teafaolaj, mentol \u00e9s capsaicin.<br \/>\n<strong>Tart\u00f3s\u00edt\u00f3szer, mesters\u00e9ges illat-,sz\u00ednez\u0151anyag- mentes.<\/strong><\/p>\n<p><strong>Gy\u00f3gyszer\u00e9szek \u00e1ltal fejlesztett.\u00a01223\/2009\/EC szerint term\u00e9k. \u00a0<\/strong><\/p>\n<p>Akt\u00edv anyagai:<br \/>\nL-arginin, niacinamid, jap\u00e1nak\u00e1c-kivonat (rutin), teafaolaj, paprikakivonat, mentol, allantoin, z\u00f6ld k\u00e1v\u00e9-kivonat, rozmaring olaj, citronella olaj<\/p>\n<p>&nbsp;<\/p>\n<p>&nbsp;<\/p>\n","protected":false},"excerpt":{"rendered":"<p>Cukorbetegekn\u00e9l kialakul\u00f3 \u00fagynevezett diabetes l\u00e1bszindr\u00f3ma eset\u00e9n javasolt kr\u00e9m, mely a l\u00e1b b\u0151r\u00e9nek v\u00e9delm\u00e9re, szakszer\u0171 \u00e1pol\u00e1s\u00e1ra, megfelel\u0151 \u00e1llapotban tart\u00e1s\u00e1ra ker\u00fclt kifejleszt\u00e9sre. Seg\u00edti a b\u0151relv\u00e1ltoz\u00e1sok \u00e9s s\u00falyosabb sz\u00f6v\u0151dm\u00e9nyek elker\u00fcl\u00e9s\u00e9t, cs\u00f6kkent\u00e9s\u00e9t. A h\u00e1m- \u00e9s sebregener\u00e1l\u00f3, viszket\u00e9st csillap\u00edt\u00f3, mikrocirkul\u00e1ci\u00f3t optimaliz\u00e1l\u00f3 akt\u00edv anyagai az L-arginin, niacinamid, rutin, teafaolaj, mentol \u00e9s capsaicin. Tart\u00f3s\u00edt\u00f3szer, mesters\u00e9ges illat-,sz\u00ednez\u0151anyag- mentes. Gy\u00f3gyszer\u00e9szek \u00e1ltal fejlesztett.\u00a01223\/2009\/EC szerint term\u00e9k. [&hellip;]<\/p>\n","protected":false},"featured_media":2754,"template":"","meta":[],"product_cat":[6,153],"product_tag":[286,287,169,288,289,152,19,290,291,292,293,185],"yoast_head":"<!-- This site is optimized with the Yoast SEO plugin v17.4 - https:\/\/yoast.com\/wordpress\/plugins\/seo\/ -->\n<title>Dr.Kelen Diabetes l\u00e1bkr\u00e9m 100ml - Emspoma webshop<\/title>\n<meta name=\"robots\" content=\"index, follow, max-snippet:-1, max-image-preview:large, max-video-preview:-1\" \/>\n<link rel=\"canonical\" href=\"http:\/\/rekongem.hu\/?product=luna-diabetes-labkrem-cukorbetegek-reszere\" \/>\n<meta property=\"og:locale\" content=\"hu_HU\" \/>\n<meta property=\"og:type\" content=\"article\" \/>\n<meta property=\"og:title\" content=\"Dr.Kelen Diabetes l\u00e1bkr\u00e9m 100ml - Emspoma webshop\" \/>\n<meta property=\"og:description\" content=\"Cukorbetegekn\u00e9l kialakul\u00f3 \u00fagynevezett diabetes l\u00e1bszindr\u00f3ma eset\u00e9n javasolt kr\u00e9m, mely a l\u00e1b b\u0151r\u00e9nek v\u00e9delm\u00e9re, szakszer\u0171 \u00e1pol\u00e1s\u00e1ra, megfelel\u0151 \u00e1llapotban tart\u00e1s\u00e1ra ker\u00fclt kifejleszt\u00e9sre. Seg\u00edti a b\u0151relv\u00e1ltoz\u00e1sok \u00e9s s\u00falyosabb sz\u00f6v\u0151dm\u00e9nyek elker\u00fcl\u00e9s\u00e9t, cs\u00f6kkent\u00e9s\u00e9t. A h\u00e1m- \u00e9s sebregener\u00e1l\u00f3, viszket\u00e9st csillap\u00edt\u00f3, mikrocirkul\u00e1ci\u00f3t optimaliz\u00e1l\u00f3 akt\u00edv anyagai az L-arginin, niacinamid, rutin, teafaolaj, mentol \u00e9s capsaicin. Tart\u00f3s\u00edt\u00f3szer, mesters\u00e9ges illat-,sz\u00ednez\u0151anyag- mentes. Gy\u00f3gyszer\u00e9szek \u00e1ltal fejlesztett.\u00a01223\/2009\/EC szerint term\u00e9k. [&hellip;]\" \/>\n<meta property=\"og:url\" content=\"http:\/\/rekongem.hu\/?product=luna-diabetes-labkrem-cukorbetegek-reszere\" \/>\n<meta property=\"og:site_name\" content=\"Emspoma webshop\" \/>\n<meta property=\"article:publisher\" content=\"https:\/\/www.facebook.com\/masszazsbirodalom\/\" \/>\n<meta property=\"article:modified_time\" content=\"2026-01-14T07:56:23+00:00\" \/>\n<meta property=\"og:image\" content=\"http:\/\/rekongem.hu\/wp-content\/uploads\/2025\/01\/LUNA-Diabetes-labkrem-cukorbetegek-reszere-100-ml.jpg\" \/>\n\t<meta property=\"og:image:width\" content=\"400\" \/>\n\t<meta property=\"og:image:height\" content=\"400\" \/>\n<meta name=\"twitter:card\" content=\"summary\" \/>\n<meta name=\"twitter:site\" content=\"@masszazs_bir\" \/>\n<meta name=\"twitter:label1\" content=\"Becs\u00fclt olvas\u00e1si id\u0151\" \/>\n\t<meta name=\"twitter:data1\" content=\"1 perc\" \/>\n<script type=\"application\/ld+json\" class=\"yoast-schema-graph\">{\"@context\":\"https:\/\/schema.org\",\"@graph\":[{\"@type\":\"WebSite\",\"@id\":\"http:\/\/rekongem.hu\/#website\",\"url\":\"http:\/\/rekongem.hu\/\",\"name\":\"Emspoma webshop\",\"description\":\"\",\"potentialAction\":[{\"@type\":\"SearchAction\",\"target\":{\"@type\":\"EntryPoint\",\"urlTemplate\":\"http:\/\/rekongem.hu\/?s={search_term_string}\"},\"query-input\":\"required name=search_term_string\"}],\"inLanguage\":\"hu\"},{\"@type\":\"ImageObject\",\"@id\":\"http:\/\/rekongem.hu\/?product=luna-diabetes-labkrem-cukorbetegek-reszere#primaryimage\",\"inLanguage\":\"hu\",\"url\":\"http:\/\/rekongem.hu\/wp-content\/uploads\/2025\/01\/LUNA-Diabetes-labkrem-cukorbetegek-reszere-100-ml.jpg\",\"contentUrl\":\"http:\/\/rekongem.hu\/wp-content\/uploads\/2025\/01\/LUNA-Diabetes-labkrem-cukorbetegek-reszere-100-ml.jpg\",\"width\":400,\"height\":400},{\"@type\":\"WebPage\",\"@id\":\"http:\/\/rekongem.hu\/?product=luna-diabetes-labkrem-cukorbetegek-reszere#webpage\",\"url\":\"http:\/\/rekongem.hu\/?product=luna-diabetes-labkrem-cukorbetegek-reszere\",\"name\":\"Dr.Kelen Diabetes l\\u00e1bkr\\u00e9m 100ml - Emspoma webshop\",\"isPartOf\":{\"@id\":\"http:\/\/rekongem.hu\/#website\"},\"primaryImageOfPage\":{\"@id\":\"http:\/\/rekongem.hu\/?product=luna-diabetes-labkrem-cukorbetegek-reszere#primaryimage\"},\"datePublished\":\"2016-09-15T10:47:07+00:00\",\"dateModified\":\"2026-01-14T07:56:23+00:00\",\"breadcrumb\":{\"@id\":\"http:\/\/rekongem.hu\/?product=luna-diabetes-labkrem-cukorbetegek-reszere#breadcrumb\"},\"inLanguage\":\"hu\",\"potentialAction\":[{\"@type\":\"ReadAction\",\"target\":[\"http:\/\/rekongem.hu\/?product=luna-diabetes-labkrem-cukorbetegek-reszere\"]}]},{\"@type\":\"BreadcrumbList\",\"@id\":\"http:\/\/rekongem.hu\/?product=luna-diabetes-labkrem-cukorbetegek-reszere#breadcrumb\",\"itemListElement\":[{\"@type\":\"ListItem\",\"position\":1,\"name\":\"Home\",\"item\":\"http:\/\/rekongem.hu\/\"},{\"@type\":\"ListItem\",\"position\":2,\"name\":\"\\u00dczlet\",\"item\":\"http:\/\/rekongem.hu\/?page_id=4\"},{\"@type\":\"ListItem\",\"position\":3,\"name\":\"Dr.Kelen Diabetes l\\u00e1bkr\\u00e9m 100ml\"}]}]}<\/script>\n<!-- \/ Yoast SEO plugin. -->","yoast_head_json":{"title":"Dr.Kelen Diabetes l\u00e1bkr\u00e9m 100ml - Emspoma webshop","robots":{"index":"index","follow":"follow","max-snippet":"max-snippet:-1","max-image-preview":"max-image-preview:large","max-video-preview":"max-video-preview:-1"},"canonical":"http:\/\/rekongem.hu\/?product=luna-diabetes-labkrem-cukorbetegek-reszere","og_locale":"hu_HU","og_type":"article","og_title":"Dr.Kelen Diabetes l\u00e1bkr\u00e9m 100ml - Emspoma webshop","og_description":"Cukorbetegekn\u00e9l kialakul\u00f3 \u00fagynevezett diabetes l\u00e1bszindr\u00f3ma eset\u00e9n javasolt kr\u00e9m, mely a l\u00e1b b\u0151r\u00e9nek v\u00e9delm\u00e9re, szakszer\u0171 \u00e1pol\u00e1s\u00e1ra, megfelel\u0151 \u00e1llapotban tart\u00e1s\u00e1ra ker\u00fclt kifejleszt\u00e9sre. Seg\u00edti a b\u0151relv\u00e1ltoz\u00e1sok \u00e9s s\u00falyosabb sz\u00f6v\u0151dm\u00e9nyek elker\u00fcl\u00e9s\u00e9t, cs\u00f6kkent\u00e9s\u00e9t. A h\u00e1m- \u00e9s sebregener\u00e1l\u00f3, viszket\u00e9st csillap\u00edt\u00f3, mikrocirkul\u00e1ci\u00f3t optimaliz\u00e1l\u00f3 akt\u00edv anyagai az L-arginin, niacinamid, rutin, teafaolaj, mentol \u00e9s capsaicin. Tart\u00f3s\u00edt\u00f3szer, mesters\u00e9ges illat-,sz\u00ednez\u0151anyag- mentes. Gy\u00f3gyszer\u00e9szek \u00e1ltal fejlesztett.\u00a01223\/2009\/EC szerint term\u00e9k. [&hellip;]","og_url":"http:\/\/rekongem.hu\/?product=luna-diabetes-labkrem-cukorbetegek-reszere","og_site_name":"Emspoma webshop","article_publisher":"https:\/\/www.facebook.com\/masszazsbirodalom\/","article_modified_time":"2026-01-14T07:56:23+00:00","og_image":[{"width":400,"height":400,"url":"http:\/\/rekongem.hu\/wp-content\/uploads\/2025\/01\/LUNA-Diabetes-labkrem-cukorbetegek-reszere-100-ml.jpg","type":"image\/jpeg"}],"twitter_card":"summary","twitter_site":"@masszazs_bir","twitter_misc":{"Becs\u00fclt olvas\u00e1si id\u0151":"1 perc"},"schema":{"@context":"https:\/\/schema.org","@graph":[{"@type":"WebSite","@id":"http:\/\/rekongem.hu\/#website","url":"http:\/\/rekongem.hu\/","name":"Emspoma webshop","description":"","potentialAction":[{"@type":"SearchAction","target":{"@type":"EntryPoint","urlTemplate":"http:\/\/rekongem.hu\/?s={search_term_string}"},"query-input":"required name=search_term_string"}],"inLanguage":"hu"},{"@type":"ImageObject","@id":"http:\/\/rekongem.hu\/?product=luna-diabetes-labkrem-cukorbetegek-reszere#primaryimage","inLanguage":"hu","url":"http:\/\/rekongem.hu\/wp-content\/uploads\/2025\/01\/LUNA-Diabetes-labkrem-cukorbetegek-reszere-100-ml.jpg","contentUrl":"http:\/\/rekongem.hu\/wp-content\/uploads\/2025\/01\/LUNA-Diabetes-labkrem-cukorbetegek-reszere-100-ml.jpg","width":400,"height":400},{"@type":"WebPage","@id":"http:\/\/rekongem.hu\/?product=luna-diabetes-labkrem-cukorbetegek-reszere#webpage","url":"http:\/\/rekongem.hu\/?product=luna-diabetes-labkrem-cukorbetegek-reszere","name":"Dr.Kelen Diabetes l\u00e1bkr\u00e9m 100ml - Emspoma webshop","isPartOf":{"@id":"http:\/\/rekongem.hu\/#website"},"primaryImageOfPage":{"@id":"http:\/\/rekongem.hu\/?product=luna-diabetes-labkrem-cukorbetegek-reszere#primaryimage"},"datePublished":"2016-09-15T10:47:07+00:00","dateModified":"2026-01-14T07:56:23+00:00","breadcrumb":{"@id":"http:\/\/rekongem.hu\/?product=luna-diabetes-labkrem-cukorbetegek-reszere#breadcrumb"},"inLanguage":"hu","potentialAction":[{"@type":"ReadAction","target":["http:\/\/rekongem.hu\/?product=luna-diabetes-labkrem-cukorbetegek-reszere"]}]},{"@type":"BreadcrumbList","@id":"http:\/\/rekongem.hu\/?product=luna-diabetes-labkrem-cukorbetegek-reszere#breadcrumb","itemListElement":[{"@type":"ListItem","position":1,"name":"Home","item":"http:\/\/rekongem.hu\/"},{"@type":"ListItem","position":2,"name":"\u00dczlet","item":"http:\/\/rekongem.hu\/?page_id=4"},{"@type":"ListItem","position":3,"name":"Dr.Kelen Diabetes l\u00e1bkr\u00e9m 100ml"}]}]}},"_links":{"self":[{"href":"http:\/\/rekongem.hu\/index.php?rest_route=\/wp\/v2\/product\/1566"}],"collection":[{"href":"http:\/\/rekongem.hu\/index.php?rest_route=\/wp\/v2\/product"}],"about":[{"href":"http:\/\/rekongem.hu\/index.php?rest_route=\/wp\/v2\/types\/product"}],"wp:featuredmedia":[{"embeddable":true,"href":"http:\/\/rekongem.hu\/index.php?rest_route=\/wp\/v2\/media\/2754"}],"wp:attachment":[{"href":"http:\/\/rekongem.hu\/index.php?rest_route=%2Fwp%2Fv2%2Fmedia&parent=1566"}],"wp:term":[{"taxonomy":"product_cat","embeddable":true,"href":"http:\/\/rekongem.hu\/index.php?rest_route=%2Fwp%2Fv2%2Fproduct_cat&post=1566"},{"taxonomy":"product_tag","embeddable":true,"href":"http:\/\/rekongem.hu\/index.php?rest_route=%2Fwp%2Fv2%2Fproduct_tag&post=1566"}],"curies":[{"name":"wp","href":"https:\/\/api.w.org\/{rel}","templated":true}]}}