{"id":1279,"date":"2016-08-28T10:50:05","date_gmt":"2016-08-28T10:50:05","guid":{"rendered":"http:\/\/jadebeauty.hu\/termek\/donna-ketzonas-kezeloagy\/"},"modified":"2022-08-08T20:23:03","modified_gmt":"2022-08-08T20:23:03","slug":"donna-ketzonas-kezeloagy","status":"publish","type":"product","link":"http:\/\/rekongem.hu\/?product=donna-ketzonas-kezeloagy","title":{"rendered":"Donna k\u00e9tz\u00f3n\u00e1s kezel\u0151\u00e1gy"},"content":{"rendered":"","protected":false},"excerpt":{"rendered":"<p>A Donna\u00a0k\u00e9tz\u00f3n\u00e1s kezel\u0151\u00e1gy orvosi rendel\u0151kben, sz\u00e9ps\u00e9gszalonokban egyar\u00e1nt j\u00f3l haszn\u00e1lhat\u00f3.<\/p>\n<p>A p\u00e1ciens pozicion\u00e1l\u00e1s\u00e1t \u00e1ll\u00edthat\u00f3 fejt\u00e1mla seg\u00edti, az ov\u00e1lis sarkak vonalvezet\u00e9se eleg\u00e1ns megjelen\u00e9st biztos\u00edt. Az \u00e1gy fejlapj\u00e1nak magass\u00e1ga \u00e1ll\u00edthat\u00f3 amelyben arckiv\u00e1g\u00e1s tal\u00e1lhat\u00f3.\u00a0A fekv\u0151r\u00e9szben l\u00e9v\u0151 kiv\u00e1g\u00e1s speci\u00e1lis (fizikoter\u00e1pi\u00e1s) kezel\u00e9skor hasznos kieg\u00e9sz\u00edt\u00e9se lehet az \u00e1gynak.<\/p>\n<p>Behajthat\u00f3 l\u00e1bainak k\u00f6sz\u00f6nhet\u0151en egyszer\u0171en t\u00e1rolhat\u00f3, sz\u00e1ll\u00edthat\u00f3.<\/p>\n<p>Az asztal m\u0171b\u0151r fel\u00fclete nagy sz\u00ednv\u00e1laszt\u00e9kban \u00e9rhet\u0151 el.<\/p>\n<ul class=\"bullet pa_content\">\n<li>Hossz\u00fas\u00e1g: 180 cm vagy 195 cm<\/li>\n<li>Sz\u00e9less\u00e9g: 69 cm<\/li>\n<li>Magass\u00e1g: 55 cm &#8211; 80 cm<\/li>\n<li>Fejr\u00e9sz \u00e1ll\u00edthat\u00f3: 0 \u00b0- +35 \u00b0<\/li>\n<li>S\u00faly: 34 kg<\/li>\n<\/ul>\n<p>&nbsp;<\/p>\n","protected":false},"featured_media":1529,"template":"","meta":[],"product_cat":[269,266],"product_tag":[273,265,267,268,82,194],"yoast_head":"<!-- This site is optimized with the Yoast SEO plugin v17.4 - https:\/\/yoast.com\/wordpress\/plugins\/seo\/ -->\n<title>Donna k\u00e9tz\u00f3n\u00e1s kezel\u0151\u00e1gy - Emspoma webshop<\/title>\n<meta name=\"robots\" content=\"index, follow, max-snippet:-1, max-image-preview:large, max-video-preview:-1\" \/>\n<link rel=\"canonical\" href=\"http:\/\/rekongem.hu\/?product=donna-ketzonas-kezeloagy\" \/>\n<meta property=\"og:locale\" content=\"hu_HU\" \/>\n<meta property=\"og:type\" content=\"article\" \/>\n<meta property=\"og:title\" content=\"Donna k\u00e9tz\u00f3n\u00e1s kezel\u0151\u00e1gy - Emspoma webshop\" \/>\n<meta property=\"og:description\" content=\"A Donna\u00a0k\u00e9tz\u00f3n\u00e1s kezel\u0151\u00e1gy orvosi rendel\u0151kben, sz\u00e9ps\u00e9gszalonokban egyar\u00e1nt j\u00f3l haszn\u00e1lhat\u00f3.  A p\u00e1ciens pozicion\u00e1l\u00e1s\u00e1t \u00e1ll\u00edthat\u00f3 fejt\u00e1mla seg\u00edti, az ov\u00e1lis sarkak vonalvezet\u00e9se eleg\u00e1ns megjelen\u00e9st biztos\u00edt. Az \u00e1gy fejlapj\u00e1nak magass\u00e1ga \u00e1ll\u00edthat\u00f3 amelyben arckiv\u00e1g\u00e1s tal\u00e1lhat\u00f3.\u00a0A fekv\u0151r\u00e9szben l\u00e9v\u0151 kiv\u00e1g\u00e1s speci\u00e1lis (fizikoter\u00e1pi\u00e1s) kezel\u00e9skor hasznos kieg\u00e9sz\u00edt\u00e9se lehet az \u00e1gynak.  Behajthat\u00f3 l\u00e1bainak k\u00f6sz\u00f6nhet\u0151en egyszer\u0171en t\u00e1rolhat\u00f3, sz\u00e1ll\u00edthat\u00f3.  Az asztal m\u0171b\u0151r fel\u00fclete nagy sz\u00ednv\u00e1laszt\u00e9kban \u00e9rhet\u0151 el.   Hossz\u00fas\u00e1g: 180 cm vagy 195 cm  Sz\u00e9less\u00e9g: 69 cm  Magass\u00e1g: 55 cm - 80 cm  Fejr\u00e9sz \u00e1ll\u00edthat\u00f3: 0 \u00b0- +35 \u00b0  S\u00faly: 34 kg  &nbsp;\" \/>\n<meta property=\"og:url\" content=\"http:\/\/rekongem.hu\/?product=donna-ketzonas-kezeloagy\" \/>\n<meta property=\"og:site_name\" content=\"Emspoma webshop\" \/>\n<meta property=\"article:publisher\" content=\"https:\/\/www.facebook.com\/masszazsbirodalom\/\" \/>\n<meta property=\"article:modified_time\" content=\"2022-08-08T20:23:03+00:00\" \/>\n<meta property=\"og:image\" content=\"http:\/\/rekongem.hu\/wp-content\/uploads\/2016\/08\/donna.jpg\" \/>\n\t<meta property=\"og:image:width\" content=\"300\" \/>\n\t<meta property=\"og:image:height\" content=\"300\" \/>\n<meta name=\"twitter:card\" content=\"summary\" \/>\n<meta name=\"twitter:site\" content=\"@masszazs_bir\" \/>\n<script type=\"application\/ld+json\" class=\"yoast-schema-graph\">{\"@context\":\"https:\/\/schema.org\",\"@graph\":[{\"@type\":\"WebSite\",\"@id\":\"http:\/\/rekongem.hu\/#website\",\"url\":\"http:\/\/rekongem.hu\/\",\"name\":\"Emspoma webshop\",\"description\":\"\",\"potentialAction\":[{\"@type\":\"SearchAction\",\"target\":{\"@type\":\"EntryPoint\",\"urlTemplate\":\"http:\/\/rekongem.hu\/?s={search_term_string}\"},\"query-input\":\"required name=search_term_string\"}],\"inLanguage\":\"hu\"},{\"@type\":\"ImageObject\",\"@id\":\"http:\/\/rekongem.hu\/?product=donna-ketzonas-kezeloagy#primaryimage\",\"inLanguage\":\"hu\",\"url\":\"http:\/\/rekongem.hu\/wp-content\/uploads\/2016\/08\/donna.jpg\",\"contentUrl\":\"http:\/\/rekongem.hu\/wp-content\/uploads\/2016\/08\/donna.jpg\",\"width\":300,\"height\":300,\"caption\":\"donna massz\\u00e1zs\\u00e1gy\"},{\"@type\":\"WebPage\",\"@id\":\"http:\/\/rekongem.hu\/?product=donna-ketzonas-kezeloagy#webpage\",\"url\":\"http:\/\/rekongem.hu\/?product=donna-ketzonas-kezeloagy\",\"name\":\"Donna k\\u00e9tz\\u00f3n\\u00e1s kezel\\u0151\\u00e1gy - Emspoma webshop\",\"isPartOf\":{\"@id\":\"http:\/\/rekongem.hu\/#website\"},\"primaryImageOfPage\":{\"@id\":\"http:\/\/rekongem.hu\/?product=donna-ketzonas-kezeloagy#primaryimage\"},\"datePublished\":\"2016-08-28T10:50:05+00:00\",\"dateModified\":\"2022-08-08T20:23:03+00:00\",\"breadcrumb\":{\"@id\":\"http:\/\/rekongem.hu\/?product=donna-ketzonas-kezeloagy#breadcrumb\"},\"inLanguage\":\"hu\",\"potentialAction\":[{\"@type\":\"ReadAction\",\"target\":[\"http:\/\/rekongem.hu\/?product=donna-ketzonas-kezeloagy\"]}]},{\"@type\":\"BreadcrumbList\",\"@id\":\"http:\/\/rekongem.hu\/?product=donna-ketzonas-kezeloagy#breadcrumb\",\"itemListElement\":[{\"@type\":\"ListItem\",\"position\":1,\"name\":\"Home\",\"item\":\"http:\/\/rekongem.hu\/\"},{\"@type\":\"ListItem\",\"position\":2,\"name\":\"\\u00dczlet\",\"item\":\"http:\/\/rekongem.hu\/?page_id=4\"},{\"@type\":\"ListItem\",\"position\":3,\"name\":\"Donna k\\u00e9tz\\u00f3n\\u00e1s kezel\\u0151\\u00e1gy\"}]}]}<\/script>\n<!-- \/ Yoast SEO plugin. -->","yoast_head_json":{"title":"Donna k\u00e9tz\u00f3n\u00e1s kezel\u0151\u00e1gy - Emspoma webshop","robots":{"index":"index","follow":"follow","max-snippet":"max-snippet:-1","max-image-preview":"max-image-preview:large","max-video-preview":"max-video-preview:-1"},"canonical":"http:\/\/rekongem.hu\/?product=donna-ketzonas-kezeloagy","og_locale":"hu_HU","og_type":"article","og_title":"Donna k\u00e9tz\u00f3n\u00e1s kezel\u0151\u00e1gy - Emspoma webshop","og_description":"A Donna\u00a0k\u00e9tz\u00f3n\u00e1s kezel\u0151\u00e1gy orvosi rendel\u0151kben, sz\u00e9ps\u00e9gszalonokban egyar\u00e1nt j\u00f3l haszn\u00e1lhat\u00f3.  A p\u00e1ciens pozicion\u00e1l\u00e1s\u00e1t \u00e1ll\u00edthat\u00f3 fejt\u00e1mla seg\u00edti, az ov\u00e1lis sarkak vonalvezet\u00e9se eleg\u00e1ns megjelen\u00e9st biztos\u00edt. Az \u00e1gy fejlapj\u00e1nak magass\u00e1ga \u00e1ll\u00edthat\u00f3 amelyben arckiv\u00e1g\u00e1s tal\u00e1lhat\u00f3.\u00a0A fekv\u0151r\u00e9szben l\u00e9v\u0151 kiv\u00e1g\u00e1s speci\u00e1lis (fizikoter\u00e1pi\u00e1s) kezel\u00e9skor hasznos kieg\u00e9sz\u00edt\u00e9se lehet az \u00e1gynak.  Behajthat\u00f3 l\u00e1bainak k\u00f6sz\u00f6nhet\u0151en egyszer\u0171en t\u00e1rolhat\u00f3, sz\u00e1ll\u00edthat\u00f3.  Az asztal m\u0171b\u0151r fel\u00fclete nagy sz\u00ednv\u00e1laszt\u00e9kban \u00e9rhet\u0151 el.   Hossz\u00fas\u00e1g: 180 cm vagy 195 cm  Sz\u00e9less\u00e9g: 69 cm  Magass\u00e1g: 55 cm - 80 cm  Fejr\u00e9sz \u00e1ll\u00edthat\u00f3: 0 \u00b0- +35 \u00b0  S\u00faly: 34 kg  &nbsp;","og_url":"http:\/\/rekongem.hu\/?product=donna-ketzonas-kezeloagy","og_site_name":"Emspoma webshop","article_publisher":"https:\/\/www.facebook.com\/masszazsbirodalom\/","article_modified_time":"2022-08-08T20:23:03+00:00","og_image":[{"width":300,"height":300,"url":"http:\/\/rekongem.hu\/wp-content\/uploads\/2016\/08\/donna.jpg","type":"image\/jpeg"}],"twitter_card":"summary","twitter_site":"@masszazs_bir","schema":{"@context":"https:\/\/schema.org","@graph":[{"@type":"WebSite","@id":"http:\/\/rekongem.hu\/#website","url":"http:\/\/rekongem.hu\/","name":"Emspoma webshop","description":"","potentialAction":[{"@type":"SearchAction","target":{"@type":"EntryPoint","urlTemplate":"http:\/\/rekongem.hu\/?s={search_term_string}"},"query-input":"required name=search_term_string"}],"inLanguage":"hu"},{"@type":"ImageObject","@id":"http:\/\/rekongem.hu\/?product=donna-ketzonas-kezeloagy#primaryimage","inLanguage":"hu","url":"http:\/\/rekongem.hu\/wp-content\/uploads\/2016\/08\/donna.jpg","contentUrl":"http:\/\/rekongem.hu\/wp-content\/uploads\/2016\/08\/donna.jpg","width":300,"height":300,"caption":"donna massz\u00e1zs\u00e1gy"},{"@type":"WebPage","@id":"http:\/\/rekongem.hu\/?product=donna-ketzonas-kezeloagy#webpage","url":"http:\/\/rekongem.hu\/?product=donna-ketzonas-kezeloagy","name":"Donna k\u00e9tz\u00f3n\u00e1s kezel\u0151\u00e1gy - Emspoma webshop","isPartOf":{"@id":"http:\/\/rekongem.hu\/#website"},"primaryImageOfPage":{"@id":"http:\/\/rekongem.hu\/?product=donna-ketzonas-kezeloagy#primaryimage"},"datePublished":"2016-08-28T10:50:05+00:00","dateModified":"2022-08-08T20:23:03+00:00","breadcrumb":{"@id":"http:\/\/rekongem.hu\/?product=donna-ketzonas-kezeloagy#breadcrumb"},"inLanguage":"hu","potentialAction":[{"@type":"ReadAction","target":["http:\/\/rekongem.hu\/?product=donna-ketzonas-kezeloagy"]}]},{"@type":"BreadcrumbList","@id":"http:\/\/rekongem.hu\/?product=donna-ketzonas-kezeloagy#breadcrumb","itemListElement":[{"@type":"ListItem","position":1,"name":"Home","item":"http:\/\/rekongem.hu\/"},{"@type":"ListItem","position":2,"name":"\u00dczlet","item":"http:\/\/rekongem.hu\/?page_id=4"},{"@type":"ListItem","position":3,"name":"Donna k\u00e9tz\u00f3n\u00e1s kezel\u0151\u00e1gy"}]}]}},"_links":{"self":[{"href":"http:\/\/rekongem.hu\/index.php?rest_route=\/wp\/v2\/product\/1279"}],"collection":[{"href":"http:\/\/rekongem.hu\/index.php?rest_route=\/wp\/v2\/product"}],"about":[{"href":"http:\/\/rekongem.hu\/index.php?rest_route=\/wp\/v2\/types\/product"}],"wp:featuredmedia":[{"embeddable":true,"href":"http:\/\/rekongem.hu\/index.php?rest_route=\/wp\/v2\/media\/1529"}],"wp:attachment":[{"href":"http:\/\/rekongem.hu\/index.php?rest_route=%2Fwp%2Fv2%2Fmedia&parent=1279"}],"wp:term":[{"taxonomy":"product_cat","embeddable":true,"href":"http:\/\/rekongem.hu\/index.php?rest_route=%2Fwp%2Fv2%2Fproduct_cat&post=1279"},{"taxonomy":"product_tag","embeddable":true,"href":"http:\/\/rekongem.hu\/index.php?rest_route=%2Fwp%2Fv2%2Fproduct_tag&post=1279"}],"curies":[{"name":"wp","href":"https:\/\/api.w.org\/{rel}","templated":true}]}}