{"id":1273,"date":"2016-08-28T10:34:09","date_gmt":"2016-08-28T10:34:09","guid":{"rendered":"http:\/\/jadebeauty.hu\/termek\/riva-mini-ketzonas-kezeloagy\/"},"modified":"2022-08-08T20:24:43","modified_gmt":"2022-08-08T20:24:43","slug":"riva-mini-ketzonas-kezeloagy","status":"publish","type":"product","link":"http:\/\/rekongem.hu\/?product=riva-mini-ketzonas-kezeloagy","title":{"rendered":"Riva mini k\u00e9tz\u00f3n\u00e1s kezel\u0151\u00e1gy"},"content":{"rendered":"","protected":false},"excerpt":{"rendered":"<p>A Riva mini fix magass\u00e1g\u00fa\u00a0k\u00e9tz\u00f3n\u00e1s kezel\u0151\u00e1gy.<\/p>\n<p>Az \u00e1gy fejlapj\u00e1nak magass\u00e1ga \u00e1ll\u00edthat\u00f3, melyben arclyukkiv\u00e1g\u00e1s tal\u00e1lhat\u00f3.<\/p>\n<p>Az egyik l\u00e1bv\u00e9g mozgathat\u00f3s\u00e1ga lehet\u0151v\u00e9 teszi az \u00e1gy egyenetlen felsz\u00ednen t\u00f6rt\u00e9n\u0151 be\u00e1ll\u00edt\u00e1s\u00e1t is.<\/p>\n<p>Az asztal m\u0171b\u0151r fel\u00fclete nagy sz\u00ednv\u00e1laszt\u00e9kban \u00e9rhet\u0151 el. \u00a0A v\u00e1z\u00a0sz\u00edne feh\u00e9r.<\/p>\n<ul class=\"bullet pa_content\">\n<li>Hossz\u00fas\u00e1g: 185 cm vagy 195 cm<\/li>\n<li>Sz\u00e9less\u00e9g: 70 cm<\/li>\n<li>Magass\u00e1g: 55 cm<\/li>\n<li>Fejr\u00e9sz \u00e1ll\u00edthat\u00f3: -60 \u00b0 &#8211; +45 \u00b0<\/li>\n<li>S\u00faly: 30 kg<\/li>\n<\/ul>\n<p>A v\u00e1z\u00a0sz\u00edne feh\u00e9r.<\/p>\n","protected":false},"featured_media":1534,"template":"","meta":[],"product_cat":[269,266],"product_tag":[265,267,268,82,194,271],"yoast_head":"<!-- This site is optimized with the Yoast SEO plugin v17.4 - https:\/\/yoast.com\/wordpress\/plugins\/seo\/ -->\n<title>Riva mini k\u00e9tz\u00f3n\u00e1s kezel\u0151\u00e1gy - Emspoma webshop<\/title>\n<meta name=\"robots\" content=\"index, follow, max-snippet:-1, max-image-preview:large, max-video-preview:-1\" \/>\n<link rel=\"canonical\" href=\"http:\/\/rekongem.hu\/?product=riva-mini-ketzonas-kezeloagy\" \/>\n<meta property=\"og:locale\" content=\"hu_HU\" \/>\n<meta property=\"og:type\" content=\"article\" \/>\n<meta property=\"og:title\" content=\"Riva mini k\u00e9tz\u00f3n\u00e1s kezel\u0151\u00e1gy - Emspoma webshop\" \/>\n<meta property=\"og:description\" content=\"A Riva mini fix magass\u00e1g\u00fa\u00a0k\u00e9tz\u00f3n\u00e1s kezel\u0151\u00e1gy. Az \u00e1gy fejlapj\u00e1nak magass\u00e1ga \u00e1ll\u00edthat\u00f3, melyben arclyukkiv\u00e1g\u00e1s tal\u00e1lhat\u00f3. Az egyik l\u00e1bv\u00e9g mozgathat\u00f3s\u00e1ga lehet\u0151v\u00e9 teszi az \u00e1gy egyenetlen felsz\u00ednen t\u00f6rt\u00e9n\u0151 be\u00e1ll\u00edt\u00e1s\u00e1t is. Az asztal m\u0171b\u0151r fel\u00fclete nagy sz\u00ednv\u00e1laszt\u00e9kban \u00e9rhet\u0151 el. \u00a0A v\u00e1z\u00a0sz\u00edne feh\u00e9r.  Hossz\u00fas\u00e1g: 185 cm vagy 195 cm  Sz\u00e9less\u00e9g: 70 cm  Magass\u00e1g: 55 cm  Fejr\u00e9sz \u00e1ll\u00edthat\u00f3: -60 \u00b0 - +45 \u00b0  S\u00faly: 30 kg A v\u00e1z\u00a0sz\u00edne feh\u00e9r.\" \/>\n<meta property=\"og:url\" content=\"http:\/\/rekongem.hu\/?product=riva-mini-ketzonas-kezeloagy\" \/>\n<meta property=\"og:site_name\" content=\"Emspoma webshop\" \/>\n<meta property=\"article:publisher\" content=\"https:\/\/www.facebook.com\/masszazsbirodalom\/\" \/>\n<meta property=\"article:modified_time\" content=\"2022-08-08T20:24:43+00:00\" \/>\n<meta property=\"og:image\" content=\"http:\/\/rekongem.hu\/wp-content\/uploads\/2016\/08\/riva200.jpg\" \/>\n\t<meta property=\"og:image:width\" content=\"300\" \/>\n\t<meta property=\"og:image:height\" content=\"300\" \/>\n<meta name=\"twitter:card\" content=\"summary\" \/>\n<meta name=\"twitter:site\" content=\"@masszazs_bir\" \/>\n<script type=\"application\/ld+json\" class=\"yoast-schema-graph\">{\"@context\":\"https:\/\/schema.org\",\"@graph\":[{\"@type\":\"WebSite\",\"@id\":\"http:\/\/rekongem.hu\/#website\",\"url\":\"http:\/\/rekongem.hu\/\",\"name\":\"Emspoma webshop\",\"description\":\"\",\"potentialAction\":[{\"@type\":\"SearchAction\",\"target\":{\"@type\":\"EntryPoint\",\"urlTemplate\":\"http:\/\/rekongem.hu\/?s={search_term_string}\"},\"query-input\":\"required name=search_term_string\"}],\"inLanguage\":\"hu\"},{\"@type\":\"ImageObject\",\"@id\":\"http:\/\/rekongem.hu\/?product=riva-mini-ketzonas-kezeloagy#primaryimage\",\"inLanguage\":\"hu\",\"url\":\"http:\/\/rekongem.hu\/wp-content\/uploads\/2016\/08\/riva200.jpg\",\"contentUrl\":\"http:\/\/rekongem.hu\/wp-content\/uploads\/2016\/08\/riva200.jpg\",\"width\":300,\"height\":300,\"caption\":\"riva massz\\u00e1zs\\u00e1gy\"},{\"@type\":\"WebPage\",\"@id\":\"http:\/\/rekongem.hu\/?product=riva-mini-ketzonas-kezeloagy#webpage\",\"url\":\"http:\/\/rekongem.hu\/?product=riva-mini-ketzonas-kezeloagy\",\"name\":\"Riva mini k\\u00e9tz\\u00f3n\\u00e1s kezel\\u0151\\u00e1gy - Emspoma webshop\",\"isPartOf\":{\"@id\":\"http:\/\/rekongem.hu\/#website\"},\"primaryImageOfPage\":{\"@id\":\"http:\/\/rekongem.hu\/?product=riva-mini-ketzonas-kezeloagy#primaryimage\"},\"datePublished\":\"2016-08-28T10:34:09+00:00\",\"dateModified\":\"2022-08-08T20:24:43+00:00\",\"breadcrumb\":{\"@id\":\"http:\/\/rekongem.hu\/?product=riva-mini-ketzonas-kezeloagy#breadcrumb\"},\"inLanguage\":\"hu\",\"potentialAction\":[{\"@type\":\"ReadAction\",\"target\":[\"http:\/\/rekongem.hu\/?product=riva-mini-ketzonas-kezeloagy\"]}]},{\"@type\":\"BreadcrumbList\",\"@id\":\"http:\/\/rekongem.hu\/?product=riva-mini-ketzonas-kezeloagy#breadcrumb\",\"itemListElement\":[{\"@type\":\"ListItem\",\"position\":1,\"name\":\"Home\",\"item\":\"http:\/\/rekongem.hu\/\"},{\"@type\":\"ListItem\",\"position\":2,\"name\":\"\\u00dczlet\",\"item\":\"http:\/\/rekongem.hu\/?page_id=4\"},{\"@type\":\"ListItem\",\"position\":3,\"name\":\"Riva mini k\\u00e9tz\\u00f3n\\u00e1s kezel\\u0151\\u00e1gy\"}]}]}<\/script>\n<!-- \/ Yoast SEO plugin. -->","yoast_head_json":{"title":"Riva mini k\u00e9tz\u00f3n\u00e1s kezel\u0151\u00e1gy - Emspoma webshop","robots":{"index":"index","follow":"follow","max-snippet":"max-snippet:-1","max-image-preview":"max-image-preview:large","max-video-preview":"max-video-preview:-1"},"canonical":"http:\/\/rekongem.hu\/?product=riva-mini-ketzonas-kezeloagy","og_locale":"hu_HU","og_type":"article","og_title":"Riva mini k\u00e9tz\u00f3n\u00e1s kezel\u0151\u00e1gy - Emspoma webshop","og_description":"A Riva mini fix magass\u00e1g\u00fa\u00a0k\u00e9tz\u00f3n\u00e1s kezel\u0151\u00e1gy. Az \u00e1gy fejlapj\u00e1nak magass\u00e1ga \u00e1ll\u00edthat\u00f3, melyben arclyukkiv\u00e1g\u00e1s tal\u00e1lhat\u00f3. Az egyik l\u00e1bv\u00e9g mozgathat\u00f3s\u00e1ga lehet\u0151v\u00e9 teszi az \u00e1gy egyenetlen felsz\u00ednen t\u00f6rt\u00e9n\u0151 be\u00e1ll\u00edt\u00e1s\u00e1t is. Az asztal m\u0171b\u0151r fel\u00fclete nagy sz\u00ednv\u00e1laszt\u00e9kban \u00e9rhet\u0151 el. \u00a0A v\u00e1z\u00a0sz\u00edne feh\u00e9r.  Hossz\u00fas\u00e1g: 185 cm vagy 195 cm  Sz\u00e9less\u00e9g: 70 cm  Magass\u00e1g: 55 cm  Fejr\u00e9sz \u00e1ll\u00edthat\u00f3: -60 \u00b0 - +45 \u00b0  S\u00faly: 30 kg A v\u00e1z\u00a0sz\u00edne feh\u00e9r.","og_url":"http:\/\/rekongem.hu\/?product=riva-mini-ketzonas-kezeloagy","og_site_name":"Emspoma webshop","article_publisher":"https:\/\/www.facebook.com\/masszazsbirodalom\/","article_modified_time":"2022-08-08T20:24:43+00:00","og_image":[{"width":300,"height":300,"url":"http:\/\/rekongem.hu\/wp-content\/uploads\/2016\/08\/riva200.jpg","type":"image\/jpeg"}],"twitter_card":"summary","twitter_site":"@masszazs_bir","schema":{"@context":"https:\/\/schema.org","@graph":[{"@type":"WebSite","@id":"http:\/\/rekongem.hu\/#website","url":"http:\/\/rekongem.hu\/","name":"Emspoma webshop","description":"","potentialAction":[{"@type":"SearchAction","target":{"@type":"EntryPoint","urlTemplate":"http:\/\/rekongem.hu\/?s={search_term_string}"},"query-input":"required name=search_term_string"}],"inLanguage":"hu"},{"@type":"ImageObject","@id":"http:\/\/rekongem.hu\/?product=riva-mini-ketzonas-kezeloagy#primaryimage","inLanguage":"hu","url":"http:\/\/rekongem.hu\/wp-content\/uploads\/2016\/08\/riva200.jpg","contentUrl":"http:\/\/rekongem.hu\/wp-content\/uploads\/2016\/08\/riva200.jpg","width":300,"height":300,"caption":"riva massz\u00e1zs\u00e1gy"},{"@type":"WebPage","@id":"http:\/\/rekongem.hu\/?product=riva-mini-ketzonas-kezeloagy#webpage","url":"http:\/\/rekongem.hu\/?product=riva-mini-ketzonas-kezeloagy","name":"Riva mini k\u00e9tz\u00f3n\u00e1s kezel\u0151\u00e1gy - Emspoma webshop","isPartOf":{"@id":"http:\/\/rekongem.hu\/#website"},"primaryImageOfPage":{"@id":"http:\/\/rekongem.hu\/?product=riva-mini-ketzonas-kezeloagy#primaryimage"},"datePublished":"2016-08-28T10:34:09+00:00","dateModified":"2022-08-08T20:24:43+00:00","breadcrumb":{"@id":"http:\/\/rekongem.hu\/?product=riva-mini-ketzonas-kezeloagy#breadcrumb"},"inLanguage":"hu","potentialAction":[{"@type":"ReadAction","target":["http:\/\/rekongem.hu\/?product=riva-mini-ketzonas-kezeloagy"]}]},{"@type":"BreadcrumbList","@id":"http:\/\/rekongem.hu\/?product=riva-mini-ketzonas-kezeloagy#breadcrumb","itemListElement":[{"@type":"ListItem","position":1,"name":"Home","item":"http:\/\/rekongem.hu\/"},{"@type":"ListItem","position":2,"name":"\u00dczlet","item":"http:\/\/rekongem.hu\/?page_id=4"},{"@type":"ListItem","position":3,"name":"Riva mini k\u00e9tz\u00f3n\u00e1s kezel\u0151\u00e1gy"}]}]}},"_links":{"self":[{"href":"http:\/\/rekongem.hu\/index.php?rest_route=\/wp\/v2\/product\/1273"}],"collection":[{"href":"http:\/\/rekongem.hu\/index.php?rest_route=\/wp\/v2\/product"}],"about":[{"href":"http:\/\/rekongem.hu\/index.php?rest_route=\/wp\/v2\/types\/product"}],"wp:featuredmedia":[{"embeddable":true,"href":"http:\/\/rekongem.hu\/index.php?rest_route=\/wp\/v2\/media\/1534"}],"wp:attachment":[{"href":"http:\/\/rekongem.hu\/index.php?rest_route=%2Fwp%2Fv2%2Fmedia&parent=1273"}],"wp:term":[{"taxonomy":"product_cat","embeddable":true,"href":"http:\/\/rekongem.hu\/index.php?rest_route=%2Fwp%2Fv2%2Fproduct_cat&post=1273"},{"taxonomy":"product_tag","embeddable":true,"href":"http:\/\/rekongem.hu\/index.php?rest_route=%2Fwp%2Fv2%2Fproduct_tag&post=1273"}],"curies":[{"name":"wp","href":"https:\/\/api.w.org\/{rel}","templated":true}]}}