{"id":17,"date":"2016-06-29T14:06:18","date_gmt":"2016-06-29T14:06:18","guid":{"rendered":"http:\/\/jadebeauty.hu\/uzlet\/"},"modified":"2016-06-29T14:06:18","modified_gmt":"2016-06-29T14:06:18","slug":"uzlet-2-2","status":"publish","type":"page","link":"http:\/\/rekongem.hu\/?page_id=17","title":{"rendered":"Web\u00e1ruh\u00e1z"},"content":{"rendered":"","protected":false},"excerpt":{"rendered":"","protected":false},"author":1,"featured_media":0,"parent":0,"menu_order":0,"comment_status":"closed","ping_status":"closed","template":"","meta":[],"yoast_head":"<!-- This site is optimized with the Yoast SEO plugin v17.4 - https:\/\/yoast.com\/wordpress\/plugins\/seo\/ -->\n<title>Web\u00e1ruh\u00e1z - Emspoma webshop<\/title>\n<meta name=\"description\" content=\"Emspoma, Rekongem massz\u00e1zskr\u00e9mek, Jade, Dr.Kelen, Lady Stella, Yamuna, massz\u00e1zsolajak, massz\u00e1zskr\u00e9mek, massz\u00e1zs\u00e1gyak, massz\u00e1zskell\u00e9kek h\u00e1zhoz sz\u00e1ll\u00edt\u00e1ssal.\" \/>\n<meta name=\"robots\" content=\"index, follow, max-snippet:-1, max-image-preview:large, max-video-preview:-1\" \/>\n<link rel=\"canonical\" href=\"http:\/\/rekongem.hu\/?page_id=17\" \/>\n<meta property=\"og:locale\" content=\"hu_HU\" \/>\n<meta property=\"og:type\" content=\"article\" \/>\n<meta property=\"og:title\" content=\"Web\u00e1ruh\u00e1z - Emspoma webshop\" \/>\n<meta property=\"og:description\" content=\"Emspoma, Rekongem massz\u00e1zskr\u00e9mek, Jade, Dr.Kelen, Lady Stella, Yamuna, massz\u00e1zsolajak, massz\u00e1zskr\u00e9mek, massz\u00e1zs\u00e1gyak, massz\u00e1zskell\u00e9kek h\u00e1zhoz sz\u00e1ll\u00edt\u00e1ssal.\" \/>\n<meta property=\"og:url\" content=\"http:\/\/rekongem.hu\/?page_id=17\" \/>\n<meta property=\"og:site_name\" content=\"Emspoma webshop\" \/>\n<meta property=\"article:publisher\" content=\"https:\/\/www.facebook.com\/masszazsbirodalom\/\" \/>\n<meta name=\"twitter:card\" content=\"summary\" \/>\n<meta name=\"twitter:site\" content=\"@masszazs_bir\" \/>\n<script type=\"application\/ld+json\" class=\"yoast-schema-graph\">{\"@context\":\"https:\/\/schema.org\",\"@graph\":[{\"@type\":\"WebSite\",\"@id\":\"http:\/\/rekongem.hu\/#website\",\"url\":\"http:\/\/rekongem.hu\/\",\"name\":\"Emspoma webshop\",\"description\":\"\",\"potentialAction\":[{\"@type\":\"SearchAction\",\"target\":{\"@type\":\"EntryPoint\",\"urlTemplate\":\"http:\/\/rekongem.hu\/?s={search_term_string}\"},\"query-input\":\"required name=search_term_string\"}],\"inLanguage\":\"hu\"},{\"@type\":\"WebPage\",\"@id\":\"http:\/\/rekongem.hu\/?page_id=17#webpage\",\"url\":\"http:\/\/rekongem.hu\/?page_id=17\",\"name\":\"Web\\u00e1ruh\\u00e1z - Emspoma webshop\",\"isPartOf\":{\"@id\":\"http:\/\/rekongem.hu\/#website\"},\"datePublished\":\"2016-06-29T14:06:18+00:00\",\"dateModified\":\"2016-06-29T14:06:18+00:00\",\"description\":\"Emspoma, Rekongem massz\\u00e1zskr\\u00e9mek, Jade, Dr.Kelen, Lady Stella, Yamuna, massz\\u00e1zsolajak, massz\\u00e1zskr\\u00e9mek, massz\\u00e1zs\\u00e1gyak, massz\\u00e1zskell\\u00e9kek h\\u00e1zhoz sz\\u00e1ll\\u00edt\\u00e1ssal.\",\"breadcrumb\":{\"@id\":\"http:\/\/rekongem.hu\/?page_id=17#breadcrumb\"},\"inLanguage\":\"hu\",\"potentialAction\":[{\"@type\":\"ReadAction\",\"target\":[\"http:\/\/rekongem.hu\/?page_id=17\"]}]},{\"@type\":\"BreadcrumbList\",\"@id\":\"http:\/\/rekongem.hu\/?page_id=17#breadcrumb\",\"itemListElement\":[{\"@type\":\"ListItem\",\"position\":1,\"name\":\"Home\",\"item\":\"http:\/\/rekongem.hu\/\"},{\"@type\":\"ListItem\",\"position\":2,\"name\":\"Web\\u00e1ruh\\u00e1z\"}]}]}<\/script>\n<!-- \/ Yoast SEO plugin. -->","yoast_head_json":{"title":"Web\u00e1ruh\u00e1z - Emspoma webshop","description":"Emspoma, Rekongem massz\u00e1zskr\u00e9mek, Jade, Dr.Kelen, Lady Stella, Yamuna, massz\u00e1zsolajak, massz\u00e1zskr\u00e9mek, massz\u00e1zs\u00e1gyak, massz\u00e1zskell\u00e9kek h\u00e1zhoz sz\u00e1ll\u00edt\u00e1ssal.","robots":{"index":"index","follow":"follow","max-snippet":"max-snippet:-1","max-image-preview":"max-image-preview:large","max-video-preview":"max-video-preview:-1"},"canonical":"http:\/\/rekongem.hu\/?page_id=17","og_locale":"hu_HU","og_type":"article","og_title":"Web\u00e1ruh\u00e1z - Emspoma webshop","og_description":"Emspoma, Rekongem massz\u00e1zskr\u00e9mek, Jade, Dr.Kelen, Lady Stella, Yamuna, massz\u00e1zsolajak, massz\u00e1zskr\u00e9mek, massz\u00e1zs\u00e1gyak, massz\u00e1zskell\u00e9kek h\u00e1zhoz sz\u00e1ll\u00edt\u00e1ssal.","og_url":"http:\/\/rekongem.hu\/?page_id=17","og_site_name":"Emspoma webshop","article_publisher":"https:\/\/www.facebook.com\/masszazsbirodalom\/","twitter_card":"summary","twitter_site":"@masszazs_bir","schema":{"@context":"https:\/\/schema.org","@graph":[{"@type":"WebSite","@id":"http:\/\/rekongem.hu\/#website","url":"http:\/\/rekongem.hu\/","name":"Emspoma webshop","description":"","potentialAction":[{"@type":"SearchAction","target":{"@type":"EntryPoint","urlTemplate":"http:\/\/rekongem.hu\/?s={search_term_string}"},"query-input":"required name=search_term_string"}],"inLanguage":"hu"},{"@type":"WebPage","@id":"http:\/\/rekongem.hu\/?page_id=17#webpage","url":"http:\/\/rekongem.hu\/?page_id=17","name":"Web\u00e1ruh\u00e1z - Emspoma webshop","isPartOf":{"@id":"http:\/\/rekongem.hu\/#website"},"datePublished":"2016-06-29T14:06:18+00:00","dateModified":"2016-06-29T14:06:18+00:00","description":"Emspoma, Rekongem massz\u00e1zskr\u00e9mek, Jade, Dr.Kelen, Lady Stella, Yamuna, massz\u00e1zsolajak, massz\u00e1zskr\u00e9mek, massz\u00e1zs\u00e1gyak, massz\u00e1zskell\u00e9kek h\u00e1zhoz sz\u00e1ll\u00edt\u00e1ssal.","breadcrumb":{"@id":"http:\/\/rekongem.hu\/?page_id=17#breadcrumb"},"inLanguage":"hu","potentialAction":[{"@type":"ReadAction","target":["http:\/\/rekongem.hu\/?page_id=17"]}]},{"@type":"BreadcrumbList","@id":"http:\/\/rekongem.hu\/?page_id=17#breadcrumb","itemListElement":[{"@type":"ListItem","position":1,"name":"Home","item":"http:\/\/rekongem.hu\/"},{"@type":"ListItem","position":2,"name":"Web\u00e1ruh\u00e1z"}]}]}},"_links":{"self":[{"href":"http:\/\/rekongem.hu\/index.php?rest_route=\/wp\/v2\/pages\/17"}],"collection":[{"href":"http:\/\/rekongem.hu\/index.php?rest_route=\/wp\/v2\/pages"}],"about":[{"href":"http:\/\/rekongem.hu\/index.php?rest_route=\/wp\/v2\/types\/page"}],"author":[{"embeddable":true,"href":"http:\/\/rekongem.hu\/index.php?rest_route=\/wp\/v2\/users\/1"}],"replies":[{"embeddable":true,"href":"http:\/\/rekongem.hu\/index.php?rest_route=%2Fwp%2Fv2%2Fcomments&post=17"}],"version-history":[{"count":0,"href":"http:\/\/rekongem.hu\/index.php?rest_route=\/wp\/v2\/pages\/17\/revisions"}],"wp:attachment":[{"href":"http:\/\/rekongem.hu\/index.php?rest_route=%2Fwp%2Fv2%2Fmedia&parent=17"}],"curies":[{"name":"wp","href":"https:\/\/api.w.org\/{rel}","templated":true}]}}