{"id":16,"date":"2016-06-29T14:01:15","date_gmt":"2016-06-29T12:01:15","guid":{"rendered":"http:\/\/jadebeauty.hu\/?page_id=2"},"modified":"2016-09-29T20:42:21","modified_gmt":"2016-09-29T20:42:21","slug":"ez-egy-minta-oldal-2","status":"publish","type":"page","link":"http:\/\/rekongem.hu\/","title":{"rendered":"F\u0151oldal"},"content":{"rendered":"<p>[vc_row content_placement=&#8221;middle&#8221;][vc_column][rev_slider_vc alias=&#8221;home_page_1&#8243;][\/vc_column][vc_column width=&#8221;1\/2&#8243; css=&#8221;.vc_custom_1468408402558{margin-top: -75px !important;}&#8221;][vc_single_image image=&#8221;1615&#8243; img_size=&#8221;large&#8221; css_animation=&#8221;appear&#8221; css=&#8221;.vc_custom_1474469241116{margin-top: 0px !important;}&#8221;][\/vc_column][vc_column width=&#8221;1\/2&#8243;][vc_custom_heading text=&#8221;\u00dcdv\u00f6z\u00f6lj\u00fck!&#8221; font_container=&#8221;tag:h5|font_size:60|text_align:center|color:%23f4cc5d&#8221; google_fonts=&#8221;font_family:Philosopher%3Aregular%2Citalic%2C700%2C700italic|font_style:400%20regular%3A400%3Anormal&#8221; css=&#8221;.vc_custom_1475091963151{margin-top: 50px !important;padding-top: 0px !important;padding-left: 50px !important;}&#8221;][vc_column_text]<\/p>\n<p style=\"text-align: center;\"><span style=\"color: #fcfbfb;\">\u00d6r\u00fcl\u00fcnk, hogy \u00e1ruh\u00e1zunkban \u00fcdv\u00f6z\u00f6lhetj\u00fck. Rem\u00e9lj\u00fck, nem csak gyorsan \u00e9s hat\u00e9konyan megtal\u00e1lja azt a term\u00e9ket, amit keres, hanem mindek\u00f6zben hasznos inform\u00e1ci\u00f3kkal is gazdagodik. J\u00f3 v\u00e1s\u00e1rl\u00e1st k\u00edv\u00e1nunk!<\/span><\/p>\n<p style=\"text-align: center;\"><span style=\"color: #fcfbfb;\">Az emspoma.hu csapata<\/span><\/p>\n<p>[\/vc_column_text][\/vc_column][\/vc_row]<\/p>\n","protected":false},"excerpt":{"rendered":"<p>[vc_row content_placement=&#8221;middle&#8221;][vc_column][rev_slider_vc alias=&#8221;home_page_1&#8243;][\/vc_column][vc_column width=&#8221;1\/2&#8243; css=&#8221;.vc_custom_1468408402558{margin-top: -75px !important;}&#8221;][vc_single_image image=&#8221;1615&#8243; img_size=&#8221;large&#8221; css_animation=&#8221;appear&#8221; css=&#8221;.vc_custom_1474469241116{margin-top: 0px !important;}&#8221;][\/vc_column][vc_column width=&#8221;1\/2&#8243;][vc_custom_heading text=&#8221;\u00dcdv\u00f6z\u00f6lj\u00fck!&#8221; font_container=&#8221;tag:h5|font_size:60|text_align:center|color:%23f4cc5d&#8221; google_fonts=&#8221;font_family:Philosopher%3Aregular%2Citalic%2C700%2C700italic|font_style:400%20regular%3A400%3Anormal&#8221; css=&#8221;.vc_custom_1475091963151{margin-top: 50px !important;padding-top: 0px !important;padding-left: 50px !important;}&#8221;][vc_column_text] \u00d6r\u00fcl\u00fcnk, hogy \u00e1ruh\u00e1zunkban \u00fcdv\u00f6z\u00f6lhetj\u00fck. Rem\u00e9lj\u00fck, nem csak gyorsan \u00e9s hat\u00e9konyan megtal\u00e1lja azt a term\u00e9ket, amit keres, hanem mindek\u00f6zben hasznos inform\u00e1ci\u00f3kkal is gazdagodik. J\u00f3 v\u00e1s\u00e1rl\u00e1st k\u00edv\u00e1nunk! Az emspoma.hu csapata [\/vc_column_text][\/vc_column][\/vc_row]<\/p>\n","protected":false},"author":1,"featured_media":0,"parent":0,"menu_order":0,"comment_status":"closed","ping_status":"closed","template":"template-homepage.php","meta":[],"yoast_head":"<!-- This site is optimized with the Yoast SEO plugin v17.4 - https:\/\/yoast.com\/wordpress\/plugins\/seo\/ -->\n<title>F\u0151oldal - Emspoma webshop<\/title>\n<meta name=\"robots\" content=\"index, follow, max-snippet:-1, max-image-preview:large, max-video-preview:-1\" \/>\n<link rel=\"canonical\" href=\"http:\/\/rekongem.hu\/\" \/>\n<meta property=\"og:locale\" content=\"hu_HU\" \/>\n<meta property=\"og:type\" content=\"article\" \/>\n<meta property=\"og:title\" content=\"F\u0151oldal - Emspoma webshop\" \/>\n<meta property=\"og:description\" content=\"[vc_row content_placement=&#8221;middle&#8221;][vc_column][rev_slider_vc alias=&#8221;home_page_1&#8243;][\/vc_column][vc_column width=&#8221;1\/2&#8243; css=&#8221;.vc_custom_1468408402558{margin-top: -75px !important;}&#8221;][vc_single_image image=&#8221;1615&#8243; img_size=&#8221;large&#8221; css_animation=&#8221;appear&#8221; css=&#8221;.vc_custom_1474469241116{margin-top: 0px !important;}&#8221;][\/vc_column][vc_column width=&#8221;1\/2&#8243;][vc_custom_heading text=&#8221;\u00dcdv\u00f6z\u00f6lj\u00fck!&#8221; font_container=&#8221;tag:h5|font_size:60|text_align:center|color:%23f4cc5d&#8221; google_fonts=&#8221;font_family:Philosopher%3Aregular%2Citalic%2C700%2C700italic|font_style:400%20regular%3A400%3Anormal&#8221; css=&#8221;.vc_custom_1475091963151{margin-top: 50px !important;padding-top: 0px !important;padding-left: 50px !important;}&#8221;][vc_column_text] \u00d6r\u00fcl\u00fcnk, hogy \u00e1ruh\u00e1zunkban \u00fcdv\u00f6z\u00f6lhetj\u00fck. Rem\u00e9lj\u00fck, nem csak gyorsan \u00e9s hat\u00e9konyan megtal\u00e1lja azt a term\u00e9ket, amit keres, hanem mindek\u00f6zben hasznos inform\u00e1ci\u00f3kkal is gazdagodik. J\u00f3 v\u00e1s\u00e1rl\u00e1st k\u00edv\u00e1nunk! Az emspoma.hu csapata [\/vc_column_text][\/vc_column][\/vc_row]\" \/>\n<meta property=\"og:url\" content=\"http:\/\/rekongem.hu\/\" \/>\n<meta property=\"og:site_name\" content=\"Emspoma webshop\" \/>\n<meta property=\"article:publisher\" content=\"https:\/\/www.facebook.com\/masszazsbirodalom\/\" \/>\n<meta property=\"article:modified_time\" content=\"2016-09-29T20:42:21+00:00\" \/>\n<meta name=\"twitter:card\" content=\"summary\" \/>\n<meta name=\"twitter:site\" content=\"@masszazs_bir\" \/>\n<meta name=\"twitter:label1\" content=\"Becs\u00fclt olvas\u00e1si id\u0151\" \/>\n\t<meta name=\"twitter:data1\" content=\"1 perc\" \/>\n<script type=\"application\/ld+json\" class=\"yoast-schema-graph\">{\"@context\":\"https:\/\/schema.org\",\"@graph\":[{\"@type\":\"WebSite\",\"@id\":\"http:\/\/rekongem.hu\/#website\",\"url\":\"http:\/\/rekongem.hu\/\",\"name\":\"Emspoma webshop\",\"description\":\"\",\"potentialAction\":[{\"@type\":\"SearchAction\",\"target\":{\"@type\":\"EntryPoint\",\"urlTemplate\":\"http:\/\/rekongem.hu\/?s={search_term_string}\"},\"query-input\":\"required name=search_term_string\"}],\"inLanguage\":\"hu\"},{\"@type\":\"WebPage\",\"@id\":\"http:\/\/rekongem.hu\/#webpage\",\"url\":\"http:\/\/rekongem.hu\/\",\"name\":\"F\\u0151oldal - Emspoma webshop\",\"isPartOf\":{\"@id\":\"http:\/\/rekongem.hu\/#website\"},\"datePublished\":\"2016-06-29T12:01:15+00:00\",\"dateModified\":\"2016-09-29T20:42:21+00:00\",\"breadcrumb\":{\"@id\":\"http:\/\/rekongem.hu\/#breadcrumb\"},\"inLanguage\":\"hu\",\"potentialAction\":[{\"@type\":\"ReadAction\",\"target\":[\"http:\/\/rekongem.hu\/\"]}]},{\"@type\":\"BreadcrumbList\",\"@id\":\"http:\/\/rekongem.hu\/#breadcrumb\",\"itemListElement\":[{\"@type\":\"ListItem\",\"position\":1,\"name\":\"Home\",\"item\":\"http:\/\/rekongem.hu\/\"},{\"@type\":\"ListItem\",\"position\":2,\"name\":\"F\\u0151oldal\"}]}]}<\/script>\n<!-- \/ Yoast SEO plugin. -->","yoast_head_json":{"title":"F\u0151oldal - Emspoma webshop","robots":{"index":"index","follow":"follow","max-snippet":"max-snippet:-1","max-image-preview":"max-image-preview:large","max-video-preview":"max-video-preview:-1"},"canonical":"http:\/\/rekongem.hu\/","og_locale":"hu_HU","og_type":"article","og_title":"F\u0151oldal - Emspoma webshop","og_description":"[vc_row content_placement=&#8221;middle&#8221;][vc_column][rev_slider_vc alias=&#8221;home_page_1&#8243;][\/vc_column][vc_column width=&#8221;1\/2&#8243; css=&#8221;.vc_custom_1468408402558{margin-top: -75px !important;}&#8221;][vc_single_image image=&#8221;1615&#8243; img_size=&#8221;large&#8221; css_animation=&#8221;appear&#8221; css=&#8221;.vc_custom_1474469241116{margin-top: 0px !important;}&#8221;][\/vc_column][vc_column width=&#8221;1\/2&#8243;][vc_custom_heading text=&#8221;\u00dcdv\u00f6z\u00f6lj\u00fck!&#8221; font_container=&#8221;tag:h5|font_size:60|text_align:center|color:%23f4cc5d&#8221; google_fonts=&#8221;font_family:Philosopher%3Aregular%2Citalic%2C700%2C700italic|font_style:400%20regular%3A400%3Anormal&#8221; css=&#8221;.vc_custom_1475091963151{margin-top: 50px !important;padding-top: 0px !important;padding-left: 50px !important;}&#8221;][vc_column_text] \u00d6r\u00fcl\u00fcnk, hogy \u00e1ruh\u00e1zunkban \u00fcdv\u00f6z\u00f6lhetj\u00fck. Rem\u00e9lj\u00fck, nem csak gyorsan \u00e9s hat\u00e9konyan megtal\u00e1lja azt a term\u00e9ket, amit keres, hanem mindek\u00f6zben hasznos inform\u00e1ci\u00f3kkal is gazdagodik. J\u00f3 v\u00e1s\u00e1rl\u00e1st k\u00edv\u00e1nunk! Az emspoma.hu csapata [\/vc_column_text][\/vc_column][\/vc_row]","og_url":"http:\/\/rekongem.hu\/","og_site_name":"Emspoma webshop","article_publisher":"https:\/\/www.facebook.com\/masszazsbirodalom\/","article_modified_time":"2016-09-29T20:42:21+00:00","twitter_card":"summary","twitter_site":"@masszazs_bir","twitter_misc":{"Becs\u00fclt olvas\u00e1si id\u0151":"1 perc"},"schema":{"@context":"https:\/\/schema.org","@graph":[{"@type":"WebSite","@id":"http:\/\/rekongem.hu\/#website","url":"http:\/\/rekongem.hu\/","name":"Emspoma webshop","description":"","potentialAction":[{"@type":"SearchAction","target":{"@type":"EntryPoint","urlTemplate":"http:\/\/rekongem.hu\/?s={search_term_string}"},"query-input":"required name=search_term_string"}],"inLanguage":"hu"},{"@type":"WebPage","@id":"http:\/\/rekongem.hu\/#webpage","url":"http:\/\/rekongem.hu\/","name":"F\u0151oldal - Emspoma webshop","isPartOf":{"@id":"http:\/\/rekongem.hu\/#website"},"datePublished":"2016-06-29T12:01:15+00:00","dateModified":"2016-09-29T20:42:21+00:00","breadcrumb":{"@id":"http:\/\/rekongem.hu\/#breadcrumb"},"inLanguage":"hu","potentialAction":[{"@type":"ReadAction","target":["http:\/\/rekongem.hu\/"]}]},{"@type":"BreadcrumbList","@id":"http:\/\/rekongem.hu\/#breadcrumb","itemListElement":[{"@type":"ListItem","position":1,"name":"Home","item":"http:\/\/rekongem.hu\/"},{"@type":"ListItem","position":2,"name":"F\u0151oldal"}]}]}},"_links":{"self":[{"href":"http:\/\/rekongem.hu\/index.php?rest_route=\/wp\/v2\/pages\/16"}],"collection":[{"href":"http:\/\/rekongem.hu\/index.php?rest_route=\/wp\/v2\/pages"}],"about":[{"href":"http:\/\/rekongem.hu\/index.php?rest_route=\/wp\/v2\/types\/page"}],"author":[{"embeddable":true,"href":"http:\/\/rekongem.hu\/index.php?rest_route=\/wp\/v2\/users\/1"}],"replies":[{"embeddable":true,"href":"http:\/\/rekongem.hu\/index.php?rest_route=%2Fwp%2Fv2%2Fcomments&post=16"}],"version-history":[{"count":4,"href":"http:\/\/rekongem.hu\/index.php?rest_route=\/wp\/v2\/pages\/16\/revisions"}],"predecessor-version":[{"id":1682,"href":"http:\/\/rekongem.hu\/index.php?rest_route=\/wp\/v2\/pages\/16\/revisions\/1682"}],"wp:attachment":[{"href":"http:\/\/rekongem.hu\/index.php?rest_route=%2Fwp%2Fv2%2Fmedia&parent=16"}],"curies":[{"name":"wp","href":"https:\/\/api.w.org\/{rel}","templated":true}]}}