{"id":1053,"date":"2016-07-19T08:12:57","date_gmt":"2016-07-19T06:12:57","guid":{"rendered":"http:\/\/jadebeauty.hu\/?page_id=1053"},"modified":"2016-10-04T18:27:38","modified_gmt":"2016-10-04T18:27:38","slug":"ugyfelszolgalat","status":"publish","type":"page","link":"http:\/\/rekongem.hu\/?page_id=1053","title":{"rendered":"\u00dcgyf\u00e9lszolg\u00e1lat"},"content":{"rendered":"<p>Web\u00e1ruh\u00e1z nyitva tart\u00e1s:\u00a00-24.<\/p>\n<p>El\u00e9rhet\u0151s\u00e9gek:<\/p>\n<p>e-mail: <a href=\"mailto:info@masszazsbirodalom.eu\">info@masszazsbirodalom.eu<\/a><\/p>\n<p>Tel.: (00-36) 70\/6343-126 9.00-17.00 \u00f3r\u00e1ig h\u00edvhat\u00f3.<\/p>\n<p>Azonnali \u00fczenetet az al\u00e1bbi mez\u0151k kit\u00f6lt\u00e9s\u00e9vel k\u00fcldhet:<\/p>\n<div role=\"form\" class=\"wpcf7\" id=\"wpcf7-f1684-o1\" lang=\"hu-HU\" dir=\"ltr\">\n<div class=\"screen-reader-response\"><p role=\"status\" aria-live=\"polite\" aria-atomic=\"true\"><\/p> <ul><\/ul><\/div>\n<form action=\"\/index.php?rest_route=%2Fwp%2Fv2%2Fpages%2F1053#wpcf7-f1684-o1\" method=\"post\" class=\"wpcf7-form init\" novalidate=\"novalidate\" data-status=\"init\">\n<div style=\"display: none;\">\n<input type=\"hidden\" name=\"_wpcf7\" value=\"1684\" \/>\n<input type=\"hidden\" name=\"_wpcf7_version\" value=\"5.5.6\" \/>\n<input type=\"hidden\" name=\"_wpcf7_locale\" value=\"hu_HU\" \/>\n<input type=\"hidden\" name=\"_wpcf7_unit_tag\" value=\"wpcf7-f1684-o1\" \/>\n<input type=\"hidden\" name=\"_wpcf7_container_post\" value=\"0\" \/>\n<input type=\"hidden\" name=\"_wpcf7_posted_data_hash\" value=\"\" \/>\n<\/div>\n<p><label> N\u00e9v (k\u00f6telez\u0151)<br \/>\n    <span class=\"wpcf7-form-control-wrap your-name\"><input type=\"text\" name=\"your-name\" value=\"\" size=\"40\" class=\"wpcf7-form-control wpcf7-text wpcf7-validates-as-required\" aria-required=\"true\" aria-invalid=\"false\" \/><\/span> <\/label><\/p>\n<p><label> Email c\u00edm (k\u00f6telez\u0151)<br \/>\n    <span class=\"wpcf7-form-control-wrap your-email\"><input type=\"email\" name=\"your-email\" value=\"\" size=\"40\" class=\"wpcf7-form-control wpcf7-text wpcf7-email wpcf7-validates-as-required wpcf7-validates-as-email\" aria-required=\"true\" aria-invalid=\"false\" \/><\/span> <\/label><\/p>\n<p><label> T\u00e1rgy<br \/>\n    <span class=\"wpcf7-form-control-wrap your-subject\"><input type=\"text\" name=\"your-subject\" value=\"\" size=\"40\" class=\"wpcf7-form-control wpcf7-text\" aria-invalid=\"false\" \/><\/span> <\/label><\/p>\n<p><label> \u00dczenet<br \/>\n    <span class=\"wpcf7-form-control-wrap your-message\"><textarea name=\"your-message\" cols=\"40\" rows=\"10\" class=\"wpcf7-form-control wpcf7-textarea\" aria-invalid=\"false\"><\/textarea><\/span> <\/label><\/p>\n<p><input type=\"submit\" value=\"K\u00fcld\u00e9s\" class=\"wpcf7-form-control has-spinner wpcf7-submit\" \/><\/p>\n<p style=\"display: none !important;\"><label>&#916;<textarea name=\"_wpcf7_ak_hp_textarea\" cols=\"45\" rows=\"8\" maxlength=\"100\"><\/textarea><\/label><input type=\"hidden\" id=\"ak_js_1\" name=\"_wpcf7_ak_js\" value=\"147\"\/><script>document.getElementById( \"ak_js_1\" ).setAttribute( \"value\", ( new Date() ).getTime() );<\/script><\/p><div class=\"wpcf7-response-output\" aria-hidden=\"true\"><\/div><\/form><\/div>\n<p>&nbsp;<\/p>\n","protected":false},"excerpt":{"rendered":"<p>Web\u00e1ruh\u00e1z nyitva tart\u00e1s:\u00a00-24. El\u00e9rhet\u0151s\u00e9gek: e-mail: info@masszazsbirodalom.eu Tel.: (00-36) 70\/6343-126 9.00-17.00 \u00f3r\u00e1ig h\u00edvhat\u00f3. Azonnali \u00fczenetet az al\u00e1bbi mez\u0151k kit\u00f6lt\u00e9s\u00e9vel k\u00fcldhet: &nbsp;<\/p>\n","protected":false},"author":1,"featured_media":0,"parent":0,"menu_order":0,"comment_status":"closed","ping_status":"closed","template":"","meta":[],"yoast_head":"<!-- This site is optimized with the Yoast SEO plugin v17.4 - https:\/\/yoast.com\/wordpress\/plugins\/seo\/ -->\n<title>\u00dcgyf\u00e9lszolg\u00e1lat - Emspoma webshop<\/title>\n<meta name=\"robots\" content=\"index, follow, max-snippet:-1, max-image-preview:large, max-video-preview:-1\" \/>\n<link rel=\"canonical\" href=\"http:\/\/rekongem.hu\/?page_id=1053\" \/>\n<meta property=\"og:locale\" content=\"hu_HU\" \/>\n<meta property=\"og:type\" content=\"article\" \/>\n<meta property=\"og:title\" content=\"\u00dcgyf\u00e9lszolg\u00e1lat - Emspoma webshop\" \/>\n<meta property=\"og:description\" content=\"Web\u00e1ruh\u00e1z nyitva tart\u00e1s:\u00a00-24. El\u00e9rhet\u0151s\u00e9gek: e-mail: info@masszazsbirodalom.eu Tel.: (00-36) 70\/6343-126 9.00-17.00 \u00f3r\u00e1ig h\u00edvhat\u00f3. Azonnali \u00fczenetet az al\u00e1bbi mez\u0151k kit\u00f6lt\u00e9s\u00e9vel k\u00fcldhet: &nbsp;\" \/>\n<meta property=\"og:url\" content=\"http:\/\/rekongem.hu\/?page_id=1053\" \/>\n<meta property=\"og:site_name\" content=\"Emspoma webshop\" \/>\n<meta property=\"article:publisher\" content=\"https:\/\/www.facebook.com\/masszazsbirodalom\/\" \/>\n<meta property=\"article:modified_time\" content=\"2016-10-04T18:27:38+00:00\" \/>\n<meta name=\"twitter:card\" content=\"summary\" \/>\n<meta name=\"twitter:site\" content=\"@masszazs_bir\" \/>\n<script type=\"application\/ld+json\" class=\"yoast-schema-graph\">{\"@context\":\"https:\/\/schema.org\",\"@graph\":[{\"@type\":\"WebSite\",\"@id\":\"http:\/\/rekongem.hu\/#website\",\"url\":\"http:\/\/rekongem.hu\/\",\"name\":\"Emspoma webshop\",\"description\":\"\",\"potentialAction\":[{\"@type\":\"SearchAction\",\"target\":{\"@type\":\"EntryPoint\",\"urlTemplate\":\"http:\/\/rekongem.hu\/?s={search_term_string}\"},\"query-input\":\"required name=search_term_string\"}],\"inLanguage\":\"hu\"},{\"@type\":\"WebPage\",\"@id\":\"http:\/\/rekongem.hu\/?page_id=1053#webpage\",\"url\":\"http:\/\/rekongem.hu\/?page_id=1053\",\"name\":\"\\u00dcgyf\\u00e9lszolg\\u00e1lat - Emspoma webshop\",\"isPartOf\":{\"@id\":\"http:\/\/rekongem.hu\/#website\"},\"datePublished\":\"2016-07-19T06:12:57+00:00\",\"dateModified\":\"2016-10-04T18:27:38+00:00\",\"breadcrumb\":{\"@id\":\"http:\/\/rekongem.hu\/?page_id=1053#breadcrumb\"},\"inLanguage\":\"hu\",\"potentialAction\":[{\"@type\":\"ReadAction\",\"target\":[\"http:\/\/rekongem.hu\/?page_id=1053\"]}]},{\"@type\":\"BreadcrumbList\",\"@id\":\"http:\/\/rekongem.hu\/?page_id=1053#breadcrumb\",\"itemListElement\":[{\"@type\":\"ListItem\",\"position\":1,\"name\":\"Home\",\"item\":\"http:\/\/rekongem.hu\/\"},{\"@type\":\"ListItem\",\"position\":2,\"name\":\"\\u00dcgyf\\u00e9lszolg\\u00e1lat\"}]}]}<\/script>\n<!-- \/ Yoast SEO plugin. -->","yoast_head_json":{"title":"\u00dcgyf\u00e9lszolg\u00e1lat - Emspoma webshop","robots":{"index":"index","follow":"follow","max-snippet":"max-snippet:-1","max-image-preview":"max-image-preview:large","max-video-preview":"max-video-preview:-1"},"canonical":"http:\/\/rekongem.hu\/?page_id=1053","og_locale":"hu_HU","og_type":"article","og_title":"\u00dcgyf\u00e9lszolg\u00e1lat - Emspoma webshop","og_description":"Web\u00e1ruh\u00e1z nyitva tart\u00e1s:\u00a00-24. El\u00e9rhet\u0151s\u00e9gek: e-mail: info@masszazsbirodalom.eu Tel.: (00-36) 70\/6343-126 9.00-17.00 \u00f3r\u00e1ig h\u00edvhat\u00f3. Azonnali \u00fczenetet az al\u00e1bbi mez\u0151k kit\u00f6lt\u00e9s\u00e9vel k\u00fcldhet: &nbsp;","og_url":"http:\/\/rekongem.hu\/?page_id=1053","og_site_name":"Emspoma webshop","article_publisher":"https:\/\/www.facebook.com\/masszazsbirodalom\/","article_modified_time":"2016-10-04T18:27:38+00:00","twitter_card":"summary","twitter_site":"@masszazs_bir","schema":{"@context":"https:\/\/schema.org","@graph":[{"@type":"WebSite","@id":"http:\/\/rekongem.hu\/#website","url":"http:\/\/rekongem.hu\/","name":"Emspoma webshop","description":"","potentialAction":[{"@type":"SearchAction","target":{"@type":"EntryPoint","urlTemplate":"http:\/\/rekongem.hu\/?s={search_term_string}"},"query-input":"required name=search_term_string"}],"inLanguage":"hu"},{"@type":"WebPage","@id":"http:\/\/rekongem.hu\/?page_id=1053#webpage","url":"http:\/\/rekongem.hu\/?page_id=1053","name":"\u00dcgyf\u00e9lszolg\u00e1lat - Emspoma webshop","isPartOf":{"@id":"http:\/\/rekongem.hu\/#website"},"datePublished":"2016-07-19T06:12:57+00:00","dateModified":"2016-10-04T18:27:38+00:00","breadcrumb":{"@id":"http:\/\/rekongem.hu\/?page_id=1053#breadcrumb"},"inLanguage":"hu","potentialAction":[{"@type":"ReadAction","target":["http:\/\/rekongem.hu\/?page_id=1053"]}]},{"@type":"BreadcrumbList","@id":"http:\/\/rekongem.hu\/?page_id=1053#breadcrumb","itemListElement":[{"@type":"ListItem","position":1,"name":"Home","item":"http:\/\/rekongem.hu\/"},{"@type":"ListItem","position":2,"name":"\u00dcgyf\u00e9lszolg\u00e1lat"}]}]}},"_links":{"self":[{"href":"http:\/\/rekongem.hu\/index.php?rest_route=\/wp\/v2\/pages\/1053"}],"collection":[{"href":"http:\/\/rekongem.hu\/index.php?rest_route=\/wp\/v2\/pages"}],"about":[{"href":"http:\/\/rekongem.hu\/index.php?rest_route=\/wp\/v2\/types\/page"}],"author":[{"embeddable":true,"href":"http:\/\/rekongem.hu\/index.php?rest_route=\/wp\/v2\/users\/1"}],"replies":[{"embeddable":true,"href":"http:\/\/rekongem.hu\/index.php?rest_route=%2Fwp%2Fv2%2Fcomments&post=1053"}],"version-history":[{"count":1,"href":"http:\/\/rekongem.hu\/index.php?rest_route=\/wp\/v2\/pages\/1053\/revisions"}],"predecessor-version":[{"id":1686,"href":"http:\/\/rekongem.hu\/index.php?rest_route=\/wp\/v2\/pages\/1053\/revisions\/1686"}],"wp:attachment":[{"href":"http:\/\/rekongem.hu\/index.php?rest_route=%2Fwp%2Fv2%2Fmedia&parent=1053"}],"curies":[{"name":"wp","href":"https:\/\/api.w.org\/{rel}","templated":true}]}}